{"id":5508,"date":"2026-04-15T12:54:19","date_gmt":"2026-04-15T12:54:19","guid":{"rendered":"https:\/\/hipertin.pl\/?post_type=product&#038;p=5508"},"modified":"2026-04-21T11:37:49","modified_gmt":"2026-04-21T11:37:49","slug":"farba-platinum-hipertin-100ml-nowosc-wieksza-tubka","status":"publish","type":"product","link":"https:\/\/hipertin.pl\/index.php\/product\/farba-platinum-hipertin-100ml-nowosc-wieksza-tubka\/","title":{"rendered":"Farba PLATINUM Hipertin 100ml NOWO\u015a\u0106 (wi\u0119ksza tubka)"},"content":{"rendered":"<h3>Koloryzacja PLATINUM marki HIPERTIN &#8211; Koloryzacja<span class=\"a_GcMg font-feature-liga-off font-feature-clig-off font-feature-calt-off text-decoration-none text-strikethrough-none\"> trwa\u0142a z KWASEM HIALURONOWYM<\/span><\/h3>\n<p>Doskona\u0142a pod wzgl\u0119dem technologicznym farba, wyprzedzaj\u0105ca inne produkty do koloryzacji w\u0142os\u00f3w. Jej oryginalna formu\u0142a opiera si\u0119 na Hiplex Protein \u2013 substancji czynnej powsta\u0142ej z bia\u0142ek ro\u015blinnych, kt\u00f3ra od\u017cywia i naprawia struktur\u0119 w\u0142osa w\u0142\u00f3kna w\u0142osa oraz na Hyaluron System na bazie kwasu hialuronowego i substancji od\u017cywczych, kt\u00f3ry zapewnia efekt przeciwstarzeniowy i wyj\u0105tkowe nawil\u017cenie w\u0142os\u00f3w.<\/p>\n<p><strong>Od pocz\u0105tku 2026 roku producent wprowadzi\u0142 na rynek nowe wi\u0119ksze tubki o poj 100ml.<\/strong><\/p>\n<p class=\"cvGsUA direction-ltr align-center para-style-body\"><span class=\"a_GcMg font-feature-liga-off font-feature-clig-off font-feature-calt-off text-decoration-none text-strikethrough-none\">Oferuje 100% pokrycia siwych w\u0142os\u00f3w. Formu\u0142a vega\u0144ska, \u0142agodz\u0105ca i przeciw powstawaniu podra\u017cnie\u0144, bez PPD i z proteinami Hiplex.<\/span><\/p>\n","protected":false},"excerpt":{"rendered":"<h3>Koloryzacja PLATINUM marki HIPERTIN &#8211; Koloryzacja<span class=\"a_GcMg font-feature-liga-off font-feature-clig-off font-feature-calt-off text-decoration-none text-strikethrough-none\"> trwa\u0142a z KWASEM HIALURONOWYM<\/span><\/h3>\n<p>Doskona\u0142a pod wzgl\u0119dem technologicznym farba, wyprzedzaj\u0105ca inne produkty do koloryzacji w\u0142os\u00f3w. Jej oryginalna formu\u0142a opiera si\u0119 na Hiplex Protein \u2013 substancji czynnej powsta\u0142ej z bia\u0142ek ro\u015blinnych, kt\u00f3ra od\u017cywia i naprawia struktur\u0119 w\u0142osa w\u0142\u00f3kna w\u0142osa oraz na Hyaluron System na bazie kwasu hialuronowego i substancji od\u017cywczych, kt\u00f3ry zapewnia efekt przeciwstarzeniowy i wyj\u0105tkowe nawil\u017cenie w\u0142os\u00f3w.<\/p>\n<p><strong>Od pocz\u0105tku 2026 roku producent wprowadzi\u0142 na rynek nowe wi\u0119ksze tubki o poj 100ml.<\/strong><\/p>\n<p class=\"cvGsUA direction-ltr align-center para-style-body\"><span class=\"a_GcMg font-feature-liga-off font-feature-clig-off font-feature-calt-off text-decoration-none text-strikethrough-none\">Oferuje 100% pokrycia siwych w\u0142os\u00f3w. Formu\u0142a vega\u0144ska, \u0142agodz\u0105ca i przeciw powstawaniu podra\u017cnie\u0144, bez PPD i z proteinami Hiplex.<\/span><\/p>\n","protected":false},"featured_media":5643,"comment_status":"open","ping_status":"closed","template":"","meta":[],"pwb-brand":[133],"product_brand":[],"product_cat":[138],"product_tag":[269,267,268],"class_list":{"0":"post-5508","1":"product","2":"type-product","3":"status-publish","4":"has-post-thumbnail","6":"pwb-brand-hipertin","7":"product_cat-kolor-i-rozjasnianie","8":"product_tag-farby","9":"product_tag-koloryzacja","10":"product_tag-platinum","11":"product_shipping_class-darmowa-wysylka","13":"first","14":"instock","15":"shipping-taxable","16":"purchasable","17":"product-type-variable","18":"has-default-attributes"},"yoast_head":"<!-- This site is optimized with the Yoast SEO plugin v27.3 - https:\/\/yoast.com\/product\/yoast-seo-wordpress\/ -->\n<title>Farba PLATINUM Hipertin 100ml NOWO\u015a\u0106 (wi\u0119ksza tubka) - HIPERTIN - Profesjonalne produkty Fryzjerskie<\/title>\n<meta name=\"robots\" content=\"index, follow, max-snippet:-1, max-image-preview:large, max-video-preview:-1\" \/>\n<link rel=\"canonical\" href=\"https:\/\/hipertin.pl\/index.php\/product\/farba-platinum-hipertin-100ml-nowosc-wieksza-tubka\/\" \/>\n<meta property=\"og:locale\" content=\"pl_PL\" \/>\n<meta property=\"og:type\" content=\"article\" \/>\n<meta property=\"og:title\" content=\"Farba PLATINUM Hipertin 100ml NOWO\u015a\u0106 (wi\u0119ksza tubka) - HIPERTIN - Profesjonalne produkty Fryzjerskie\" \/>\n<meta property=\"og:description\" content=\"Koloryzacja PLATINUM marki HIPERTIN - Koloryzacja trwa\u0142a z KWASEM HIALURONOWYM Doskona\u0142a pod wzgl\u0119dem technologicznym farba, wyprzedzaj\u0105ca inne produkty do koloryzacji w\u0142os\u00f3w. Jej oryginalna formu\u0142a opiera si\u0119 na Hiplex Protein \u2013 substancji czynnej powsta\u0142ej z bia\u0142ek ro\u015blinnych, kt\u00f3ra od\u017cywia i naprawia struktur\u0119 w\u0142osa w\u0142\u00f3kna w\u0142osa oraz na Hyaluron System na bazie kwasu hialuronowego i substancji od\u017cywczych, kt\u00f3ry zapewnia efekt przeciwstarzeniowy i wyj\u0105tkowe nawil\u017cenie w\u0142os\u00f3w.  Od pocz\u0105tku 2026 roku producent wprowadzi\u0142 na rynek nowe wi\u0119ksze tubki o poj 100ml. Oferuje 100% pokrycia siwych w\u0142os\u00f3w. Formu\u0142a vega\u0144ska, \u0142agodz\u0105ca i przeciw powstawaniu podra\u017cnie\u0144, bez PPD i z proteinami Hiplex.\" \/>\n<meta property=\"og:url\" content=\"https:\/\/hipertin.pl\/index.php\/product\/farba-platinum-hipertin-100ml-nowosc-wieksza-tubka\/\" \/>\n<meta property=\"og:site_name\" content=\"HIPERTIN - Profesjonalne produkty Fryzjerskie\" \/>\n<meta property=\"article:modified_time\" content=\"2026-04-21T11:37:49+00:00\" \/>\n<meta property=\"og:image\" content=\"http:\/\/hipertin.pl\/wp-content\/uploads\/2026\/04\/Farba-Platinum-Hipertin-100-ml-tubki-1-1.png\" \/>\n\t<meta property=\"og:image:width\" content=\"500\" \/>\n\t<meta property=\"og:image:height\" content=\"500\" \/>\n\t<meta property=\"og:image:type\" content=\"image\/png\" \/>\n<meta name=\"twitter:card\" content=\"summary_large_image\" \/>\n<meta name=\"twitter:label1\" content=\"Szacowany czas czytania\" \/>\n\t<meta name=\"twitter:data1\" content=\"1 minuta\" \/>\n<script type=\"application\/ld+json\" class=\"yoast-schema-graph\">{\"@context\":\"https:\\\/\\\/schema.org\",\"@graph\":[{\"@type\":\"WebPage\",\"@id\":\"https:\\\/\\\/hipertin.pl\\\/index.php\\\/product\\\/farba-platinum-hipertin-100ml-nowosc-wieksza-tubka\\\/\",\"url\":\"https:\\\/\\\/hipertin.pl\\\/index.php\\\/product\\\/farba-platinum-hipertin-100ml-nowosc-wieksza-tubka\\\/\",\"name\":\"Farba PLATINUM Hipertin 100ml NOWO\u015a\u0106 (wi\u0119ksza tubka) - HIPERTIN - Profesjonalne produkty Fryzjerskie\",\"isPartOf\":{\"@id\":\"https:\\\/\\\/hipertin.pl\\\/#website\"},\"primaryImageOfPage\":{\"@id\":\"https:\\\/\\\/hipertin.pl\\\/index.php\\\/product\\\/farba-platinum-hipertin-100ml-nowosc-wieksza-tubka\\\/#primaryimage\"},\"image\":{\"@id\":\"https:\\\/\\\/hipertin.pl\\\/index.php\\\/product\\\/farba-platinum-hipertin-100ml-nowosc-wieksza-tubka\\\/#primaryimage\"},\"thumbnailUrl\":\"https:\\\/\\\/hipertin.pl\\\/wp-content\\\/uploads\\\/2026\\\/04\\\/Farba-Platinum-Hipertin-100-ml-tubki-1-1.png\",\"datePublished\":\"2026-04-15T12:54:19+00:00\",\"dateModified\":\"2026-04-21T11:37:49+00:00\",\"breadcrumb\":{\"@id\":\"https:\\\/\\\/hipertin.pl\\\/index.php\\\/product\\\/farba-platinum-hipertin-100ml-nowosc-wieksza-tubka\\\/#breadcrumb\"},\"inLanguage\":\"pl-PL\",\"potentialAction\":[{\"@type\":\"ReadAction\",\"target\":[\"https:\\\/\\\/hipertin.pl\\\/index.php\\\/product\\\/farba-platinum-hipertin-100ml-nowosc-wieksza-tubka\\\/\"]}]},{\"@type\":\"ImageObject\",\"inLanguage\":\"pl-PL\",\"@id\":\"https:\\\/\\\/hipertin.pl\\\/index.php\\\/product\\\/farba-platinum-hipertin-100ml-nowosc-wieksza-tubka\\\/#primaryimage\",\"url\":\"https:\\\/\\\/hipertin.pl\\\/wp-content\\\/uploads\\\/2026\\\/04\\\/Farba-Platinum-Hipertin-100-ml-tubki-1-1.png\",\"contentUrl\":\"https:\\\/\\\/hipertin.pl\\\/wp-content\\\/uploads\\\/2026\\\/04\\\/Farba-Platinum-Hipertin-100-ml-tubki-1-1.png\",\"width\":500,\"height\":500},{\"@type\":\"BreadcrumbList\",\"@id\":\"https:\\\/\\\/hipertin.pl\\\/index.php\\\/product\\\/farba-platinum-hipertin-100ml-nowosc-wieksza-tubka\\\/#breadcrumb\",\"itemListElement\":[{\"@type\":\"ListItem\",\"position\":1,\"name\":\"Strona g\u0142\u00f3wna\",\"item\":\"https:\\\/\\\/hipertin.pl\\\/\"},{\"@type\":\"ListItem\",\"position\":2,\"name\":\"Sklep\",\"item\":\"https:\\\/\\\/hipertin.pl\\\/index.php\\\/sklep\\\/\"},{\"@type\":\"ListItem\",\"position\":3,\"name\":\"Farba PLATINUM Hipertin 100ml NOWO\u015a\u0106 (wi\u0119ksza tubka)\"}]},{\"@type\":\"WebSite\",\"@id\":\"https:\\\/\\\/hipertin.pl\\\/#website\",\"url\":\"https:\\\/\\\/hipertin.pl\\\/\",\"name\":\"HIPERTIN - Profesjonalne produkty Fryzjerskie\",\"description\":\"\",\"potentialAction\":[{\"@type\":\"SearchAction\",\"target\":{\"@type\":\"EntryPoint\",\"urlTemplate\":\"https:\\\/\\\/hipertin.pl\\\/?s={search_term_string}\"},\"query-input\":{\"@type\":\"PropertyValueSpecification\",\"valueRequired\":true,\"valueName\":\"search_term_string\"}}],\"inLanguage\":\"pl-PL\"}]}<\/script>\n<!-- \/ Yoast SEO plugin. -->","yoast_head_json":{"title":"Farba PLATINUM Hipertin 100ml NOWO\u015a\u0106 (wi\u0119ksza tubka) - HIPERTIN - Profesjonalne produkty Fryzjerskie","robots":{"index":"index","follow":"follow","max-snippet":"max-snippet:-1","max-image-preview":"max-image-preview:large","max-video-preview":"max-video-preview:-1"},"canonical":"https:\/\/hipertin.pl\/index.php\/product\/farba-platinum-hipertin-100ml-nowosc-wieksza-tubka\/","og_locale":"pl_PL","og_type":"article","og_title":"Farba PLATINUM Hipertin 100ml NOWO\u015a\u0106 (wi\u0119ksza tubka) - HIPERTIN - Profesjonalne produkty Fryzjerskie","og_description":"Koloryzacja PLATINUM marki HIPERTIN - Koloryzacja trwa\u0142a z KWASEM HIALURONOWYM Doskona\u0142a pod wzgl\u0119dem technologicznym farba, wyprzedzaj\u0105ca inne produkty do koloryzacji w\u0142os\u00f3w. Jej oryginalna formu\u0142a opiera si\u0119 na Hiplex Protein \u2013 substancji czynnej powsta\u0142ej z bia\u0142ek ro\u015blinnych, kt\u00f3ra od\u017cywia i naprawia struktur\u0119 w\u0142osa w\u0142\u00f3kna w\u0142osa oraz na Hyaluron System na bazie kwasu hialuronowego i substancji od\u017cywczych, kt\u00f3ry zapewnia efekt przeciwstarzeniowy i wyj\u0105tkowe nawil\u017cenie w\u0142os\u00f3w.  Od pocz\u0105tku 2026 roku producent wprowadzi\u0142 na rynek nowe wi\u0119ksze tubki o poj 100ml. Oferuje 100% pokrycia siwych w\u0142os\u00f3w. Formu\u0142a vega\u0144ska, \u0142agodz\u0105ca i przeciw powstawaniu podra\u017cnie\u0144, bez PPD i z proteinami Hiplex.","og_url":"https:\/\/hipertin.pl\/index.php\/product\/farba-platinum-hipertin-100ml-nowosc-wieksza-tubka\/","og_site_name":"HIPERTIN - Profesjonalne produkty Fryzjerskie","article_modified_time":"2026-04-21T11:37:49+00:00","og_image":[{"width":500,"height":500,"url":"http:\/\/hipertin.pl\/wp-content\/uploads\/2026\/04\/Farba-Platinum-Hipertin-100-ml-tubki-1-1.png","type":"image\/png"}],"twitter_card":"summary_large_image","twitter_misc":{"Szacowany czas czytania":"1 minuta"},"schema":{"@context":"https:\/\/schema.org","@graph":[{"@type":"WebPage","@id":"https:\/\/hipertin.pl\/index.php\/product\/farba-platinum-hipertin-100ml-nowosc-wieksza-tubka\/","url":"https:\/\/hipertin.pl\/index.php\/product\/farba-platinum-hipertin-100ml-nowosc-wieksza-tubka\/","name":"Farba PLATINUM Hipertin 100ml NOWO\u015a\u0106 (wi\u0119ksza tubka) - HIPERTIN - Profesjonalne produkty Fryzjerskie","isPartOf":{"@id":"https:\/\/hipertin.pl\/#website"},"primaryImageOfPage":{"@id":"https:\/\/hipertin.pl\/index.php\/product\/farba-platinum-hipertin-100ml-nowosc-wieksza-tubka\/#primaryimage"},"image":{"@id":"https:\/\/hipertin.pl\/index.php\/product\/farba-platinum-hipertin-100ml-nowosc-wieksza-tubka\/#primaryimage"},"thumbnailUrl":"https:\/\/hipertin.pl\/wp-content\/uploads\/2026\/04\/Farba-Platinum-Hipertin-100-ml-tubki-1-1.png","datePublished":"2026-04-15T12:54:19+00:00","dateModified":"2026-04-21T11:37:49+00:00","breadcrumb":{"@id":"https:\/\/hipertin.pl\/index.php\/product\/farba-platinum-hipertin-100ml-nowosc-wieksza-tubka\/#breadcrumb"},"inLanguage":"pl-PL","potentialAction":[{"@type":"ReadAction","target":["https:\/\/hipertin.pl\/index.php\/product\/farba-platinum-hipertin-100ml-nowosc-wieksza-tubka\/"]}]},{"@type":"ImageObject","inLanguage":"pl-PL","@id":"https:\/\/hipertin.pl\/index.php\/product\/farba-platinum-hipertin-100ml-nowosc-wieksza-tubka\/#primaryimage","url":"https:\/\/hipertin.pl\/wp-content\/uploads\/2026\/04\/Farba-Platinum-Hipertin-100-ml-tubki-1-1.png","contentUrl":"https:\/\/hipertin.pl\/wp-content\/uploads\/2026\/04\/Farba-Platinum-Hipertin-100-ml-tubki-1-1.png","width":500,"height":500},{"@type":"BreadcrumbList","@id":"https:\/\/hipertin.pl\/index.php\/product\/farba-platinum-hipertin-100ml-nowosc-wieksza-tubka\/#breadcrumb","itemListElement":[{"@type":"ListItem","position":1,"name":"Strona g\u0142\u00f3wna","item":"https:\/\/hipertin.pl\/"},{"@type":"ListItem","position":2,"name":"Sklep","item":"https:\/\/hipertin.pl\/index.php\/sklep\/"},{"@type":"ListItem","position":3,"name":"Farba PLATINUM Hipertin 100ml NOWO\u015a\u0106 (wi\u0119ksza tubka)"}]},{"@type":"WebSite","@id":"https:\/\/hipertin.pl\/#website","url":"https:\/\/hipertin.pl\/","name":"HIPERTIN - Profesjonalne produkty Fryzjerskie","description":"","potentialAction":[{"@type":"SearchAction","target":{"@type":"EntryPoint","urlTemplate":"https:\/\/hipertin.pl\/?s={search_term_string}"},"query-input":{"@type":"PropertyValueSpecification","valueRequired":true,"valueName":"search_term_string"}}],"inLanguage":"pl-PL"}]}},"brands":[{"id":133,"name":"Hipertin","slug":"hipertin"}],"_links":{"self":[{"href":"https:\/\/hipertin.pl\/index.php\/wp-json\/wp\/v2\/product\/5508","targetHints":{"allow":["GET"]}}],"collection":[{"href":"https:\/\/hipertin.pl\/index.php\/wp-json\/wp\/v2\/product"}],"about":[{"href":"https:\/\/hipertin.pl\/index.php\/wp-json\/wp\/v2\/types\/product"}],"replies":[{"embeddable":true,"href":"https:\/\/hipertin.pl\/index.php\/wp-json\/wp\/v2\/comments?post=5508"}],"wp:featuredmedia":[{"embeddable":true,"href":"https:\/\/hipertin.pl\/index.php\/wp-json\/wp\/v2\/media\/5643"}],"wp:attachment":[{"href":"https:\/\/hipertin.pl\/index.php\/wp-json\/wp\/v2\/media?parent=5508"}],"wp:term":[{"taxonomy":"pwb-brand","embeddable":true,"href":"https:\/\/hipertin.pl\/index.php\/wp-json\/wp\/v2\/pwb-brand?post=5508"},{"taxonomy":"product_brand","embeddable":true,"href":"https:\/\/hipertin.pl\/index.php\/wp-json\/wp\/v2\/product_brand?post=5508"},{"taxonomy":"product_cat","embeddable":true,"href":"https:\/\/hipertin.pl\/index.php\/wp-json\/wp\/v2\/product_cat?post=5508"},{"taxonomy":"product_tag","embeddable":true,"href":"https:\/\/hipertin.pl\/index.php\/wp-json\/wp\/v2\/product_tag?post=5508"}],"curies":[{"name":"wp","href":"https:\/\/api.w.org\/{rel}","templated":true}]}}