{"id":5497,"date":"2026-04-14T12:16:19","date_gmt":"2026-04-14T12:16:19","guid":{"rendered":"https:\/\/hipertin.pl\/?post_type=product&#038;p=5497"},"modified":"2026-04-14T12:27:57","modified_gmt":"2026-04-14T12:27:57","slug":"maska-metal-zero-detox-hipertin-250ml","status":"publish","type":"product","link":"https:\/\/hipertin.pl\/index.php\/product\/maska-metal-zero-detox-hipertin-250ml\/","title":{"rendered":"MASKA Metal Zero DETOX Hipertin 250ml"},"content":{"rendered":"<div>\n<div>\n<div>\n<div>\n<div>\n<p>Intensywnie dzia\u0142aj\u0105ca maska do w\u0142os\u00f3w, o dzia\u0142aniu naprawczym i wzmacniaj\u0105cym w\u0142osy od \u015brodka. Z systemem Active Detox, eliminuje metale ci\u0119\u017ckie, chroni kolor, i zostawia w\u0142osy bardziej nawil\u017cone, mi\u0119kkie b\u0142yszcz\u0105ce i \u0142atwe do rozczesywania<\/p>\n<\/div>\n<div>\n<p>DO KRUCHYCH, \u0141AMLIWYCH W\u0141OS\u00d3W<\/p>\n<\/div>\n<\/div>\n<\/div>\n<\/div>\n<div>\n<p>&#8211;&gt; <a href=\"http:\/\/hipertin.pl\/wp-content\/uploads\/2026\/04\/DETOX-\u2013-METAL-0.pdf\">ULOTKA<\/a><\/p>\n<p>&#8211;&gt;<a href=\"http:\/\/hipertin.pl\/wp-content\/uploads\/2026\/04\/Prezentacja-produtow-METAL-ZERO-DETOX-PL.pdf\"> PREZENTACJA<\/a><\/p>\n<\/div>\n<\/div>\n<p>Pojemno\u015b\u0107 \u2013 250 ml.<\/p>\n","protected":false},"excerpt":{"rendered":"<div>\n<div>\n<div>\n<div>\n<div>\n<p>Intensywnie dzia\u0142aj\u0105ca maska do w\u0142os\u00f3w, o dzia\u0142aniu naprawczym i wzmacniaj\u0105cym w\u0142osy od \u015brodka. Z systemem Active Detox, eliminuje metale ci\u0119\u017ckie, chroni kolor, i zostawia w\u0142osy bardziej nawil\u017cone, mi\u0119kkie b\u0142yszcz\u0105ce i \u0142atwe do rozczesywania<\/p>\n<\/div>\n<div>\n<p>DO KRUCHYCH, \u0141AMLIWYCH W\u0141OS\u00d3W<\/p>\n<\/div>\n<\/div>\n<\/div>\n<\/div>\n<div>\n<p>&#8211;&gt; <a href=\"http:\/\/hipertin.pl\/wp-content\/uploads\/2026\/04\/DETOX-\u2013-METAL-0.pdf\">ULOTKA<\/a><\/p>\n<p>&#8211;&gt;<a href=\"http:\/\/hipertin.pl\/wp-content\/uploads\/2026\/04\/Prezentacja-produtow-METAL-ZERO-DETOX-PL.pdf\"> PREZENTACJA<\/a><\/p>\n<\/div>\n<\/div>\n<p>Pojemno\u015b\u0107 \u2013 250 ml.<\/p>\n","protected":false},"featured_media":5500,"comment_status":"open","ping_status":"closed","template":"","meta":[],"pwb-brand":[133],"product_brand":[],"product_cat":[143,136],"product_tag":[264,246,249,263],"class_list":{"0":"post-5497","1":"product","2":"type-product","3":"status-publish","4":"has-post-thumbnail","6":"pwb-brand-hipertin","7":"product_cat-odzywki-i-maski","8":"product_cat-pielegnacja-zaawansowana","9":"product_tag-detox","10":"product_tag-hipertin","11":"product_tag-maska","12":"product_tag-zero","14":"first","15":"instock","16":"shipping-taxable","17":"purchasable","18":"product-type-simple"},"yoast_head":"<!-- This site is optimized with the Yoast SEO plugin v27.3 - https:\/\/yoast.com\/product\/yoast-seo-wordpress\/ -->\n<title>MASKA Metal Zero DETOX Hipertin 250ml - HIPERTIN - Profesjonalne produkty Fryzjerskie<\/title>\n<meta name=\"robots\" content=\"index, follow, max-snippet:-1, max-image-preview:large, max-video-preview:-1\" \/>\n<link rel=\"canonical\" href=\"https:\/\/hipertin.pl\/index.php\/product\/maska-metal-zero-detox-hipertin-250ml\/\" \/>\n<meta property=\"og:locale\" content=\"pl_PL\" \/>\n<meta property=\"og:type\" content=\"article\" \/>\n<meta property=\"og:title\" content=\"MASKA Metal Zero DETOX Hipertin 250ml - HIPERTIN - Profesjonalne produkty Fryzjerskie\" \/>\n<meta property=\"og:description\" content=\"Intensywnie dzia\u0142aj\u0105ca maska do w\u0142os\u00f3w, o dzia\u0142aniu naprawczym i wzmacniaj\u0105cym w\u0142osy od \u015brodka. Z systemem Active Detox, eliminuje metale ci\u0119\u017ckie, chroni kolor, i zostawia w\u0142osy bardziej nawil\u017cone, mi\u0119kkie b\u0142yszcz\u0105ce i \u0142atwe do rozczesywania     DO KRUCHYCH, \u0141AMLIWYCH W\u0141OS\u00d3W        --&gt; ULOTKA  --&gt; PREZENTACJA    Pojemno\u015b\u0107 \u2013 250 ml.\" \/>\n<meta property=\"og:url\" content=\"https:\/\/hipertin.pl\/index.php\/product\/maska-metal-zero-detox-hipertin-250ml\/\" \/>\n<meta property=\"og:site_name\" content=\"HIPERTIN - Profesjonalne produkty Fryzjerskie\" \/>\n<meta property=\"article:modified_time\" content=\"2026-04-14T12:27:57+00:00\" \/>\n<meta property=\"og:image\" content=\"http:\/\/hipertin.pl\/wp-content\/uploads\/2026\/04\/MASKA-Metal-Zero-DETOX-Hipertin-300ml-2.png\" \/>\n\t<meta property=\"og:image:width\" content=\"500\" \/>\n\t<meta property=\"og:image:height\" content=\"500\" \/>\n\t<meta property=\"og:image:type\" content=\"image\/png\" \/>\n<meta name=\"twitter:card\" content=\"summary_large_image\" \/>\n<script type=\"application\/ld+json\" class=\"yoast-schema-graph\">{\"@context\":\"https:\\\/\\\/schema.org\",\"@graph\":[{\"@type\":\"WebPage\",\"@id\":\"https:\\\/\\\/hipertin.pl\\\/index.php\\\/product\\\/maska-metal-zero-detox-hipertin-250ml\\\/\",\"url\":\"https:\\\/\\\/hipertin.pl\\\/index.php\\\/product\\\/maska-metal-zero-detox-hipertin-250ml\\\/\",\"name\":\"MASKA Metal Zero DETOX Hipertin 250ml - HIPERTIN - Profesjonalne produkty Fryzjerskie\",\"isPartOf\":{\"@id\":\"https:\\\/\\\/hipertin.pl\\\/#website\"},\"primaryImageOfPage\":{\"@id\":\"https:\\\/\\\/hipertin.pl\\\/index.php\\\/product\\\/maska-metal-zero-detox-hipertin-250ml\\\/#primaryimage\"},\"image\":{\"@id\":\"https:\\\/\\\/hipertin.pl\\\/index.php\\\/product\\\/maska-metal-zero-detox-hipertin-250ml\\\/#primaryimage\"},\"thumbnailUrl\":\"https:\\\/\\\/hipertin.pl\\\/wp-content\\\/uploads\\\/2026\\\/04\\\/MASKA-Metal-Zero-DETOX-Hipertin-300ml-2.png\",\"datePublished\":\"2026-04-14T12:16:19+00:00\",\"dateModified\":\"2026-04-14T12:27:57+00:00\",\"breadcrumb\":{\"@id\":\"https:\\\/\\\/hipertin.pl\\\/index.php\\\/product\\\/maska-metal-zero-detox-hipertin-250ml\\\/#breadcrumb\"},\"inLanguage\":\"pl-PL\",\"potentialAction\":[{\"@type\":\"ReadAction\",\"target\":[\"https:\\\/\\\/hipertin.pl\\\/index.php\\\/product\\\/maska-metal-zero-detox-hipertin-250ml\\\/\"]}]},{\"@type\":\"ImageObject\",\"inLanguage\":\"pl-PL\",\"@id\":\"https:\\\/\\\/hipertin.pl\\\/index.php\\\/product\\\/maska-metal-zero-detox-hipertin-250ml\\\/#primaryimage\",\"url\":\"https:\\\/\\\/hipertin.pl\\\/wp-content\\\/uploads\\\/2026\\\/04\\\/MASKA-Metal-Zero-DETOX-Hipertin-300ml-2.png\",\"contentUrl\":\"https:\\\/\\\/hipertin.pl\\\/wp-content\\\/uploads\\\/2026\\\/04\\\/MASKA-Metal-Zero-DETOX-Hipertin-300ml-2.png\",\"width\":500,\"height\":500},{\"@type\":\"BreadcrumbList\",\"@id\":\"https:\\\/\\\/hipertin.pl\\\/index.php\\\/product\\\/maska-metal-zero-detox-hipertin-250ml\\\/#breadcrumb\",\"itemListElement\":[{\"@type\":\"ListItem\",\"position\":1,\"name\":\"Strona g\u0142\u00f3wna\",\"item\":\"https:\\\/\\\/hipertin.pl\\\/\"},{\"@type\":\"ListItem\",\"position\":2,\"name\":\"Sklep\",\"item\":\"https:\\\/\\\/hipertin.pl\\\/index.php\\\/sklep\\\/\"},{\"@type\":\"ListItem\",\"position\":3,\"name\":\"MASKA Metal Zero DETOX Hipertin 250ml\"}]},{\"@type\":\"WebSite\",\"@id\":\"https:\\\/\\\/hipertin.pl\\\/#website\",\"url\":\"https:\\\/\\\/hipertin.pl\\\/\",\"name\":\"HIPERTIN - Profesjonalne produkty Fryzjerskie\",\"description\":\"\",\"potentialAction\":[{\"@type\":\"SearchAction\",\"target\":{\"@type\":\"EntryPoint\",\"urlTemplate\":\"https:\\\/\\\/hipertin.pl\\\/?s={search_term_string}\"},\"query-input\":{\"@type\":\"PropertyValueSpecification\",\"valueRequired\":true,\"valueName\":\"search_term_string\"}}],\"inLanguage\":\"pl-PL\"}]}<\/script>\n<!-- \/ Yoast SEO plugin. -->","yoast_head_json":{"title":"MASKA Metal Zero DETOX Hipertin 250ml - HIPERTIN - Profesjonalne produkty Fryzjerskie","robots":{"index":"index","follow":"follow","max-snippet":"max-snippet:-1","max-image-preview":"max-image-preview:large","max-video-preview":"max-video-preview:-1"},"canonical":"https:\/\/hipertin.pl\/index.php\/product\/maska-metal-zero-detox-hipertin-250ml\/","og_locale":"pl_PL","og_type":"article","og_title":"MASKA Metal Zero DETOX Hipertin 250ml - HIPERTIN - Profesjonalne produkty Fryzjerskie","og_description":"Intensywnie dzia\u0142aj\u0105ca maska do w\u0142os\u00f3w, o dzia\u0142aniu naprawczym i wzmacniaj\u0105cym w\u0142osy od \u015brodka. Z systemem Active Detox, eliminuje metale ci\u0119\u017ckie, chroni kolor, i zostawia w\u0142osy bardziej nawil\u017cone, mi\u0119kkie b\u0142yszcz\u0105ce i \u0142atwe do rozczesywania     DO KRUCHYCH, \u0141AMLIWYCH W\u0141OS\u00d3W        --&gt; ULOTKA  --&gt; PREZENTACJA    Pojemno\u015b\u0107 \u2013 250 ml.","og_url":"https:\/\/hipertin.pl\/index.php\/product\/maska-metal-zero-detox-hipertin-250ml\/","og_site_name":"HIPERTIN - Profesjonalne produkty Fryzjerskie","article_modified_time":"2026-04-14T12:27:57+00:00","og_image":[{"width":500,"height":500,"url":"http:\/\/hipertin.pl\/wp-content\/uploads\/2026\/04\/MASKA-Metal-Zero-DETOX-Hipertin-300ml-2.png","type":"image\/png"}],"twitter_card":"summary_large_image","schema":{"@context":"https:\/\/schema.org","@graph":[{"@type":"WebPage","@id":"https:\/\/hipertin.pl\/index.php\/product\/maska-metal-zero-detox-hipertin-250ml\/","url":"https:\/\/hipertin.pl\/index.php\/product\/maska-metal-zero-detox-hipertin-250ml\/","name":"MASKA Metal Zero DETOX Hipertin 250ml - HIPERTIN - Profesjonalne produkty Fryzjerskie","isPartOf":{"@id":"https:\/\/hipertin.pl\/#website"},"primaryImageOfPage":{"@id":"https:\/\/hipertin.pl\/index.php\/product\/maska-metal-zero-detox-hipertin-250ml\/#primaryimage"},"image":{"@id":"https:\/\/hipertin.pl\/index.php\/product\/maska-metal-zero-detox-hipertin-250ml\/#primaryimage"},"thumbnailUrl":"https:\/\/hipertin.pl\/wp-content\/uploads\/2026\/04\/MASKA-Metal-Zero-DETOX-Hipertin-300ml-2.png","datePublished":"2026-04-14T12:16:19+00:00","dateModified":"2026-04-14T12:27:57+00:00","breadcrumb":{"@id":"https:\/\/hipertin.pl\/index.php\/product\/maska-metal-zero-detox-hipertin-250ml\/#breadcrumb"},"inLanguage":"pl-PL","potentialAction":[{"@type":"ReadAction","target":["https:\/\/hipertin.pl\/index.php\/product\/maska-metal-zero-detox-hipertin-250ml\/"]}]},{"@type":"ImageObject","inLanguage":"pl-PL","@id":"https:\/\/hipertin.pl\/index.php\/product\/maska-metal-zero-detox-hipertin-250ml\/#primaryimage","url":"https:\/\/hipertin.pl\/wp-content\/uploads\/2026\/04\/MASKA-Metal-Zero-DETOX-Hipertin-300ml-2.png","contentUrl":"https:\/\/hipertin.pl\/wp-content\/uploads\/2026\/04\/MASKA-Metal-Zero-DETOX-Hipertin-300ml-2.png","width":500,"height":500},{"@type":"BreadcrumbList","@id":"https:\/\/hipertin.pl\/index.php\/product\/maska-metal-zero-detox-hipertin-250ml\/#breadcrumb","itemListElement":[{"@type":"ListItem","position":1,"name":"Strona g\u0142\u00f3wna","item":"https:\/\/hipertin.pl\/"},{"@type":"ListItem","position":2,"name":"Sklep","item":"https:\/\/hipertin.pl\/index.php\/sklep\/"},{"@type":"ListItem","position":3,"name":"MASKA Metal Zero DETOX Hipertin 250ml"}]},{"@type":"WebSite","@id":"https:\/\/hipertin.pl\/#website","url":"https:\/\/hipertin.pl\/","name":"HIPERTIN - Profesjonalne produkty Fryzjerskie","description":"","potentialAction":[{"@type":"SearchAction","target":{"@type":"EntryPoint","urlTemplate":"https:\/\/hipertin.pl\/?s={search_term_string}"},"query-input":{"@type":"PropertyValueSpecification","valueRequired":true,"valueName":"search_term_string"}}],"inLanguage":"pl-PL"}]}},"brands":[{"id":133,"name":"Hipertin","slug":"hipertin"}],"_links":{"self":[{"href":"https:\/\/hipertin.pl\/index.php\/wp-json\/wp\/v2\/product\/5497","targetHints":{"allow":["GET"]}}],"collection":[{"href":"https:\/\/hipertin.pl\/index.php\/wp-json\/wp\/v2\/product"}],"about":[{"href":"https:\/\/hipertin.pl\/index.php\/wp-json\/wp\/v2\/types\/product"}],"replies":[{"embeddable":true,"href":"https:\/\/hipertin.pl\/index.php\/wp-json\/wp\/v2\/comments?post=5497"}],"wp:featuredmedia":[{"embeddable":true,"href":"https:\/\/hipertin.pl\/index.php\/wp-json\/wp\/v2\/media\/5500"}],"wp:attachment":[{"href":"https:\/\/hipertin.pl\/index.php\/wp-json\/wp\/v2\/media?parent=5497"}],"wp:term":[{"taxonomy":"pwb-brand","embeddable":true,"href":"https:\/\/hipertin.pl\/index.php\/wp-json\/wp\/v2\/pwb-brand?post=5497"},{"taxonomy":"product_brand","embeddable":true,"href":"https:\/\/hipertin.pl\/index.php\/wp-json\/wp\/v2\/product_brand?post=5497"},{"taxonomy":"product_cat","embeddable":true,"href":"https:\/\/hipertin.pl\/index.php\/wp-json\/wp\/v2\/product_cat?post=5497"},{"taxonomy":"product_tag","embeddable":true,"href":"https:\/\/hipertin.pl\/index.php\/wp-json\/wp\/v2\/product_tag?post=5497"}],"curies":[{"name":"wp","href":"https:\/\/api.w.org\/{rel}","templated":true}]}}