{"id":4924,"date":"2024-05-22T08:24:01","date_gmt":"2024-05-22T08:24:01","guid":{"rendered":"https:\/\/hipertin.pl\/?post_type=product&#038;p=4924"},"modified":"2026-04-13T12:39:39","modified_gmt":"2026-04-13T12:39:39","slug":"zestaw-nutri-repair-maska-szampon-hipertin","status":"publish","type":"product","link":"https:\/\/hipertin.pl\/index.php\/product\/zestaw-nutri-repair-maska-szampon-hipertin\/","title":{"rendered":"Zestaw NUTRI REPAIR &#8211; Maska + Szampon HIPERTIN"},"content":{"rendered":"<p>NOWO\u015a\u0106 &#8211; EDYCJA LIMITOWANA<\/p>\n<p><strong>Pojemno\u015b\u0107:<\/strong> 250ml Od\u017cywka i 300ml Szampon<\/p>\n","protected":false},"excerpt":{"rendered":"<p>Zestaw Nutri Repair zawiera szampon do w\u0142os\u00f3w, a tak\u017ce mask\u0119. Produkty \u015bwietnie<strong> regeneruj\u0105 nawet mocno zniszczone w\u0142osy<\/strong>, nadaj\u0105c im zdrowy wygl\u0105c. Jako\u015b\u0107 PREMIUM!<\/p>\n<p>W sk\u0142ad zestawu wchodzi:<\/p>\n<p>Hipertin Linecure Nutri-Repair szampon nawil\u017caj\u0105co-regeneruj\u0105cy do w\u0142os\u00f3w to sprawdzony i skuteczny szampon, kt\u00f3ry ma silne dzia\u0142anie lecznicze. G\u0142\u0119boko od\u017cywia w\u0142osy pozbawione \u017cycie. Dzi\u0119ki wysokiemu st\u0119\u017ceniu minera\u0142\u00f3w morskich posiada bardzo silne \u00a0w\u0142a\u015bciwo\u015bci rekonstruuj\u0105ce i regeneruj\u0105ce w\u0142osy. Ju\u017c po pierwszym u\u017cyciu\u00a0<strong>szamponu Hipertin Linecure Nutri-Repair<\/strong>\u00a0zauwa\u017cysz, \u017ce Twoje w\u0142osy s\u0105 zdecydowanie bardziej l\u015bni\u0105ce i bardziej elastyczne. Szampon idealnie si\u0119 sprawdzi w przypadku zniszczonych w\u0142os\u00f3w. Jego lekka formu\u0142a nie obci\u0105\u017ca w\u0142os\u00f3w, wi\u0119c mo\u017cesz by\u0107 pewna, \u017ce w\u0142osy b\u0119d\u0105 sypkie i lekkie. Ponadto szampon dba o prawid\u0142owy poziom nawil\u017cenia w\u0142os\u00f3w, dzi\u0119ki czemu te staj\u0105 si\u0119 bardziej elastyczne i bardziej odporne na z\u0142amania. Dzi\u0119ki niemu zadbasz o swoje w\u0142osy na wielu p\u0142aszczyznach, co jest charakterystyczne dla profesjonalnej piel\u0119gnacji.<\/p>\n<p>Hipertin Linecure Hair Mask Deep Repair maska do w\u0142os\u00f3w g\u0142\u0119boko regeneruj\u0105ca to szczeg\u00f3lna maska, kt\u00f3ra zosta\u0142a opracowana specjalnie z my\u015bl\u0105 o regeneracji w\u0142os\u00f3w zniszczonych i przesuszonych. W jej sk\u0142adzie odnajdziesz mi\u0119dzy innymi keratyn\u0119 oraz liczne ekstrakty pochodzenia morskiego. To w\u0142a\u015bnie dzi\u0119ki tym sk\u0142adnikom, Twoje w\u0142osy stan\u0105 si\u0119 bardziej odporne na dzia\u0142anie czynnik\u00f3w zewn\u0119trznych. Ponadto, w efekcie stosowania<strong>\u00a0Hipertin Linecure Hair Mask Deep Repair maski do w\u0142os\u00f3w g\u0142\u0119boko regeneruj\u0105cej<\/strong>, w\u0142osy odzyskaj\u0105 swoj\u0105 utracon\u0105 mi\u0119kko\u015b\u0107 i blask. B\u0119d\u0105 \u0142atwiejsze do rozczesania. B\u0119d\u0105 tak\u017ce pod pe\u0142nowarto\u015bciow\u0105 ochron\u0105 przed niekorzystnym dzia\u0142aniem promieni s\u0142onecznych i innych czynnik\u00f3w zewn\u0119trznych. Efekty jej dzia\u0142anie b\u0119d\u0105 zauwa\u017calne ju\u017c po pierwszej aplikacji.<\/p>\n","protected":false},"featured_media":4925,"comment_status":"open","ping_status":"closed","template":"","meta":[],"pwb-brand":[133],"product_brand":[],"product_cat":[143,136,15,142],"product_tag":[256,257],"class_list":{"0":"post-4924","1":"product","2":"type-product","3":"status-publish","4":"has-post-thumbnail","6":"pwb-brand-hipertin","7":"product_cat-odzywki-i-maski","8":"product_cat-pielegnacja-zaawansowana","9":"product_cat-szampony-do-wlosow","10":"product_cat-zestawy-kosmetykow-produktow","11":"product_tag-nutri","12":"product_tag-regeneracja","13":"product_shipping_class-darmowa-wysylka","15":"first","16":"instock","17":"shipping-taxable","18":"purchasable","19":"product-type-simple"},"yoast_head":"<!-- This site is optimized with the Yoast SEO plugin v27.4 - https:\/\/yoast.com\/product\/yoast-seo-wordpress\/ -->\n<title>Zestaw NUTRI REPAIR - Maska + Szampon HIPERTIN - HIPERTIN - Profesjonalne produkty Fryzjerskie<\/title>\n<meta name=\"robots\" content=\"index, follow, max-snippet:-1, max-image-preview:large, max-video-preview:-1\" \/>\n<link rel=\"canonical\" href=\"https:\/\/hipertin.pl\/index.php\/product\/zestaw-nutri-repair-maska-szampon-hipertin\/\" \/>\n<meta property=\"og:locale\" content=\"pl_PL\" \/>\n<meta property=\"og:type\" content=\"article\" \/>\n<meta property=\"og:title\" content=\"Zestaw NUTRI REPAIR - Maska + Szampon HIPERTIN - HIPERTIN - Profesjonalne produkty Fryzjerskie\" \/>\n<meta property=\"og:description\" content=\"Zestaw Nutri Repair zawiera szampon do w\u0142os\u00f3w, a tak\u017ce mask\u0119. Produkty \u015bwietnie regeneruj\u0105 nawet mocno zniszczone w\u0142osy, nadaj\u0105c im zdrowy wygl\u0105c. Jako\u015b\u0107 PREMIUM!  W sk\u0142ad zestawu wchodzi:  Hipertin Linecure Nutri-Repair szampon nawil\u017caj\u0105co-regeneruj\u0105cy do w\u0142os\u00f3w to sprawdzony i skuteczny szampon, kt\u00f3ry ma silne dzia\u0142anie lecznicze. G\u0142\u0119boko od\u017cywia w\u0142osy pozbawione \u017cycie. Dzi\u0119ki wysokiemu st\u0119\u017ceniu minera\u0142\u00f3w morskich posiada bardzo silne \u00a0w\u0142a\u015bciwo\u015bci rekonstruuj\u0105ce i regeneruj\u0105ce w\u0142osy. Ju\u017c po pierwszym u\u017cyciu\u00a0szamponu Hipertin Linecure Nutri-Repair\u00a0zauwa\u017cysz, \u017ce Twoje w\u0142osy s\u0105 zdecydowanie bardziej l\u015bni\u0105ce i bardziej elastyczne. Szampon idealnie si\u0119 sprawdzi w przypadku zniszczonych w\u0142os\u00f3w. Jego lekka formu\u0142a nie obci\u0105\u017ca w\u0142os\u00f3w, wi\u0119c mo\u017cesz by\u0107 pewna, \u017ce w\u0142osy b\u0119d\u0105 sypkie i lekkie. Ponadto szampon dba o prawid\u0142owy poziom nawil\u017cenia w\u0142os\u00f3w, dzi\u0119ki czemu te staj\u0105 si\u0119 bardziej elastyczne i bardziej odporne na z\u0142amania. Dzi\u0119ki niemu zadbasz o swoje w\u0142osy na wielu p\u0142aszczyznach, co jest charakterystyczne dla profesjonalnej piel\u0119gnacji.  Hipertin Linecure Hair Mask Deep Repair maska do w\u0142os\u00f3w g\u0142\u0119boko regeneruj\u0105ca to szczeg\u00f3lna maska, kt\u00f3ra zosta\u0142a opracowana specjalnie z my\u015bl\u0105 o regeneracji w\u0142os\u00f3w zniszczonych i przesuszonych. W jej sk\u0142adzie odnajdziesz mi\u0119dzy innymi keratyn\u0119 oraz liczne ekstrakty pochodzenia morskiego. To w\u0142a\u015bnie dzi\u0119ki tym sk\u0142adnikom, Twoje w\u0142osy stan\u0105 si\u0119 bardziej odporne na dzia\u0142anie czynnik\u00f3w zewn\u0119trznych. Ponadto, w efekcie stosowania\u00a0Hipertin Linecure Hair Mask Deep Repair maski do w\u0142os\u00f3w g\u0142\u0119boko regeneruj\u0105cej, w\u0142osy odzyskaj\u0105 swoj\u0105 utracon\u0105 mi\u0119kko\u015b\u0107 i blask. B\u0119d\u0105 \u0142atwiejsze do rozczesania. B\u0119d\u0105 tak\u017ce pod pe\u0142nowarto\u015bciow\u0105 ochron\u0105 przed niekorzystnym dzia\u0142aniem promieni s\u0142onecznych i innych czynnik\u00f3w zewn\u0119trznych. Efekty jej dzia\u0142anie b\u0119d\u0105 zauwa\u017calne ju\u017c po pierwszej aplikacji.\" \/>\n<meta property=\"og:url\" content=\"https:\/\/hipertin.pl\/index.php\/product\/zestaw-nutri-repair-maska-szampon-hipertin\/\" \/>\n<meta property=\"og:site_name\" content=\"HIPERTIN - Profesjonalne produkty Fryzjerskie\" \/>\n<meta property=\"article:modified_time\" content=\"2026-04-13T12:39:39+00:00\" \/>\n<meta property=\"og:image\" content=\"http:\/\/hipertin.pl\/wp-content\/uploads\/2024\/05\/NOWOSC-\u2013-Zestaw-NUTRI-REPAIR-\u2013-Maska-Szampon-HIPERTIN.png\" \/>\n\t<meta property=\"og:image:width\" content=\"500\" \/>\n\t<meta property=\"og:image:height\" content=\"500\" \/>\n\t<meta property=\"og:image:type\" content=\"image\/png\" \/>\n<meta name=\"twitter:card\" content=\"summary_large_image\" \/>\n<script type=\"application\/ld+json\" class=\"yoast-schema-graph\">{\"@context\":\"https:\\\/\\\/schema.org\",\"@graph\":[{\"@type\":\"WebPage\",\"@id\":\"https:\\\/\\\/hipertin.pl\\\/index.php\\\/product\\\/zestaw-nutri-repair-maska-szampon-hipertin\\\/\",\"url\":\"https:\\\/\\\/hipertin.pl\\\/index.php\\\/product\\\/zestaw-nutri-repair-maska-szampon-hipertin\\\/\",\"name\":\"Zestaw NUTRI REPAIR - Maska + Szampon HIPERTIN - HIPERTIN - Profesjonalne produkty Fryzjerskie\",\"isPartOf\":{\"@id\":\"https:\\\/\\\/hipertin.pl\\\/#website\"},\"primaryImageOfPage\":{\"@id\":\"https:\\\/\\\/hipertin.pl\\\/index.php\\\/product\\\/zestaw-nutri-repair-maska-szampon-hipertin\\\/#primaryimage\"},\"image\":{\"@id\":\"https:\\\/\\\/hipertin.pl\\\/index.php\\\/product\\\/zestaw-nutri-repair-maska-szampon-hipertin\\\/#primaryimage\"},\"thumbnailUrl\":\"https:\\\/\\\/hipertin.pl\\\/wp-content\\\/uploads\\\/2024\\\/05\\\/NOWOSC-\u2013-Zestaw-NUTRI-REPAIR-\u2013-Maska-Szampon-HIPERTIN.png\",\"datePublished\":\"2024-05-22T08:24:01+00:00\",\"dateModified\":\"2026-04-13T12:39:39+00:00\",\"breadcrumb\":{\"@id\":\"https:\\\/\\\/hipertin.pl\\\/index.php\\\/product\\\/zestaw-nutri-repair-maska-szampon-hipertin\\\/#breadcrumb\"},\"inLanguage\":\"pl-PL\",\"potentialAction\":[{\"@type\":\"ReadAction\",\"target\":[\"https:\\\/\\\/hipertin.pl\\\/index.php\\\/product\\\/zestaw-nutri-repair-maska-szampon-hipertin\\\/\"]}]},{\"@type\":\"ImageObject\",\"inLanguage\":\"pl-PL\",\"@id\":\"https:\\\/\\\/hipertin.pl\\\/index.php\\\/product\\\/zestaw-nutri-repair-maska-szampon-hipertin\\\/#primaryimage\",\"url\":\"https:\\\/\\\/hipertin.pl\\\/wp-content\\\/uploads\\\/2024\\\/05\\\/NOWOSC-\u2013-Zestaw-NUTRI-REPAIR-\u2013-Maska-Szampon-HIPERTIN.png\",\"contentUrl\":\"https:\\\/\\\/hipertin.pl\\\/wp-content\\\/uploads\\\/2024\\\/05\\\/NOWOSC-\u2013-Zestaw-NUTRI-REPAIR-\u2013-Maska-Szampon-HIPERTIN.png\",\"width\":500,\"height\":500},{\"@type\":\"BreadcrumbList\",\"@id\":\"https:\\\/\\\/hipertin.pl\\\/index.php\\\/product\\\/zestaw-nutri-repair-maska-szampon-hipertin\\\/#breadcrumb\",\"itemListElement\":[{\"@type\":\"ListItem\",\"position\":1,\"name\":\"Strona g\u0142\u00f3wna\",\"item\":\"https:\\\/\\\/hipertin.pl\\\/\"},{\"@type\":\"ListItem\",\"position\":2,\"name\":\"Sklep\",\"item\":\"https:\\\/\\\/hipertin.pl\\\/index.php\\\/sklep\\\/\"},{\"@type\":\"ListItem\",\"position\":3,\"name\":\"Zestaw NUTRI REPAIR &#8211; Maska + Szampon HIPERTIN\"}]},{\"@type\":\"WebSite\",\"@id\":\"https:\\\/\\\/hipertin.pl\\\/#website\",\"url\":\"https:\\\/\\\/hipertin.pl\\\/\",\"name\":\"HIPERTIN - Profesjonalne produkty Fryzjerskie\",\"description\":\"\",\"potentialAction\":[{\"@type\":\"SearchAction\",\"target\":{\"@type\":\"EntryPoint\",\"urlTemplate\":\"https:\\\/\\\/hipertin.pl\\\/?s={search_term_string}\"},\"query-input\":{\"@type\":\"PropertyValueSpecification\",\"valueRequired\":true,\"valueName\":\"search_term_string\"}}],\"inLanguage\":\"pl-PL\"}]}<\/script>\n<!-- \/ Yoast SEO plugin. -->","yoast_head_json":{"title":"Zestaw NUTRI REPAIR - Maska + Szampon HIPERTIN - HIPERTIN - Profesjonalne produkty Fryzjerskie","robots":{"index":"index","follow":"follow","max-snippet":"max-snippet:-1","max-image-preview":"max-image-preview:large","max-video-preview":"max-video-preview:-1"},"canonical":"https:\/\/hipertin.pl\/index.php\/product\/zestaw-nutri-repair-maska-szampon-hipertin\/","og_locale":"pl_PL","og_type":"article","og_title":"Zestaw NUTRI REPAIR - Maska + Szampon HIPERTIN - HIPERTIN - Profesjonalne produkty Fryzjerskie","og_description":"Zestaw Nutri Repair zawiera szampon do w\u0142os\u00f3w, a tak\u017ce mask\u0119. Produkty \u015bwietnie regeneruj\u0105 nawet mocno zniszczone w\u0142osy, nadaj\u0105c im zdrowy wygl\u0105c. Jako\u015b\u0107 PREMIUM!  W sk\u0142ad zestawu wchodzi:  Hipertin Linecure Nutri-Repair szampon nawil\u017caj\u0105co-regeneruj\u0105cy do w\u0142os\u00f3w to sprawdzony i skuteczny szampon, kt\u00f3ry ma silne dzia\u0142anie lecznicze. G\u0142\u0119boko od\u017cywia w\u0142osy pozbawione \u017cycie. Dzi\u0119ki wysokiemu st\u0119\u017ceniu minera\u0142\u00f3w morskich posiada bardzo silne \u00a0w\u0142a\u015bciwo\u015bci rekonstruuj\u0105ce i regeneruj\u0105ce w\u0142osy. Ju\u017c po pierwszym u\u017cyciu\u00a0szamponu Hipertin Linecure Nutri-Repair\u00a0zauwa\u017cysz, \u017ce Twoje w\u0142osy s\u0105 zdecydowanie bardziej l\u015bni\u0105ce i bardziej elastyczne. Szampon idealnie si\u0119 sprawdzi w przypadku zniszczonych w\u0142os\u00f3w. Jego lekka formu\u0142a nie obci\u0105\u017ca w\u0142os\u00f3w, wi\u0119c mo\u017cesz by\u0107 pewna, \u017ce w\u0142osy b\u0119d\u0105 sypkie i lekkie. Ponadto szampon dba o prawid\u0142owy poziom nawil\u017cenia w\u0142os\u00f3w, dzi\u0119ki czemu te staj\u0105 si\u0119 bardziej elastyczne i bardziej odporne na z\u0142amania. Dzi\u0119ki niemu zadbasz o swoje w\u0142osy na wielu p\u0142aszczyznach, co jest charakterystyczne dla profesjonalnej piel\u0119gnacji.  Hipertin Linecure Hair Mask Deep Repair maska do w\u0142os\u00f3w g\u0142\u0119boko regeneruj\u0105ca to szczeg\u00f3lna maska, kt\u00f3ra zosta\u0142a opracowana specjalnie z my\u015bl\u0105 o regeneracji w\u0142os\u00f3w zniszczonych i przesuszonych. W jej sk\u0142adzie odnajdziesz mi\u0119dzy innymi keratyn\u0119 oraz liczne ekstrakty pochodzenia morskiego. To w\u0142a\u015bnie dzi\u0119ki tym sk\u0142adnikom, Twoje w\u0142osy stan\u0105 si\u0119 bardziej odporne na dzia\u0142anie czynnik\u00f3w zewn\u0119trznych. Ponadto, w efekcie stosowania\u00a0Hipertin Linecure Hair Mask Deep Repair maski do w\u0142os\u00f3w g\u0142\u0119boko regeneruj\u0105cej, w\u0142osy odzyskaj\u0105 swoj\u0105 utracon\u0105 mi\u0119kko\u015b\u0107 i blask. B\u0119d\u0105 \u0142atwiejsze do rozczesania. B\u0119d\u0105 tak\u017ce pod pe\u0142nowarto\u015bciow\u0105 ochron\u0105 przed niekorzystnym dzia\u0142aniem promieni s\u0142onecznych i innych czynnik\u00f3w zewn\u0119trznych. Efekty jej dzia\u0142anie b\u0119d\u0105 zauwa\u017calne ju\u017c po pierwszej aplikacji.","og_url":"https:\/\/hipertin.pl\/index.php\/product\/zestaw-nutri-repair-maska-szampon-hipertin\/","og_site_name":"HIPERTIN - Profesjonalne produkty Fryzjerskie","article_modified_time":"2026-04-13T12:39:39+00:00","og_image":[{"width":500,"height":500,"url":"http:\/\/hipertin.pl\/wp-content\/uploads\/2024\/05\/NOWOSC-\u2013-Zestaw-NUTRI-REPAIR-\u2013-Maska-Szampon-HIPERTIN.png","type":"image\/png"}],"twitter_card":"summary_large_image","schema":{"@context":"https:\/\/schema.org","@graph":[{"@type":"WebPage","@id":"https:\/\/hipertin.pl\/index.php\/product\/zestaw-nutri-repair-maska-szampon-hipertin\/","url":"https:\/\/hipertin.pl\/index.php\/product\/zestaw-nutri-repair-maska-szampon-hipertin\/","name":"Zestaw NUTRI REPAIR - Maska + Szampon HIPERTIN - HIPERTIN - Profesjonalne produkty Fryzjerskie","isPartOf":{"@id":"https:\/\/hipertin.pl\/#website"},"primaryImageOfPage":{"@id":"https:\/\/hipertin.pl\/index.php\/product\/zestaw-nutri-repair-maska-szampon-hipertin\/#primaryimage"},"image":{"@id":"https:\/\/hipertin.pl\/index.php\/product\/zestaw-nutri-repair-maska-szampon-hipertin\/#primaryimage"},"thumbnailUrl":"https:\/\/hipertin.pl\/wp-content\/uploads\/2024\/05\/NOWOSC-\u2013-Zestaw-NUTRI-REPAIR-\u2013-Maska-Szampon-HIPERTIN.png","datePublished":"2024-05-22T08:24:01+00:00","dateModified":"2026-04-13T12:39:39+00:00","breadcrumb":{"@id":"https:\/\/hipertin.pl\/index.php\/product\/zestaw-nutri-repair-maska-szampon-hipertin\/#breadcrumb"},"inLanguage":"pl-PL","potentialAction":[{"@type":"ReadAction","target":["https:\/\/hipertin.pl\/index.php\/product\/zestaw-nutri-repair-maska-szampon-hipertin\/"]}]},{"@type":"ImageObject","inLanguage":"pl-PL","@id":"https:\/\/hipertin.pl\/index.php\/product\/zestaw-nutri-repair-maska-szampon-hipertin\/#primaryimage","url":"https:\/\/hipertin.pl\/wp-content\/uploads\/2024\/05\/NOWOSC-\u2013-Zestaw-NUTRI-REPAIR-\u2013-Maska-Szampon-HIPERTIN.png","contentUrl":"https:\/\/hipertin.pl\/wp-content\/uploads\/2024\/05\/NOWOSC-\u2013-Zestaw-NUTRI-REPAIR-\u2013-Maska-Szampon-HIPERTIN.png","width":500,"height":500},{"@type":"BreadcrumbList","@id":"https:\/\/hipertin.pl\/index.php\/product\/zestaw-nutri-repair-maska-szampon-hipertin\/#breadcrumb","itemListElement":[{"@type":"ListItem","position":1,"name":"Strona g\u0142\u00f3wna","item":"https:\/\/hipertin.pl\/"},{"@type":"ListItem","position":2,"name":"Sklep","item":"https:\/\/hipertin.pl\/index.php\/sklep\/"},{"@type":"ListItem","position":3,"name":"Zestaw NUTRI REPAIR &#8211; Maska + Szampon HIPERTIN"}]},{"@type":"WebSite","@id":"https:\/\/hipertin.pl\/#website","url":"https:\/\/hipertin.pl\/","name":"HIPERTIN - Profesjonalne produkty Fryzjerskie","description":"","potentialAction":[{"@type":"SearchAction","target":{"@type":"EntryPoint","urlTemplate":"https:\/\/hipertin.pl\/?s={search_term_string}"},"query-input":{"@type":"PropertyValueSpecification","valueRequired":true,"valueName":"search_term_string"}}],"inLanguage":"pl-PL"}]}},"brands":[{"id":133,"name":"Hipertin","slug":"hipertin"}],"_links":{"self":[{"href":"https:\/\/hipertin.pl\/index.php\/wp-json\/wp\/v2\/product\/4924","targetHints":{"allow":["GET"]}}],"collection":[{"href":"https:\/\/hipertin.pl\/index.php\/wp-json\/wp\/v2\/product"}],"about":[{"href":"https:\/\/hipertin.pl\/index.php\/wp-json\/wp\/v2\/types\/product"}],"replies":[{"embeddable":true,"href":"https:\/\/hipertin.pl\/index.php\/wp-json\/wp\/v2\/comments?post=4924"}],"wp:featuredmedia":[{"embeddable":true,"href":"https:\/\/hipertin.pl\/index.php\/wp-json\/wp\/v2\/media\/4925"}],"wp:attachment":[{"href":"https:\/\/hipertin.pl\/index.php\/wp-json\/wp\/v2\/media?parent=4924"}],"wp:term":[{"taxonomy":"pwb-brand","embeddable":true,"href":"https:\/\/hipertin.pl\/index.php\/wp-json\/wp\/v2\/pwb-brand?post=4924"},{"taxonomy":"product_brand","embeddable":true,"href":"https:\/\/hipertin.pl\/index.php\/wp-json\/wp\/v2\/product_brand?post=4924"},{"taxonomy":"product_cat","embeddable":true,"href":"https:\/\/hipertin.pl\/index.php\/wp-json\/wp\/v2\/product_cat?post=4924"},{"taxonomy":"product_tag","embeddable":true,"href":"https:\/\/hipertin.pl\/index.php\/wp-json\/wp\/v2\/product_tag?post=4924"}],"curies":[{"name":"wp","href":"https:\/\/api.w.org\/{rel}","templated":true}]}}