{"id":4894,"date":"2024-04-23T09:51:24","date_gmt":"2024-04-23T09:51:24","guid":{"rendered":"https:\/\/hipertin.pl\/?post_type=product&#038;p=4894"},"modified":"2026-04-10T10:58:58","modified_gmt":"2026-04-10T10:58:58","slug":"szampon-rewitalizujacy-i-zwiekszajacy-objetosc-hipertin-air-shampoo-300-ml","status":"publish","type":"product","link":"https:\/\/hipertin.pl\/index.php\/product\/szampon-rewitalizujacy-i-zwiekszajacy-objetosc-hipertin-air-shampoo-300-ml\/","title":{"rendered":"Szampon rewitalizuj\u0105cy i zwi\u0119kszaj\u0105cy obj\u0119to\u015b\u0107 &#8211; Hipertin AIR SHAMPOO 300 ml"},"content":{"rendered":"<p><strong>NOWO\u015a\u0106<\/strong> marki HIPERTIN!<\/p>\n<p style=\"font-weight: 400;\">Innowacyjna linia produkt\u00f3w do w\u0142os\u00f3w, inspirowana 4 \u017cywio\u0142ami natury. Produkty starannie skomponowane, z naturalnych i zr\u00f3wnowa\u017conych sk\u0142adnik\u00f3w, \u0142\u0105cz\u0105 m\u0105dro\u015b\u0107 natury z nauk\u0105 o w\u0142osach, oferuj\u0105c skuteczne i harmonijne rozwi\u0105zania w zakresie piel\u0119gnacji w\u0142os\u00f3w.<\/p>\n<p><strong>SZAMPON AIR<\/strong>\u00a0to 89% sk\u0142adnik\u00f3w naturalnych!<\/p>\n<p id=\"tw-target-text\" class=\"tw-data-text tw-text-large tw-ta\" dir=\"ltr\" data-placeholder=\"T\u0142umaczenie\" aria-label=\"Przet\u0142umaczony tekst\" data-ved=\"2ahUKEwiLhPTS_NeFAxXeEBAIHcQMBYcQ3ewLegQIBRAU\">Szampon piel\u0119gnacyjny rewitalizuj\u0105cy i zwi\u0119kszaj\u0105cy obj\u0119to\u015b\u0107. Stworzony, aby wzmacnia\u0107 w\u0142osy i dodawa\u0107 im obj\u0119to\u015bci. Pomaga nawil\u017ca\u0107, chroni\u0107 w\u0142osy, wzmacnia\u0107, od\u017cywia\u0107, dodawa\u0107 obj\u0119to\u015bci i poprawia\u0107 wygl\u0105d w\u0142\u00f3kna w\u0142osa.<\/p>\n<p><b>Spos\u00f3b u\u017cycia:<\/b>\u00a0Na\u0142o\u017cy\u0107 produkt na mokre w\u0142osy i masowa\u0107 do uzyskania piany, sp\u0142uka\u0107 w\u0142osy. Powt\u00f3rzy\u0107 proces i sp\u0142uka\u0107 w\u0142osy, a\u017c szampon zostanie ca\u0142kowicie usuni\u0119ty.<\/p>\n<p><strong>Pojemno\u015b\u0107:<\/strong> 300ml<\/p>\n","protected":false},"excerpt":{"rendered":"<p><strong>NOWO\u015a\u0106<\/strong> marki HIPERTIN!<\/p>\n<p style=\"font-weight: 400;\">Innowacyjna linia produkt\u00f3w do w\u0142os\u00f3w, inspirowana 4 \u017cywio\u0142ami natury. Produkty starannie skomponowane, z naturalnych i zr\u00f3wnowa\u017conych sk\u0142adnik\u00f3w, \u0142\u0105cz\u0105 m\u0105dro\u015b\u0107 natury z nauk\u0105 o w\u0142osach, oferuj\u0105c skuteczne i harmonijne rozwi\u0105zania w zakresie piel\u0119gnacji w\u0142os\u00f3w.<\/p>\n<p><strong>SZAMPON AIR<\/strong>\u00a0to 89% sk\u0142adnik\u00f3w naturalnych!<\/p>\n<p id=\"tw-target-text\" class=\"tw-data-text tw-text-large tw-ta\" dir=\"ltr\" data-placeholder=\"T\u0142umaczenie\" aria-label=\"Przet\u0142umaczony tekst\" data-ved=\"2ahUKEwiLhPTS_NeFAxXeEBAIHcQMBYcQ3ewLegQIBRAU\">Szampon piel\u0119gnacyjny rewitalizuj\u0105cy i zwi\u0119kszaj\u0105cy obj\u0119to\u015b\u0107. Stworzony, aby wzmacnia\u0107 w\u0142osy i dodawa\u0107 im obj\u0119to\u015bci. Pomaga nawil\u017ca\u0107, chroni\u0107 w\u0142osy, wzmacnia\u0107, od\u017cywia\u0107, dodawa\u0107 obj\u0119to\u015bci i poprawia\u0107 wygl\u0105d w\u0142\u00f3kna w\u0142osa.<\/p>\n<p><b>Spos\u00f3b u\u017cycia:<\/b>\u00a0Na\u0142o\u017cy\u0107 produkt na mokre w\u0142osy i masowa\u0107 do uzyskania piany, sp\u0142uka\u0107 w\u0142osy. Powt\u00f3rzy\u0107 proces i sp\u0142uka\u0107 w\u0142osy, a\u017c szampon zostanie ca\u0142kowicie usuni\u0119ty.<\/p>\n<p><strong>Pojemno\u015b\u0107:<\/strong> 300ml<\/p>\n","protected":false},"featured_media":4895,"comment_status":"open","ping_status":"closed","template":"","meta":[],"pwb-brand":[133],"product_brand":[],"product_cat":[15],"product_tag":[254,246,255],"class_list":{"0":"post-4894","1":"product","2":"type-product","3":"status-publish","4":"has-post-thumbnail","6":"pwb-brand-hipertin","7":"product_cat-szampony-do-wlosow","8":"product_tag-air","9":"product_tag-hipertin","10":"product_tag-szampon","12":"first","13":"instock","14":"shipping-taxable","15":"purchasable","16":"product-type-simple"},"yoast_head":"<!-- This site is optimized with the Yoast SEO plugin v27.4 - https:\/\/yoast.com\/product\/yoast-seo-wordpress\/ -->\n<title>Szampon rewitalizuj\u0105cy i zwi\u0119kszaj\u0105cy obj\u0119to\u015b\u0107 - Hipertin AIR SHAMPOO 300 ml - HIPERTIN - Profesjonalne produkty Fryzjerskie<\/title>\n<meta name=\"robots\" content=\"index, follow, max-snippet:-1, max-image-preview:large, max-video-preview:-1\" \/>\n<link rel=\"canonical\" href=\"https:\/\/hipertin.pl\/index.php\/product\/szampon-rewitalizujacy-i-zwiekszajacy-objetosc-hipertin-air-shampoo-300-ml\/\" \/>\n<meta property=\"og:locale\" content=\"pl_PL\" \/>\n<meta property=\"og:type\" content=\"article\" \/>\n<meta property=\"og:title\" content=\"Szampon rewitalizuj\u0105cy i zwi\u0119kszaj\u0105cy obj\u0119to\u015b\u0107 - Hipertin AIR SHAMPOO 300 ml - HIPERTIN - Profesjonalne produkty Fryzjerskie\" \/>\n<meta property=\"og:description\" content=\"NOWO\u015a\u0106 marki HIPERTIN! Innowacyjna linia produkt\u00f3w do w\u0142os\u00f3w, inspirowana 4 \u017cywio\u0142ami natury. Produkty starannie skomponowane, z naturalnych i zr\u00f3wnowa\u017conych sk\u0142adnik\u00f3w, \u0142\u0105cz\u0105 m\u0105dro\u015b\u0107 natury z nauk\u0105 o w\u0142osach, oferuj\u0105c skuteczne i harmonijne rozwi\u0105zania w zakresie piel\u0119gnacji w\u0142os\u00f3w. SZAMPON AIR\u00a0to 89% sk\u0142adnik\u00f3w naturalnych! Szampon piel\u0119gnacyjny rewitalizuj\u0105cy i zwi\u0119kszaj\u0105cy obj\u0119to\u015b\u0107. Stworzony, aby wzmacnia\u0107 w\u0142osy i dodawa\u0107 im obj\u0119to\u015bci. Pomaga nawil\u017ca\u0107, chroni\u0107 w\u0142osy, wzmacnia\u0107, od\u017cywia\u0107, dodawa\u0107 obj\u0119to\u015bci i poprawia\u0107 wygl\u0105d w\u0142\u00f3kna w\u0142osa. Spos\u00f3b u\u017cycia:\u00a0Na\u0142o\u017cy\u0107 produkt na mokre w\u0142osy i masowa\u0107 do uzyskania piany, sp\u0142uka\u0107 w\u0142osy. Powt\u00f3rzy\u0107 proces i sp\u0142uka\u0107 w\u0142osy, a\u017c szampon zostanie ca\u0142kowicie usuni\u0119ty.  Pojemno\u015b\u0107: 300ml\" \/>\n<meta property=\"og:url\" content=\"https:\/\/hipertin.pl\/index.php\/product\/szampon-rewitalizujacy-i-zwiekszajacy-objetosc-hipertin-air-shampoo-300-ml\/\" \/>\n<meta property=\"og:site_name\" content=\"HIPERTIN - Profesjonalne produkty Fryzjerskie\" \/>\n<meta property=\"article:modified_time\" content=\"2026-04-10T10:58:58+00:00\" \/>\n<meta property=\"og:image\" content=\"http:\/\/hipertin.pl\/wp-content\/uploads\/2024\/04\/Szampon-rewitalizujacy-i-zwiekszajacy-objetosc-Hipertin-AIR-SHAMPOO-300-ml.png\" \/>\n\t<meta property=\"og:image:width\" content=\"500\" \/>\n\t<meta property=\"og:image:height\" content=\"500\" \/>\n\t<meta property=\"og:image:type\" content=\"image\/png\" \/>\n<meta name=\"twitter:card\" content=\"summary_large_image\" \/>\n<meta name=\"twitter:label1\" content=\"Szacowany czas czytania\" \/>\n\t<meta name=\"twitter:data1\" content=\"1 minuta\" \/>\n<script type=\"application\/ld+json\" class=\"yoast-schema-graph\">{\"@context\":\"https:\\\/\\\/schema.org\",\"@graph\":[{\"@type\":\"WebPage\",\"@id\":\"https:\\\/\\\/hipertin.pl\\\/index.php\\\/product\\\/szampon-rewitalizujacy-i-zwiekszajacy-objetosc-hipertin-air-shampoo-300-ml\\\/\",\"url\":\"https:\\\/\\\/hipertin.pl\\\/index.php\\\/product\\\/szampon-rewitalizujacy-i-zwiekszajacy-objetosc-hipertin-air-shampoo-300-ml\\\/\",\"name\":\"Szampon rewitalizuj\u0105cy i zwi\u0119kszaj\u0105cy obj\u0119to\u015b\u0107 - Hipertin AIR SHAMPOO 300 ml - HIPERTIN - Profesjonalne produkty Fryzjerskie\",\"isPartOf\":{\"@id\":\"https:\\\/\\\/hipertin.pl\\\/#website\"},\"primaryImageOfPage\":{\"@id\":\"https:\\\/\\\/hipertin.pl\\\/index.php\\\/product\\\/szampon-rewitalizujacy-i-zwiekszajacy-objetosc-hipertin-air-shampoo-300-ml\\\/#primaryimage\"},\"image\":{\"@id\":\"https:\\\/\\\/hipertin.pl\\\/index.php\\\/product\\\/szampon-rewitalizujacy-i-zwiekszajacy-objetosc-hipertin-air-shampoo-300-ml\\\/#primaryimage\"},\"thumbnailUrl\":\"https:\\\/\\\/hipertin.pl\\\/wp-content\\\/uploads\\\/2024\\\/04\\\/Szampon-rewitalizujacy-i-zwiekszajacy-objetosc-Hipertin-AIR-SHAMPOO-300-ml.png\",\"datePublished\":\"2024-04-23T09:51:24+00:00\",\"dateModified\":\"2026-04-10T10:58:58+00:00\",\"breadcrumb\":{\"@id\":\"https:\\\/\\\/hipertin.pl\\\/index.php\\\/product\\\/szampon-rewitalizujacy-i-zwiekszajacy-objetosc-hipertin-air-shampoo-300-ml\\\/#breadcrumb\"},\"inLanguage\":\"pl-PL\",\"potentialAction\":[{\"@type\":\"ReadAction\",\"target\":[\"https:\\\/\\\/hipertin.pl\\\/index.php\\\/product\\\/szampon-rewitalizujacy-i-zwiekszajacy-objetosc-hipertin-air-shampoo-300-ml\\\/\"]}]},{\"@type\":\"ImageObject\",\"inLanguage\":\"pl-PL\",\"@id\":\"https:\\\/\\\/hipertin.pl\\\/index.php\\\/product\\\/szampon-rewitalizujacy-i-zwiekszajacy-objetosc-hipertin-air-shampoo-300-ml\\\/#primaryimage\",\"url\":\"https:\\\/\\\/hipertin.pl\\\/wp-content\\\/uploads\\\/2024\\\/04\\\/Szampon-rewitalizujacy-i-zwiekszajacy-objetosc-Hipertin-AIR-SHAMPOO-300-ml.png\",\"contentUrl\":\"https:\\\/\\\/hipertin.pl\\\/wp-content\\\/uploads\\\/2024\\\/04\\\/Szampon-rewitalizujacy-i-zwiekszajacy-objetosc-Hipertin-AIR-SHAMPOO-300-ml.png\",\"width\":500,\"height\":500},{\"@type\":\"BreadcrumbList\",\"@id\":\"https:\\\/\\\/hipertin.pl\\\/index.php\\\/product\\\/szampon-rewitalizujacy-i-zwiekszajacy-objetosc-hipertin-air-shampoo-300-ml\\\/#breadcrumb\",\"itemListElement\":[{\"@type\":\"ListItem\",\"position\":1,\"name\":\"Strona g\u0142\u00f3wna\",\"item\":\"https:\\\/\\\/hipertin.pl\\\/\"},{\"@type\":\"ListItem\",\"position\":2,\"name\":\"Sklep\",\"item\":\"https:\\\/\\\/hipertin.pl\\\/index.php\\\/sklep\\\/\"},{\"@type\":\"ListItem\",\"position\":3,\"name\":\"Szampon rewitalizuj\u0105cy i zwi\u0119kszaj\u0105cy obj\u0119to\u015b\u0107 &#8211; Hipertin AIR SHAMPOO 300 ml\"}]},{\"@type\":\"WebSite\",\"@id\":\"https:\\\/\\\/hipertin.pl\\\/#website\",\"url\":\"https:\\\/\\\/hipertin.pl\\\/\",\"name\":\"HIPERTIN - Profesjonalne produkty Fryzjerskie\",\"description\":\"\",\"potentialAction\":[{\"@type\":\"SearchAction\",\"target\":{\"@type\":\"EntryPoint\",\"urlTemplate\":\"https:\\\/\\\/hipertin.pl\\\/?s={search_term_string}\"},\"query-input\":{\"@type\":\"PropertyValueSpecification\",\"valueRequired\":true,\"valueName\":\"search_term_string\"}}],\"inLanguage\":\"pl-PL\"}]}<\/script>\n<!-- \/ Yoast SEO plugin. -->","yoast_head_json":{"title":"Szampon rewitalizuj\u0105cy i zwi\u0119kszaj\u0105cy obj\u0119to\u015b\u0107 - Hipertin AIR SHAMPOO 300 ml - HIPERTIN - Profesjonalne produkty Fryzjerskie","robots":{"index":"index","follow":"follow","max-snippet":"max-snippet:-1","max-image-preview":"max-image-preview:large","max-video-preview":"max-video-preview:-1"},"canonical":"https:\/\/hipertin.pl\/index.php\/product\/szampon-rewitalizujacy-i-zwiekszajacy-objetosc-hipertin-air-shampoo-300-ml\/","og_locale":"pl_PL","og_type":"article","og_title":"Szampon rewitalizuj\u0105cy i zwi\u0119kszaj\u0105cy obj\u0119to\u015b\u0107 - Hipertin AIR SHAMPOO 300 ml - HIPERTIN - Profesjonalne produkty Fryzjerskie","og_description":"NOWO\u015a\u0106 marki HIPERTIN! Innowacyjna linia produkt\u00f3w do w\u0142os\u00f3w, inspirowana 4 \u017cywio\u0142ami natury. Produkty starannie skomponowane, z naturalnych i zr\u00f3wnowa\u017conych sk\u0142adnik\u00f3w, \u0142\u0105cz\u0105 m\u0105dro\u015b\u0107 natury z nauk\u0105 o w\u0142osach, oferuj\u0105c skuteczne i harmonijne rozwi\u0105zania w zakresie piel\u0119gnacji w\u0142os\u00f3w. SZAMPON AIR\u00a0to 89% sk\u0142adnik\u00f3w naturalnych! Szampon piel\u0119gnacyjny rewitalizuj\u0105cy i zwi\u0119kszaj\u0105cy obj\u0119to\u015b\u0107. Stworzony, aby wzmacnia\u0107 w\u0142osy i dodawa\u0107 im obj\u0119to\u015bci. Pomaga nawil\u017ca\u0107, chroni\u0107 w\u0142osy, wzmacnia\u0107, od\u017cywia\u0107, dodawa\u0107 obj\u0119to\u015bci i poprawia\u0107 wygl\u0105d w\u0142\u00f3kna w\u0142osa. Spos\u00f3b u\u017cycia:\u00a0Na\u0142o\u017cy\u0107 produkt na mokre w\u0142osy i masowa\u0107 do uzyskania piany, sp\u0142uka\u0107 w\u0142osy. Powt\u00f3rzy\u0107 proces i sp\u0142uka\u0107 w\u0142osy, a\u017c szampon zostanie ca\u0142kowicie usuni\u0119ty.  Pojemno\u015b\u0107: 300ml","og_url":"https:\/\/hipertin.pl\/index.php\/product\/szampon-rewitalizujacy-i-zwiekszajacy-objetosc-hipertin-air-shampoo-300-ml\/","og_site_name":"HIPERTIN - Profesjonalne produkty Fryzjerskie","article_modified_time":"2026-04-10T10:58:58+00:00","og_image":[{"width":500,"height":500,"url":"http:\/\/hipertin.pl\/wp-content\/uploads\/2024\/04\/Szampon-rewitalizujacy-i-zwiekszajacy-objetosc-Hipertin-AIR-SHAMPOO-300-ml.png","type":"image\/png"}],"twitter_card":"summary_large_image","twitter_misc":{"Szacowany czas czytania":"1 minuta"},"schema":{"@context":"https:\/\/schema.org","@graph":[{"@type":"WebPage","@id":"https:\/\/hipertin.pl\/index.php\/product\/szampon-rewitalizujacy-i-zwiekszajacy-objetosc-hipertin-air-shampoo-300-ml\/","url":"https:\/\/hipertin.pl\/index.php\/product\/szampon-rewitalizujacy-i-zwiekszajacy-objetosc-hipertin-air-shampoo-300-ml\/","name":"Szampon rewitalizuj\u0105cy i zwi\u0119kszaj\u0105cy obj\u0119to\u015b\u0107 - Hipertin AIR SHAMPOO 300 ml - HIPERTIN - Profesjonalne produkty Fryzjerskie","isPartOf":{"@id":"https:\/\/hipertin.pl\/#website"},"primaryImageOfPage":{"@id":"https:\/\/hipertin.pl\/index.php\/product\/szampon-rewitalizujacy-i-zwiekszajacy-objetosc-hipertin-air-shampoo-300-ml\/#primaryimage"},"image":{"@id":"https:\/\/hipertin.pl\/index.php\/product\/szampon-rewitalizujacy-i-zwiekszajacy-objetosc-hipertin-air-shampoo-300-ml\/#primaryimage"},"thumbnailUrl":"https:\/\/hipertin.pl\/wp-content\/uploads\/2024\/04\/Szampon-rewitalizujacy-i-zwiekszajacy-objetosc-Hipertin-AIR-SHAMPOO-300-ml.png","datePublished":"2024-04-23T09:51:24+00:00","dateModified":"2026-04-10T10:58:58+00:00","breadcrumb":{"@id":"https:\/\/hipertin.pl\/index.php\/product\/szampon-rewitalizujacy-i-zwiekszajacy-objetosc-hipertin-air-shampoo-300-ml\/#breadcrumb"},"inLanguage":"pl-PL","potentialAction":[{"@type":"ReadAction","target":["https:\/\/hipertin.pl\/index.php\/product\/szampon-rewitalizujacy-i-zwiekszajacy-objetosc-hipertin-air-shampoo-300-ml\/"]}]},{"@type":"ImageObject","inLanguage":"pl-PL","@id":"https:\/\/hipertin.pl\/index.php\/product\/szampon-rewitalizujacy-i-zwiekszajacy-objetosc-hipertin-air-shampoo-300-ml\/#primaryimage","url":"https:\/\/hipertin.pl\/wp-content\/uploads\/2024\/04\/Szampon-rewitalizujacy-i-zwiekszajacy-objetosc-Hipertin-AIR-SHAMPOO-300-ml.png","contentUrl":"https:\/\/hipertin.pl\/wp-content\/uploads\/2024\/04\/Szampon-rewitalizujacy-i-zwiekszajacy-objetosc-Hipertin-AIR-SHAMPOO-300-ml.png","width":500,"height":500},{"@type":"BreadcrumbList","@id":"https:\/\/hipertin.pl\/index.php\/product\/szampon-rewitalizujacy-i-zwiekszajacy-objetosc-hipertin-air-shampoo-300-ml\/#breadcrumb","itemListElement":[{"@type":"ListItem","position":1,"name":"Strona g\u0142\u00f3wna","item":"https:\/\/hipertin.pl\/"},{"@type":"ListItem","position":2,"name":"Sklep","item":"https:\/\/hipertin.pl\/index.php\/sklep\/"},{"@type":"ListItem","position":3,"name":"Szampon rewitalizuj\u0105cy i zwi\u0119kszaj\u0105cy obj\u0119to\u015b\u0107 &#8211; Hipertin AIR SHAMPOO 300 ml"}]},{"@type":"WebSite","@id":"https:\/\/hipertin.pl\/#website","url":"https:\/\/hipertin.pl\/","name":"HIPERTIN - Profesjonalne produkty Fryzjerskie","description":"","potentialAction":[{"@type":"SearchAction","target":{"@type":"EntryPoint","urlTemplate":"https:\/\/hipertin.pl\/?s={search_term_string}"},"query-input":{"@type":"PropertyValueSpecification","valueRequired":true,"valueName":"search_term_string"}}],"inLanguage":"pl-PL"}]}},"brands":[{"id":133,"name":"Hipertin","slug":"hipertin"}],"_links":{"self":[{"href":"https:\/\/hipertin.pl\/index.php\/wp-json\/wp\/v2\/product\/4894","targetHints":{"allow":["GET"]}}],"collection":[{"href":"https:\/\/hipertin.pl\/index.php\/wp-json\/wp\/v2\/product"}],"about":[{"href":"https:\/\/hipertin.pl\/index.php\/wp-json\/wp\/v2\/types\/product"}],"replies":[{"embeddable":true,"href":"https:\/\/hipertin.pl\/index.php\/wp-json\/wp\/v2\/comments?post=4894"}],"wp:featuredmedia":[{"embeddable":true,"href":"https:\/\/hipertin.pl\/index.php\/wp-json\/wp\/v2\/media\/4895"}],"wp:attachment":[{"href":"https:\/\/hipertin.pl\/index.php\/wp-json\/wp\/v2\/media?parent=4894"}],"wp:term":[{"taxonomy":"pwb-brand","embeddable":true,"href":"https:\/\/hipertin.pl\/index.php\/wp-json\/wp\/v2\/pwb-brand?post=4894"},{"taxonomy":"product_brand","embeddable":true,"href":"https:\/\/hipertin.pl\/index.php\/wp-json\/wp\/v2\/product_brand?post=4894"},{"taxonomy":"product_cat","embeddable":true,"href":"https:\/\/hipertin.pl\/index.php\/wp-json\/wp\/v2\/product_cat?post=4894"},{"taxonomy":"product_tag","embeddable":true,"href":"https:\/\/hipertin.pl\/index.php\/wp-json\/wp\/v2\/product_tag?post=4894"}],"curies":[{"name":"wp","href":"https:\/\/api.w.org\/{rel}","templated":true}]}}