{"id":4856,"date":"2024-03-12T10:26:02","date_gmt":"2024-03-12T10:26:02","guid":{"rendered":"https:\/\/hipertin.pl\/?post_type=product&#038;p=4856"},"modified":"2026-04-10T10:59:14","modified_gmt":"2026-04-10T10:59:14","slug":"gravity-lotion-marki-hipertin-przeciwdzialajacy-wypadaniu-i-zageszczajacy-wlosy-50ml","status":"publish","type":"product","link":"https:\/\/hipertin.pl\/index.php\/product\/gravity-lotion-marki-hipertin-przeciwdzialajacy-wypadaniu-i-zageszczajacy-wlosy-50ml\/","title":{"rendered":"GRAVITY &#8211; Lotion marki HIPERTIN przeciwdzia\u0142aj\u0105cy wypadaniu i zag\u0119szczaj\u0105cy w\u0142osy 50ml"},"content":{"rendered":"<p><strong>NOWO\u015a\u0106<\/strong> marki HIPERTIN!<\/p>\n<p>GRAVITY &#8211; Zaawansowany lotion leczniczy, kt\u00f3ry pomaga zapobiega\u0107 wypadaniu w\u0142os\u00f3w. Pomaga zwi\u0119kszy\u0107 g\u0119sto\u015b\u0107 w\u0142\u00f3kna w\u0142osa, wspomagaj\u0105c wzrost w\u0142os\u00f3w i zapobiegaj\u0105c ich wypadaniu. Balsam do w\u0142os\u00f3w zawieraj\u0105cy ekstrakt z tymianku i Capilla Longa.<br \/>\nDzi\u0119ki sk\u0142adnikom aktywnym o w\u0142a\u015bciwo\u015bciach ochronnych, stymuluj\u0105cych, tonizuj\u0105cych i wzmacniaj\u0105cych pomaga piel\u0119gnowa\u0107 w\u0142\u00f3kno w\u0142osa od nasady i ogranicza\u0107 wypadanie w\u0142os\u00f3w.<\/p>\n<p><strong>Pojemno\u015b\u0107:<\/strong> 50ml<\/p>\n","protected":false},"excerpt":{"rendered":"<p><strong>NOWO\u015a\u0106<\/strong> marki HIPERTIN!<\/p>\n<p><strong>GRAVITY LOTION<\/strong>\u00a0to innowacyjny produkt, kt\u00f3ry nie tylko zapobiega wypadaniu w\u0142os\u00f3w, ale r\u00f3wnie\u017c przyczynia si\u0119 do zwi\u0119kszenia g\u0119sto\u015bci w\u0142\u00f3kna w\u0142osa. Dzi\u0119ki starannemu doborowi sk\u0142adnik\u00f3w aktywnych o w\u0142a\u015bciwo\u015bciach ochronnych, stymuluj\u0105cych i tonizuj\u0105cych, formu\u0142a ta wzmacnia w\u0142osy, zapewniaj\u0105c im g\u0119stszy i pe\u0142niejszy wygl\u0105d.<\/p>\n<p>Korzy\u015bci p\u0142yn\u0105ce z balsamu do w\u0142os\u00f3w\u00a0<strong>GRAVITY LOTION<\/strong>\u00a0s\u0105 szerokie: skutecznie pomaga kontrolowa\u0107 wypadanie w\u0142os\u00f3w, wzmacnia w\u0142\u00f3kno w\u0142osa i zapobiega niechcianemu wypadaniu w\u0142os\u00f3w. Unikalna formu\u0142a pobudza mikrokr\u0105\u017cenie w sk\u00f3rze g\u0142owy, poprawiaj\u0105c og\u00f3lny stan zdrowia w\u0142os\u00f3w i stymuluj\u0105c ich wzrost. Dzi\u0119ki kuracji do w\u0142os\u00f3w\u00a0<strong>GRAVITY LOTION<\/strong>\u00a0zauwa\u017cysz znaczne odzyskanie obj\u0119to\u015bci w\u0142os\u00f3w, uzyskuj\u0105c pe\u0142niejsze w\u0142osy o zdrowym wygl\u0105dzie. Sk\u0142adniki aktywne, takie jak Capilia Longa, pomagaj\u0105 zwi\u0119kszy\u0107 grubo\u015b\u0107 w\u0142\u00f3kna w\u0142osa, zapewniaj\u0105c mocniejsze i bardziej odporne w\u0142osy.<\/p>\n<p>Kuracja przeciw wypadaniu w\u0142os\u00f3w\u00a0<strong>GRAVITY LOTION<\/strong>\u00a0zawiera w\u015br\u00f3d sk\u0142adnik\u00f3w aktywnych Capilia Longa, specyficzny sk\u0142adnik aktywny, kt\u00f3ry wspomaga wzrost w\u0142os\u00f3w. Ten aktywny sk\u0142adnik obecny w\u00a0<strong>GRAVITY LOTION<\/strong>\u00a0zapewnia w\u0142a\u015bciwo\u015bci tonizuj\u0105ce, kt\u00f3re pomagaj\u0105 w regeneracji w\u0142os\u00f3w, zmniejszaj\u0105 ich wypadanie i zwi\u0119kszaj\u0105 grubo\u015b\u0107 w\u0142\u00f3kna w\u0142osa.\u00a0<strong>Balsam do w\u0142os\u00f3w GRAVITY LOTION<\/strong>\u00a0zawiera r\u00f3wnie\u017c ekstrakt z tymianku, sk\u0142adnik, kt\u00f3ry stymuluje kr\u0105\u017cenie kapilarne i wzrost w\u0142os\u00f3w, wzmacniaj\u0105c w\u0142osy i zwalczaj\u0105c ich wypadanie. Ekstrakt z tymianku zapobiega r\u00f3wnie\u017c i kontroluje problemy, takie jak \u0142upie\u017c i nadmiar sebum.<\/p>\n<p>Aby uzyska\u0107 najlepsze rezultaty z\u00a0<strong>GRAVITY LOTION,<\/strong>\u00a0zawsze nak\u0142adaj balsam do w\u0142os\u00f3w na noc. U\u017cyj pipety, aby na\u0142o\u017cy\u0107 produkt bezpo\u015brednio na sk\u00f3r\u0119 g\u0142owy. Rozprowad\u017a balsam do w\u0142os\u00f3w, wykonuj\u0105c lekki masa\u017c, aby zapewni\u0107 jego ca\u0142kowite wch\u0142oni\u0119cie.<\/p>\n<p>Odkryj korzy\u015bci dla wzrostu w\u0142os\u00f3w dzi\u0119ki\u00a0<strong>GRAVITY LOTION,<\/strong>\u00a0naszej zaawansowanej kuracji do w\u0142os\u00f3w na wypadanie w\u0142os\u00f3w. Przywraca zdrowie w\u0142os\u00f3w, stymuluje wzrost i sprawia, \u017ce w\u0142osy staj\u0105 si\u0119 g\u0119stsze i bardziej obszerne. Odmie\u0144 swoj\u0105 rutyn\u0119 w\u0142os\u00f3w dzi\u0119ki\u00a0<strong>GRAVITY LOTION,<\/strong>\u00a0wyj\u0105tkowemu i skutecznemu balsamowi do w\u0142os\u00f3w!<\/p>\n<p><strong>Pojemno\u015b\u0107:<\/strong> 50ml<\/p>\n","protected":false},"featured_media":4858,"comment_status":"open","ping_status":"closed","template":"","meta":[],"pwb-brand":[133],"product_brand":[],"product_cat":[136,137],"product_tag":[250,252,246,251,253],"class_list":{"0":"post-4856","1":"product","2":"type-product","3":"status-publish","4":"has-post-thumbnail","6":"pwb-brand-hipertin","7":"product_cat-pielegnacja-zaawansowana","8":"product_cat-problemy-skory-glowy","9":"product_tag-earth","10":"product_tag-gravity","11":"product_tag-hipertin","12":"product_tag-lotion","13":"product_tag-przeciw-wypadaniu","15":"first","16":"instock","17":"shipping-taxable","18":"purchasable","19":"product-type-simple"},"yoast_head":"<!-- This site is optimized with the Yoast SEO plugin v27.4 - https:\/\/yoast.com\/product\/yoast-seo-wordpress\/ -->\n<title>GRAVITY - Lotion marki HIPERTIN przeciwdzia\u0142aj\u0105cy wypadaniu i zag\u0119szczaj\u0105cy w\u0142osy 50ml - HIPERTIN - Profesjonalne produkty Fryzjerskie<\/title>\n<meta name=\"robots\" content=\"index, follow, max-snippet:-1, max-image-preview:large, max-video-preview:-1\" \/>\n<link rel=\"canonical\" href=\"https:\/\/hipertin.pl\/index.php\/product\/gravity-lotion-marki-hipertin-przeciwdzialajacy-wypadaniu-i-zageszczajacy-wlosy-50ml\/\" \/>\n<meta property=\"og:locale\" content=\"pl_PL\" \/>\n<meta property=\"og:type\" content=\"article\" \/>\n<meta property=\"og:title\" content=\"GRAVITY - Lotion marki HIPERTIN przeciwdzia\u0142aj\u0105cy wypadaniu i zag\u0119szczaj\u0105cy w\u0142osy 50ml - HIPERTIN - Profesjonalne produkty Fryzjerskie\" \/>\n<meta property=\"og:description\" content=\"NOWO\u015a\u0106 marki HIPERTIN!  GRAVITY LOTION\u00a0to innowacyjny produkt, kt\u00f3ry nie tylko zapobiega wypadaniu w\u0142os\u00f3w, ale r\u00f3wnie\u017c przyczynia si\u0119 do zwi\u0119kszenia g\u0119sto\u015bci w\u0142\u00f3kna w\u0142osa. Dzi\u0119ki starannemu doborowi sk\u0142adnik\u00f3w aktywnych o w\u0142a\u015bciwo\u015bciach ochronnych, stymuluj\u0105cych i tonizuj\u0105cych, formu\u0142a ta wzmacnia w\u0142osy, zapewniaj\u0105c im g\u0119stszy i pe\u0142niejszy wygl\u0105d.  Korzy\u015bci p\u0142yn\u0105ce z balsamu do w\u0142os\u00f3w\u00a0GRAVITY LOTION\u00a0s\u0105 szerokie: skutecznie pomaga kontrolowa\u0107 wypadanie w\u0142os\u00f3w, wzmacnia w\u0142\u00f3kno w\u0142osa i zapobiega niechcianemu wypadaniu w\u0142os\u00f3w. Unikalna formu\u0142a pobudza mikrokr\u0105\u017cenie w sk\u00f3rze g\u0142owy, poprawiaj\u0105c og\u00f3lny stan zdrowia w\u0142os\u00f3w i stymuluj\u0105c ich wzrost. Dzi\u0119ki kuracji do w\u0142os\u00f3w\u00a0GRAVITY LOTION\u00a0zauwa\u017cysz znaczne odzyskanie obj\u0119to\u015bci w\u0142os\u00f3w, uzyskuj\u0105c pe\u0142niejsze w\u0142osy o zdrowym wygl\u0105dzie. Sk\u0142adniki aktywne, takie jak Capilia Longa, pomagaj\u0105 zwi\u0119kszy\u0107 grubo\u015b\u0107 w\u0142\u00f3kna w\u0142osa, zapewniaj\u0105c mocniejsze i bardziej odporne w\u0142osy.  Kuracja przeciw wypadaniu w\u0142os\u00f3w\u00a0GRAVITY LOTION\u00a0zawiera w\u015br\u00f3d sk\u0142adnik\u00f3w aktywnych Capilia Longa, specyficzny sk\u0142adnik aktywny, kt\u00f3ry wspomaga wzrost w\u0142os\u00f3w. Ten aktywny sk\u0142adnik obecny w\u00a0GRAVITY LOTION\u00a0zapewnia w\u0142a\u015bciwo\u015bci tonizuj\u0105ce, kt\u00f3re pomagaj\u0105 w regeneracji w\u0142os\u00f3w, zmniejszaj\u0105 ich wypadanie i zwi\u0119kszaj\u0105 grubo\u015b\u0107 w\u0142\u00f3kna w\u0142osa.\u00a0Balsam do w\u0142os\u00f3w GRAVITY LOTION\u00a0zawiera r\u00f3wnie\u017c ekstrakt z tymianku, sk\u0142adnik, kt\u00f3ry stymuluje kr\u0105\u017cenie kapilarne i wzrost w\u0142os\u00f3w, wzmacniaj\u0105c w\u0142osy i zwalczaj\u0105c ich wypadanie. Ekstrakt z tymianku zapobiega r\u00f3wnie\u017c i kontroluje problemy, takie jak \u0142upie\u017c i nadmiar sebum.  Aby uzyska\u0107 najlepsze rezultaty z\u00a0GRAVITY LOTION,\u00a0zawsze nak\u0142adaj balsam do w\u0142os\u00f3w na noc. U\u017cyj pipety, aby na\u0142o\u017cy\u0107 produkt bezpo\u015brednio na sk\u00f3r\u0119 g\u0142owy. Rozprowad\u017a balsam do w\u0142os\u00f3w, wykonuj\u0105c lekki masa\u017c, aby zapewni\u0107 jego ca\u0142kowite wch\u0142oni\u0119cie.  Odkryj korzy\u015bci dla wzrostu w\u0142os\u00f3w dzi\u0119ki\u00a0GRAVITY LOTION,\u00a0naszej zaawansowanej kuracji do w\u0142os\u00f3w na wypadanie w\u0142os\u00f3w. Przywraca zdrowie w\u0142os\u00f3w, stymuluje wzrost i sprawia, \u017ce w\u0142osy staj\u0105 si\u0119 g\u0119stsze i bardziej obszerne. Odmie\u0144 swoj\u0105 rutyn\u0119 w\u0142os\u00f3w dzi\u0119ki\u00a0GRAVITY LOTION,\u00a0wyj\u0105tkowemu i skutecznemu balsamowi do w\u0142os\u00f3w!  Pojemno\u015b\u0107: 50ml\" \/>\n<meta property=\"og:url\" content=\"https:\/\/hipertin.pl\/index.php\/product\/gravity-lotion-marki-hipertin-przeciwdzialajacy-wypadaniu-i-zageszczajacy-wlosy-50ml\/\" \/>\n<meta property=\"og:site_name\" content=\"HIPERTIN - Profesjonalne produkty Fryzjerskie\" \/>\n<meta property=\"article:modified_time\" content=\"2026-04-10T10:59:14+00:00\" \/>\n<meta property=\"og:image\" content=\"http:\/\/hipertin.pl\/wp-content\/uploads\/2024\/03\/Gravity-Lotion-Hipertin-50-ml.png\" \/>\n\t<meta property=\"og:image:width\" content=\"500\" \/>\n\t<meta property=\"og:image:height\" content=\"500\" \/>\n\t<meta property=\"og:image:type\" content=\"image\/png\" \/>\n<meta name=\"twitter:card\" content=\"summary_large_image\" \/>\n<script type=\"application\/ld+json\" class=\"yoast-schema-graph\">{\"@context\":\"https:\\\/\\\/schema.org\",\"@graph\":[{\"@type\":\"WebPage\",\"@id\":\"https:\\\/\\\/hipertin.pl\\\/index.php\\\/product\\\/gravity-lotion-marki-hipertin-przeciwdzialajacy-wypadaniu-i-zageszczajacy-wlosy-50ml\\\/\",\"url\":\"https:\\\/\\\/hipertin.pl\\\/index.php\\\/product\\\/gravity-lotion-marki-hipertin-przeciwdzialajacy-wypadaniu-i-zageszczajacy-wlosy-50ml\\\/\",\"name\":\"GRAVITY - Lotion marki HIPERTIN przeciwdzia\u0142aj\u0105cy wypadaniu i zag\u0119szczaj\u0105cy w\u0142osy 50ml - HIPERTIN - Profesjonalne produkty Fryzjerskie\",\"isPartOf\":{\"@id\":\"https:\\\/\\\/hipertin.pl\\\/#website\"},\"primaryImageOfPage\":{\"@id\":\"https:\\\/\\\/hipertin.pl\\\/index.php\\\/product\\\/gravity-lotion-marki-hipertin-przeciwdzialajacy-wypadaniu-i-zageszczajacy-wlosy-50ml\\\/#primaryimage\"},\"image\":{\"@id\":\"https:\\\/\\\/hipertin.pl\\\/index.php\\\/product\\\/gravity-lotion-marki-hipertin-przeciwdzialajacy-wypadaniu-i-zageszczajacy-wlosy-50ml\\\/#primaryimage\"},\"thumbnailUrl\":\"https:\\\/\\\/hipertin.pl\\\/wp-content\\\/uploads\\\/2024\\\/03\\\/Gravity-Lotion-Hipertin-50-ml.png\",\"datePublished\":\"2024-03-12T10:26:02+00:00\",\"dateModified\":\"2026-04-10T10:59:14+00:00\",\"breadcrumb\":{\"@id\":\"https:\\\/\\\/hipertin.pl\\\/index.php\\\/product\\\/gravity-lotion-marki-hipertin-przeciwdzialajacy-wypadaniu-i-zageszczajacy-wlosy-50ml\\\/#breadcrumb\"},\"inLanguage\":\"pl-PL\",\"potentialAction\":[{\"@type\":\"ReadAction\",\"target\":[\"https:\\\/\\\/hipertin.pl\\\/index.php\\\/product\\\/gravity-lotion-marki-hipertin-przeciwdzialajacy-wypadaniu-i-zageszczajacy-wlosy-50ml\\\/\"]}]},{\"@type\":\"ImageObject\",\"inLanguage\":\"pl-PL\",\"@id\":\"https:\\\/\\\/hipertin.pl\\\/index.php\\\/product\\\/gravity-lotion-marki-hipertin-przeciwdzialajacy-wypadaniu-i-zageszczajacy-wlosy-50ml\\\/#primaryimage\",\"url\":\"https:\\\/\\\/hipertin.pl\\\/wp-content\\\/uploads\\\/2024\\\/03\\\/Gravity-Lotion-Hipertin-50-ml.png\",\"contentUrl\":\"https:\\\/\\\/hipertin.pl\\\/wp-content\\\/uploads\\\/2024\\\/03\\\/Gravity-Lotion-Hipertin-50-ml.png\",\"width\":500,\"height\":500},{\"@type\":\"BreadcrumbList\",\"@id\":\"https:\\\/\\\/hipertin.pl\\\/index.php\\\/product\\\/gravity-lotion-marki-hipertin-przeciwdzialajacy-wypadaniu-i-zageszczajacy-wlosy-50ml\\\/#breadcrumb\",\"itemListElement\":[{\"@type\":\"ListItem\",\"position\":1,\"name\":\"Strona g\u0142\u00f3wna\",\"item\":\"https:\\\/\\\/hipertin.pl\\\/\"},{\"@type\":\"ListItem\",\"position\":2,\"name\":\"Sklep\",\"item\":\"https:\\\/\\\/hipertin.pl\\\/index.php\\\/sklep\\\/\"},{\"@type\":\"ListItem\",\"position\":3,\"name\":\"GRAVITY &#8211; Lotion marki HIPERTIN przeciwdzia\u0142aj\u0105cy wypadaniu i zag\u0119szczaj\u0105cy w\u0142osy 50ml\"}]},{\"@type\":\"WebSite\",\"@id\":\"https:\\\/\\\/hipertin.pl\\\/#website\",\"url\":\"https:\\\/\\\/hipertin.pl\\\/\",\"name\":\"HIPERTIN - Profesjonalne produkty Fryzjerskie\",\"description\":\"\",\"potentialAction\":[{\"@type\":\"SearchAction\",\"target\":{\"@type\":\"EntryPoint\",\"urlTemplate\":\"https:\\\/\\\/hipertin.pl\\\/?s={search_term_string}\"},\"query-input\":{\"@type\":\"PropertyValueSpecification\",\"valueRequired\":true,\"valueName\":\"search_term_string\"}}],\"inLanguage\":\"pl-PL\"}]}<\/script>\n<!-- \/ Yoast SEO plugin. -->","yoast_head_json":{"title":"GRAVITY - Lotion marki HIPERTIN przeciwdzia\u0142aj\u0105cy wypadaniu i zag\u0119szczaj\u0105cy w\u0142osy 50ml - HIPERTIN - Profesjonalne produkty Fryzjerskie","robots":{"index":"index","follow":"follow","max-snippet":"max-snippet:-1","max-image-preview":"max-image-preview:large","max-video-preview":"max-video-preview:-1"},"canonical":"https:\/\/hipertin.pl\/index.php\/product\/gravity-lotion-marki-hipertin-przeciwdzialajacy-wypadaniu-i-zageszczajacy-wlosy-50ml\/","og_locale":"pl_PL","og_type":"article","og_title":"GRAVITY - Lotion marki HIPERTIN przeciwdzia\u0142aj\u0105cy wypadaniu i zag\u0119szczaj\u0105cy w\u0142osy 50ml - HIPERTIN - Profesjonalne produkty Fryzjerskie","og_description":"NOWO\u015a\u0106 marki HIPERTIN!  GRAVITY LOTION\u00a0to innowacyjny produkt, kt\u00f3ry nie tylko zapobiega wypadaniu w\u0142os\u00f3w, ale r\u00f3wnie\u017c przyczynia si\u0119 do zwi\u0119kszenia g\u0119sto\u015bci w\u0142\u00f3kna w\u0142osa. Dzi\u0119ki starannemu doborowi sk\u0142adnik\u00f3w aktywnych o w\u0142a\u015bciwo\u015bciach ochronnych, stymuluj\u0105cych i tonizuj\u0105cych, formu\u0142a ta wzmacnia w\u0142osy, zapewniaj\u0105c im g\u0119stszy i pe\u0142niejszy wygl\u0105d.  Korzy\u015bci p\u0142yn\u0105ce z balsamu do w\u0142os\u00f3w\u00a0GRAVITY LOTION\u00a0s\u0105 szerokie: skutecznie pomaga kontrolowa\u0107 wypadanie w\u0142os\u00f3w, wzmacnia w\u0142\u00f3kno w\u0142osa i zapobiega niechcianemu wypadaniu w\u0142os\u00f3w. Unikalna formu\u0142a pobudza mikrokr\u0105\u017cenie w sk\u00f3rze g\u0142owy, poprawiaj\u0105c og\u00f3lny stan zdrowia w\u0142os\u00f3w i stymuluj\u0105c ich wzrost. Dzi\u0119ki kuracji do w\u0142os\u00f3w\u00a0GRAVITY LOTION\u00a0zauwa\u017cysz znaczne odzyskanie obj\u0119to\u015bci w\u0142os\u00f3w, uzyskuj\u0105c pe\u0142niejsze w\u0142osy o zdrowym wygl\u0105dzie. Sk\u0142adniki aktywne, takie jak Capilia Longa, pomagaj\u0105 zwi\u0119kszy\u0107 grubo\u015b\u0107 w\u0142\u00f3kna w\u0142osa, zapewniaj\u0105c mocniejsze i bardziej odporne w\u0142osy.  Kuracja przeciw wypadaniu w\u0142os\u00f3w\u00a0GRAVITY LOTION\u00a0zawiera w\u015br\u00f3d sk\u0142adnik\u00f3w aktywnych Capilia Longa, specyficzny sk\u0142adnik aktywny, kt\u00f3ry wspomaga wzrost w\u0142os\u00f3w. Ten aktywny sk\u0142adnik obecny w\u00a0GRAVITY LOTION\u00a0zapewnia w\u0142a\u015bciwo\u015bci tonizuj\u0105ce, kt\u00f3re pomagaj\u0105 w regeneracji w\u0142os\u00f3w, zmniejszaj\u0105 ich wypadanie i zwi\u0119kszaj\u0105 grubo\u015b\u0107 w\u0142\u00f3kna w\u0142osa.\u00a0Balsam do w\u0142os\u00f3w GRAVITY LOTION\u00a0zawiera r\u00f3wnie\u017c ekstrakt z tymianku, sk\u0142adnik, kt\u00f3ry stymuluje kr\u0105\u017cenie kapilarne i wzrost w\u0142os\u00f3w, wzmacniaj\u0105c w\u0142osy i zwalczaj\u0105c ich wypadanie. Ekstrakt z tymianku zapobiega r\u00f3wnie\u017c i kontroluje problemy, takie jak \u0142upie\u017c i nadmiar sebum.  Aby uzyska\u0107 najlepsze rezultaty z\u00a0GRAVITY LOTION,\u00a0zawsze nak\u0142adaj balsam do w\u0142os\u00f3w na noc. U\u017cyj pipety, aby na\u0142o\u017cy\u0107 produkt bezpo\u015brednio na sk\u00f3r\u0119 g\u0142owy. Rozprowad\u017a balsam do w\u0142os\u00f3w, wykonuj\u0105c lekki masa\u017c, aby zapewni\u0107 jego ca\u0142kowite wch\u0142oni\u0119cie.  Odkryj korzy\u015bci dla wzrostu w\u0142os\u00f3w dzi\u0119ki\u00a0GRAVITY LOTION,\u00a0naszej zaawansowanej kuracji do w\u0142os\u00f3w na wypadanie w\u0142os\u00f3w. Przywraca zdrowie w\u0142os\u00f3w, stymuluje wzrost i sprawia, \u017ce w\u0142osy staj\u0105 si\u0119 g\u0119stsze i bardziej obszerne. Odmie\u0144 swoj\u0105 rutyn\u0119 w\u0142os\u00f3w dzi\u0119ki\u00a0GRAVITY LOTION,\u00a0wyj\u0105tkowemu i skutecznemu balsamowi do w\u0142os\u00f3w!  Pojemno\u015b\u0107: 50ml","og_url":"https:\/\/hipertin.pl\/index.php\/product\/gravity-lotion-marki-hipertin-przeciwdzialajacy-wypadaniu-i-zageszczajacy-wlosy-50ml\/","og_site_name":"HIPERTIN - Profesjonalne produkty Fryzjerskie","article_modified_time":"2026-04-10T10:59:14+00:00","og_image":[{"width":500,"height":500,"url":"http:\/\/hipertin.pl\/wp-content\/uploads\/2024\/03\/Gravity-Lotion-Hipertin-50-ml.png","type":"image\/png"}],"twitter_card":"summary_large_image","schema":{"@context":"https:\/\/schema.org","@graph":[{"@type":"WebPage","@id":"https:\/\/hipertin.pl\/index.php\/product\/gravity-lotion-marki-hipertin-przeciwdzialajacy-wypadaniu-i-zageszczajacy-wlosy-50ml\/","url":"https:\/\/hipertin.pl\/index.php\/product\/gravity-lotion-marki-hipertin-przeciwdzialajacy-wypadaniu-i-zageszczajacy-wlosy-50ml\/","name":"GRAVITY - Lotion marki HIPERTIN przeciwdzia\u0142aj\u0105cy wypadaniu i zag\u0119szczaj\u0105cy w\u0142osy 50ml - HIPERTIN - Profesjonalne produkty Fryzjerskie","isPartOf":{"@id":"https:\/\/hipertin.pl\/#website"},"primaryImageOfPage":{"@id":"https:\/\/hipertin.pl\/index.php\/product\/gravity-lotion-marki-hipertin-przeciwdzialajacy-wypadaniu-i-zageszczajacy-wlosy-50ml\/#primaryimage"},"image":{"@id":"https:\/\/hipertin.pl\/index.php\/product\/gravity-lotion-marki-hipertin-przeciwdzialajacy-wypadaniu-i-zageszczajacy-wlosy-50ml\/#primaryimage"},"thumbnailUrl":"https:\/\/hipertin.pl\/wp-content\/uploads\/2024\/03\/Gravity-Lotion-Hipertin-50-ml.png","datePublished":"2024-03-12T10:26:02+00:00","dateModified":"2026-04-10T10:59:14+00:00","breadcrumb":{"@id":"https:\/\/hipertin.pl\/index.php\/product\/gravity-lotion-marki-hipertin-przeciwdzialajacy-wypadaniu-i-zageszczajacy-wlosy-50ml\/#breadcrumb"},"inLanguage":"pl-PL","potentialAction":[{"@type":"ReadAction","target":["https:\/\/hipertin.pl\/index.php\/product\/gravity-lotion-marki-hipertin-przeciwdzialajacy-wypadaniu-i-zageszczajacy-wlosy-50ml\/"]}]},{"@type":"ImageObject","inLanguage":"pl-PL","@id":"https:\/\/hipertin.pl\/index.php\/product\/gravity-lotion-marki-hipertin-przeciwdzialajacy-wypadaniu-i-zageszczajacy-wlosy-50ml\/#primaryimage","url":"https:\/\/hipertin.pl\/wp-content\/uploads\/2024\/03\/Gravity-Lotion-Hipertin-50-ml.png","contentUrl":"https:\/\/hipertin.pl\/wp-content\/uploads\/2024\/03\/Gravity-Lotion-Hipertin-50-ml.png","width":500,"height":500},{"@type":"BreadcrumbList","@id":"https:\/\/hipertin.pl\/index.php\/product\/gravity-lotion-marki-hipertin-przeciwdzialajacy-wypadaniu-i-zageszczajacy-wlosy-50ml\/#breadcrumb","itemListElement":[{"@type":"ListItem","position":1,"name":"Strona g\u0142\u00f3wna","item":"https:\/\/hipertin.pl\/"},{"@type":"ListItem","position":2,"name":"Sklep","item":"https:\/\/hipertin.pl\/index.php\/sklep\/"},{"@type":"ListItem","position":3,"name":"GRAVITY &#8211; Lotion marki HIPERTIN przeciwdzia\u0142aj\u0105cy wypadaniu i zag\u0119szczaj\u0105cy w\u0142osy 50ml"}]},{"@type":"WebSite","@id":"https:\/\/hipertin.pl\/#website","url":"https:\/\/hipertin.pl\/","name":"HIPERTIN - Profesjonalne produkty Fryzjerskie","description":"","potentialAction":[{"@type":"SearchAction","target":{"@type":"EntryPoint","urlTemplate":"https:\/\/hipertin.pl\/?s={search_term_string}"},"query-input":{"@type":"PropertyValueSpecification","valueRequired":true,"valueName":"search_term_string"}}],"inLanguage":"pl-PL"}]}},"brands":[{"id":133,"name":"Hipertin","slug":"hipertin"}],"_links":{"self":[{"href":"https:\/\/hipertin.pl\/index.php\/wp-json\/wp\/v2\/product\/4856","targetHints":{"allow":["GET"]}}],"collection":[{"href":"https:\/\/hipertin.pl\/index.php\/wp-json\/wp\/v2\/product"}],"about":[{"href":"https:\/\/hipertin.pl\/index.php\/wp-json\/wp\/v2\/types\/product"}],"replies":[{"embeddable":true,"href":"https:\/\/hipertin.pl\/index.php\/wp-json\/wp\/v2\/comments?post=4856"}],"wp:featuredmedia":[{"embeddable":true,"href":"https:\/\/hipertin.pl\/index.php\/wp-json\/wp\/v2\/media\/4858"}],"wp:attachment":[{"href":"https:\/\/hipertin.pl\/index.php\/wp-json\/wp\/v2\/media?parent=4856"}],"wp:term":[{"taxonomy":"pwb-brand","embeddable":true,"href":"https:\/\/hipertin.pl\/index.php\/wp-json\/wp\/v2\/pwb-brand?post=4856"},{"taxonomy":"product_brand","embeddable":true,"href":"https:\/\/hipertin.pl\/index.php\/wp-json\/wp\/v2\/product_brand?post=4856"},{"taxonomy":"product_cat","embeddable":true,"href":"https:\/\/hipertin.pl\/index.php\/wp-json\/wp\/v2\/product_cat?post=4856"},{"taxonomy":"product_tag","embeddable":true,"href":"https:\/\/hipertin.pl\/index.php\/wp-json\/wp\/v2\/product_tag?post=4856"}],"curies":[{"name":"wp","href":"https:\/\/api.w.org\/{rel}","templated":true}]}}