{"id":4766,"date":"2023-12-21T10:00:22","date_gmt":"2023-12-21T10:00:22","guid":{"rendered":"https:\/\/hipertin.pl\/?post_type=product&#038;p=4766"},"modified":"2026-04-10T10:59:34","modified_gmt":"2026-04-10T10:59:34","slug":"szampon-nawilzajacy-i-regenerujacy-hipertin-earth-shampoo-300-ml","status":"publish","type":"product","link":"https:\/\/hipertin.pl\/index.php\/product\/szampon-nawilzajacy-i-regenerujacy-hipertin-earth-shampoo-300-ml\/","title":{"rendered":"Szampon nawil\u017caj\u0105cy i regeneruj\u0105cy &#8211; Hipertin EARTH SHAMPOO 300 ml"},"content":{"rendered":"<p><strong>NOWO\u015a\u0106<\/strong> marki HIPERTIN!<\/p>\n<p style=\"font-weight: 400;\">Innowacyjna linia produkt\u00f3w do w\u0142os\u00f3w, inspirowana 4 \u017cywio\u0142ami natury. Produkty starannie skomponowane, z naturalnych i zr\u00f3wnowa\u017conych sk\u0142adnik\u00f3w, \u0142\u0105cz\u0105 m\u0105dro\u015b\u0107 natury z nauk\u0105 o w\u0142osach, oferuj\u0105c skuteczne i harmonijne rozwi\u0105zania w zakresie piel\u0119gnacji w\u0142os\u00f3w.<\/p>\n<p><strong>SZAMPON EARTH<\/strong> to 89% sk\u0142adnik\u00f3w naturalnych!<\/p>\n<p>Regeneruj\u0105cy i nawil\u017caj\u0105cy szampon szczeg\u00f3lnie polecany do w\u0142os\u00f3w suchych, \u0142amliwych i zniszczonych. Jego formu\u0142a przyczynia si\u0119 do naprawy w\u0142\u00f3kna w\u0142osa i pomaga zwi\u0119kszy\u0107 zatrzymywanie wilgoci i wilgotno\u015b\u0107. Zawiera kwas hialuronowy, oleje ro\u015blinne, betain\u0119, oligonen i mieszank\u0119 olej\u00f3w ro\u015blinnych, kt\u00f3re pomagaj\u0105 stworzy\u0107 natychmiastowy efekt naprawczy, przyczyniaj\u0105c si\u0119 do naturalnego przywr\u00f3cenia r\u00f3wnowagi w\u0142os\u00f3w, pomagaj\u0105c zmniejszy\u0107 puszenie si\u0119 oraz zwi\u0119kszy\u0107 po\u0142ysk i mi\u0119kko\u015b\u0107.<\/p>\n<p><b>Spos\u00f3b u\u017cycia:<\/b>\u00a0Na\u0142o\u017cy\u0107 produkt na mokre w\u0142osy i masowa\u0107 do uzyskania piany, sp\u0142uka\u0107 w\u0142osy. Powt\u00f3rzy\u0107 proces i sp\u0142uka\u0107 w\u0142osy, a\u017c szampon zostanie ca\u0142kowicie usuni\u0119ty.<\/p>\n<p><a href=\"http:\/\/hipertin.pl\/wp-content\/uploads\/2023\/12\/Szampon-EARTH.pdf\"><strong>ULOTKA PRODUKTU &#8211; SK\u0141AD i FORMU\u0141A<\/strong><\/a><\/p>\n<p><strong>Pojemno\u015b\u0107:<\/strong> 300ml<\/p>\n","protected":false},"excerpt":{"rendered":"<p><strong>NOWO\u015a\u0106<\/strong> marki HIPERTIN!<\/p>\n<p style=\"font-weight: 400;\">Innowacyjna linia produkt\u00f3w do w\u0142os\u00f3w, inspirowana 4 \u017cywio\u0142ami natury. Produkty starannie skomponowane, z naturalnych i zr\u00f3wnowa\u017conych sk\u0142adnik\u00f3w, \u0142\u0105cz\u0105 m\u0105dro\u015b\u0107 natury z nauk\u0105 o w\u0142osach, oferuj\u0105c skuteczne i harmonijne rozwi\u0105zania w zakresie piel\u0119gnacji w\u0142os\u00f3w.<\/p>\n<p><strong>SZAMPON EARTH<\/strong> to 89% sk\u0142adnik\u00f3w naturalnych!<\/p>\n<p>Regeneruj\u0105cy i nawil\u017caj\u0105cy szampon szczeg\u00f3lnie polecany do w\u0142os\u00f3w suchych, \u0142amliwych i zniszczonych. Jego formu\u0142a przyczynia si\u0119 do naprawy w\u0142\u00f3kna w\u0142osa i pomaga zwi\u0119kszy\u0107 zatrzymywanie wilgoci i wilgotno\u015b\u0107. Zawiera kwas hialuronowy, oleje ro\u015blinne, betain\u0119, oligonen i mieszank\u0119 olej\u00f3w ro\u015blinnych, kt\u00f3re pomagaj\u0105 stworzy\u0107 natychmiastowy efekt naprawczy, przyczyniaj\u0105c si\u0119 do naturalnego przywr\u00f3cenia r\u00f3wnowagi w\u0142os\u00f3w, pomagaj\u0105c zmniejszy\u0107 puszenie si\u0119 oraz zwi\u0119kszy\u0107 po\u0142ysk i mi\u0119kko\u015b\u0107.<\/p>\n<p><b>Spos\u00f3b u\u017cycia:<\/b>\u00a0Na\u0142o\u017cy\u0107 produkt na mokre w\u0142osy i masowa\u0107 do uzyskania piany, sp\u0142uka\u0107 w\u0142osy. Powt\u00f3rzy\u0107 proces i sp\u0142uka\u0107 w\u0142osy, a\u017c szampon zostanie ca\u0142kowicie usuni\u0119ty.<\/p>\n<p><a href=\"http:\/\/hipertin.pl\/wp-content\/uploads\/2023\/12\/Szampon-EARTH.pdf\"><strong>ULOTKA PRODUKTU &#8211; SK\u0141AD i FORMU\u0141A<\/strong><\/a><\/p>\n<p><strong>Pojemno\u015b\u0107:<\/strong> 300ml<\/p>\n","protected":false},"featured_media":4769,"comment_status":"open","ping_status":"closed","template":"","meta":[],"pwb-brand":[133],"product_brand":[],"product_cat":[15],"product_tag":[250,246,249,245],"class_list":{"0":"post-4766","1":"product","2":"type-product","3":"status-publish","4":"has-post-thumbnail","6":"pwb-brand-hipertin","7":"product_cat-szampony-do-wlosow","8":"product_tag-earth","9":"product_tag-hipertin","10":"product_tag-maska","11":"product_tag-odzywka","13":"first","14":"instock","15":"shipping-taxable","16":"purchasable","17":"product-type-simple"},"yoast_head":"<!-- This site is optimized with the Yoast SEO plugin v27.3 - https:\/\/yoast.com\/product\/yoast-seo-wordpress\/ -->\n<title>Szampon nawil\u017caj\u0105cy i regeneruj\u0105cy - Hipertin EARTH SHAMPOO 300 ml - HIPERTIN - Profesjonalne produkty Fryzjerskie<\/title>\n<meta name=\"robots\" content=\"index, follow, max-snippet:-1, max-image-preview:large, max-video-preview:-1\" \/>\n<link rel=\"canonical\" href=\"https:\/\/hipertin.pl\/index.php\/product\/szampon-nawilzajacy-i-regenerujacy-hipertin-earth-shampoo-300-ml\/\" \/>\n<meta property=\"og:locale\" content=\"pl_PL\" \/>\n<meta property=\"og:type\" content=\"article\" \/>\n<meta property=\"og:title\" content=\"Szampon nawil\u017caj\u0105cy i regeneruj\u0105cy - Hipertin EARTH SHAMPOO 300 ml - HIPERTIN - Profesjonalne produkty Fryzjerskie\" \/>\n<meta property=\"og:description\" content=\"NOWO\u015a\u0106 marki HIPERTIN! Innowacyjna linia produkt\u00f3w do w\u0142os\u00f3w, inspirowana 4 \u017cywio\u0142ami natury. Produkty starannie skomponowane, z naturalnych i zr\u00f3wnowa\u017conych sk\u0142adnik\u00f3w, \u0142\u0105cz\u0105 m\u0105dro\u015b\u0107 natury z nauk\u0105 o w\u0142osach, oferuj\u0105c skuteczne i harmonijne rozwi\u0105zania w zakresie piel\u0119gnacji w\u0142os\u00f3w. SZAMPON EARTH to 89% sk\u0142adnik\u00f3w naturalnych!  Regeneruj\u0105cy i nawil\u017caj\u0105cy szampon szczeg\u00f3lnie polecany do w\u0142os\u00f3w suchych, \u0142amliwych i zniszczonych. Jego formu\u0142a przyczynia si\u0119 do naprawy w\u0142\u00f3kna w\u0142osa i pomaga zwi\u0119kszy\u0107 zatrzymywanie wilgoci i wilgotno\u015b\u0107. Zawiera kwas hialuronowy, oleje ro\u015blinne, betain\u0119, oligonen i mieszank\u0119 olej\u00f3w ro\u015blinnych, kt\u00f3re pomagaj\u0105 stworzy\u0107 natychmiastowy efekt naprawczy, przyczyniaj\u0105c si\u0119 do naturalnego przywr\u00f3cenia r\u00f3wnowagi w\u0142os\u00f3w, pomagaj\u0105c zmniejszy\u0107 puszenie si\u0119 oraz zwi\u0119kszy\u0107 po\u0142ysk i mi\u0119kko\u015b\u0107.  Spos\u00f3b u\u017cycia:\u00a0Na\u0142o\u017cy\u0107 produkt na mokre w\u0142osy i masowa\u0107 do uzyskania piany, sp\u0142uka\u0107 w\u0142osy. Powt\u00f3rzy\u0107 proces i sp\u0142uka\u0107 w\u0142osy, a\u017c szampon zostanie ca\u0142kowicie usuni\u0119ty.  ULOTKA PRODUKTU - SK\u0141AD i FORMU\u0141A  Pojemno\u015b\u0107: 300ml\" \/>\n<meta property=\"og:url\" content=\"https:\/\/hipertin.pl\/index.php\/product\/szampon-nawilzajacy-i-regenerujacy-hipertin-earth-shampoo-300-ml\/\" \/>\n<meta property=\"og:site_name\" content=\"HIPERTIN - Profesjonalne produkty Fryzjerskie\" \/>\n<meta property=\"article:modified_time\" content=\"2026-04-10T10:59:34+00:00\" \/>\n<meta property=\"og:image\" content=\"http:\/\/hipertin.pl\/wp-content\/uploads\/2023\/12\/Szampon-nawilzajacy-i-regenerujacy-Hipertin-EARTH-SHAMPOO-300-ml.png\" \/>\n\t<meta property=\"og:image:width\" content=\"500\" \/>\n\t<meta property=\"og:image:height\" content=\"500\" \/>\n\t<meta property=\"og:image:type\" content=\"image\/png\" \/>\n<meta name=\"twitter:card\" content=\"summary_large_image\" \/>\n<meta name=\"twitter:label1\" content=\"Szacowany czas czytania\" \/>\n\t<meta name=\"twitter:data1\" content=\"1 minuta\" \/>\n<script type=\"application\/ld+json\" class=\"yoast-schema-graph\">{\"@context\":\"https:\\\/\\\/schema.org\",\"@graph\":[{\"@type\":\"WebPage\",\"@id\":\"https:\\\/\\\/hipertin.pl\\\/index.php\\\/product\\\/szampon-nawilzajacy-i-regenerujacy-hipertin-earth-shampoo-300-ml\\\/\",\"url\":\"https:\\\/\\\/hipertin.pl\\\/index.php\\\/product\\\/szampon-nawilzajacy-i-regenerujacy-hipertin-earth-shampoo-300-ml\\\/\",\"name\":\"Szampon nawil\u017caj\u0105cy i regeneruj\u0105cy - Hipertin EARTH SHAMPOO 300 ml - HIPERTIN - Profesjonalne produkty Fryzjerskie\",\"isPartOf\":{\"@id\":\"https:\\\/\\\/hipertin.pl\\\/#website\"},\"primaryImageOfPage\":{\"@id\":\"https:\\\/\\\/hipertin.pl\\\/index.php\\\/product\\\/szampon-nawilzajacy-i-regenerujacy-hipertin-earth-shampoo-300-ml\\\/#primaryimage\"},\"image\":{\"@id\":\"https:\\\/\\\/hipertin.pl\\\/index.php\\\/product\\\/szampon-nawilzajacy-i-regenerujacy-hipertin-earth-shampoo-300-ml\\\/#primaryimage\"},\"thumbnailUrl\":\"https:\\\/\\\/hipertin.pl\\\/wp-content\\\/uploads\\\/2023\\\/12\\\/Szampon-nawilzajacy-i-regenerujacy-Hipertin-EARTH-SHAMPOO-300-ml.png\",\"datePublished\":\"2023-12-21T10:00:22+00:00\",\"dateModified\":\"2026-04-10T10:59:34+00:00\",\"breadcrumb\":{\"@id\":\"https:\\\/\\\/hipertin.pl\\\/index.php\\\/product\\\/szampon-nawilzajacy-i-regenerujacy-hipertin-earth-shampoo-300-ml\\\/#breadcrumb\"},\"inLanguage\":\"pl-PL\",\"potentialAction\":[{\"@type\":\"ReadAction\",\"target\":[\"https:\\\/\\\/hipertin.pl\\\/index.php\\\/product\\\/szampon-nawilzajacy-i-regenerujacy-hipertin-earth-shampoo-300-ml\\\/\"]}]},{\"@type\":\"ImageObject\",\"inLanguage\":\"pl-PL\",\"@id\":\"https:\\\/\\\/hipertin.pl\\\/index.php\\\/product\\\/szampon-nawilzajacy-i-regenerujacy-hipertin-earth-shampoo-300-ml\\\/#primaryimage\",\"url\":\"https:\\\/\\\/hipertin.pl\\\/wp-content\\\/uploads\\\/2023\\\/12\\\/Szampon-nawilzajacy-i-regenerujacy-Hipertin-EARTH-SHAMPOO-300-ml.png\",\"contentUrl\":\"https:\\\/\\\/hipertin.pl\\\/wp-content\\\/uploads\\\/2023\\\/12\\\/Szampon-nawilzajacy-i-regenerujacy-Hipertin-EARTH-SHAMPOO-300-ml.png\",\"width\":500,\"height\":500},{\"@type\":\"BreadcrumbList\",\"@id\":\"https:\\\/\\\/hipertin.pl\\\/index.php\\\/product\\\/szampon-nawilzajacy-i-regenerujacy-hipertin-earth-shampoo-300-ml\\\/#breadcrumb\",\"itemListElement\":[{\"@type\":\"ListItem\",\"position\":1,\"name\":\"Strona g\u0142\u00f3wna\",\"item\":\"https:\\\/\\\/hipertin.pl\\\/\"},{\"@type\":\"ListItem\",\"position\":2,\"name\":\"Sklep\",\"item\":\"https:\\\/\\\/hipertin.pl\\\/index.php\\\/sklep\\\/\"},{\"@type\":\"ListItem\",\"position\":3,\"name\":\"Szampon nawil\u017caj\u0105cy i regeneruj\u0105cy &#8211; Hipertin EARTH SHAMPOO 300 ml\"}]},{\"@type\":\"WebSite\",\"@id\":\"https:\\\/\\\/hipertin.pl\\\/#website\",\"url\":\"https:\\\/\\\/hipertin.pl\\\/\",\"name\":\"HIPERTIN - Profesjonalne produkty Fryzjerskie\",\"description\":\"\",\"potentialAction\":[{\"@type\":\"SearchAction\",\"target\":{\"@type\":\"EntryPoint\",\"urlTemplate\":\"https:\\\/\\\/hipertin.pl\\\/?s={search_term_string}\"},\"query-input\":{\"@type\":\"PropertyValueSpecification\",\"valueRequired\":true,\"valueName\":\"search_term_string\"}}],\"inLanguage\":\"pl-PL\"}]}<\/script>\n<!-- \/ Yoast SEO plugin. -->","yoast_head_json":{"title":"Szampon nawil\u017caj\u0105cy i regeneruj\u0105cy - Hipertin EARTH SHAMPOO 300 ml - HIPERTIN - Profesjonalne produkty Fryzjerskie","robots":{"index":"index","follow":"follow","max-snippet":"max-snippet:-1","max-image-preview":"max-image-preview:large","max-video-preview":"max-video-preview:-1"},"canonical":"https:\/\/hipertin.pl\/index.php\/product\/szampon-nawilzajacy-i-regenerujacy-hipertin-earth-shampoo-300-ml\/","og_locale":"pl_PL","og_type":"article","og_title":"Szampon nawil\u017caj\u0105cy i regeneruj\u0105cy - Hipertin EARTH SHAMPOO 300 ml - HIPERTIN - Profesjonalne produkty Fryzjerskie","og_description":"NOWO\u015a\u0106 marki HIPERTIN! Innowacyjna linia produkt\u00f3w do w\u0142os\u00f3w, inspirowana 4 \u017cywio\u0142ami natury. Produkty starannie skomponowane, z naturalnych i zr\u00f3wnowa\u017conych sk\u0142adnik\u00f3w, \u0142\u0105cz\u0105 m\u0105dro\u015b\u0107 natury z nauk\u0105 o w\u0142osach, oferuj\u0105c skuteczne i harmonijne rozwi\u0105zania w zakresie piel\u0119gnacji w\u0142os\u00f3w. SZAMPON EARTH to 89% sk\u0142adnik\u00f3w naturalnych!  Regeneruj\u0105cy i nawil\u017caj\u0105cy szampon szczeg\u00f3lnie polecany do w\u0142os\u00f3w suchych, \u0142amliwych i zniszczonych. Jego formu\u0142a przyczynia si\u0119 do naprawy w\u0142\u00f3kna w\u0142osa i pomaga zwi\u0119kszy\u0107 zatrzymywanie wilgoci i wilgotno\u015b\u0107. Zawiera kwas hialuronowy, oleje ro\u015blinne, betain\u0119, oligonen i mieszank\u0119 olej\u00f3w ro\u015blinnych, kt\u00f3re pomagaj\u0105 stworzy\u0107 natychmiastowy efekt naprawczy, przyczyniaj\u0105c si\u0119 do naturalnego przywr\u00f3cenia r\u00f3wnowagi w\u0142os\u00f3w, pomagaj\u0105c zmniejszy\u0107 puszenie si\u0119 oraz zwi\u0119kszy\u0107 po\u0142ysk i mi\u0119kko\u015b\u0107.  Spos\u00f3b u\u017cycia:\u00a0Na\u0142o\u017cy\u0107 produkt na mokre w\u0142osy i masowa\u0107 do uzyskania piany, sp\u0142uka\u0107 w\u0142osy. Powt\u00f3rzy\u0107 proces i sp\u0142uka\u0107 w\u0142osy, a\u017c szampon zostanie ca\u0142kowicie usuni\u0119ty.  ULOTKA PRODUKTU - SK\u0141AD i FORMU\u0141A  Pojemno\u015b\u0107: 300ml","og_url":"https:\/\/hipertin.pl\/index.php\/product\/szampon-nawilzajacy-i-regenerujacy-hipertin-earth-shampoo-300-ml\/","og_site_name":"HIPERTIN - Profesjonalne produkty Fryzjerskie","article_modified_time":"2026-04-10T10:59:34+00:00","og_image":[{"width":500,"height":500,"url":"http:\/\/hipertin.pl\/wp-content\/uploads\/2023\/12\/Szampon-nawilzajacy-i-regenerujacy-Hipertin-EARTH-SHAMPOO-300-ml.png","type":"image\/png"}],"twitter_card":"summary_large_image","twitter_misc":{"Szacowany czas czytania":"1 minuta"},"schema":{"@context":"https:\/\/schema.org","@graph":[{"@type":"WebPage","@id":"https:\/\/hipertin.pl\/index.php\/product\/szampon-nawilzajacy-i-regenerujacy-hipertin-earth-shampoo-300-ml\/","url":"https:\/\/hipertin.pl\/index.php\/product\/szampon-nawilzajacy-i-regenerujacy-hipertin-earth-shampoo-300-ml\/","name":"Szampon nawil\u017caj\u0105cy i regeneruj\u0105cy - Hipertin EARTH SHAMPOO 300 ml - HIPERTIN - Profesjonalne produkty Fryzjerskie","isPartOf":{"@id":"https:\/\/hipertin.pl\/#website"},"primaryImageOfPage":{"@id":"https:\/\/hipertin.pl\/index.php\/product\/szampon-nawilzajacy-i-regenerujacy-hipertin-earth-shampoo-300-ml\/#primaryimage"},"image":{"@id":"https:\/\/hipertin.pl\/index.php\/product\/szampon-nawilzajacy-i-regenerujacy-hipertin-earth-shampoo-300-ml\/#primaryimage"},"thumbnailUrl":"https:\/\/hipertin.pl\/wp-content\/uploads\/2023\/12\/Szampon-nawilzajacy-i-regenerujacy-Hipertin-EARTH-SHAMPOO-300-ml.png","datePublished":"2023-12-21T10:00:22+00:00","dateModified":"2026-04-10T10:59:34+00:00","breadcrumb":{"@id":"https:\/\/hipertin.pl\/index.php\/product\/szampon-nawilzajacy-i-regenerujacy-hipertin-earth-shampoo-300-ml\/#breadcrumb"},"inLanguage":"pl-PL","potentialAction":[{"@type":"ReadAction","target":["https:\/\/hipertin.pl\/index.php\/product\/szampon-nawilzajacy-i-regenerujacy-hipertin-earth-shampoo-300-ml\/"]}]},{"@type":"ImageObject","inLanguage":"pl-PL","@id":"https:\/\/hipertin.pl\/index.php\/product\/szampon-nawilzajacy-i-regenerujacy-hipertin-earth-shampoo-300-ml\/#primaryimage","url":"https:\/\/hipertin.pl\/wp-content\/uploads\/2023\/12\/Szampon-nawilzajacy-i-regenerujacy-Hipertin-EARTH-SHAMPOO-300-ml.png","contentUrl":"https:\/\/hipertin.pl\/wp-content\/uploads\/2023\/12\/Szampon-nawilzajacy-i-regenerujacy-Hipertin-EARTH-SHAMPOO-300-ml.png","width":500,"height":500},{"@type":"BreadcrumbList","@id":"https:\/\/hipertin.pl\/index.php\/product\/szampon-nawilzajacy-i-regenerujacy-hipertin-earth-shampoo-300-ml\/#breadcrumb","itemListElement":[{"@type":"ListItem","position":1,"name":"Strona g\u0142\u00f3wna","item":"https:\/\/hipertin.pl\/"},{"@type":"ListItem","position":2,"name":"Sklep","item":"https:\/\/hipertin.pl\/index.php\/sklep\/"},{"@type":"ListItem","position":3,"name":"Szampon nawil\u017caj\u0105cy i regeneruj\u0105cy &#8211; Hipertin EARTH SHAMPOO 300 ml"}]},{"@type":"WebSite","@id":"https:\/\/hipertin.pl\/#website","url":"https:\/\/hipertin.pl\/","name":"HIPERTIN - Profesjonalne produkty Fryzjerskie","description":"","potentialAction":[{"@type":"SearchAction","target":{"@type":"EntryPoint","urlTemplate":"https:\/\/hipertin.pl\/?s={search_term_string}"},"query-input":{"@type":"PropertyValueSpecification","valueRequired":true,"valueName":"search_term_string"}}],"inLanguage":"pl-PL"}]}},"brands":[{"id":133,"name":"Hipertin","slug":"hipertin"}],"_links":{"self":[{"href":"https:\/\/hipertin.pl\/index.php\/wp-json\/wp\/v2\/product\/4766","targetHints":{"allow":["GET"]}}],"collection":[{"href":"https:\/\/hipertin.pl\/index.php\/wp-json\/wp\/v2\/product"}],"about":[{"href":"https:\/\/hipertin.pl\/index.php\/wp-json\/wp\/v2\/types\/product"}],"replies":[{"embeddable":true,"href":"https:\/\/hipertin.pl\/index.php\/wp-json\/wp\/v2\/comments?post=4766"}],"wp:featuredmedia":[{"embeddable":true,"href":"https:\/\/hipertin.pl\/index.php\/wp-json\/wp\/v2\/media\/4769"}],"wp:attachment":[{"href":"https:\/\/hipertin.pl\/index.php\/wp-json\/wp\/v2\/media?parent=4766"}],"wp:term":[{"taxonomy":"pwb-brand","embeddable":true,"href":"https:\/\/hipertin.pl\/index.php\/wp-json\/wp\/v2\/pwb-brand?post=4766"},{"taxonomy":"product_brand","embeddable":true,"href":"https:\/\/hipertin.pl\/index.php\/wp-json\/wp\/v2\/product_brand?post=4766"},{"taxonomy":"product_cat","embeddable":true,"href":"https:\/\/hipertin.pl\/index.php\/wp-json\/wp\/v2\/product_cat?post=4766"},{"taxonomy":"product_tag","embeddable":true,"href":"https:\/\/hipertin.pl\/index.php\/wp-json\/wp\/v2\/product_tag?post=4766"}],"curies":[{"name":"wp","href":"https:\/\/api.w.org\/{rel}","templated":true}]}}