{"id":4662,"date":"2023-09-27T10:49:29","date_gmt":"2023-09-27T10:49:29","guid":{"rendered":"https:\/\/hipertin.pl\/?post_type=product&#038;p=4662"},"modified":"2026-04-10T11:01:12","modified_gmt":"2026-04-10T11:01:12","slug":"maska-naprawa-i-nawilzenie-hipertin-earth-mask-300-ml","status":"publish","type":"product","link":"https:\/\/hipertin.pl\/index.php\/product\/maska-naprawa-i-nawilzenie-hipertin-earth-mask-300-ml\/","title":{"rendered":"Maska naprawa i nawil\u017cenie &#8211; Hipertin EARTH MASK 300 ml"},"content":{"rendered":"<p><strong>NOWO\u015a\u0106<\/strong> marki HIPERTIN!<\/p>\n<p style=\"font-weight: 400;\">Innowacyjna linia produkt\u00f3w do w\u0142os\u00f3w, inspirowana 4 \u017cywio\u0142ami natury. Produkty starannie skomponowane, z naturalnych i zr\u00f3wnowa\u017conych sk\u0142adnik\u00f3w, \u0142\u0105cz\u0105 m\u0105dro\u015b\u0107 natury z nauk\u0105 o w\u0142osach, oferuj\u0105c skuteczne i harmonijne rozwi\u0105zania w zakresie piel\u0119gnacji w\u0142os\u00f3w.<\/p>\n<p><strong>EARTH MASK<\/strong> 90% sk\u0142adnik\u00f3w naturalnych &#8211; Naprawcza i intensywnie nawil\u017caj\u0105ca maska, kt\u00f3ra pomaga przywr\u00f3ci\u0107 w\u0142osom naturaln\u0105 r\u00f3wnowag\u0119. Jej formu\u0142a stworzona jest z naturalnych aktywnych sk\u0142adnik\u00f3w, takich jak betaina, kwas hialuronowy, jojoba, olej abisy\u0144ski czy ekstrakt z pszenic. Pomaga wzmocni\u0107 w\u0142osy chroni\u0105c je przed uszkodzeniami zewn\u0119trznymi. Produkt przyczynia si\u0119 tak\u017ce do\u00a0 zatrzymywania wody wewn\u0105trz w\u0142\u00f3kna w\u0142osa, zapewniaj\u0105c im mi\u0119kko\u015b\u0107 i elastyczno\u015b\u0107. Pomaga zmniejszy\u0107 puszenie si\u0119 w\u0142os\u00f3w od\u017cywiaj\u0105c je, pozostawiaj\u0105c jedwabiste, aksamitne i l\u015bni\u0105ce wyko\u0144czenie.<\/p>\n<p>Spos\u00f3b u\u017cycia: Umy\u0107 w\u0142osy. Na\u0142o\u017cy\u0107 na wilgotne w\u0142osy. Pozostawi\u0107 na kilka minut (przed\u0142u\u017cy\u0107 czas dzia\u0142ania przy bardzo zniszczonych w\u0142osach). Sp\u0142uka\u0107 du\u017c\u0105 ilo\u015bci\u0105 wody.<\/p>\n<p>Sk\u0142adniki:<\/p>\n<p><strong>KWAS HIALURONOWY &#8211; <\/strong>Wysoce nawil\u017caj\u0105cy efekt dla w\u0142os\u00f3w<\/p>\n<p><strong>OLIGOGELINA &#8211; <\/strong>Morski sk\u0142adnik aktywny o dzia\u0142aniu remineralizuj\u0105cym i nawil\u017caj\u0105cym w\u0142osy<\/p>\n<p><strong>EKSTRAKT Z JOJOBY &#8211; <\/strong>Zapewnia nawil\u017cenie, poprawia kondycj\u0119 i dodaje blasku<\/p>\n<p><strong>AKTYWNE SK\u0141ADNIKI OLIWY Z OLIWEK<\/strong> &#8211; zmi\u0119kczaj\u0105, przywracaj\u0105 elastyczno\u015b\u0107 i mi\u0119kko\u015b\u0107<\/p>\n<p><strong>Pojemno\u015b\u0107:<\/strong> 300ml<\/p>\n","protected":false},"excerpt":{"rendered":"<p><strong>NOWO\u015a\u0106<\/strong> marki HIPERTIN!<\/p>\n<p style=\"font-weight: 400;\">Innowacyjna linia produkt\u00f3w do w\u0142os\u00f3w, inspirowana 4 \u017cywio\u0142ami natury. Produkty starannie skomponowane, z naturalnych i zr\u00f3wnowa\u017conych sk\u0142adnik\u00f3w, \u0142\u0105cz\u0105 m\u0105dro\u015b\u0107 natury z nauk\u0105 o w\u0142osach, oferuj\u0105c skuteczne i harmonijne rozwi\u0105zania w zakresie piel\u0119gnacji w\u0142os\u00f3w.<\/p>\n<p><strong>EARTH MASK<\/strong>\u00a090% sk\u0142adnik\u00f3w naturalnych &#8211; Spray\/od\u017cywka zapewniaj\u0105ca 16 korzy\u015bci!<\/p>\n<p>Naprawcza i intensywnie nawil\u017caj\u0105ca maska, kt\u00f3ra pomaga przywr\u00f3ci\u0107 w\u0142osom naturaln\u0105 r\u00f3wnowag\u0119. Jej formu\u0142a stworzona jest z naturalnych aktywnych sk\u0142adnik\u00f3w, takich jak betaina, kwas hialuronowy, jojoba, olej abisy\u0144ski czy ekstrakt z pszenic. Pomaga wzmocni\u0107 w\u0142osy chroni\u0105c je przed uszkodzeniami zewn\u0119trznymi. Produkt przyczynia si\u0119 tak\u017ce do\u00a0 zatrzymywania wody wewn\u0105trz w\u0142\u00f3kna w\u0142osa, zapewniaj\u0105c im mi\u0119kko\u015b\u0107 i elastyczno\u015b\u0107. Pomaga zmniejszy\u0107 puszenie si\u0119 w\u0142os\u00f3w od\u017cywiaj\u0105c je, pozostawiaj\u0105c jedwabiste, aksamitne i l\u015bni\u0105ce wyko\u0144czenie.<\/p>\n<p>Spos\u00f3b u\u017cycia: Umy\u0107 w\u0142osy. Na\u0142o\u017cy\u0107 na wilgotne w\u0142osy. Pozostawi\u0107 na kilka minut (przed\u0142u\u017cy\u0107 czas dzia\u0142ania przy bardzo zniszczonych w\u0142osach). Sp\u0142uka\u0107 du\u017c\u0105 ilo\u015bci\u0105 wody.<\/p>\n<p>Sk\u0142adniki:<\/p>\n<p><strong>KWAS HIALURONOWY &#8211; <\/strong>Wysoce nawil\u017caj\u0105cy efekt dla w\u0142os\u00f3w<\/p>\n<p><strong>OLIGOGELINA &#8211; <\/strong>Morski sk\u0142adnik aktywny o dzia\u0142aniu remineralizuj\u0105cym i nawil\u017caj\u0105cym w\u0142osy<\/p>\n<p><strong>EKSTRAKT Z JOJOBY &#8211; <\/strong>Zapewnia nawil\u017cenie, poprawia kondycj\u0119 i dodaje blasku<\/p>\n<p><strong>AKTYWNE SK\u0141ADNIKI OLIWY Z OLIWEK<\/strong> &#8211; zmi\u0119kczaj\u0105, przywracaj\u0105 elastyczno\u015b\u0107 i mi\u0119kko\u015b\u0107<\/p>\n","protected":false},"featured_media":4663,"comment_status":"open","ping_status":"closed","template":"","meta":[],"pwb-brand":[133],"product_brand":[],"product_cat":[143,136],"product_tag":[250,246,249,245],"class_list":{"0":"post-4662","1":"product","2":"type-product","3":"status-publish","4":"has-post-thumbnail","6":"pwb-brand-hipertin","7":"product_cat-odzywki-i-maski","8":"product_cat-pielegnacja-zaawansowana","9":"product_tag-earth","10":"product_tag-hipertin","11":"product_tag-maska","12":"product_tag-odzywka","14":"first","15":"instock","16":"shipping-taxable","17":"purchasable","18":"product-type-simple"},"yoast_head":"<!-- This site is optimized with the Yoast SEO plugin v27.4 - https:\/\/yoast.com\/product\/yoast-seo-wordpress\/ -->\n<title>Maska naprawa i nawil\u017cenie - Hipertin EARTH MASK 300 ml - HIPERTIN - Profesjonalne produkty Fryzjerskie<\/title>\n<meta name=\"robots\" content=\"index, follow, max-snippet:-1, max-image-preview:large, max-video-preview:-1\" \/>\n<link rel=\"canonical\" href=\"https:\/\/hipertin.pl\/index.php\/product\/maska-naprawa-i-nawilzenie-hipertin-earth-mask-300-ml\/\" \/>\n<meta property=\"og:locale\" content=\"pl_PL\" \/>\n<meta property=\"og:type\" content=\"article\" \/>\n<meta property=\"og:title\" content=\"Maska naprawa i nawil\u017cenie - Hipertin EARTH MASK 300 ml - HIPERTIN - Profesjonalne produkty Fryzjerskie\" \/>\n<meta property=\"og:description\" content=\"NOWO\u015a\u0106 marki HIPERTIN! Innowacyjna linia produkt\u00f3w do w\u0142os\u00f3w, inspirowana 4 \u017cywio\u0142ami natury. Produkty starannie skomponowane, z naturalnych i zr\u00f3wnowa\u017conych sk\u0142adnik\u00f3w, \u0142\u0105cz\u0105 m\u0105dro\u015b\u0107 natury z nauk\u0105 o w\u0142osach, oferuj\u0105c skuteczne i harmonijne rozwi\u0105zania w zakresie piel\u0119gnacji w\u0142os\u00f3w. EARTH MASK\u00a090% sk\u0142adnik\u00f3w naturalnych - Spray\/od\u017cywka zapewniaj\u0105ca 16 korzy\u015bci!  Naprawcza i intensywnie nawil\u017caj\u0105ca maska, kt\u00f3ra pomaga przywr\u00f3ci\u0107 w\u0142osom naturaln\u0105 r\u00f3wnowag\u0119. Jej formu\u0142a stworzona jest z naturalnych aktywnych sk\u0142adnik\u00f3w, takich jak betaina, kwas hialuronowy, jojoba, olej abisy\u0144ski czy ekstrakt z pszenic. Pomaga wzmocni\u0107 w\u0142osy chroni\u0105c je przed uszkodzeniami zewn\u0119trznymi. Produkt przyczynia si\u0119 tak\u017ce do\u00a0 zatrzymywania wody wewn\u0105trz w\u0142\u00f3kna w\u0142osa, zapewniaj\u0105c im mi\u0119kko\u015b\u0107 i elastyczno\u015b\u0107. Pomaga zmniejszy\u0107 puszenie si\u0119 w\u0142os\u00f3w od\u017cywiaj\u0105c je, pozostawiaj\u0105c jedwabiste, aksamitne i l\u015bni\u0105ce wyko\u0144czenie.  Spos\u00f3b u\u017cycia: Umy\u0107 w\u0142osy. Na\u0142o\u017cy\u0107 na wilgotne w\u0142osy. Pozostawi\u0107 na kilka minut (przed\u0142u\u017cy\u0107 czas dzia\u0142ania przy bardzo zniszczonych w\u0142osach). Sp\u0142uka\u0107 du\u017c\u0105 ilo\u015bci\u0105 wody.  Sk\u0142adniki:  KWAS HIALURONOWY - Wysoce nawil\u017caj\u0105cy efekt dla w\u0142os\u00f3w  OLIGOGELINA - Morski sk\u0142adnik aktywny o dzia\u0142aniu remineralizuj\u0105cym i nawil\u017caj\u0105cym w\u0142osy  EKSTRAKT Z JOJOBY - Zapewnia nawil\u017cenie, poprawia kondycj\u0119 i dodaje blasku  AKTYWNE SK\u0141ADNIKI OLIWY Z OLIWEK - zmi\u0119kczaj\u0105, przywracaj\u0105 elastyczno\u015b\u0107 i mi\u0119kko\u015b\u0107\" \/>\n<meta property=\"og:url\" content=\"https:\/\/hipertin.pl\/index.php\/product\/maska-naprawa-i-nawilzenie-hipertin-earth-mask-300-ml\/\" \/>\n<meta property=\"og:site_name\" content=\"HIPERTIN - Profesjonalne produkty Fryzjerskie\" \/>\n<meta property=\"article:modified_time\" content=\"2026-04-10T11:01:12+00:00\" \/>\n<meta property=\"og:image\" content=\"http:\/\/hipertin.pl\/wp-content\/uploads\/2023\/09\/Maska-naprawa-i-nawilzenie-Hipertin-EARTH-MASK-300-ml.png\" \/>\n\t<meta property=\"og:image:width\" content=\"500\" \/>\n\t<meta property=\"og:image:height\" content=\"500\" \/>\n\t<meta property=\"og:image:type\" content=\"image\/png\" \/>\n<meta name=\"twitter:card\" content=\"summary_large_image\" \/>\n<meta name=\"twitter:label1\" content=\"Szacowany czas czytania\" \/>\n\t<meta name=\"twitter:data1\" content=\"1 minuta\" \/>\n<script type=\"application\/ld+json\" class=\"yoast-schema-graph\">{\"@context\":\"https:\\\/\\\/schema.org\",\"@graph\":[{\"@type\":\"WebPage\",\"@id\":\"https:\\\/\\\/hipertin.pl\\\/index.php\\\/product\\\/maska-naprawa-i-nawilzenie-hipertin-earth-mask-300-ml\\\/\",\"url\":\"https:\\\/\\\/hipertin.pl\\\/index.php\\\/product\\\/maska-naprawa-i-nawilzenie-hipertin-earth-mask-300-ml\\\/\",\"name\":\"Maska naprawa i nawil\u017cenie - Hipertin EARTH MASK 300 ml - HIPERTIN - Profesjonalne produkty Fryzjerskie\",\"isPartOf\":{\"@id\":\"https:\\\/\\\/hipertin.pl\\\/#website\"},\"primaryImageOfPage\":{\"@id\":\"https:\\\/\\\/hipertin.pl\\\/index.php\\\/product\\\/maska-naprawa-i-nawilzenie-hipertin-earth-mask-300-ml\\\/#primaryimage\"},\"image\":{\"@id\":\"https:\\\/\\\/hipertin.pl\\\/index.php\\\/product\\\/maska-naprawa-i-nawilzenie-hipertin-earth-mask-300-ml\\\/#primaryimage\"},\"thumbnailUrl\":\"https:\\\/\\\/hipertin.pl\\\/wp-content\\\/uploads\\\/2023\\\/09\\\/Maska-naprawa-i-nawilzenie-Hipertin-EARTH-MASK-300-ml.png\",\"datePublished\":\"2023-09-27T10:49:29+00:00\",\"dateModified\":\"2026-04-10T11:01:12+00:00\",\"breadcrumb\":{\"@id\":\"https:\\\/\\\/hipertin.pl\\\/index.php\\\/product\\\/maska-naprawa-i-nawilzenie-hipertin-earth-mask-300-ml\\\/#breadcrumb\"},\"inLanguage\":\"pl-PL\",\"potentialAction\":[{\"@type\":\"ReadAction\",\"target\":[\"https:\\\/\\\/hipertin.pl\\\/index.php\\\/product\\\/maska-naprawa-i-nawilzenie-hipertin-earth-mask-300-ml\\\/\"]}]},{\"@type\":\"ImageObject\",\"inLanguage\":\"pl-PL\",\"@id\":\"https:\\\/\\\/hipertin.pl\\\/index.php\\\/product\\\/maska-naprawa-i-nawilzenie-hipertin-earth-mask-300-ml\\\/#primaryimage\",\"url\":\"https:\\\/\\\/hipertin.pl\\\/wp-content\\\/uploads\\\/2023\\\/09\\\/Maska-naprawa-i-nawilzenie-Hipertin-EARTH-MASK-300-ml.png\",\"contentUrl\":\"https:\\\/\\\/hipertin.pl\\\/wp-content\\\/uploads\\\/2023\\\/09\\\/Maska-naprawa-i-nawilzenie-Hipertin-EARTH-MASK-300-ml.png\",\"width\":500,\"height\":500},{\"@type\":\"BreadcrumbList\",\"@id\":\"https:\\\/\\\/hipertin.pl\\\/index.php\\\/product\\\/maska-naprawa-i-nawilzenie-hipertin-earth-mask-300-ml\\\/#breadcrumb\",\"itemListElement\":[{\"@type\":\"ListItem\",\"position\":1,\"name\":\"Strona g\u0142\u00f3wna\",\"item\":\"https:\\\/\\\/hipertin.pl\\\/\"},{\"@type\":\"ListItem\",\"position\":2,\"name\":\"Sklep\",\"item\":\"https:\\\/\\\/hipertin.pl\\\/index.php\\\/sklep\\\/\"},{\"@type\":\"ListItem\",\"position\":3,\"name\":\"Maska naprawa i nawil\u017cenie &#8211; Hipertin EARTH MASK 300 ml\"}]},{\"@type\":\"WebSite\",\"@id\":\"https:\\\/\\\/hipertin.pl\\\/#website\",\"url\":\"https:\\\/\\\/hipertin.pl\\\/\",\"name\":\"HIPERTIN - Profesjonalne produkty Fryzjerskie\",\"description\":\"\",\"potentialAction\":[{\"@type\":\"SearchAction\",\"target\":{\"@type\":\"EntryPoint\",\"urlTemplate\":\"https:\\\/\\\/hipertin.pl\\\/?s={search_term_string}\"},\"query-input\":{\"@type\":\"PropertyValueSpecification\",\"valueRequired\":true,\"valueName\":\"search_term_string\"}}],\"inLanguage\":\"pl-PL\"}]}<\/script>\n<!-- \/ Yoast SEO plugin. -->","yoast_head_json":{"title":"Maska naprawa i nawil\u017cenie - Hipertin EARTH MASK 300 ml - HIPERTIN - Profesjonalne produkty Fryzjerskie","robots":{"index":"index","follow":"follow","max-snippet":"max-snippet:-1","max-image-preview":"max-image-preview:large","max-video-preview":"max-video-preview:-1"},"canonical":"https:\/\/hipertin.pl\/index.php\/product\/maska-naprawa-i-nawilzenie-hipertin-earth-mask-300-ml\/","og_locale":"pl_PL","og_type":"article","og_title":"Maska naprawa i nawil\u017cenie - Hipertin EARTH MASK 300 ml - HIPERTIN - Profesjonalne produkty Fryzjerskie","og_description":"NOWO\u015a\u0106 marki HIPERTIN! Innowacyjna linia produkt\u00f3w do w\u0142os\u00f3w, inspirowana 4 \u017cywio\u0142ami natury. Produkty starannie skomponowane, z naturalnych i zr\u00f3wnowa\u017conych sk\u0142adnik\u00f3w, \u0142\u0105cz\u0105 m\u0105dro\u015b\u0107 natury z nauk\u0105 o w\u0142osach, oferuj\u0105c skuteczne i harmonijne rozwi\u0105zania w zakresie piel\u0119gnacji w\u0142os\u00f3w. EARTH MASK\u00a090% sk\u0142adnik\u00f3w naturalnych - Spray\/od\u017cywka zapewniaj\u0105ca 16 korzy\u015bci!  Naprawcza i intensywnie nawil\u017caj\u0105ca maska, kt\u00f3ra pomaga przywr\u00f3ci\u0107 w\u0142osom naturaln\u0105 r\u00f3wnowag\u0119. Jej formu\u0142a stworzona jest z naturalnych aktywnych sk\u0142adnik\u00f3w, takich jak betaina, kwas hialuronowy, jojoba, olej abisy\u0144ski czy ekstrakt z pszenic. Pomaga wzmocni\u0107 w\u0142osy chroni\u0105c je przed uszkodzeniami zewn\u0119trznymi. Produkt przyczynia si\u0119 tak\u017ce do\u00a0 zatrzymywania wody wewn\u0105trz w\u0142\u00f3kna w\u0142osa, zapewniaj\u0105c im mi\u0119kko\u015b\u0107 i elastyczno\u015b\u0107. Pomaga zmniejszy\u0107 puszenie si\u0119 w\u0142os\u00f3w od\u017cywiaj\u0105c je, pozostawiaj\u0105c jedwabiste, aksamitne i l\u015bni\u0105ce wyko\u0144czenie.  Spos\u00f3b u\u017cycia: Umy\u0107 w\u0142osy. Na\u0142o\u017cy\u0107 na wilgotne w\u0142osy. Pozostawi\u0107 na kilka minut (przed\u0142u\u017cy\u0107 czas dzia\u0142ania przy bardzo zniszczonych w\u0142osach). Sp\u0142uka\u0107 du\u017c\u0105 ilo\u015bci\u0105 wody.  Sk\u0142adniki:  KWAS HIALURONOWY - Wysoce nawil\u017caj\u0105cy efekt dla w\u0142os\u00f3w  OLIGOGELINA - Morski sk\u0142adnik aktywny o dzia\u0142aniu remineralizuj\u0105cym i nawil\u017caj\u0105cym w\u0142osy  EKSTRAKT Z JOJOBY - Zapewnia nawil\u017cenie, poprawia kondycj\u0119 i dodaje blasku  AKTYWNE SK\u0141ADNIKI OLIWY Z OLIWEK - zmi\u0119kczaj\u0105, przywracaj\u0105 elastyczno\u015b\u0107 i mi\u0119kko\u015b\u0107","og_url":"https:\/\/hipertin.pl\/index.php\/product\/maska-naprawa-i-nawilzenie-hipertin-earth-mask-300-ml\/","og_site_name":"HIPERTIN - Profesjonalne produkty Fryzjerskie","article_modified_time":"2026-04-10T11:01:12+00:00","og_image":[{"width":500,"height":500,"url":"http:\/\/hipertin.pl\/wp-content\/uploads\/2023\/09\/Maska-naprawa-i-nawilzenie-Hipertin-EARTH-MASK-300-ml.png","type":"image\/png"}],"twitter_card":"summary_large_image","twitter_misc":{"Szacowany czas czytania":"1 minuta"},"schema":{"@context":"https:\/\/schema.org","@graph":[{"@type":"WebPage","@id":"https:\/\/hipertin.pl\/index.php\/product\/maska-naprawa-i-nawilzenie-hipertin-earth-mask-300-ml\/","url":"https:\/\/hipertin.pl\/index.php\/product\/maska-naprawa-i-nawilzenie-hipertin-earth-mask-300-ml\/","name":"Maska naprawa i nawil\u017cenie - Hipertin EARTH MASK 300 ml - HIPERTIN - Profesjonalne produkty Fryzjerskie","isPartOf":{"@id":"https:\/\/hipertin.pl\/#website"},"primaryImageOfPage":{"@id":"https:\/\/hipertin.pl\/index.php\/product\/maska-naprawa-i-nawilzenie-hipertin-earth-mask-300-ml\/#primaryimage"},"image":{"@id":"https:\/\/hipertin.pl\/index.php\/product\/maska-naprawa-i-nawilzenie-hipertin-earth-mask-300-ml\/#primaryimage"},"thumbnailUrl":"https:\/\/hipertin.pl\/wp-content\/uploads\/2023\/09\/Maska-naprawa-i-nawilzenie-Hipertin-EARTH-MASK-300-ml.png","datePublished":"2023-09-27T10:49:29+00:00","dateModified":"2026-04-10T11:01:12+00:00","breadcrumb":{"@id":"https:\/\/hipertin.pl\/index.php\/product\/maska-naprawa-i-nawilzenie-hipertin-earth-mask-300-ml\/#breadcrumb"},"inLanguage":"pl-PL","potentialAction":[{"@type":"ReadAction","target":["https:\/\/hipertin.pl\/index.php\/product\/maska-naprawa-i-nawilzenie-hipertin-earth-mask-300-ml\/"]}]},{"@type":"ImageObject","inLanguage":"pl-PL","@id":"https:\/\/hipertin.pl\/index.php\/product\/maska-naprawa-i-nawilzenie-hipertin-earth-mask-300-ml\/#primaryimage","url":"https:\/\/hipertin.pl\/wp-content\/uploads\/2023\/09\/Maska-naprawa-i-nawilzenie-Hipertin-EARTH-MASK-300-ml.png","contentUrl":"https:\/\/hipertin.pl\/wp-content\/uploads\/2023\/09\/Maska-naprawa-i-nawilzenie-Hipertin-EARTH-MASK-300-ml.png","width":500,"height":500},{"@type":"BreadcrumbList","@id":"https:\/\/hipertin.pl\/index.php\/product\/maska-naprawa-i-nawilzenie-hipertin-earth-mask-300-ml\/#breadcrumb","itemListElement":[{"@type":"ListItem","position":1,"name":"Strona g\u0142\u00f3wna","item":"https:\/\/hipertin.pl\/"},{"@type":"ListItem","position":2,"name":"Sklep","item":"https:\/\/hipertin.pl\/index.php\/sklep\/"},{"@type":"ListItem","position":3,"name":"Maska naprawa i nawil\u017cenie &#8211; Hipertin EARTH MASK 300 ml"}]},{"@type":"WebSite","@id":"https:\/\/hipertin.pl\/#website","url":"https:\/\/hipertin.pl\/","name":"HIPERTIN - Profesjonalne produkty Fryzjerskie","description":"","potentialAction":[{"@type":"SearchAction","target":{"@type":"EntryPoint","urlTemplate":"https:\/\/hipertin.pl\/?s={search_term_string}"},"query-input":{"@type":"PropertyValueSpecification","valueRequired":true,"valueName":"search_term_string"}}],"inLanguage":"pl-PL"}]}},"brands":[{"id":133,"name":"Hipertin","slug":"hipertin"}],"_links":{"self":[{"href":"https:\/\/hipertin.pl\/index.php\/wp-json\/wp\/v2\/product\/4662","targetHints":{"allow":["GET"]}}],"collection":[{"href":"https:\/\/hipertin.pl\/index.php\/wp-json\/wp\/v2\/product"}],"about":[{"href":"https:\/\/hipertin.pl\/index.php\/wp-json\/wp\/v2\/types\/product"}],"replies":[{"embeddable":true,"href":"https:\/\/hipertin.pl\/index.php\/wp-json\/wp\/v2\/comments?post=4662"}],"wp:featuredmedia":[{"embeddable":true,"href":"https:\/\/hipertin.pl\/index.php\/wp-json\/wp\/v2\/media\/4663"}],"wp:attachment":[{"href":"https:\/\/hipertin.pl\/index.php\/wp-json\/wp\/v2\/media?parent=4662"}],"wp:term":[{"taxonomy":"pwb-brand","embeddable":true,"href":"https:\/\/hipertin.pl\/index.php\/wp-json\/wp\/v2\/pwb-brand?post=4662"},{"taxonomy":"product_brand","embeddable":true,"href":"https:\/\/hipertin.pl\/index.php\/wp-json\/wp\/v2\/product_brand?post=4662"},{"taxonomy":"product_cat","embeddable":true,"href":"https:\/\/hipertin.pl\/index.php\/wp-json\/wp\/v2\/product_cat?post=4662"},{"taxonomy":"product_tag","embeddable":true,"href":"https:\/\/hipertin.pl\/index.php\/wp-json\/wp\/v2\/product_tag?post=4662"}],"curies":[{"name":"wp","href":"https:\/\/api.w.org\/{rel}","templated":true}]}}