{"id":4658,"date":"2023-09-27T10:06:45","date_gmt":"2023-09-27T10:06:45","guid":{"rendered":"https:\/\/hipertin.pl\/?post_type=product&#038;p=4658"},"modified":"2026-04-10T11:00:32","modified_gmt":"2026-04-10T11:00:32","slug":"odzywka-spray-zapewniajacy-16-korzysci-hipertin-cosmic-treatment-150-ml","status":"publish","type":"product","link":"https:\/\/hipertin.pl\/index.php\/product\/odzywka-spray-zapewniajacy-16-korzysci-hipertin-cosmic-treatment-150-ml\/","title":{"rendered":"Od\u017cywka, spray zapewniaj\u0105cy 16 korzy\u015bci! Hipertin COSMIC Treatment 150 ml"},"content":{"rendered":"<p><strong>NOWO\u015a\u0106<\/strong> marki HIPERTIN!<\/p>\n<p style=\"font-weight: 400;\">Innowacyjna linia produkt\u00f3w do w\u0142os\u00f3w, inspirowana 4 \u017cywio\u0142ami natury. Produkty starannie skomponowane, z naturalnych i zr\u00f3wnowa\u017conych sk\u0142adnik\u00f3w, \u0142\u0105cz\u0105 m\u0105dro\u015b\u0107 natury z nauk\u0105 o w\u0142osach, oferuj\u0105c skuteczne i harmonijne rozwi\u0105zania w zakresie piel\u0119gnacji w\u0142os\u00f3w.<\/p>\n<p><strong>COSMIC LEAVE-IN SPRAY TREATMENT<\/strong> 96% sk\u0142adnik\u00f3w naturalnych &#8211; Spray\/od\u017cywka zapewniaj\u0105ca 16 korzy\u015bci!<\/p>\n<p>Pomaga od\u017cywia\u0107, odbudowywa\u0107 i chroni\u0107 w\u0142osy przed promieniowaniem UV i wysok\u0105 temperatur\u0105 podczas suszenia i prostowania. Dodaje w\u0142osom blasku mi\u0119kko\u015bci i elastyczno\u015bci, nie obci\u0105\u017caj\u0105c ich. Formu\u0142a z naturalnymi sk\u0142adnikami przyczynia si\u0119 do nawil\u017cenia i od\u017cywienia w\u0142os\u00f3w, zmniejszaj\u0105c mo\u017cliwo\u015b\u0107 puszenia si\u0119 w\u0142os\u00f3w i zapobiegaj\u0105c ich \u0142amaniu.<\/p>\n<p>Spos\u00f3b u\u017cycia: Rozpyli\u0107 produkt na umyte, wilgotne w\u0142osy. Rozprowadzi\u0107 od po\u0142owy d\u0142ugo\u015bci po ko\u0144ce i przeczesa\u0107. Nie sp\u0142ukiwa\u0107.<\/p>\n<p>Sk\u0142adniki:<\/p>\n<p><strong>NATURA-TEC ABYSOFT<\/strong> -&#8222;Inteligentny&#8221;, naturalny, aktywny sk\u0142adnik, kt\u00f3ry bazuje na olejku z modraka &#8211; w\u0142osy s\u0105 znacznie bardziej od\u017cywione, wzmocnione i b\u0142yszcz\u0105ce.<\/p>\n<p><strong>HYDROLIZOWANE PROTEINY PSZENICY<\/strong> &#8211; Zapewniaj\u0105 obj\u0119to\u015b\u0107, zapobiegaj\u0105 elektryzowaniu si\u0119 w\u0142os\u00f3w.<\/p>\n<p><strong>HYDROLIZOWANE BIA\u0141KA RO\u015aLINNE<\/strong> &#8211; Wzmacniaj\u0105 w\u0142osy od wewn\u0105trz, nat\u0142uszczaj\u0105 i chroni\u0105 warstw\u0119 w\u0142os\u00f3w.<\/p>\n<p><strong>EKSTRAKT Z NASION S\u0141ONECZNIKA<\/strong> &#8211; Ekstrakt z witaminy E, pomaga regenerowa\u0107 w\u0142osy i chroni\u0107 przed promieniowaniem UV i agresj\u0105 chemiczn\u0105.<\/p>\n<p><strong>Pojemno\u015b\u0107:<\/strong>\u00a0150ml<\/p>\n","protected":false},"excerpt":{"rendered":"<p><strong>NOWO\u015a\u0106<\/strong> marki HIPERTIN!<\/p>\n<p style=\"font-weight: 400;\">Innowacyjna linia produkt\u00f3w do w\u0142os\u00f3w, inspirowana 4 \u017cywio\u0142ami natury. Produkty starannie skomponowane, z naturalnych i zr\u00f3wnowa\u017conych sk\u0142adnik\u00f3w, \u0142\u0105cz\u0105 m\u0105dro\u015b\u0107 natury z nauk\u0105 o w\u0142osach, oferuj\u0105c skuteczne i harmonijne rozwi\u0105zania w zakresie piel\u0119gnacji w\u0142os\u00f3w.<\/p>\n<p><strong>COSMIC LEAVE-IN SPRAY TREATMENT<\/strong> 96% sk\u0142adnik\u00f3w naturalnych &#8211; Spray\/od\u017cywka zapewniaj\u0105ca 16 korzy\u015bci!<\/p>\n<p>Pomaga od\u017cywia\u0107, odbudowywa\u0107 i chroni\u0107 w\u0142osy przed promieniowaniem UV i wysok\u0105 temperatur\u0105 podczas suszenia i prostowania. Dodaje w\u0142osom blasku mi\u0119kko\u015bci i elastyczno\u015bci, nie obci\u0105\u017caj\u0105c ich. Formu\u0142a z naturalnymi sk\u0142adnikami przyczynia si\u0119 do nawil\u017cenia i od\u017cywienia w\u0142os\u00f3w, zmniejszaj\u0105c mo\u017cliwo\u015b\u0107 puszenia si\u0119 w\u0142os\u00f3w i zapobiegaj\u0105c ich \u0142amaniu.<\/p>\n<p>Spos\u00f3b u\u017cycia: Rozpyli\u0107 produkt na umyte, wilgotne w\u0142osy. Rozprowadzi\u0107 od po\u0142owy d\u0142ugo\u015bci po ko\u0144ce i przeczesa\u0107. Nie sp\u0142ukiwa\u0107.<\/p>\n<p>Sk\u0142adniki:<\/p>\n<p><strong>NATURA-TEC ABYSOFT<\/strong> -&#8222;Inteligentny&#8221;, naturalny, aktywny sk\u0142adnik, kt\u00f3ry bazuje na olejku z modraka &#8211; w\u0142osy s\u0105 znacznie bardziej od\u017cywione, wzmocnione i b\u0142yszcz\u0105ce.<\/p>\n<p><strong>HYDROLIZOWANE PROTEINY PSZENICY<\/strong> &#8211; Zapewniaj\u0105 obj\u0119to\u015b\u0107, zapobiegaj\u0105 elektryzowaniu si\u0119 w\u0142os\u00f3w.<\/p>\n<p><strong>HYDROLIZOWANE BIA\u0141KA RO\u015aLINNE<\/strong> &#8211; Wzmacniaj\u0105 w\u0142osy od wewn\u0105trz, nat\u0142uszczaj\u0105 i chroni\u0105 warstw\u0119 w\u0142os\u00f3w.<\/p>\n<p><strong>EKSTRAKT Z NASION S\u0141ONECZNIKA<\/strong> &#8211; Ekstrakt z witaminy E, pomaga regenerowa\u0107 w\u0142osy i chroni\u0107 przed promieniowaniem UV i agresj\u0105 chemiczn\u0105.<\/p>\n<p><strong>Pojemno\u015b\u0107:<\/strong>\u00a0150ml<\/p>\n","protected":false},"featured_media":4659,"comment_status":"open","ping_status":"closed","template":"","meta":[],"pwb-brand":[133],"product_brand":[],"product_cat":[143],"product_tag":[247,248,246,245],"class_list":{"0":"post-4658","1":"product","2":"type-product","3":"status-publish","4":"has-post-thumbnail","6":"pwb-brand-hipertin","7":"product_cat-odzywki-i-maski","8":"product_tag-12w1","9":"product_tag-cosmic","10":"product_tag-hipertin","11":"product_tag-odzywka","13":"first","14":"instock","15":"shipping-taxable","16":"purchasable","17":"product-type-simple"},"yoast_head":"<!-- This site is optimized with the Yoast SEO plugin v27.3 - https:\/\/yoast.com\/product\/yoast-seo-wordpress\/ -->\n<title>Od\u017cywka, spray zapewniaj\u0105cy 16 korzy\u015bci! Hipertin COSMIC Treatment 150 ml - HIPERTIN - Profesjonalne produkty Fryzjerskie<\/title>\n<meta name=\"robots\" content=\"index, follow, max-snippet:-1, max-image-preview:large, max-video-preview:-1\" \/>\n<link rel=\"canonical\" href=\"https:\/\/hipertin.pl\/index.php\/product\/odzywka-spray-zapewniajacy-16-korzysci-hipertin-cosmic-treatment-150-ml\/\" \/>\n<meta property=\"og:locale\" content=\"pl_PL\" \/>\n<meta property=\"og:type\" content=\"article\" \/>\n<meta property=\"og:title\" content=\"Od\u017cywka, spray zapewniaj\u0105cy 16 korzy\u015bci! Hipertin COSMIC Treatment 150 ml - HIPERTIN - Profesjonalne produkty Fryzjerskie\" \/>\n<meta property=\"og:description\" content=\"NOWO\u015a\u0106 marki HIPERTIN! Innowacyjna linia produkt\u00f3w do w\u0142os\u00f3w, inspirowana 4 \u017cywio\u0142ami natury. Produkty starannie skomponowane, z naturalnych i zr\u00f3wnowa\u017conych sk\u0142adnik\u00f3w, \u0142\u0105cz\u0105 m\u0105dro\u015b\u0107 natury z nauk\u0105 o w\u0142osach, oferuj\u0105c skuteczne i harmonijne rozwi\u0105zania w zakresie piel\u0119gnacji w\u0142os\u00f3w. COSMIC LEAVE-IN SPRAY TREATMENT 96% sk\u0142adnik\u00f3w naturalnych - Spray\/od\u017cywka zapewniaj\u0105ca 16 korzy\u015bci!  Pomaga od\u017cywia\u0107, odbudowywa\u0107 i chroni\u0107 w\u0142osy przed promieniowaniem UV i wysok\u0105 temperatur\u0105 podczas suszenia i prostowania. Dodaje w\u0142osom blasku mi\u0119kko\u015bci i elastyczno\u015bci, nie obci\u0105\u017caj\u0105c ich. Formu\u0142a z naturalnymi sk\u0142adnikami przyczynia si\u0119 do nawil\u017cenia i od\u017cywienia w\u0142os\u00f3w, zmniejszaj\u0105c mo\u017cliwo\u015b\u0107 puszenia si\u0119 w\u0142os\u00f3w i zapobiegaj\u0105c ich \u0142amaniu.  Spos\u00f3b u\u017cycia: Rozpyli\u0107 produkt na umyte, wilgotne w\u0142osy. Rozprowadzi\u0107 od po\u0142owy d\u0142ugo\u015bci po ko\u0144ce i przeczesa\u0107. Nie sp\u0142ukiwa\u0107.  Sk\u0142adniki:  NATURA-TEC ABYSOFT -&quot;Inteligentny&quot;, naturalny, aktywny sk\u0142adnik, kt\u00f3ry bazuje na olejku z modraka - w\u0142osy s\u0105 znacznie bardziej od\u017cywione, wzmocnione i b\u0142yszcz\u0105ce.  HYDROLIZOWANE PROTEINY PSZENICY - Zapewniaj\u0105 obj\u0119to\u015b\u0107, zapobiegaj\u0105 elektryzowaniu si\u0119 w\u0142os\u00f3w.  HYDROLIZOWANE BIA\u0141KA RO\u015aLINNE - Wzmacniaj\u0105 w\u0142osy od wewn\u0105trz, nat\u0142uszczaj\u0105 i chroni\u0105 warstw\u0119 w\u0142os\u00f3w.  EKSTRAKT Z NASION S\u0141ONECZNIKA - Ekstrakt z witaminy E, pomaga regenerowa\u0107 w\u0142osy i chroni\u0107 przed promieniowaniem UV i agresj\u0105 chemiczn\u0105.  Pojemno\u015b\u0107:\u00a0150ml\" \/>\n<meta property=\"og:url\" content=\"https:\/\/hipertin.pl\/index.php\/product\/odzywka-spray-zapewniajacy-16-korzysci-hipertin-cosmic-treatment-150-ml\/\" \/>\n<meta property=\"og:site_name\" content=\"HIPERTIN - Profesjonalne produkty Fryzjerskie\" \/>\n<meta property=\"article:modified_time\" content=\"2026-04-10T11:00:32+00:00\" \/>\n<meta property=\"og:image\" content=\"http:\/\/hipertin.pl\/wp-content\/uploads\/2023\/09\/Back-To-Nature-HIPERIN-1.png\" \/>\n\t<meta property=\"og:image:width\" content=\"500\" \/>\n\t<meta property=\"og:image:height\" content=\"500\" \/>\n\t<meta property=\"og:image:type\" content=\"image\/png\" \/>\n<meta name=\"twitter:card\" content=\"summary_large_image\" \/>\n<meta name=\"twitter:label1\" content=\"Szacowany czas czytania\" \/>\n\t<meta name=\"twitter:data1\" content=\"1 minuta\" \/>\n<script type=\"application\/ld+json\" class=\"yoast-schema-graph\">{\"@context\":\"https:\\\/\\\/schema.org\",\"@graph\":[{\"@type\":\"WebPage\",\"@id\":\"https:\\\/\\\/hipertin.pl\\\/index.php\\\/product\\\/odzywka-spray-zapewniajacy-16-korzysci-hipertin-cosmic-treatment-150-ml\\\/\",\"url\":\"https:\\\/\\\/hipertin.pl\\\/index.php\\\/product\\\/odzywka-spray-zapewniajacy-16-korzysci-hipertin-cosmic-treatment-150-ml\\\/\",\"name\":\"Od\u017cywka, spray zapewniaj\u0105cy 16 korzy\u015bci! Hipertin COSMIC Treatment 150 ml - HIPERTIN - Profesjonalne produkty Fryzjerskie\",\"isPartOf\":{\"@id\":\"https:\\\/\\\/hipertin.pl\\\/#website\"},\"primaryImageOfPage\":{\"@id\":\"https:\\\/\\\/hipertin.pl\\\/index.php\\\/product\\\/odzywka-spray-zapewniajacy-16-korzysci-hipertin-cosmic-treatment-150-ml\\\/#primaryimage\"},\"image\":{\"@id\":\"https:\\\/\\\/hipertin.pl\\\/index.php\\\/product\\\/odzywka-spray-zapewniajacy-16-korzysci-hipertin-cosmic-treatment-150-ml\\\/#primaryimage\"},\"thumbnailUrl\":\"https:\\\/\\\/hipertin.pl\\\/wp-content\\\/uploads\\\/2023\\\/09\\\/Back-To-Nature-HIPERIN-1.png\",\"datePublished\":\"2023-09-27T10:06:45+00:00\",\"dateModified\":\"2026-04-10T11:00:32+00:00\",\"breadcrumb\":{\"@id\":\"https:\\\/\\\/hipertin.pl\\\/index.php\\\/product\\\/odzywka-spray-zapewniajacy-16-korzysci-hipertin-cosmic-treatment-150-ml\\\/#breadcrumb\"},\"inLanguage\":\"pl-PL\",\"potentialAction\":[{\"@type\":\"ReadAction\",\"target\":[\"https:\\\/\\\/hipertin.pl\\\/index.php\\\/product\\\/odzywka-spray-zapewniajacy-16-korzysci-hipertin-cosmic-treatment-150-ml\\\/\"]}]},{\"@type\":\"ImageObject\",\"inLanguage\":\"pl-PL\",\"@id\":\"https:\\\/\\\/hipertin.pl\\\/index.php\\\/product\\\/odzywka-spray-zapewniajacy-16-korzysci-hipertin-cosmic-treatment-150-ml\\\/#primaryimage\",\"url\":\"https:\\\/\\\/hipertin.pl\\\/wp-content\\\/uploads\\\/2023\\\/09\\\/Back-To-Nature-HIPERIN-1.png\",\"contentUrl\":\"https:\\\/\\\/hipertin.pl\\\/wp-content\\\/uploads\\\/2023\\\/09\\\/Back-To-Nature-HIPERIN-1.png\",\"width\":500,\"height\":500},{\"@type\":\"BreadcrumbList\",\"@id\":\"https:\\\/\\\/hipertin.pl\\\/index.php\\\/product\\\/odzywka-spray-zapewniajacy-16-korzysci-hipertin-cosmic-treatment-150-ml\\\/#breadcrumb\",\"itemListElement\":[{\"@type\":\"ListItem\",\"position\":1,\"name\":\"Strona g\u0142\u00f3wna\",\"item\":\"https:\\\/\\\/hipertin.pl\\\/\"},{\"@type\":\"ListItem\",\"position\":2,\"name\":\"Sklep\",\"item\":\"https:\\\/\\\/hipertin.pl\\\/index.php\\\/sklep\\\/\"},{\"@type\":\"ListItem\",\"position\":3,\"name\":\"Od\u017cywka, spray zapewniaj\u0105cy 16 korzy\u015bci! Hipertin COSMIC Treatment 150 ml\"}]},{\"@type\":\"WebSite\",\"@id\":\"https:\\\/\\\/hipertin.pl\\\/#website\",\"url\":\"https:\\\/\\\/hipertin.pl\\\/\",\"name\":\"HIPERTIN - Profesjonalne produkty Fryzjerskie\",\"description\":\"\",\"potentialAction\":[{\"@type\":\"SearchAction\",\"target\":{\"@type\":\"EntryPoint\",\"urlTemplate\":\"https:\\\/\\\/hipertin.pl\\\/?s={search_term_string}\"},\"query-input\":{\"@type\":\"PropertyValueSpecification\",\"valueRequired\":true,\"valueName\":\"search_term_string\"}}],\"inLanguage\":\"pl-PL\"}]}<\/script>\n<!-- \/ Yoast SEO plugin. -->","yoast_head_json":{"title":"Od\u017cywka, spray zapewniaj\u0105cy 16 korzy\u015bci! Hipertin COSMIC Treatment 150 ml - HIPERTIN - Profesjonalne produkty Fryzjerskie","robots":{"index":"index","follow":"follow","max-snippet":"max-snippet:-1","max-image-preview":"max-image-preview:large","max-video-preview":"max-video-preview:-1"},"canonical":"https:\/\/hipertin.pl\/index.php\/product\/odzywka-spray-zapewniajacy-16-korzysci-hipertin-cosmic-treatment-150-ml\/","og_locale":"pl_PL","og_type":"article","og_title":"Od\u017cywka, spray zapewniaj\u0105cy 16 korzy\u015bci! Hipertin COSMIC Treatment 150 ml - HIPERTIN - Profesjonalne produkty Fryzjerskie","og_description":"NOWO\u015a\u0106 marki HIPERTIN! Innowacyjna linia produkt\u00f3w do w\u0142os\u00f3w, inspirowana 4 \u017cywio\u0142ami natury. Produkty starannie skomponowane, z naturalnych i zr\u00f3wnowa\u017conych sk\u0142adnik\u00f3w, \u0142\u0105cz\u0105 m\u0105dro\u015b\u0107 natury z nauk\u0105 o w\u0142osach, oferuj\u0105c skuteczne i harmonijne rozwi\u0105zania w zakresie piel\u0119gnacji w\u0142os\u00f3w. COSMIC LEAVE-IN SPRAY TREATMENT 96% sk\u0142adnik\u00f3w naturalnych - Spray\/od\u017cywka zapewniaj\u0105ca 16 korzy\u015bci!  Pomaga od\u017cywia\u0107, odbudowywa\u0107 i chroni\u0107 w\u0142osy przed promieniowaniem UV i wysok\u0105 temperatur\u0105 podczas suszenia i prostowania. Dodaje w\u0142osom blasku mi\u0119kko\u015bci i elastyczno\u015bci, nie obci\u0105\u017caj\u0105c ich. Formu\u0142a z naturalnymi sk\u0142adnikami przyczynia si\u0119 do nawil\u017cenia i od\u017cywienia w\u0142os\u00f3w, zmniejszaj\u0105c mo\u017cliwo\u015b\u0107 puszenia si\u0119 w\u0142os\u00f3w i zapobiegaj\u0105c ich \u0142amaniu.  Spos\u00f3b u\u017cycia: Rozpyli\u0107 produkt na umyte, wilgotne w\u0142osy. Rozprowadzi\u0107 od po\u0142owy d\u0142ugo\u015bci po ko\u0144ce i przeczesa\u0107. Nie sp\u0142ukiwa\u0107.  Sk\u0142adniki:  NATURA-TEC ABYSOFT -\"Inteligentny\", naturalny, aktywny sk\u0142adnik, kt\u00f3ry bazuje na olejku z modraka - w\u0142osy s\u0105 znacznie bardziej od\u017cywione, wzmocnione i b\u0142yszcz\u0105ce.  HYDROLIZOWANE PROTEINY PSZENICY - Zapewniaj\u0105 obj\u0119to\u015b\u0107, zapobiegaj\u0105 elektryzowaniu si\u0119 w\u0142os\u00f3w.  HYDROLIZOWANE BIA\u0141KA RO\u015aLINNE - Wzmacniaj\u0105 w\u0142osy od wewn\u0105trz, nat\u0142uszczaj\u0105 i chroni\u0105 warstw\u0119 w\u0142os\u00f3w.  EKSTRAKT Z NASION S\u0141ONECZNIKA - Ekstrakt z witaminy E, pomaga regenerowa\u0107 w\u0142osy i chroni\u0107 przed promieniowaniem UV i agresj\u0105 chemiczn\u0105.  Pojemno\u015b\u0107:\u00a0150ml","og_url":"https:\/\/hipertin.pl\/index.php\/product\/odzywka-spray-zapewniajacy-16-korzysci-hipertin-cosmic-treatment-150-ml\/","og_site_name":"HIPERTIN - Profesjonalne produkty Fryzjerskie","article_modified_time":"2026-04-10T11:00:32+00:00","og_image":[{"width":500,"height":500,"url":"http:\/\/hipertin.pl\/wp-content\/uploads\/2023\/09\/Back-To-Nature-HIPERIN-1.png","type":"image\/png"}],"twitter_card":"summary_large_image","twitter_misc":{"Szacowany czas czytania":"1 minuta"},"schema":{"@context":"https:\/\/schema.org","@graph":[{"@type":"WebPage","@id":"https:\/\/hipertin.pl\/index.php\/product\/odzywka-spray-zapewniajacy-16-korzysci-hipertin-cosmic-treatment-150-ml\/","url":"https:\/\/hipertin.pl\/index.php\/product\/odzywka-spray-zapewniajacy-16-korzysci-hipertin-cosmic-treatment-150-ml\/","name":"Od\u017cywka, spray zapewniaj\u0105cy 16 korzy\u015bci! Hipertin COSMIC Treatment 150 ml - HIPERTIN - Profesjonalne produkty Fryzjerskie","isPartOf":{"@id":"https:\/\/hipertin.pl\/#website"},"primaryImageOfPage":{"@id":"https:\/\/hipertin.pl\/index.php\/product\/odzywka-spray-zapewniajacy-16-korzysci-hipertin-cosmic-treatment-150-ml\/#primaryimage"},"image":{"@id":"https:\/\/hipertin.pl\/index.php\/product\/odzywka-spray-zapewniajacy-16-korzysci-hipertin-cosmic-treatment-150-ml\/#primaryimage"},"thumbnailUrl":"https:\/\/hipertin.pl\/wp-content\/uploads\/2023\/09\/Back-To-Nature-HIPERIN-1.png","datePublished":"2023-09-27T10:06:45+00:00","dateModified":"2026-04-10T11:00:32+00:00","breadcrumb":{"@id":"https:\/\/hipertin.pl\/index.php\/product\/odzywka-spray-zapewniajacy-16-korzysci-hipertin-cosmic-treatment-150-ml\/#breadcrumb"},"inLanguage":"pl-PL","potentialAction":[{"@type":"ReadAction","target":["https:\/\/hipertin.pl\/index.php\/product\/odzywka-spray-zapewniajacy-16-korzysci-hipertin-cosmic-treatment-150-ml\/"]}]},{"@type":"ImageObject","inLanguage":"pl-PL","@id":"https:\/\/hipertin.pl\/index.php\/product\/odzywka-spray-zapewniajacy-16-korzysci-hipertin-cosmic-treatment-150-ml\/#primaryimage","url":"https:\/\/hipertin.pl\/wp-content\/uploads\/2023\/09\/Back-To-Nature-HIPERIN-1.png","contentUrl":"https:\/\/hipertin.pl\/wp-content\/uploads\/2023\/09\/Back-To-Nature-HIPERIN-1.png","width":500,"height":500},{"@type":"BreadcrumbList","@id":"https:\/\/hipertin.pl\/index.php\/product\/odzywka-spray-zapewniajacy-16-korzysci-hipertin-cosmic-treatment-150-ml\/#breadcrumb","itemListElement":[{"@type":"ListItem","position":1,"name":"Strona g\u0142\u00f3wna","item":"https:\/\/hipertin.pl\/"},{"@type":"ListItem","position":2,"name":"Sklep","item":"https:\/\/hipertin.pl\/index.php\/sklep\/"},{"@type":"ListItem","position":3,"name":"Od\u017cywka, spray zapewniaj\u0105cy 16 korzy\u015bci! Hipertin COSMIC Treatment 150 ml"}]},{"@type":"WebSite","@id":"https:\/\/hipertin.pl\/#website","url":"https:\/\/hipertin.pl\/","name":"HIPERTIN - Profesjonalne produkty Fryzjerskie","description":"","potentialAction":[{"@type":"SearchAction","target":{"@type":"EntryPoint","urlTemplate":"https:\/\/hipertin.pl\/?s={search_term_string}"},"query-input":{"@type":"PropertyValueSpecification","valueRequired":true,"valueName":"search_term_string"}}],"inLanguage":"pl-PL"}]}},"brands":[{"id":133,"name":"Hipertin","slug":"hipertin"}],"_links":{"self":[{"href":"https:\/\/hipertin.pl\/index.php\/wp-json\/wp\/v2\/product\/4658","targetHints":{"allow":["GET"]}}],"collection":[{"href":"https:\/\/hipertin.pl\/index.php\/wp-json\/wp\/v2\/product"}],"about":[{"href":"https:\/\/hipertin.pl\/index.php\/wp-json\/wp\/v2\/types\/product"}],"replies":[{"embeddable":true,"href":"https:\/\/hipertin.pl\/index.php\/wp-json\/wp\/v2\/comments?post=4658"}],"wp:featuredmedia":[{"embeddable":true,"href":"https:\/\/hipertin.pl\/index.php\/wp-json\/wp\/v2\/media\/4659"}],"wp:attachment":[{"href":"https:\/\/hipertin.pl\/index.php\/wp-json\/wp\/v2\/media?parent=4658"}],"wp:term":[{"taxonomy":"pwb-brand","embeddable":true,"href":"https:\/\/hipertin.pl\/index.php\/wp-json\/wp\/v2\/pwb-brand?post=4658"},{"taxonomy":"product_brand","embeddable":true,"href":"https:\/\/hipertin.pl\/index.php\/wp-json\/wp\/v2\/product_brand?post=4658"},{"taxonomy":"product_cat","embeddable":true,"href":"https:\/\/hipertin.pl\/index.php\/wp-json\/wp\/v2\/product_cat?post=4658"},{"taxonomy":"product_tag","embeddable":true,"href":"https:\/\/hipertin.pl\/index.php\/wp-json\/wp\/v2\/product_tag?post=4658"}],"curies":[{"name":"wp","href":"https:\/\/api.w.org\/{rel}","templated":true}]}}