{"id":4324,"date":"2022-12-21T14:54:33","date_gmt":"2022-12-21T14:54:33","guid":{"rendered":"http:\/\/hipertin.pl\/?post_type=product&#038;p=4324"},"modified":"2026-04-10T11:00:50","modified_gmt":"2026-04-10T11:00:50","slug":"zestaw-regenerujacy-back-to-nature-szampon-air-lotion-gravity","status":"publish","type":"product","link":"https:\/\/hipertin.pl\/index.php\/product\/zestaw-regenerujacy-back-to-nature-szampon-air-lotion-gravity\/","title":{"rendered":"Zestaw regeneruj\u0105cy Back to Nature &#8211; Szampon AIR + Lotion GRAVITY"},"content":{"rendered":"<p><strong>NOWO\u015a\u0106<\/strong>\u00a0marki HIPERTIN!<\/p>\n<p>Innowacyjna linia produkt\u00f3w do w\u0142os\u00f3w, inspirowana 4 \u017cywio\u0142ami natury. Produkty starannie skomponowane, z naturalnych i zr\u00f3wnowa\u017conych sk\u0142adnik\u00f3w, \u0142\u0105cz\u0105 m\u0105dro\u015b\u0107 natury z nauk\u0105 o w\u0142osach, oferuj\u0105c skuteczne i harmonijne rozwi\u0105zania w zakresie piel\u0119gnacji w\u0142os\u00f3w.<\/p>\n<p><strong>Zestaw regeneruj\u0105cy Back to Nature &#8211; Szampon AIR + Lotion GRAVITY<\/strong> to 89% sk\u0142adnik\u00f3w naturalnych w szamponie i a\u017c 95% w lotionie!<\/p>\n<div class=\"gmail_default\">Nowy zestaw do regeneracji &#8211; odnowy w\u0142osa sk\u0142ada si\u0119 z dwuetapowej piel\u0119gnacji:<\/div>\n<div class=\"gmail_default\">Szamponu wzmacniaj\u0105cego i dodaj\u0105cego obj\u0119to\u015bci AIR, z biotyn\u0105, proteinami pszenicy i biotyn\u0105\u00a0oraz Lotionu GRAVITY, serum z peptydami,\u00a0\u00a0wcieranego bezpo\u015brednio w sk\u00f3r\u0119 g\u0142owy.<\/div>\n<div><\/div>\n<div class=\"gmail_default\">Zestaw polecany jest do w\u0142os\u00f3w cienkich, os\u0142abionych, ze sk\u0142onno\u015bci\u0105\u00a0do wypadania. Wzmacnia je i regeneruje, pocz\u0105wszy od samej cebulki.<\/div>\n<p><strong>Pojemno\u015b\u0107:<\/strong> 300ml szampon i 50ml lotion<\/p>\n<p><strong>Jako\u015b\u0107 PREMIUM!<\/strong><\/p>\n","protected":false},"excerpt":{"rendered":"<p><strong>NOWO\u015a\u0106<\/strong>\u00a0marki HIPERTIN!<\/p>\n<p>Innowacyjna linia produkt\u00f3w do w\u0142os\u00f3w, inspirowana 4 \u017cywio\u0142ami natury. Produkty starannie skomponowane, z naturalnych i zr\u00f3wnowa\u017conych sk\u0142adnik\u00f3w, \u0142\u0105cz\u0105 m\u0105dro\u015b\u0107 natury z nauk\u0105 o w\u0142osach, oferuj\u0105c skuteczne i harmonijne rozwi\u0105zania w zakresie piel\u0119gnacji w\u0142os\u00f3w.<\/p>\n<p><strong>Zestaw regeneruj\u0105cy Back to Nature &#8211; Szampon AIR + Lotion GRAVITY<\/strong> to 89% sk\u0142adnik\u00f3w naturalnych w szamponie i a\u017c 95% w lotionie!<\/p>\n<div class=\"gmail_default\">Nowy zestaw do regeneracji &#8211; odnowy w\u0142osa sk\u0142ada si\u0119 z dwuetapowej piel\u0119gnacji:<\/div>\n<div class=\"gmail_default\">Szamponu wzmacniaj\u0105cego i dodaj\u0105cego obj\u0119to\u015bci AIR, z biotyn\u0105, proteinami pszenicy i biotyn\u0105\u00a0oraz Lotionu GRAVITY, serum z peptydami,\u00a0\u00a0wcieranego bezpo\u015brednio w sk\u00f3r\u0119 g\u0142owy.<\/div>\n<div><\/div>\n<div class=\"gmail_default\">Zestaw polecany jest do w\u0142os\u00f3w cienkich, os\u0142abionych, ze sk\u0142onno\u015bci\u0105\u00a0do wypadania. Wzmacnia je i regeneruje, pocz\u0105wszy od samej cebulki.<\/div>\n<p><strong>Pojemno\u015b\u0107:<\/strong> 300ml szampon i 50ml lotion<\/p>\n<p><strong>Jako\u015b\u0107 PREMIUM!<\/strong><\/p>\n","protected":false},"featured_media":4897,"comment_status":"open","ping_status":"closed","template":"","meta":[],"pwb-brand":[133],"product_brand":[],"product_cat":[136,15,142],"product_tag":[],"class_list":{"0":"post-4324","1":"product","2":"type-product","3":"status-publish","4":"has-post-thumbnail","6":"pwb-brand-hipertin","7":"product_cat-pielegnacja-zaawansowana","8":"product_cat-szampony-do-wlosow","9":"product_cat-zestawy-kosmetykow-produktow","10":"product_shipping_class-darmowa-wysylka","12":"first","13":"instock","14":"shipping-taxable","15":"purchasable","16":"product-type-simple"},"yoast_head":"<!-- This site is optimized with the Yoast SEO plugin v27.3 - https:\/\/yoast.com\/product\/yoast-seo-wordpress\/ -->\n<title>Zestaw regeneruj\u0105cy Back to Nature - Szampon AIR + Lotion GRAVITY - HIPERTIN - Profesjonalne produkty Fryzjerskie<\/title>\n<meta name=\"description\" content=\"Limitowany Zestaw Mineral zawiera szampon do w\u0142os\u00f3w, a tak\u017ce olejek mineralny. Magiczna formu\u0142a olejk\u00f3w, minera\u0142\u00f3w i kamieni szlachetnych, a tak\u017ce protein i witamin sprawi, \u017ce twoje w\u0142osy b\u0119d\u0105 zdrowe i l\u015bni\u0105ce. Produkty \u015bwietnie regeneruj\u0105 nawet mocno zniszczone w\u0142osy, nadaj\u0105c im witalno\u015bci i blasku. Jako\u015b\u0107 PREMIUM!\" \/>\n<meta name=\"robots\" content=\"index, follow, max-snippet:-1, max-image-preview:large, max-video-preview:-1\" \/>\n<link rel=\"canonical\" href=\"https:\/\/hipertin.pl\/index.php\/product\/zestaw-regenerujacy-back-to-nature-szampon-air-lotion-gravity\/\" \/>\n<meta property=\"og:locale\" content=\"pl_PL\" \/>\n<meta property=\"og:type\" content=\"article\" \/>\n<meta property=\"og:title\" content=\"Zestaw regeneruj\u0105cy Back to Nature - Szampon AIR + Lotion GRAVITY - HIPERTIN - Profesjonalne produkty Fryzjerskie\" \/>\n<meta property=\"og:description\" content=\"Limitowany Zestaw Mineral zawiera szampon do w\u0142os\u00f3w, a tak\u017ce olejek mineralny. Magiczna formu\u0142a olejk\u00f3w, minera\u0142\u00f3w i kamieni szlachetnych, a tak\u017ce protein i witamin sprawi, \u017ce twoje w\u0142osy b\u0119d\u0105 zdrowe i l\u015bni\u0105ce. Produkty \u015bwietnie regeneruj\u0105 nawet mocno zniszczone w\u0142osy, nadaj\u0105c im witalno\u015bci i blasku. Jako\u015b\u0107 PREMIUM!\" \/>\n<meta property=\"og:url\" content=\"https:\/\/hipertin.pl\/index.php\/product\/zestaw-regenerujacy-back-to-nature-szampon-air-lotion-gravity\/\" \/>\n<meta property=\"og:site_name\" content=\"HIPERTIN - Profesjonalne produkty Fryzjerskie\" \/>\n<meta property=\"article:modified_time\" content=\"2026-04-10T11:00:50+00:00\" \/>\n<meta property=\"og:image\" content=\"http:\/\/hipertin.pl\/wp-content\/uploads\/2022\/12\/Zestaw-regenerujacy-Back-to-Nature-Szampon-AIR-Lotion-GRAVITY-.png\" \/>\n\t<meta property=\"og:image:width\" content=\"500\" \/>\n\t<meta property=\"og:image:height\" content=\"500\" \/>\n\t<meta property=\"og:image:type\" content=\"image\/png\" \/>\n<meta name=\"twitter:card\" content=\"summary_large_image\" \/>\n<meta name=\"twitter:label1\" content=\"Szacowany czas czytania\" \/>\n\t<meta name=\"twitter:data1\" content=\"1 minuta\" \/>\n<script type=\"application\/ld+json\" class=\"yoast-schema-graph\">{\"@context\":\"https:\\\/\\\/schema.org\",\"@graph\":[{\"@type\":\"WebPage\",\"@id\":\"https:\\\/\\\/hipertin.pl\\\/index.php\\\/product\\\/zestaw-regenerujacy-back-to-nature-szampon-air-lotion-gravity\\\/\",\"url\":\"https:\\\/\\\/hipertin.pl\\\/index.php\\\/product\\\/zestaw-regenerujacy-back-to-nature-szampon-air-lotion-gravity\\\/\",\"name\":\"Zestaw regeneruj\u0105cy Back to Nature - Szampon AIR + Lotion GRAVITY - HIPERTIN - Profesjonalne produkty Fryzjerskie\",\"isPartOf\":{\"@id\":\"https:\\\/\\\/hipertin.pl\\\/#website\"},\"primaryImageOfPage\":{\"@id\":\"https:\\\/\\\/hipertin.pl\\\/index.php\\\/product\\\/zestaw-regenerujacy-back-to-nature-szampon-air-lotion-gravity\\\/#primaryimage\"},\"image\":{\"@id\":\"https:\\\/\\\/hipertin.pl\\\/index.php\\\/product\\\/zestaw-regenerujacy-back-to-nature-szampon-air-lotion-gravity\\\/#primaryimage\"},\"thumbnailUrl\":\"https:\\\/\\\/hipertin.pl\\\/wp-content\\\/uploads\\\/2022\\\/12\\\/Zestaw-regenerujacy-Back-to-Nature-Szampon-AIR-Lotion-GRAVITY-.png\",\"datePublished\":\"2022-12-21T14:54:33+00:00\",\"dateModified\":\"2026-04-10T11:00:50+00:00\",\"description\":\"Limitowany Zestaw Mineral zawiera szampon do w\u0142os\u00f3w, a tak\u017ce olejek mineralny. Magiczna formu\u0142a olejk\u00f3w, minera\u0142\u00f3w i kamieni szlachetnych, a tak\u017ce protein i witamin sprawi, \u017ce twoje w\u0142osy b\u0119d\u0105 zdrowe i l\u015bni\u0105ce. Produkty \u015bwietnie regeneruj\u0105 nawet mocno zniszczone w\u0142osy, nadaj\u0105c im witalno\u015bci i blasku. Jako\u015b\u0107 PREMIUM!\",\"breadcrumb\":{\"@id\":\"https:\\\/\\\/hipertin.pl\\\/index.php\\\/product\\\/zestaw-regenerujacy-back-to-nature-szampon-air-lotion-gravity\\\/#breadcrumb\"},\"inLanguage\":\"pl-PL\",\"potentialAction\":[{\"@type\":\"ReadAction\",\"target\":[\"https:\\\/\\\/hipertin.pl\\\/index.php\\\/product\\\/zestaw-regenerujacy-back-to-nature-szampon-air-lotion-gravity\\\/\"]}]},{\"@type\":\"ImageObject\",\"inLanguage\":\"pl-PL\",\"@id\":\"https:\\\/\\\/hipertin.pl\\\/index.php\\\/product\\\/zestaw-regenerujacy-back-to-nature-szampon-air-lotion-gravity\\\/#primaryimage\",\"url\":\"https:\\\/\\\/hipertin.pl\\\/wp-content\\\/uploads\\\/2022\\\/12\\\/Zestaw-regenerujacy-Back-to-Nature-Szampon-AIR-Lotion-GRAVITY-.png\",\"contentUrl\":\"https:\\\/\\\/hipertin.pl\\\/wp-content\\\/uploads\\\/2022\\\/12\\\/Zestaw-regenerujacy-Back-to-Nature-Szampon-AIR-Lotion-GRAVITY-.png\",\"width\":500,\"height\":500},{\"@type\":\"BreadcrumbList\",\"@id\":\"https:\\\/\\\/hipertin.pl\\\/index.php\\\/product\\\/zestaw-regenerujacy-back-to-nature-szampon-air-lotion-gravity\\\/#breadcrumb\",\"itemListElement\":[{\"@type\":\"ListItem\",\"position\":1,\"name\":\"Strona g\u0142\u00f3wna\",\"item\":\"https:\\\/\\\/hipertin.pl\\\/\"},{\"@type\":\"ListItem\",\"position\":2,\"name\":\"Sklep\",\"item\":\"https:\\\/\\\/hipertin.pl\\\/index.php\\\/sklep\\\/\"},{\"@type\":\"ListItem\",\"position\":3,\"name\":\"Zestaw regeneruj\u0105cy Back to Nature &#8211; Szampon AIR + Lotion GRAVITY\"}]},{\"@type\":\"WebSite\",\"@id\":\"https:\\\/\\\/hipertin.pl\\\/#website\",\"url\":\"https:\\\/\\\/hipertin.pl\\\/\",\"name\":\"HIPERTIN - Profesjonalne produkty Fryzjerskie\",\"description\":\"\",\"potentialAction\":[{\"@type\":\"SearchAction\",\"target\":{\"@type\":\"EntryPoint\",\"urlTemplate\":\"https:\\\/\\\/hipertin.pl\\\/?s={search_term_string}\"},\"query-input\":{\"@type\":\"PropertyValueSpecification\",\"valueRequired\":true,\"valueName\":\"search_term_string\"}}],\"inLanguage\":\"pl-PL\"}]}<\/script>\n<!-- \/ Yoast SEO plugin. -->","yoast_head_json":{"title":"Zestaw regeneruj\u0105cy Back to Nature - Szampon AIR + Lotion GRAVITY - HIPERTIN - Profesjonalne produkty Fryzjerskie","description":"Limitowany Zestaw Mineral zawiera szampon do w\u0142os\u00f3w, a tak\u017ce olejek mineralny. Magiczna formu\u0142a olejk\u00f3w, minera\u0142\u00f3w i kamieni szlachetnych, a tak\u017ce protein i witamin sprawi, \u017ce twoje w\u0142osy b\u0119d\u0105 zdrowe i l\u015bni\u0105ce. Produkty \u015bwietnie regeneruj\u0105 nawet mocno zniszczone w\u0142osy, nadaj\u0105c im witalno\u015bci i blasku. Jako\u015b\u0107 PREMIUM!","robots":{"index":"index","follow":"follow","max-snippet":"max-snippet:-1","max-image-preview":"max-image-preview:large","max-video-preview":"max-video-preview:-1"},"canonical":"https:\/\/hipertin.pl\/index.php\/product\/zestaw-regenerujacy-back-to-nature-szampon-air-lotion-gravity\/","og_locale":"pl_PL","og_type":"article","og_title":"Zestaw regeneruj\u0105cy Back to Nature - Szampon AIR + Lotion GRAVITY - HIPERTIN - Profesjonalne produkty Fryzjerskie","og_description":"Limitowany Zestaw Mineral zawiera szampon do w\u0142os\u00f3w, a tak\u017ce olejek mineralny. Magiczna formu\u0142a olejk\u00f3w, minera\u0142\u00f3w i kamieni szlachetnych, a tak\u017ce protein i witamin sprawi, \u017ce twoje w\u0142osy b\u0119d\u0105 zdrowe i l\u015bni\u0105ce. Produkty \u015bwietnie regeneruj\u0105 nawet mocno zniszczone w\u0142osy, nadaj\u0105c im witalno\u015bci i blasku. Jako\u015b\u0107 PREMIUM!","og_url":"https:\/\/hipertin.pl\/index.php\/product\/zestaw-regenerujacy-back-to-nature-szampon-air-lotion-gravity\/","og_site_name":"HIPERTIN - Profesjonalne produkty Fryzjerskie","article_modified_time":"2026-04-10T11:00:50+00:00","og_image":[{"width":500,"height":500,"url":"http:\/\/hipertin.pl\/wp-content\/uploads\/2022\/12\/Zestaw-regenerujacy-Back-to-Nature-Szampon-AIR-Lotion-GRAVITY-.png","type":"image\/png"}],"twitter_card":"summary_large_image","twitter_misc":{"Szacowany czas czytania":"1 minuta"},"schema":{"@context":"https:\/\/schema.org","@graph":[{"@type":"WebPage","@id":"https:\/\/hipertin.pl\/index.php\/product\/zestaw-regenerujacy-back-to-nature-szampon-air-lotion-gravity\/","url":"https:\/\/hipertin.pl\/index.php\/product\/zestaw-regenerujacy-back-to-nature-szampon-air-lotion-gravity\/","name":"Zestaw regeneruj\u0105cy Back to Nature - Szampon AIR + Lotion GRAVITY - HIPERTIN - Profesjonalne produkty Fryzjerskie","isPartOf":{"@id":"https:\/\/hipertin.pl\/#website"},"primaryImageOfPage":{"@id":"https:\/\/hipertin.pl\/index.php\/product\/zestaw-regenerujacy-back-to-nature-szampon-air-lotion-gravity\/#primaryimage"},"image":{"@id":"https:\/\/hipertin.pl\/index.php\/product\/zestaw-regenerujacy-back-to-nature-szampon-air-lotion-gravity\/#primaryimage"},"thumbnailUrl":"https:\/\/hipertin.pl\/wp-content\/uploads\/2022\/12\/Zestaw-regenerujacy-Back-to-Nature-Szampon-AIR-Lotion-GRAVITY-.png","datePublished":"2022-12-21T14:54:33+00:00","dateModified":"2026-04-10T11:00:50+00:00","description":"Limitowany Zestaw Mineral zawiera szampon do w\u0142os\u00f3w, a tak\u017ce olejek mineralny. Magiczna formu\u0142a olejk\u00f3w, minera\u0142\u00f3w i kamieni szlachetnych, a tak\u017ce protein i witamin sprawi, \u017ce twoje w\u0142osy b\u0119d\u0105 zdrowe i l\u015bni\u0105ce. Produkty \u015bwietnie regeneruj\u0105 nawet mocno zniszczone w\u0142osy, nadaj\u0105c im witalno\u015bci i blasku. Jako\u015b\u0107 PREMIUM!","breadcrumb":{"@id":"https:\/\/hipertin.pl\/index.php\/product\/zestaw-regenerujacy-back-to-nature-szampon-air-lotion-gravity\/#breadcrumb"},"inLanguage":"pl-PL","potentialAction":[{"@type":"ReadAction","target":["https:\/\/hipertin.pl\/index.php\/product\/zestaw-regenerujacy-back-to-nature-szampon-air-lotion-gravity\/"]}]},{"@type":"ImageObject","inLanguage":"pl-PL","@id":"https:\/\/hipertin.pl\/index.php\/product\/zestaw-regenerujacy-back-to-nature-szampon-air-lotion-gravity\/#primaryimage","url":"https:\/\/hipertin.pl\/wp-content\/uploads\/2022\/12\/Zestaw-regenerujacy-Back-to-Nature-Szampon-AIR-Lotion-GRAVITY-.png","contentUrl":"https:\/\/hipertin.pl\/wp-content\/uploads\/2022\/12\/Zestaw-regenerujacy-Back-to-Nature-Szampon-AIR-Lotion-GRAVITY-.png","width":500,"height":500},{"@type":"BreadcrumbList","@id":"https:\/\/hipertin.pl\/index.php\/product\/zestaw-regenerujacy-back-to-nature-szampon-air-lotion-gravity\/#breadcrumb","itemListElement":[{"@type":"ListItem","position":1,"name":"Strona g\u0142\u00f3wna","item":"https:\/\/hipertin.pl\/"},{"@type":"ListItem","position":2,"name":"Sklep","item":"https:\/\/hipertin.pl\/index.php\/sklep\/"},{"@type":"ListItem","position":3,"name":"Zestaw regeneruj\u0105cy Back to Nature &#8211; Szampon AIR + Lotion GRAVITY"}]},{"@type":"WebSite","@id":"https:\/\/hipertin.pl\/#website","url":"https:\/\/hipertin.pl\/","name":"HIPERTIN - Profesjonalne produkty Fryzjerskie","description":"","potentialAction":[{"@type":"SearchAction","target":{"@type":"EntryPoint","urlTemplate":"https:\/\/hipertin.pl\/?s={search_term_string}"},"query-input":{"@type":"PropertyValueSpecification","valueRequired":true,"valueName":"search_term_string"}}],"inLanguage":"pl-PL"}]}},"brands":[{"id":133,"name":"Hipertin","slug":"hipertin"}],"_links":{"self":[{"href":"https:\/\/hipertin.pl\/index.php\/wp-json\/wp\/v2\/product\/4324","targetHints":{"allow":["GET"]}}],"collection":[{"href":"https:\/\/hipertin.pl\/index.php\/wp-json\/wp\/v2\/product"}],"about":[{"href":"https:\/\/hipertin.pl\/index.php\/wp-json\/wp\/v2\/types\/product"}],"replies":[{"embeddable":true,"href":"https:\/\/hipertin.pl\/index.php\/wp-json\/wp\/v2\/comments?post=4324"}],"wp:featuredmedia":[{"embeddable":true,"href":"https:\/\/hipertin.pl\/index.php\/wp-json\/wp\/v2\/media\/4897"}],"wp:attachment":[{"href":"https:\/\/hipertin.pl\/index.php\/wp-json\/wp\/v2\/media?parent=4324"}],"wp:term":[{"taxonomy":"pwb-brand","embeddable":true,"href":"https:\/\/hipertin.pl\/index.php\/wp-json\/wp\/v2\/pwb-brand?post=4324"},{"taxonomy":"product_brand","embeddable":true,"href":"https:\/\/hipertin.pl\/index.php\/wp-json\/wp\/v2\/product_brand?post=4324"},{"taxonomy":"product_cat","embeddable":true,"href":"https:\/\/hipertin.pl\/index.php\/wp-json\/wp\/v2\/product_cat?post=4324"},{"taxonomy":"product_tag","embeddable":true,"href":"https:\/\/hipertin.pl\/index.php\/wp-json\/wp\/v2\/product_tag?post=4324"}],"curies":[{"name":"wp","href":"https:\/\/api.w.org\/{rel}","templated":true}]}}