{"id":3016,"date":"2021-07-23T09:02:04","date_gmt":"2021-07-23T09:02:04","guid":{"rendered":"https:\/\/server656728.nazwa.pl\/hipertin\/?post_type=product&#038;p=3016"},"modified":"2026-04-13T12:05:33","modified_gmt":"2026-04-13T12:05:33","slug":"3016","status":"publish","type":"product","link":"https:\/\/hipertin.pl\/index.php\/product\/3016\/","title":{"rendered":"Zestaw przeciw\u0142upie\u017cowy"},"content":{"rendered":"<p><strong>DANDRUFF CONTROL \u2013 SZAMPON PRZECIW\u0141UPIE\u017bOWY Z NATURALNYM EKSTRAKTEM Z IMBIRU<\/strong> Przywraca r\u00f3wnowag\u0119 sk\u00f3rze g\u0142owy, posiada w\u0142a\u015bciwo\u015bci przeciwzapalne, przeciwutleniaj\u0105ce i energetyzuj\u0105ce. Szampon z najnowszej linii Linecure, kt\u00f3ra zosta\u0142a opracowana z uwzgl\u0119dnieniem wega\u0144skich receptur i naturalnych sk\u0142adnik\u00f3w, kt\u00f3re zapewniaj\u0105 skuteczne i sprawdzone rozwi\u0105zania dla w\u0142os\u00f3w i potrzeb sk\u00f3ry g\u0142owy.<\/p>\n<p><strong>Hipertin Linecure Re-Balancing Lotion do w\u0142os\u00f3w<\/strong> zaskoczy Ciebie swoj\u0105 skuteczno\u015bci\u0105 i szybko\u015bci\u0105 dzia\u0142ania.\u00a0<strong>Zwalcza \u0142upie\u017c, reguluje wydzielanie \u0142ojotoku. <\/strong>Hipertin Linecure Re-Balancing lotion do w\u0142os\u00f3w to produkt, kt\u00f3ry powsta\u0142 specjalnie z my\u015bl\u0105 o osobach, kt\u00f3re walcz\u0105 z \u0142upie\u017cem, kt\u00f3ry wiecznie do nich powraca. Dzi\u0119ki zawarto\u015bci aktywnych sk\u0142adnik\u00f3w, takich jak:\u00a0<strong>kompleks aminokwas\u00f3w, cysteina oraz ekstrakt z placenty<\/strong>, Hipertin Linecure Re-Balancing Lotion do w\u0142os\u00f3w szybko i skutecznie zwalcza \u0142upie\u017c oraz doskonale reguluje wydzielanie \u0142ojotoku. Ponadto, idealnie poprawia cyrkulacj\u0119 krwi w sk\u00f3rze g\u0142owy oraz wzmacnia struktur\u0119 w\u0142os\u00f3w, kt\u00f3re staj\u0105 si\u0119 bardziej odporne. W efekcie, w\u0142osy b\u0119d\u0105 mocniejsze, zdrowsze, lepiej nawil\u017cone i bardziej witalne. Nie pojawi si\u0119 tak\u017ce uporczywy \u0142upie\u017c, kt\u00f3ry do tej pory tak trudno by\u0142o Ci pokona\u0107.<\/p>\n","protected":false},"excerpt":{"rendered":"<p>Szukasz skutecznego lotionu, kt\u00f3ry wyeliminuje \u0142upie\u017c i \u0142ojotok? Wybierz wi\u0119c\u00a0<strong>Hipertin <\/strong>zestaw przeciw\u0142upie\u017cowy.<\/p>\n<p>W sk\u0142ad zestawu wchodz\u0105:<\/p>\n<ul>\n<li><strong>Szampon przeciw\u0142upie\u017cowy HIPERTIN Danduff Control &#8211; 300ml<\/strong><\/li>\n<li><strong>Lotion przywracaj\u0105cy r\u00f3wnowag\u0119 HIPERTIN Linecure Re-Balancing Liotion &#8211; 200ml<\/strong><\/li>\n<\/ul>\n","protected":false},"featured_media":3006,"comment_status":"open","ping_status":"closed","template":"","meta":[],"pwb-brand":[133],"product_brand":[],"product_cat":[142],"product_tag":[],"class_list":{"0":"post-3016","1":"product","2":"type-product","3":"status-publish","4":"has-post-thumbnail","6":"pwb-brand-hipertin","7":"product_cat-zestawy-kosmetykow-produktow","8":"product_shipping_class-darmowa-wysylka","10":"first","11":"instock","12":"shipping-taxable","13":"purchasable","14":"product-type-simple"},"yoast_head":"<!-- This site is optimized with the Yoast SEO plugin v27.3 - https:\/\/yoast.com\/product\/yoast-seo-wordpress\/ -->\n<title>Zestaw przeciw\u0142upie\u017cowy - HIPERTIN - Profesjonalne produkty Fryzjerskie<\/title>\n<meta name=\"robots\" content=\"index, follow, max-snippet:-1, max-image-preview:large, max-video-preview:-1\" \/>\n<link rel=\"canonical\" href=\"https:\/\/hipertin.pl\/index.php\/product\/3016\/\" \/>\n<meta property=\"og:locale\" content=\"pl_PL\" \/>\n<meta property=\"og:type\" content=\"article\" \/>\n<meta property=\"og:title\" content=\"Zestaw przeciw\u0142upie\u017cowy - HIPERTIN - Profesjonalne produkty Fryzjerskie\" \/>\n<meta property=\"og:description\" content=\"Szukasz skutecznego lotionu, kt\u00f3ry wyeliminuje \u0142upie\u017c i \u0142ojotok? Wybierz wi\u0119c\u00a0Hipertin zestaw przeciw\u0142upie\u017cowy.  W sk\u0142ad zestawu wchodz\u0105:   Szampon przeciw\u0142upie\u017cowy HIPERTIN Danduff Control - 300ml  Lotion przywracaj\u0105cy r\u00f3wnowag\u0119 HIPERTIN Linecure Re-Balancing Liotion - 200ml\" \/>\n<meta property=\"og:url\" content=\"https:\/\/hipertin.pl\/index.php\/product\/3016\/\" \/>\n<meta property=\"og:site_name\" content=\"HIPERTIN - Profesjonalne produkty Fryzjerskie\" \/>\n<meta property=\"article:modified_time\" content=\"2026-04-13T12:05:33+00:00\" \/>\n<meta property=\"og:image\" content=\"http:\/\/hipertin.pl\/wp-content\/uploads\/2021\/07\/Zestaw-Przeciwlupiezowy-HIPERTIN-e1636533626890.png\" \/>\n\t<meta property=\"og:image:width\" content=\"600\" \/>\n\t<meta property=\"og:image:height\" content=\"600\" \/>\n\t<meta property=\"og:image:type\" content=\"image\/png\" \/>\n<meta name=\"twitter:card\" content=\"summary_large_image\" \/>\n<meta name=\"twitter:label1\" content=\"Szacowany czas czytania\" \/>\n\t<meta name=\"twitter:data1\" content=\"1 minuta\" \/>\n<script type=\"application\/ld+json\" class=\"yoast-schema-graph\">{\"@context\":\"https:\\\/\\\/schema.org\",\"@graph\":[{\"@type\":\"WebPage\",\"@id\":\"https:\\\/\\\/hipertin.pl\\\/index.php\\\/product\\\/3016\\\/\",\"url\":\"https:\\\/\\\/hipertin.pl\\\/index.php\\\/product\\\/3016\\\/\",\"name\":\"Zestaw przeciw\u0142upie\u017cowy - HIPERTIN - Profesjonalne produkty Fryzjerskie\",\"isPartOf\":{\"@id\":\"https:\\\/\\\/hipertin.pl\\\/#website\"},\"primaryImageOfPage\":{\"@id\":\"https:\\\/\\\/hipertin.pl\\\/index.php\\\/product\\\/3016\\\/#primaryimage\"},\"image\":{\"@id\":\"https:\\\/\\\/hipertin.pl\\\/index.php\\\/product\\\/3016\\\/#primaryimage\"},\"thumbnailUrl\":\"https:\\\/\\\/hipertin.pl\\\/wp-content\\\/uploads\\\/2021\\\/07\\\/Zestaw-Przeciwlupiezowy-HIPERTIN-e1636533626890.png\",\"datePublished\":\"2021-07-23T09:02:04+00:00\",\"dateModified\":\"2026-04-13T12:05:33+00:00\",\"breadcrumb\":{\"@id\":\"https:\\\/\\\/hipertin.pl\\\/index.php\\\/product\\\/3016\\\/#breadcrumb\"},\"inLanguage\":\"pl-PL\",\"potentialAction\":[{\"@type\":\"ReadAction\",\"target\":[\"https:\\\/\\\/hipertin.pl\\\/index.php\\\/product\\\/3016\\\/\"]}]},{\"@type\":\"ImageObject\",\"inLanguage\":\"pl-PL\",\"@id\":\"https:\\\/\\\/hipertin.pl\\\/index.php\\\/product\\\/3016\\\/#primaryimage\",\"url\":\"https:\\\/\\\/hipertin.pl\\\/wp-content\\\/uploads\\\/2021\\\/07\\\/Zestaw-Przeciwlupiezowy-HIPERTIN-e1636533626890.png\",\"contentUrl\":\"https:\\\/\\\/hipertin.pl\\\/wp-content\\\/uploads\\\/2021\\\/07\\\/Zestaw-Przeciwlupiezowy-HIPERTIN-e1636533626890.png\",\"width\":600,\"height\":600},{\"@type\":\"BreadcrumbList\",\"@id\":\"https:\\\/\\\/hipertin.pl\\\/index.php\\\/product\\\/3016\\\/#breadcrumb\",\"itemListElement\":[{\"@type\":\"ListItem\",\"position\":1,\"name\":\"Strona g\u0142\u00f3wna\",\"item\":\"https:\\\/\\\/hipertin.pl\\\/\"},{\"@type\":\"ListItem\",\"position\":2,\"name\":\"Sklep\",\"item\":\"https:\\\/\\\/hipertin.pl\\\/index.php\\\/sklep\\\/\"},{\"@type\":\"ListItem\",\"position\":3,\"name\":\"Zestaw przeciw\u0142upie\u017cowy\"}]},{\"@type\":\"WebSite\",\"@id\":\"https:\\\/\\\/hipertin.pl\\\/#website\",\"url\":\"https:\\\/\\\/hipertin.pl\\\/\",\"name\":\"HIPERTIN - Profesjonalne produkty Fryzjerskie\",\"description\":\"\",\"potentialAction\":[{\"@type\":\"SearchAction\",\"target\":{\"@type\":\"EntryPoint\",\"urlTemplate\":\"https:\\\/\\\/hipertin.pl\\\/?s={search_term_string}\"},\"query-input\":{\"@type\":\"PropertyValueSpecification\",\"valueRequired\":true,\"valueName\":\"search_term_string\"}}],\"inLanguage\":\"pl-PL\"}]}<\/script>\n<!-- \/ Yoast SEO plugin. -->","yoast_head_json":{"title":"Zestaw przeciw\u0142upie\u017cowy - HIPERTIN - Profesjonalne produkty Fryzjerskie","robots":{"index":"index","follow":"follow","max-snippet":"max-snippet:-1","max-image-preview":"max-image-preview:large","max-video-preview":"max-video-preview:-1"},"canonical":"https:\/\/hipertin.pl\/index.php\/product\/3016\/","og_locale":"pl_PL","og_type":"article","og_title":"Zestaw przeciw\u0142upie\u017cowy - HIPERTIN - Profesjonalne produkty Fryzjerskie","og_description":"Szukasz skutecznego lotionu, kt\u00f3ry wyeliminuje \u0142upie\u017c i \u0142ojotok? Wybierz wi\u0119c\u00a0Hipertin zestaw przeciw\u0142upie\u017cowy.  W sk\u0142ad zestawu wchodz\u0105:   Szampon przeciw\u0142upie\u017cowy HIPERTIN Danduff Control - 300ml  Lotion przywracaj\u0105cy r\u00f3wnowag\u0119 HIPERTIN Linecure Re-Balancing Liotion - 200ml","og_url":"https:\/\/hipertin.pl\/index.php\/product\/3016\/","og_site_name":"HIPERTIN - Profesjonalne produkty Fryzjerskie","article_modified_time":"2026-04-13T12:05:33+00:00","og_image":[{"width":600,"height":600,"url":"http:\/\/hipertin.pl\/wp-content\/uploads\/2021\/07\/Zestaw-Przeciwlupiezowy-HIPERTIN-e1636533626890.png","type":"image\/png"}],"twitter_card":"summary_large_image","twitter_misc":{"Szacowany czas czytania":"1 minuta"},"schema":{"@context":"https:\/\/schema.org","@graph":[{"@type":"WebPage","@id":"https:\/\/hipertin.pl\/index.php\/product\/3016\/","url":"https:\/\/hipertin.pl\/index.php\/product\/3016\/","name":"Zestaw przeciw\u0142upie\u017cowy - HIPERTIN - Profesjonalne produkty Fryzjerskie","isPartOf":{"@id":"https:\/\/hipertin.pl\/#website"},"primaryImageOfPage":{"@id":"https:\/\/hipertin.pl\/index.php\/product\/3016\/#primaryimage"},"image":{"@id":"https:\/\/hipertin.pl\/index.php\/product\/3016\/#primaryimage"},"thumbnailUrl":"https:\/\/hipertin.pl\/wp-content\/uploads\/2021\/07\/Zestaw-Przeciwlupiezowy-HIPERTIN-e1636533626890.png","datePublished":"2021-07-23T09:02:04+00:00","dateModified":"2026-04-13T12:05:33+00:00","breadcrumb":{"@id":"https:\/\/hipertin.pl\/index.php\/product\/3016\/#breadcrumb"},"inLanguage":"pl-PL","potentialAction":[{"@type":"ReadAction","target":["https:\/\/hipertin.pl\/index.php\/product\/3016\/"]}]},{"@type":"ImageObject","inLanguage":"pl-PL","@id":"https:\/\/hipertin.pl\/index.php\/product\/3016\/#primaryimage","url":"https:\/\/hipertin.pl\/wp-content\/uploads\/2021\/07\/Zestaw-Przeciwlupiezowy-HIPERTIN-e1636533626890.png","contentUrl":"https:\/\/hipertin.pl\/wp-content\/uploads\/2021\/07\/Zestaw-Przeciwlupiezowy-HIPERTIN-e1636533626890.png","width":600,"height":600},{"@type":"BreadcrumbList","@id":"https:\/\/hipertin.pl\/index.php\/product\/3016\/#breadcrumb","itemListElement":[{"@type":"ListItem","position":1,"name":"Strona g\u0142\u00f3wna","item":"https:\/\/hipertin.pl\/"},{"@type":"ListItem","position":2,"name":"Sklep","item":"https:\/\/hipertin.pl\/index.php\/sklep\/"},{"@type":"ListItem","position":3,"name":"Zestaw przeciw\u0142upie\u017cowy"}]},{"@type":"WebSite","@id":"https:\/\/hipertin.pl\/#website","url":"https:\/\/hipertin.pl\/","name":"HIPERTIN - Profesjonalne produkty Fryzjerskie","description":"","potentialAction":[{"@type":"SearchAction","target":{"@type":"EntryPoint","urlTemplate":"https:\/\/hipertin.pl\/?s={search_term_string}"},"query-input":{"@type":"PropertyValueSpecification","valueRequired":true,"valueName":"search_term_string"}}],"inLanguage":"pl-PL"}]}},"brands":[{"id":133,"name":"Hipertin","slug":"hipertin"}],"_links":{"self":[{"href":"https:\/\/hipertin.pl\/index.php\/wp-json\/wp\/v2\/product\/3016","targetHints":{"allow":["GET"]}}],"collection":[{"href":"https:\/\/hipertin.pl\/index.php\/wp-json\/wp\/v2\/product"}],"about":[{"href":"https:\/\/hipertin.pl\/index.php\/wp-json\/wp\/v2\/types\/product"}],"replies":[{"embeddable":true,"href":"https:\/\/hipertin.pl\/index.php\/wp-json\/wp\/v2\/comments?post=3016"}],"wp:featuredmedia":[{"embeddable":true,"href":"https:\/\/hipertin.pl\/index.php\/wp-json\/wp\/v2\/media\/3006"}],"wp:attachment":[{"href":"https:\/\/hipertin.pl\/index.php\/wp-json\/wp\/v2\/media?parent=3016"}],"wp:term":[{"taxonomy":"pwb-brand","embeddable":true,"href":"https:\/\/hipertin.pl\/index.php\/wp-json\/wp\/v2\/pwb-brand?post=3016"},{"taxonomy":"product_brand","embeddable":true,"href":"https:\/\/hipertin.pl\/index.php\/wp-json\/wp\/v2\/product_brand?post=3016"},{"taxonomy":"product_cat","embeddable":true,"href":"https:\/\/hipertin.pl\/index.php\/wp-json\/wp\/v2\/product_cat?post=3016"},{"taxonomy":"product_tag","embeddable":true,"href":"https:\/\/hipertin.pl\/index.php\/wp-json\/wp\/v2\/product_tag?post=3016"}],"curies":[{"name":"wp","href":"https:\/\/api.w.org\/{rel}","templated":true}]}}