{"id":3012,"date":"2021-07-23T08:43:19","date_gmt":"2021-07-23T08:43:19","guid":{"rendered":"https:\/\/server656728.nazwa.pl\/hipertin\/?post_type=product&#038;p=3012"},"modified":"2026-04-13T12:45:10","modified_gmt":"2026-04-13T12:45:10","slug":"3012","status":"publish","type":"product","link":"https:\/\/hipertin.pl\/index.php\/product\/3012\/","title":{"rendered":"Zestaw Color do w\u0142os\u00f3w farbowanych"},"content":{"rendered":"<div class=\"_1xwp\"><strong>Szampon COLOR CARE \u2013 Do w\u0142os\u00f3w farbowanych i rozja\u015bnianych w\u0142os\u00f3w z naturalnym ekstraktem z brzoskwini. <\/strong>Dzi\u0119ki w\u0142a\u015bciwo\u015bciom nawil\u017caj\u0105cym oraz przeciwutleniaj\u0105cym, chroni i przed\u0142u\u017ca trwa\u0142o\u015b\u0107 koloru. Szampon z najnowszej linii Linecure, kt\u00f3ra zosta\u0142a opracowana z uwzgl\u0119dnieniem wega\u0144skich receptur i naturalnych sk\u0142adnik\u00f3w, kt\u00f3re zapewniaj\u0105 skuteczne i sprawdzone rozwi\u0105zania dla w\u0142os\u00f3w i potrzeb sk\u00f3ry g\u0142owy.<\/div>\n<div><\/div>\n<div><strong>Balsam leczniczy HYDRO COLOR<\/strong>\u2013 koj\u0105ca od\u017cywka przeznaczona przede wszystkim, do w\u0142os\u00f3w farbowanych i rozja\u015bnianych. Zapewnia ochron\u0119 koloru i znacznie poprawia od\u017cywienie w\u0142os\u00f3w. W\u0142osy staj\u0105 si\u0119 zadbane, jedwabiste i b\u0142yszcz\u0105ce. Witamina E i Filtry UVA\/UVB, zapewniaj\u0105 d\u0142ugotrwa\u0142\u0105 ochron\u0119 przed utrat\u0105 koloru. Ekskluzywna formu\u0142a od\u017cywki, zawiera olejek arganowy, kt\u00f3ra pomaga od\u017cywi\u0107 i nawil\u017cy\u0107 w\u0142osy, pozostawiaj\u0105c je elastyczne, delikatne i b\u0142yszcz\u0105ce.<\/div>\n","protected":false},"excerpt":{"rendered":"<p>Chcesz, aby Tw\u00f3j nowy kolor w\u0142os\u00f3w by\u0142 trwa\u0142y, a w\u0142osy nie straci\u0142y blasku? Wybierz HIPERTIN COLOR zestaw do w\u0142os\u00f3w farbowanych.<\/p>\n<p>W sk\u0142ad zestawu wchodz\u0105:<\/p>\n<ul>\n<li><strong>Szampon do w\u0142os\u00f3w farbowanych HIPERTIN Color Care &#8211; 300 ml<\/strong><\/li>\n<li><strong>Od\u017cywka Hydro Color HIPERTIN &#8211; 300 ml<\/strong><\/li>\n<\/ul>\n","protected":false},"featured_media":3001,"comment_status":"open","ping_status":"closed","template":"","meta":[],"pwb-brand":[133],"product_brand":[],"product_cat":[142],"product_tag":[],"class_list":{"0":"post-3012","1":"product","2":"type-product","3":"status-publish","4":"has-post-thumbnail","6":"pwb-brand-hipertin","7":"product_cat-zestawy-kosmetykow-produktow","8":"product_shipping_class-darmowa-wysylka","10":"first","11":"instock","12":"shipping-taxable","13":"purchasable","14":"product-type-simple"},"yoast_head":"<!-- This site is optimized with the Yoast SEO plugin v27.3 - https:\/\/yoast.com\/product\/yoast-seo-wordpress\/ -->\n<title>Zestaw Color do w\u0142os\u00f3w farbowanych - HIPERTIN - Profesjonalne produkty Fryzjerskie<\/title>\n<meta name=\"robots\" content=\"index, follow, max-snippet:-1, max-image-preview:large, max-video-preview:-1\" \/>\n<link rel=\"canonical\" href=\"https:\/\/hipertin.pl\/index.php\/product\/3012\/\" \/>\n<meta property=\"og:locale\" content=\"pl_PL\" \/>\n<meta property=\"og:type\" content=\"article\" \/>\n<meta property=\"og:title\" content=\"Zestaw Color do w\u0142os\u00f3w farbowanych - HIPERTIN - Profesjonalne produkty Fryzjerskie\" \/>\n<meta property=\"og:description\" content=\"Chcesz, aby Tw\u00f3j nowy kolor w\u0142os\u00f3w by\u0142 trwa\u0142y, a w\u0142osy nie straci\u0142y blasku? Wybierz HIPERTIN COLOR zestaw do w\u0142os\u00f3w farbowanych.  W sk\u0142ad zestawu wchodz\u0105:   Szampon do w\u0142os\u00f3w farbowanych HIPERTIN Color Care - 300 ml  Od\u017cywka Hydro Color HIPERTIN - 300 ml\" \/>\n<meta property=\"og:url\" content=\"https:\/\/hipertin.pl\/index.php\/product\/3012\/\" \/>\n<meta property=\"og:site_name\" content=\"HIPERTIN - Profesjonalne produkty Fryzjerskie\" \/>\n<meta property=\"article:modified_time\" content=\"2026-04-13T12:45:10+00:00\" \/>\n<meta property=\"og:image\" content=\"http:\/\/hipertin.pl\/wp-content\/uploads\/2021\/07\/Zestaw-Color-do-wlosow-farbowanych-HIPERTIN-e1636533696925.png\" \/>\n\t<meta property=\"og:image:width\" content=\"600\" \/>\n\t<meta property=\"og:image:height\" content=\"600\" \/>\n\t<meta property=\"og:image:type\" content=\"image\/png\" \/>\n<meta name=\"twitter:card\" content=\"summary_large_image\" \/>\n<meta name=\"twitter:label1\" content=\"Szacowany czas czytania\" \/>\n\t<meta name=\"twitter:data1\" content=\"1 minuta\" \/>\n<script type=\"application\/ld+json\" class=\"yoast-schema-graph\">{\"@context\":\"https:\\\/\\\/schema.org\",\"@graph\":[{\"@type\":\"WebPage\",\"@id\":\"https:\\\/\\\/hipertin.pl\\\/index.php\\\/product\\\/3012\\\/\",\"url\":\"https:\\\/\\\/hipertin.pl\\\/index.php\\\/product\\\/3012\\\/\",\"name\":\"Zestaw Color do w\u0142os\u00f3w farbowanych - HIPERTIN - Profesjonalne produkty Fryzjerskie\",\"isPartOf\":{\"@id\":\"https:\\\/\\\/hipertin.pl\\\/#website\"},\"primaryImageOfPage\":{\"@id\":\"https:\\\/\\\/hipertin.pl\\\/index.php\\\/product\\\/3012\\\/#primaryimage\"},\"image\":{\"@id\":\"https:\\\/\\\/hipertin.pl\\\/index.php\\\/product\\\/3012\\\/#primaryimage\"},\"thumbnailUrl\":\"https:\\\/\\\/hipertin.pl\\\/wp-content\\\/uploads\\\/2021\\\/07\\\/Zestaw-Color-do-wlosow-farbowanych-HIPERTIN-e1636533696925.png\",\"datePublished\":\"2021-07-23T08:43:19+00:00\",\"dateModified\":\"2026-04-13T12:45:10+00:00\",\"breadcrumb\":{\"@id\":\"https:\\\/\\\/hipertin.pl\\\/index.php\\\/product\\\/3012\\\/#breadcrumb\"},\"inLanguage\":\"pl-PL\",\"potentialAction\":[{\"@type\":\"ReadAction\",\"target\":[\"https:\\\/\\\/hipertin.pl\\\/index.php\\\/product\\\/3012\\\/\"]}]},{\"@type\":\"ImageObject\",\"inLanguage\":\"pl-PL\",\"@id\":\"https:\\\/\\\/hipertin.pl\\\/index.php\\\/product\\\/3012\\\/#primaryimage\",\"url\":\"https:\\\/\\\/hipertin.pl\\\/wp-content\\\/uploads\\\/2021\\\/07\\\/Zestaw-Color-do-wlosow-farbowanych-HIPERTIN-e1636533696925.png\",\"contentUrl\":\"https:\\\/\\\/hipertin.pl\\\/wp-content\\\/uploads\\\/2021\\\/07\\\/Zestaw-Color-do-wlosow-farbowanych-HIPERTIN-e1636533696925.png\",\"width\":600,\"height\":600},{\"@type\":\"BreadcrumbList\",\"@id\":\"https:\\\/\\\/hipertin.pl\\\/index.php\\\/product\\\/3012\\\/#breadcrumb\",\"itemListElement\":[{\"@type\":\"ListItem\",\"position\":1,\"name\":\"Strona g\u0142\u00f3wna\",\"item\":\"https:\\\/\\\/hipertin.pl\\\/\"},{\"@type\":\"ListItem\",\"position\":2,\"name\":\"Sklep\",\"item\":\"https:\\\/\\\/hipertin.pl\\\/index.php\\\/sklep\\\/\"},{\"@type\":\"ListItem\",\"position\":3,\"name\":\"Zestaw Color do w\u0142os\u00f3w farbowanych\"}]},{\"@type\":\"WebSite\",\"@id\":\"https:\\\/\\\/hipertin.pl\\\/#website\",\"url\":\"https:\\\/\\\/hipertin.pl\\\/\",\"name\":\"HIPERTIN - Profesjonalne produkty Fryzjerskie\",\"description\":\"\",\"potentialAction\":[{\"@type\":\"SearchAction\",\"target\":{\"@type\":\"EntryPoint\",\"urlTemplate\":\"https:\\\/\\\/hipertin.pl\\\/?s={search_term_string}\"},\"query-input\":{\"@type\":\"PropertyValueSpecification\",\"valueRequired\":true,\"valueName\":\"search_term_string\"}}],\"inLanguage\":\"pl-PL\"}]}<\/script>\n<!-- \/ Yoast SEO plugin. -->","yoast_head_json":{"title":"Zestaw Color do w\u0142os\u00f3w farbowanych - HIPERTIN - Profesjonalne produkty Fryzjerskie","robots":{"index":"index","follow":"follow","max-snippet":"max-snippet:-1","max-image-preview":"max-image-preview:large","max-video-preview":"max-video-preview:-1"},"canonical":"https:\/\/hipertin.pl\/index.php\/product\/3012\/","og_locale":"pl_PL","og_type":"article","og_title":"Zestaw Color do w\u0142os\u00f3w farbowanych - HIPERTIN - Profesjonalne produkty Fryzjerskie","og_description":"Chcesz, aby Tw\u00f3j nowy kolor w\u0142os\u00f3w by\u0142 trwa\u0142y, a w\u0142osy nie straci\u0142y blasku? Wybierz HIPERTIN COLOR zestaw do w\u0142os\u00f3w farbowanych.  W sk\u0142ad zestawu wchodz\u0105:   Szampon do w\u0142os\u00f3w farbowanych HIPERTIN Color Care - 300 ml  Od\u017cywka Hydro Color HIPERTIN - 300 ml","og_url":"https:\/\/hipertin.pl\/index.php\/product\/3012\/","og_site_name":"HIPERTIN - Profesjonalne produkty Fryzjerskie","article_modified_time":"2026-04-13T12:45:10+00:00","og_image":[{"width":600,"height":600,"url":"http:\/\/hipertin.pl\/wp-content\/uploads\/2021\/07\/Zestaw-Color-do-wlosow-farbowanych-HIPERTIN-e1636533696925.png","type":"image\/png"}],"twitter_card":"summary_large_image","twitter_misc":{"Szacowany czas czytania":"1 minuta"},"schema":{"@context":"https:\/\/schema.org","@graph":[{"@type":"WebPage","@id":"https:\/\/hipertin.pl\/index.php\/product\/3012\/","url":"https:\/\/hipertin.pl\/index.php\/product\/3012\/","name":"Zestaw Color do w\u0142os\u00f3w farbowanych - HIPERTIN - Profesjonalne produkty Fryzjerskie","isPartOf":{"@id":"https:\/\/hipertin.pl\/#website"},"primaryImageOfPage":{"@id":"https:\/\/hipertin.pl\/index.php\/product\/3012\/#primaryimage"},"image":{"@id":"https:\/\/hipertin.pl\/index.php\/product\/3012\/#primaryimage"},"thumbnailUrl":"https:\/\/hipertin.pl\/wp-content\/uploads\/2021\/07\/Zestaw-Color-do-wlosow-farbowanych-HIPERTIN-e1636533696925.png","datePublished":"2021-07-23T08:43:19+00:00","dateModified":"2026-04-13T12:45:10+00:00","breadcrumb":{"@id":"https:\/\/hipertin.pl\/index.php\/product\/3012\/#breadcrumb"},"inLanguage":"pl-PL","potentialAction":[{"@type":"ReadAction","target":["https:\/\/hipertin.pl\/index.php\/product\/3012\/"]}]},{"@type":"ImageObject","inLanguage":"pl-PL","@id":"https:\/\/hipertin.pl\/index.php\/product\/3012\/#primaryimage","url":"https:\/\/hipertin.pl\/wp-content\/uploads\/2021\/07\/Zestaw-Color-do-wlosow-farbowanych-HIPERTIN-e1636533696925.png","contentUrl":"https:\/\/hipertin.pl\/wp-content\/uploads\/2021\/07\/Zestaw-Color-do-wlosow-farbowanych-HIPERTIN-e1636533696925.png","width":600,"height":600},{"@type":"BreadcrumbList","@id":"https:\/\/hipertin.pl\/index.php\/product\/3012\/#breadcrumb","itemListElement":[{"@type":"ListItem","position":1,"name":"Strona g\u0142\u00f3wna","item":"https:\/\/hipertin.pl\/"},{"@type":"ListItem","position":2,"name":"Sklep","item":"https:\/\/hipertin.pl\/index.php\/sklep\/"},{"@type":"ListItem","position":3,"name":"Zestaw Color do w\u0142os\u00f3w farbowanych"}]},{"@type":"WebSite","@id":"https:\/\/hipertin.pl\/#website","url":"https:\/\/hipertin.pl\/","name":"HIPERTIN - Profesjonalne produkty Fryzjerskie","description":"","potentialAction":[{"@type":"SearchAction","target":{"@type":"EntryPoint","urlTemplate":"https:\/\/hipertin.pl\/?s={search_term_string}"},"query-input":{"@type":"PropertyValueSpecification","valueRequired":true,"valueName":"search_term_string"}}],"inLanguage":"pl-PL"}]}},"brands":[{"id":133,"name":"Hipertin","slug":"hipertin"}],"_links":{"self":[{"href":"https:\/\/hipertin.pl\/index.php\/wp-json\/wp\/v2\/product\/3012","targetHints":{"allow":["GET"]}}],"collection":[{"href":"https:\/\/hipertin.pl\/index.php\/wp-json\/wp\/v2\/product"}],"about":[{"href":"https:\/\/hipertin.pl\/index.php\/wp-json\/wp\/v2\/types\/product"}],"replies":[{"embeddable":true,"href":"https:\/\/hipertin.pl\/index.php\/wp-json\/wp\/v2\/comments?post=3012"}],"wp:featuredmedia":[{"embeddable":true,"href":"https:\/\/hipertin.pl\/index.php\/wp-json\/wp\/v2\/media\/3001"}],"wp:attachment":[{"href":"https:\/\/hipertin.pl\/index.php\/wp-json\/wp\/v2\/media?parent=3012"}],"wp:term":[{"taxonomy":"pwb-brand","embeddable":true,"href":"https:\/\/hipertin.pl\/index.php\/wp-json\/wp\/v2\/pwb-brand?post=3012"},{"taxonomy":"product_brand","embeddable":true,"href":"https:\/\/hipertin.pl\/index.php\/wp-json\/wp\/v2\/product_brand?post=3012"},{"taxonomy":"product_cat","embeddable":true,"href":"https:\/\/hipertin.pl\/index.php\/wp-json\/wp\/v2\/product_cat?post=3012"},{"taxonomy":"product_tag","embeddable":true,"href":"https:\/\/hipertin.pl\/index.php\/wp-json\/wp\/v2\/product_tag?post=3012"}],"curies":[{"name":"wp","href":"https:\/\/api.w.org\/{rel}","templated":true}]}}