{"id":3010,"date":"2021-07-23T08:27:31","date_gmt":"2021-07-23T08:27:31","guid":{"rendered":"https:\/\/server656728.nazwa.pl\/hipertin\/?post_type=product&#038;p=3010"},"modified":"2026-04-13T12:11:17","modified_gmt":"2026-04-13T12:11:17","slug":"zestaw-regeneracja-hipertin","status":"publish","type":"product","link":"https:\/\/hipertin.pl\/index.php\/product\/zestaw-regeneracja-hipertin\/","title":{"rendered":"Zestaw Regeneracja Hipertin Linecure"},"content":{"rendered":"<p><strong>Hipertin Linecure Hair Mask Deep Repair<\/strong> 250ml (maska do w\u0142os\u00f3w g\u0142\u0119boko regeneruj\u0105ca) to szczeg\u00f3lna maska, kt\u00f3ra zosta\u0142a opracowana specjalnie z my\u015bl\u0105 o regeneracji w\u0142os\u00f3w zniszczonych i przesuszonych. W jej sk\u0142adzie odnajdziesz mi\u0119dzy innymi keratyn\u0119 oraz liczne ekstrakty pochodzenia morskiego. To w\u0142a\u015bnie dzi\u0119ki tym sk\u0142adnikom, Twoje w\u0142osy stan\u0105 si\u0119 bardziej odporne na dzia\u0142anie czynnik\u00f3w zewn\u0119trznych. Ponadto, w efekcie stosowania<strong>\u00a0Hipertin Linecure Hair Mask Deep Repair (maski do w\u0142os\u00f3w g\u0142\u0119boko regeneruj\u0105cej)<\/strong>, w\u0142osy odzyskaj\u0105 swoj\u0105 utracon\u0105 mi\u0119kko\u015b\u0107 i blask. B\u0119d\u0105 \u0142atwiejsze do rozczesania. B\u0119d\u0105 tak\u017ce pod pe\u0142nowarto\u015bciow\u0105 ochron\u0105 przed niekorzystnym dzia\u0142aniem promieni s\u0142onecznych i innych czynnik\u00f3w zewn\u0119trznych. Efekty jej dzia\u0142anie b\u0119d\u0105 zauwa\u017calne ju\u017c po pierwszej aplikacji.<\/p>\n<p><strong>Szampon od\u017cywczo regeneruj\u0105cy Nutri Repair Hipertin<\/strong> 300ml do suchych i zniszczonych w\u0142os\u00f3w z omanem \u015br\u00f3dziemnomorskim. Od\u017cywia i regeneruje w\u0142osy. Wzmacnia, chroni je oraz dodaje blasku. G\u0142\u0119boko od\u017cywia pozbawione \u017cycia, zniszczone w\u0142osy. Wysokie st\u0119\u017cenie minera\u0142\u00f3w morskich, rekonstruuje i regeneruje w\u0142osy, pozostawiaj\u0105c je l\u015bni\u0105ce i elastyczne. Szampon nie obci\u0105\u017ca w\u0142os\u00f3w.<\/p>\n<p><strong>Hipertin Linecure Multivitamin \u2013 Complex multiwitaminowy<\/strong> (12 ampu\u0142ek) do w\u0142os\u00f3w to prawdziwa bomba witaminowa dla suchych i zniszczonych w\u0142os\u00f3w. Gwarantuje w\u0142osom doskona\u0142e nawil\u017cenie oraz dog\u0142\u0119bn\u0105 regeneracj\u0119, kt\u00f3ra dotrze do najg\u0142\u0119bszych warstw w\u0142os\u00f3w. Stosuj\u0105c<strong>\u00a0Complex multiwitaminowy do w\u0142os\u00f3w regularnie, znacznie przed\u0142u\u017cysz cykl \u017cyciowy w\u0142os\u00f3w<\/strong>\u00a0oraz sprawisz, \u017ce w\u0142osy b\u0119d\u0105 ros\u0142y zdecydowanie zdrowsze i bardziej mocne i odporne na szkodliwe dzia\u0142anie czynnik\u00f3w zewn\u0119trznych. Kompleks zawiera w swoim sk\u0142adzie liczne multiwitaminy i minera\u0142y takie jak: \u017celazo, magnez, mied\u017a i fosfor, czyli zawiera wszystko, to co jest niezb\u0119dna do tego, by w\u0142osy by\u0142y zdrowe, pi\u0119kne i mocne od nasady po same ko\u0144ce.<\/p>\n","protected":false},"excerpt":{"rendered":"<p>Twoje w\u0142osy s\u0105 zniszczone i potrzebuj\u0105 g\u0142\u0119bokiej regeneracji? Dlatego te\u017c szukasz wyj\u0105tkowych produkt\u00f3w o silnych w\u0142a\u015bciwo\u015bciach regeneruj\u0105cycj? Wybierz wi\u0119c <strong>Hipertin zestaw regeneruj\u0105cy!<\/strong><\/p>\n<p>W sk\u0142ad zestawu wchodzi:<\/p>\n<ul>\n<li><strong>Maska g\u0142\u0119boko regeneruj\u0105ca Hipertin Linecure Deep Repair Mask &#8211; 250ml<\/strong><\/li>\n<li><strong>Szampon od\u017cywczo regeneruj\u0105cy Nutri Repair Hipertin &#8211; 300ml<\/strong><\/li>\n<li><strong>Complex multiwitaminowy do w\u0142os\u00f3w Hipertin Linecure Multivitamin<\/strong><\/li>\n<\/ul>\n","protected":false},"featured_media":3007,"comment_status":"open","ping_status":"closed","template":"","meta":[],"pwb-brand":[133],"product_brand":[],"product_cat":[142],"product_tag":[],"class_list":{"0":"post-3010","1":"product","2":"type-product","3":"status-publish","4":"has-post-thumbnail","6":"pwb-brand-hipertin","7":"product_cat-zestawy-kosmetykow-produktow","8":"product_shipping_class-darmowa-wysylka","10":"first","11":"instock","12":"shipping-taxable","13":"purchasable","14":"product-type-simple"},"yoast_head":"<!-- This site is optimized with the Yoast SEO plugin v27.3 - https:\/\/yoast.com\/product\/yoast-seo-wordpress\/ -->\n<title>Zestaw Regeneracja Hipertin Linecure - HIPERTIN - Profesjonalne produkty Fryzjerskie<\/title>\n<meta name=\"robots\" content=\"index, follow, max-snippet:-1, max-image-preview:large, max-video-preview:-1\" \/>\n<link rel=\"canonical\" href=\"https:\/\/hipertin.pl\/index.php\/product\/zestaw-regeneracja-hipertin\/\" \/>\n<meta property=\"og:locale\" content=\"pl_PL\" \/>\n<meta property=\"og:type\" content=\"article\" \/>\n<meta property=\"og:title\" content=\"Zestaw Regeneracja Hipertin Linecure - HIPERTIN - Profesjonalne produkty Fryzjerskie\" \/>\n<meta property=\"og:description\" content=\"Twoje w\u0142osy s\u0105 zniszczone i potrzebuj\u0105 g\u0142\u0119bokiej regeneracji? Dlatego te\u017c szukasz wyj\u0105tkowych produkt\u00f3w o silnych w\u0142a\u015bciwo\u015bciach regeneruj\u0105cycj? Wybierz wi\u0119c Hipertin zestaw regeneruj\u0105cy!  W sk\u0142ad zestawu wchodzi:   Maska g\u0142\u0119boko regeneruj\u0105ca Hipertin Linecure Deep Repair Mask - 250ml  Szampon od\u017cywczo regeneruj\u0105cy Nutri Repair Hipertin - 300ml  Complex multiwitaminowy do w\u0142os\u00f3w Hipertin Linecure Multivitamin\" \/>\n<meta property=\"og:url\" content=\"https:\/\/hipertin.pl\/index.php\/product\/zestaw-regeneracja-hipertin\/\" \/>\n<meta property=\"og:site_name\" content=\"HIPERTIN - Profesjonalne produkty Fryzjerskie\" \/>\n<meta property=\"article:modified_time\" content=\"2026-04-13T12:11:17+00:00\" \/>\n<meta property=\"og:image\" content=\"http:\/\/hipertin.pl\/wp-content\/uploads\/2021\/07\/Zestaw-Regeneracja-HIPERTIN-e1636533620790.png\" \/>\n\t<meta property=\"og:image:width\" content=\"600\" \/>\n\t<meta property=\"og:image:height\" content=\"600\" \/>\n\t<meta property=\"og:image:type\" content=\"image\/png\" \/>\n<meta name=\"twitter:card\" content=\"summary_large_image\" \/>\n<meta name=\"twitter:label1\" content=\"Szacowany czas czytania\" \/>\n\t<meta name=\"twitter:data1\" content=\"2 minuty\" \/>\n<script type=\"application\/ld+json\" class=\"yoast-schema-graph\">{\"@context\":\"https:\\\/\\\/schema.org\",\"@graph\":[{\"@type\":\"WebPage\",\"@id\":\"https:\\\/\\\/hipertin.pl\\\/index.php\\\/product\\\/zestaw-regeneracja-hipertin\\\/\",\"url\":\"https:\\\/\\\/hipertin.pl\\\/index.php\\\/product\\\/zestaw-regeneracja-hipertin\\\/\",\"name\":\"Zestaw Regeneracja Hipertin Linecure - HIPERTIN - Profesjonalne produkty Fryzjerskie\",\"isPartOf\":{\"@id\":\"https:\\\/\\\/hipertin.pl\\\/#website\"},\"primaryImageOfPage\":{\"@id\":\"https:\\\/\\\/hipertin.pl\\\/index.php\\\/product\\\/zestaw-regeneracja-hipertin\\\/#primaryimage\"},\"image\":{\"@id\":\"https:\\\/\\\/hipertin.pl\\\/index.php\\\/product\\\/zestaw-regeneracja-hipertin\\\/#primaryimage\"},\"thumbnailUrl\":\"https:\\\/\\\/hipertin.pl\\\/wp-content\\\/uploads\\\/2021\\\/07\\\/Zestaw-Regeneracja-HIPERTIN-e1636533620790.png\",\"datePublished\":\"2021-07-23T08:27:31+00:00\",\"dateModified\":\"2026-04-13T12:11:17+00:00\",\"breadcrumb\":{\"@id\":\"https:\\\/\\\/hipertin.pl\\\/index.php\\\/product\\\/zestaw-regeneracja-hipertin\\\/#breadcrumb\"},\"inLanguage\":\"pl-PL\",\"potentialAction\":[{\"@type\":\"ReadAction\",\"target\":[\"https:\\\/\\\/hipertin.pl\\\/index.php\\\/product\\\/zestaw-regeneracja-hipertin\\\/\"]}]},{\"@type\":\"ImageObject\",\"inLanguage\":\"pl-PL\",\"@id\":\"https:\\\/\\\/hipertin.pl\\\/index.php\\\/product\\\/zestaw-regeneracja-hipertin\\\/#primaryimage\",\"url\":\"https:\\\/\\\/hipertin.pl\\\/wp-content\\\/uploads\\\/2021\\\/07\\\/Zestaw-Regeneracja-HIPERTIN-e1636533620790.png\",\"contentUrl\":\"https:\\\/\\\/hipertin.pl\\\/wp-content\\\/uploads\\\/2021\\\/07\\\/Zestaw-Regeneracja-HIPERTIN-e1636533620790.png\",\"width\":600,\"height\":600},{\"@type\":\"BreadcrumbList\",\"@id\":\"https:\\\/\\\/hipertin.pl\\\/index.php\\\/product\\\/zestaw-regeneracja-hipertin\\\/#breadcrumb\",\"itemListElement\":[{\"@type\":\"ListItem\",\"position\":1,\"name\":\"Strona g\u0142\u00f3wna\",\"item\":\"https:\\\/\\\/hipertin.pl\\\/\"},{\"@type\":\"ListItem\",\"position\":2,\"name\":\"Sklep\",\"item\":\"https:\\\/\\\/hipertin.pl\\\/index.php\\\/sklep\\\/\"},{\"@type\":\"ListItem\",\"position\":3,\"name\":\"Zestaw Regeneracja Hipertin Linecure\"}]},{\"@type\":\"WebSite\",\"@id\":\"https:\\\/\\\/hipertin.pl\\\/#website\",\"url\":\"https:\\\/\\\/hipertin.pl\\\/\",\"name\":\"HIPERTIN - Profesjonalne produkty Fryzjerskie\",\"description\":\"\",\"potentialAction\":[{\"@type\":\"SearchAction\",\"target\":{\"@type\":\"EntryPoint\",\"urlTemplate\":\"https:\\\/\\\/hipertin.pl\\\/?s={search_term_string}\"},\"query-input\":{\"@type\":\"PropertyValueSpecification\",\"valueRequired\":true,\"valueName\":\"search_term_string\"}}],\"inLanguage\":\"pl-PL\"}]}<\/script>\n<!-- \/ Yoast SEO plugin. -->","yoast_head_json":{"title":"Zestaw Regeneracja Hipertin Linecure - HIPERTIN - Profesjonalne produkty Fryzjerskie","robots":{"index":"index","follow":"follow","max-snippet":"max-snippet:-1","max-image-preview":"max-image-preview:large","max-video-preview":"max-video-preview:-1"},"canonical":"https:\/\/hipertin.pl\/index.php\/product\/zestaw-regeneracja-hipertin\/","og_locale":"pl_PL","og_type":"article","og_title":"Zestaw Regeneracja Hipertin Linecure - HIPERTIN - Profesjonalne produkty Fryzjerskie","og_description":"Twoje w\u0142osy s\u0105 zniszczone i potrzebuj\u0105 g\u0142\u0119bokiej regeneracji? Dlatego te\u017c szukasz wyj\u0105tkowych produkt\u00f3w o silnych w\u0142a\u015bciwo\u015bciach regeneruj\u0105cycj? Wybierz wi\u0119c Hipertin zestaw regeneruj\u0105cy!  W sk\u0142ad zestawu wchodzi:   Maska g\u0142\u0119boko regeneruj\u0105ca Hipertin Linecure Deep Repair Mask - 250ml  Szampon od\u017cywczo regeneruj\u0105cy Nutri Repair Hipertin - 300ml  Complex multiwitaminowy do w\u0142os\u00f3w Hipertin Linecure Multivitamin","og_url":"https:\/\/hipertin.pl\/index.php\/product\/zestaw-regeneracja-hipertin\/","og_site_name":"HIPERTIN - Profesjonalne produkty Fryzjerskie","article_modified_time":"2026-04-13T12:11:17+00:00","og_image":[{"width":600,"height":600,"url":"http:\/\/hipertin.pl\/wp-content\/uploads\/2021\/07\/Zestaw-Regeneracja-HIPERTIN-e1636533620790.png","type":"image\/png"}],"twitter_card":"summary_large_image","twitter_misc":{"Szacowany czas czytania":"2 minuty"},"schema":{"@context":"https:\/\/schema.org","@graph":[{"@type":"WebPage","@id":"https:\/\/hipertin.pl\/index.php\/product\/zestaw-regeneracja-hipertin\/","url":"https:\/\/hipertin.pl\/index.php\/product\/zestaw-regeneracja-hipertin\/","name":"Zestaw Regeneracja Hipertin Linecure - HIPERTIN - Profesjonalne produkty Fryzjerskie","isPartOf":{"@id":"https:\/\/hipertin.pl\/#website"},"primaryImageOfPage":{"@id":"https:\/\/hipertin.pl\/index.php\/product\/zestaw-regeneracja-hipertin\/#primaryimage"},"image":{"@id":"https:\/\/hipertin.pl\/index.php\/product\/zestaw-regeneracja-hipertin\/#primaryimage"},"thumbnailUrl":"https:\/\/hipertin.pl\/wp-content\/uploads\/2021\/07\/Zestaw-Regeneracja-HIPERTIN-e1636533620790.png","datePublished":"2021-07-23T08:27:31+00:00","dateModified":"2026-04-13T12:11:17+00:00","breadcrumb":{"@id":"https:\/\/hipertin.pl\/index.php\/product\/zestaw-regeneracja-hipertin\/#breadcrumb"},"inLanguage":"pl-PL","potentialAction":[{"@type":"ReadAction","target":["https:\/\/hipertin.pl\/index.php\/product\/zestaw-regeneracja-hipertin\/"]}]},{"@type":"ImageObject","inLanguage":"pl-PL","@id":"https:\/\/hipertin.pl\/index.php\/product\/zestaw-regeneracja-hipertin\/#primaryimage","url":"https:\/\/hipertin.pl\/wp-content\/uploads\/2021\/07\/Zestaw-Regeneracja-HIPERTIN-e1636533620790.png","contentUrl":"https:\/\/hipertin.pl\/wp-content\/uploads\/2021\/07\/Zestaw-Regeneracja-HIPERTIN-e1636533620790.png","width":600,"height":600},{"@type":"BreadcrumbList","@id":"https:\/\/hipertin.pl\/index.php\/product\/zestaw-regeneracja-hipertin\/#breadcrumb","itemListElement":[{"@type":"ListItem","position":1,"name":"Strona g\u0142\u00f3wna","item":"https:\/\/hipertin.pl\/"},{"@type":"ListItem","position":2,"name":"Sklep","item":"https:\/\/hipertin.pl\/index.php\/sklep\/"},{"@type":"ListItem","position":3,"name":"Zestaw Regeneracja Hipertin Linecure"}]},{"@type":"WebSite","@id":"https:\/\/hipertin.pl\/#website","url":"https:\/\/hipertin.pl\/","name":"HIPERTIN - Profesjonalne produkty Fryzjerskie","description":"","potentialAction":[{"@type":"SearchAction","target":{"@type":"EntryPoint","urlTemplate":"https:\/\/hipertin.pl\/?s={search_term_string}"},"query-input":{"@type":"PropertyValueSpecification","valueRequired":true,"valueName":"search_term_string"}}],"inLanguage":"pl-PL"}]}},"brands":[{"id":133,"name":"Hipertin","slug":"hipertin"}],"_links":{"self":[{"href":"https:\/\/hipertin.pl\/index.php\/wp-json\/wp\/v2\/product\/3010","targetHints":{"allow":["GET"]}}],"collection":[{"href":"https:\/\/hipertin.pl\/index.php\/wp-json\/wp\/v2\/product"}],"about":[{"href":"https:\/\/hipertin.pl\/index.php\/wp-json\/wp\/v2\/types\/product"}],"replies":[{"embeddable":true,"href":"https:\/\/hipertin.pl\/index.php\/wp-json\/wp\/v2\/comments?post=3010"}],"wp:featuredmedia":[{"embeddable":true,"href":"https:\/\/hipertin.pl\/index.php\/wp-json\/wp\/v2\/media\/3007"}],"wp:attachment":[{"href":"https:\/\/hipertin.pl\/index.php\/wp-json\/wp\/v2\/media?parent=3010"}],"wp:term":[{"taxonomy":"pwb-brand","embeddable":true,"href":"https:\/\/hipertin.pl\/index.php\/wp-json\/wp\/v2\/pwb-brand?post=3010"},{"taxonomy":"product_brand","embeddable":true,"href":"https:\/\/hipertin.pl\/index.php\/wp-json\/wp\/v2\/product_brand?post=3010"},{"taxonomy":"product_cat","embeddable":true,"href":"https:\/\/hipertin.pl\/index.php\/wp-json\/wp\/v2\/product_cat?post=3010"},{"taxonomy":"product_tag","embeddable":true,"href":"https:\/\/hipertin.pl\/index.php\/wp-json\/wp\/v2\/product_tag?post=3010"}],"curies":[{"name":"wp","href":"https:\/\/api.w.org\/{rel}","templated":true}]}}