{"id":2944,"date":"2021-07-23T08:00:13","date_gmt":"2021-07-23T08:00:13","guid":{"rendered":"https:\/\/server656728.nazwa.pl\/hipertin\/?post_type=product&#038;p=2944"},"modified":"2026-04-09T12:27:56","modified_gmt":"2026-04-09T12:27:56","slug":"emulsja-utleniajaca-mundus-66-22vol-lub-96-32vol-hipertin-900ml","status":"publish","type":"product","link":"https:\/\/hipertin.pl\/index.php\/product\/emulsja-utleniajaca-mundus-66-22vol-lub-96-32vol-hipertin-900ml\/","title":{"rendered":"Emulsja Utleniaj\u0105ca MUNDUS 6,6%-22VOL lub 9,6%-32VOL \u2013 Hipertin 900ml"},"content":{"rendered":"<p>Spos\u00f3b u\u017cycia: zale\u017cy od produktu bazowego, przyk\u0142adowe proporcj\u0119 to 1:1; 1:1,5 itp.<\/p>\n<p>Opakowanie: 900ml<\/p>\n","protected":false},"excerpt":{"rendered":"<p>Emulsja Utleniaj\u0105ca MUNDUS 6,6%-22VOL lub 9,6%-32VOL<\/p>\n<p>Emulsja Utleniaj\u0105ca MUNDUS j<span class=\"\">est silnym aktywatorem koloru dzi\u0119ki starannie opracowanej formule, kt\u00f3ra bazuje na mieszance olejk\u00f3w piel\u0119gnacyjnych, zapewniaj\u0105cych \u015bwietn\u0105 kondycj\u0119 w\u0142osom<\/span>. Jego spektakularna konsystencja, kt\u00f3ra jest niezwykle mi\u0119kka i kremowa, sprawia, \u017ce \u200b\u200bmieszanie z odcieniem jest absolutn\u0105 przyjemno\u015bci\u0105, zar\u00f3wno w przygotowaniu, jak i podczas aplikacji.<\/p>\n<p>Dost\u0119pne w st\u0119\u017ceniach 6,6% i 9,6%.<\/p>\n","protected":false},"featured_media":5481,"comment_status":"open","ping_status":"closed","template":"","meta":[],"pwb-brand":[],"product_brand":[],"product_cat":[138],"product_tag":[260,262,261],"class_list":{"0":"post-2944","1":"product","2":"type-product","3":"status-publish","4":"has-post-thumbnail","6":"product_cat-kolor-i-rozjasnianie","7":"product_tag-mundus","8":"product_tag-ox","9":"product_tag-utleniacz","10":"product_shipping_class-darmowa-wysylka","12":"first","13":"instock","14":"shipping-taxable","15":"purchasable","16":"product-type-variable"},"yoast_head":"<!-- This site is optimized with the Yoast SEO plugin v27.3 - https:\/\/yoast.com\/product\/yoast-seo-wordpress\/ -->\n<title>Emulsja Utleniaj\u0105ca MUNDUS 6,6%-22VOL lub 9,6%-32VOL \u2013 Hipertin 900ml - HIPERTIN - Profesjonalne produkty Fryzjerskie<\/title>\n<meta name=\"robots\" content=\"index, follow, max-snippet:-1, max-image-preview:large, max-video-preview:-1\" \/>\n<link rel=\"canonical\" href=\"https:\/\/hipertin.pl\/index.php\/product\/emulsja-utleniajaca-mundus-66-22vol-lub-96-32vol-hipertin-900ml\/\" \/>\n<meta property=\"og:locale\" content=\"pl_PL\" \/>\n<meta property=\"og:type\" content=\"article\" \/>\n<meta property=\"og:title\" content=\"Emulsja Utleniaj\u0105ca MUNDUS 6,6%-22VOL lub 9,6%-32VOL \u2013 Hipertin 900ml - HIPERTIN - Profesjonalne produkty Fryzjerskie\" \/>\n<meta property=\"og:description\" content=\"Emulsja Utleniaj\u0105ca MUNDUS 6,6%-22VOL lub 9,6%-32VOL  Emulsja Utleniaj\u0105ca MUNDUS jest silnym aktywatorem koloru dzi\u0119ki starannie opracowanej formule, kt\u00f3ra bazuje na mieszance olejk\u00f3w piel\u0119gnacyjnych, zapewniaj\u0105cych \u015bwietn\u0105 kondycj\u0119 w\u0142osom. Jego spektakularna konsystencja, kt\u00f3ra jest niezwykle mi\u0119kka i kremowa, sprawia, \u017ce \u200b\u200bmieszanie z odcieniem jest absolutn\u0105 przyjemno\u015bci\u0105, zar\u00f3wno w przygotowaniu, jak i podczas aplikacji.  Dost\u0119pne w st\u0119\u017ceniach 6,6% i 9,6%.\" \/>\n<meta property=\"og:url\" content=\"https:\/\/hipertin.pl\/index.php\/product\/emulsja-utleniajaca-mundus-66-22vol-lub-96-32vol-hipertin-900ml\/\" \/>\n<meta property=\"og:site_name\" content=\"HIPERTIN - Profesjonalne produkty Fryzjerskie\" \/>\n<meta property=\"article:modified_time\" content=\"2026-04-09T12:27:56+00:00\" \/>\n<meta property=\"og:image\" content=\"http:\/\/hipertin.pl\/wp-content\/uploads\/2021\/07\/Emulsja-Utleniajaca-MUNDUS-66-22VOL-lub-96-32VOL-\u2013-Hipertin-900ml.png\" \/>\n\t<meta property=\"og:image:width\" content=\"500\" \/>\n\t<meta property=\"og:image:height\" content=\"500\" \/>\n\t<meta property=\"og:image:type\" content=\"image\/png\" \/>\n<meta name=\"twitter:card\" content=\"summary_large_image\" \/>\n<script type=\"application\/ld+json\" class=\"yoast-schema-graph\">{\"@context\":\"https:\\\/\\\/schema.org\",\"@graph\":[{\"@type\":\"WebPage\",\"@id\":\"https:\\\/\\\/hipertin.pl\\\/index.php\\\/product\\\/emulsja-utleniajaca-mundus-66-22vol-lub-96-32vol-hipertin-900ml\\\/\",\"url\":\"https:\\\/\\\/hipertin.pl\\\/index.php\\\/product\\\/emulsja-utleniajaca-mundus-66-22vol-lub-96-32vol-hipertin-900ml\\\/\",\"name\":\"Emulsja Utleniaj\u0105ca MUNDUS 6,6%-22VOL lub 9,6%-32VOL \u2013 Hipertin 900ml - HIPERTIN - Profesjonalne produkty Fryzjerskie\",\"isPartOf\":{\"@id\":\"https:\\\/\\\/hipertin.pl\\\/#website\"},\"primaryImageOfPage\":{\"@id\":\"https:\\\/\\\/hipertin.pl\\\/index.php\\\/product\\\/emulsja-utleniajaca-mundus-66-22vol-lub-96-32vol-hipertin-900ml\\\/#primaryimage\"},\"image\":{\"@id\":\"https:\\\/\\\/hipertin.pl\\\/index.php\\\/product\\\/emulsja-utleniajaca-mundus-66-22vol-lub-96-32vol-hipertin-900ml\\\/#primaryimage\"},\"thumbnailUrl\":\"https:\\\/\\\/hipertin.pl\\\/wp-content\\\/uploads\\\/2021\\\/07\\\/Emulsja-Utleniajaca-MUNDUS-66-22VOL-lub-96-32VOL-\u2013-Hipertin-900ml.png\",\"datePublished\":\"2021-07-23T08:00:13+00:00\",\"dateModified\":\"2026-04-09T12:27:56+00:00\",\"breadcrumb\":{\"@id\":\"https:\\\/\\\/hipertin.pl\\\/index.php\\\/product\\\/emulsja-utleniajaca-mundus-66-22vol-lub-96-32vol-hipertin-900ml\\\/#breadcrumb\"},\"inLanguage\":\"pl-PL\",\"potentialAction\":[{\"@type\":\"ReadAction\",\"target\":[\"https:\\\/\\\/hipertin.pl\\\/index.php\\\/product\\\/emulsja-utleniajaca-mundus-66-22vol-lub-96-32vol-hipertin-900ml\\\/\"]}]},{\"@type\":\"ImageObject\",\"inLanguage\":\"pl-PL\",\"@id\":\"https:\\\/\\\/hipertin.pl\\\/index.php\\\/product\\\/emulsja-utleniajaca-mundus-66-22vol-lub-96-32vol-hipertin-900ml\\\/#primaryimage\",\"url\":\"https:\\\/\\\/hipertin.pl\\\/wp-content\\\/uploads\\\/2021\\\/07\\\/Emulsja-Utleniajaca-MUNDUS-66-22VOL-lub-96-32VOL-\u2013-Hipertin-900ml.png\",\"contentUrl\":\"https:\\\/\\\/hipertin.pl\\\/wp-content\\\/uploads\\\/2021\\\/07\\\/Emulsja-Utleniajaca-MUNDUS-66-22VOL-lub-96-32VOL-\u2013-Hipertin-900ml.png\",\"width\":500,\"height\":500},{\"@type\":\"BreadcrumbList\",\"@id\":\"https:\\\/\\\/hipertin.pl\\\/index.php\\\/product\\\/emulsja-utleniajaca-mundus-66-22vol-lub-96-32vol-hipertin-900ml\\\/#breadcrumb\",\"itemListElement\":[{\"@type\":\"ListItem\",\"position\":1,\"name\":\"Strona g\u0142\u00f3wna\",\"item\":\"https:\\\/\\\/hipertin.pl\\\/\"},{\"@type\":\"ListItem\",\"position\":2,\"name\":\"Sklep\",\"item\":\"https:\\\/\\\/hipertin.pl\\\/index.php\\\/sklep\\\/\"},{\"@type\":\"ListItem\",\"position\":3,\"name\":\"Emulsja Utleniaj\u0105ca MUNDUS 6,6%-22VOL lub 9,6%-32VOL \u2013 Hipertin 900ml\"}]},{\"@type\":\"WebSite\",\"@id\":\"https:\\\/\\\/hipertin.pl\\\/#website\",\"url\":\"https:\\\/\\\/hipertin.pl\\\/\",\"name\":\"HIPERTIN - Profesjonalne produkty Fryzjerskie\",\"description\":\"\",\"potentialAction\":[{\"@type\":\"SearchAction\",\"target\":{\"@type\":\"EntryPoint\",\"urlTemplate\":\"https:\\\/\\\/hipertin.pl\\\/?s={search_term_string}\"},\"query-input\":{\"@type\":\"PropertyValueSpecification\",\"valueRequired\":true,\"valueName\":\"search_term_string\"}}],\"inLanguage\":\"pl-PL\"}]}<\/script>\n<!-- \/ Yoast SEO plugin. -->","yoast_head_json":{"title":"Emulsja Utleniaj\u0105ca MUNDUS 6,6%-22VOL lub 9,6%-32VOL \u2013 Hipertin 900ml - HIPERTIN - Profesjonalne produkty Fryzjerskie","robots":{"index":"index","follow":"follow","max-snippet":"max-snippet:-1","max-image-preview":"max-image-preview:large","max-video-preview":"max-video-preview:-1"},"canonical":"https:\/\/hipertin.pl\/index.php\/product\/emulsja-utleniajaca-mundus-66-22vol-lub-96-32vol-hipertin-900ml\/","og_locale":"pl_PL","og_type":"article","og_title":"Emulsja Utleniaj\u0105ca MUNDUS 6,6%-22VOL lub 9,6%-32VOL \u2013 Hipertin 900ml - HIPERTIN - Profesjonalne produkty Fryzjerskie","og_description":"Emulsja Utleniaj\u0105ca MUNDUS 6,6%-22VOL lub 9,6%-32VOL  Emulsja Utleniaj\u0105ca MUNDUS jest silnym aktywatorem koloru dzi\u0119ki starannie opracowanej formule, kt\u00f3ra bazuje na mieszance olejk\u00f3w piel\u0119gnacyjnych, zapewniaj\u0105cych \u015bwietn\u0105 kondycj\u0119 w\u0142osom. Jego spektakularna konsystencja, kt\u00f3ra jest niezwykle mi\u0119kka i kremowa, sprawia, \u017ce \u200b\u200bmieszanie z odcieniem jest absolutn\u0105 przyjemno\u015bci\u0105, zar\u00f3wno w przygotowaniu, jak i podczas aplikacji.  Dost\u0119pne w st\u0119\u017ceniach 6,6% i 9,6%.","og_url":"https:\/\/hipertin.pl\/index.php\/product\/emulsja-utleniajaca-mundus-66-22vol-lub-96-32vol-hipertin-900ml\/","og_site_name":"HIPERTIN - Profesjonalne produkty Fryzjerskie","article_modified_time":"2026-04-09T12:27:56+00:00","og_image":[{"width":500,"height":500,"url":"http:\/\/hipertin.pl\/wp-content\/uploads\/2021\/07\/Emulsja-Utleniajaca-MUNDUS-66-22VOL-lub-96-32VOL-\u2013-Hipertin-900ml.png","type":"image\/png"}],"twitter_card":"summary_large_image","schema":{"@context":"https:\/\/schema.org","@graph":[{"@type":"WebPage","@id":"https:\/\/hipertin.pl\/index.php\/product\/emulsja-utleniajaca-mundus-66-22vol-lub-96-32vol-hipertin-900ml\/","url":"https:\/\/hipertin.pl\/index.php\/product\/emulsja-utleniajaca-mundus-66-22vol-lub-96-32vol-hipertin-900ml\/","name":"Emulsja Utleniaj\u0105ca MUNDUS 6,6%-22VOL lub 9,6%-32VOL \u2013 Hipertin 900ml - HIPERTIN - Profesjonalne produkty Fryzjerskie","isPartOf":{"@id":"https:\/\/hipertin.pl\/#website"},"primaryImageOfPage":{"@id":"https:\/\/hipertin.pl\/index.php\/product\/emulsja-utleniajaca-mundus-66-22vol-lub-96-32vol-hipertin-900ml\/#primaryimage"},"image":{"@id":"https:\/\/hipertin.pl\/index.php\/product\/emulsja-utleniajaca-mundus-66-22vol-lub-96-32vol-hipertin-900ml\/#primaryimage"},"thumbnailUrl":"https:\/\/hipertin.pl\/wp-content\/uploads\/2021\/07\/Emulsja-Utleniajaca-MUNDUS-66-22VOL-lub-96-32VOL-\u2013-Hipertin-900ml.png","datePublished":"2021-07-23T08:00:13+00:00","dateModified":"2026-04-09T12:27:56+00:00","breadcrumb":{"@id":"https:\/\/hipertin.pl\/index.php\/product\/emulsja-utleniajaca-mundus-66-22vol-lub-96-32vol-hipertin-900ml\/#breadcrumb"},"inLanguage":"pl-PL","potentialAction":[{"@type":"ReadAction","target":["https:\/\/hipertin.pl\/index.php\/product\/emulsja-utleniajaca-mundus-66-22vol-lub-96-32vol-hipertin-900ml\/"]}]},{"@type":"ImageObject","inLanguage":"pl-PL","@id":"https:\/\/hipertin.pl\/index.php\/product\/emulsja-utleniajaca-mundus-66-22vol-lub-96-32vol-hipertin-900ml\/#primaryimage","url":"https:\/\/hipertin.pl\/wp-content\/uploads\/2021\/07\/Emulsja-Utleniajaca-MUNDUS-66-22VOL-lub-96-32VOL-\u2013-Hipertin-900ml.png","contentUrl":"https:\/\/hipertin.pl\/wp-content\/uploads\/2021\/07\/Emulsja-Utleniajaca-MUNDUS-66-22VOL-lub-96-32VOL-\u2013-Hipertin-900ml.png","width":500,"height":500},{"@type":"BreadcrumbList","@id":"https:\/\/hipertin.pl\/index.php\/product\/emulsja-utleniajaca-mundus-66-22vol-lub-96-32vol-hipertin-900ml\/#breadcrumb","itemListElement":[{"@type":"ListItem","position":1,"name":"Strona g\u0142\u00f3wna","item":"https:\/\/hipertin.pl\/"},{"@type":"ListItem","position":2,"name":"Sklep","item":"https:\/\/hipertin.pl\/index.php\/sklep\/"},{"@type":"ListItem","position":3,"name":"Emulsja Utleniaj\u0105ca MUNDUS 6,6%-22VOL lub 9,6%-32VOL \u2013 Hipertin 900ml"}]},{"@type":"WebSite","@id":"https:\/\/hipertin.pl\/#website","url":"https:\/\/hipertin.pl\/","name":"HIPERTIN - Profesjonalne produkty Fryzjerskie","description":"","potentialAction":[{"@type":"SearchAction","target":{"@type":"EntryPoint","urlTemplate":"https:\/\/hipertin.pl\/?s={search_term_string}"},"query-input":{"@type":"PropertyValueSpecification","valueRequired":true,"valueName":"search_term_string"}}],"inLanguage":"pl-PL"}]}},"brands":[],"_links":{"self":[{"href":"https:\/\/hipertin.pl\/index.php\/wp-json\/wp\/v2\/product\/2944","targetHints":{"allow":["GET"]}}],"collection":[{"href":"https:\/\/hipertin.pl\/index.php\/wp-json\/wp\/v2\/product"}],"about":[{"href":"https:\/\/hipertin.pl\/index.php\/wp-json\/wp\/v2\/types\/product"}],"replies":[{"embeddable":true,"href":"https:\/\/hipertin.pl\/index.php\/wp-json\/wp\/v2\/comments?post=2944"}],"wp:featuredmedia":[{"embeddable":true,"href":"https:\/\/hipertin.pl\/index.php\/wp-json\/wp\/v2\/media\/5481"}],"wp:attachment":[{"href":"https:\/\/hipertin.pl\/index.php\/wp-json\/wp\/v2\/media?parent=2944"}],"wp:term":[{"taxonomy":"pwb-brand","embeddable":true,"href":"https:\/\/hipertin.pl\/index.php\/wp-json\/wp\/v2\/pwb-brand?post=2944"},{"taxonomy":"product_brand","embeddable":true,"href":"https:\/\/hipertin.pl\/index.php\/wp-json\/wp\/v2\/product_brand?post=2944"},{"taxonomy":"product_cat","embeddable":true,"href":"https:\/\/hipertin.pl\/index.php\/wp-json\/wp\/v2\/product_cat?post=2944"},{"taxonomy":"product_tag","embeddable":true,"href":"https:\/\/hipertin.pl\/index.php\/wp-json\/wp\/v2\/product_tag?post=2944"}],"curies":[{"name":"wp","href":"https:\/\/api.w.org\/{rel}","templated":true}]}}