{"id":2911,"date":"2021-07-22T15:05:03","date_gmt":"2021-07-22T15:05:03","guid":{"rendered":"https:\/\/server656728.nazwa.pl\/hipertin\/?post_type=product&#038;p=2911"},"modified":"2026-04-27T07:37:54","modified_gmt":"2026-04-27T07:37:54","slug":"farba-utopik-hipertin-60ml","status":"publish","type":"product","link":"https:\/\/hipertin.pl\/index.php\/product\/farba-utopik-hipertin-60ml\/","title":{"rendered":"Farba Utopik Hipertin 60ml"},"content":{"rendered":"<h3>UTOPIK<\/h3>\n<p>Koloryzacja trwa\u0142a, kt\u00f3ra spe\u0142ni twoje oczekiwania! \u015awietne krycie siwych w\u0142os\u00f3w, dba\u0142o\u015b\u0107 o zdrowie i kondycj\u0119 w\u0142osa, no i te kolory \u2013 b\u0119dziesz zachwycona!<\/p>\n<p>Utopik to krem koloryzuj\u0105cy, kt\u00f3ry podczas procesu koloryzacji uwydatnia idealny balans \u2013 pomi\u0119dzy doskona\u0142o\u015bci\u0105 koloru a maksymalnym pokryciem siwych w\u0142os\u00f3w. Oczywi\u015bcie wszystko to dost\u0119pne jest w oparciu o niezwyk\u0142\u0105 trosk\u0119 i dba\u0142o\u015b\u0107 o stan w\u0142osa. Bo UTOPIK to przede wszystkim od\u017cywka. Posiada ekstrakty z soi, gwarantuj\u0105ce jednolito\u015b\u0107 koloru oraz wiele innych sk\u0142adnik\u00f3w od\u017cywczych jak Poliquaterinium 22, kt\u00f3re sprawiaj\u0105, \u017ce UTOPIK to jeden z najlepszych produkt\u00f3w do koloryzacji na \u015bwiecie.<\/p>\n<p>Przypominamy, \u017ce do farby potrzebny jest oxydant!<\/p>\n","protected":false},"excerpt":{"rendered":"<h3>UTOPIK<\/h3>\n<p>Koloryzacja trwa\u0142a, kt\u00f3ra spe\u0142ni twoje oczekiwania! \u015awietne krycie siwych w\u0142os\u00f3w, dba\u0142o\u015b\u0107 o zdrowie i kondycj\u0119 w\u0142osa, no i te kolory \u2013 b\u0119dziesz zachwycona!<\/p>\n<p>Utopik to krem koloryzuj\u0105cy, kt\u00f3ry podczas procesu koloryzacji uwydatnia idealny balans \u2013 pomi\u0119dzy doskona\u0142o\u015bci\u0105 koloru a maksymalnym pokryciem siwych w\u0142os\u00f3w. Oczywi\u015bcie wszystko to dost\u0119pne jest w oparciu o niezwyk\u0142\u0105 trosk\u0119 i dba\u0142o\u015b\u0107 o stan w\u0142osa. Bo UTOPIK to przede wszystkim od\u017cywka. Posiada ekstrakty z soi, gwarantuj\u0105ce jednolito\u015b\u0107 koloru oraz wiele innych sk\u0142adnik\u00f3w od\u017cywczych jak Poliquaterinium 22, kt\u00f3re sprawiaj\u0105, \u017ce UTOPIK to jeden z najlepszych produkt\u00f3w do koloryzacji na \u015bwiecie.<\/p>\n","protected":false},"featured_media":2915,"comment_status":"open","ping_status":"closed","template":"","meta":[],"pwb-brand":[],"product_brand":[],"product_cat":[138],"product_tag":[],"class_list":{"0":"post-2911","1":"product","2":"type-product","3":"status-publish","4":"has-post-thumbnail","6":"product_cat-kolor-i-rozjasnianie","7":"product_shipping_class-darmowa-wysylka","9":"first","10":"instock","11":"shipping-taxable","12":"purchasable","13":"product-type-variable"},"yoast_head":"<!-- This site is optimized with the Yoast SEO plugin v27.4 - https:\/\/yoast.com\/product\/yoast-seo-wordpress\/ -->\n<title>Farba Utopik Hipertin 60ml - HIPERTIN - Profesjonalne produkty Fryzjerskie<\/title>\n<meta name=\"robots\" content=\"index, follow, max-snippet:-1, max-image-preview:large, max-video-preview:-1\" \/>\n<link rel=\"canonical\" href=\"https:\/\/hipertin.pl\/index.php\/product\/farba-utopik-hipertin-60ml\/\" \/>\n<meta property=\"og:locale\" content=\"pl_PL\" \/>\n<meta property=\"og:type\" content=\"article\" \/>\n<meta property=\"og:title\" content=\"Farba Utopik Hipertin 60ml - HIPERTIN - Profesjonalne produkty Fryzjerskie\" \/>\n<meta property=\"og:description\" content=\"UTOPIK Koloryzacja trwa\u0142a, kt\u00f3ra spe\u0142ni twoje oczekiwania! \u015awietne krycie siwych w\u0142os\u00f3w, dba\u0142o\u015b\u0107 o zdrowie i kondycj\u0119 w\u0142osa, no i te kolory \u2013 b\u0119dziesz zachwycona!  Utopik to krem koloryzuj\u0105cy, kt\u00f3ry podczas procesu koloryzacji uwydatnia idealny balans \u2013 pomi\u0119dzy doskona\u0142o\u015bci\u0105 koloru a maksymalnym pokryciem siwych w\u0142os\u00f3w. Oczywi\u015bcie wszystko to dost\u0119pne jest w oparciu o niezwyk\u0142\u0105 trosk\u0119 i dba\u0142o\u015b\u0107 o stan w\u0142osa. Bo UTOPIK to przede wszystkim od\u017cywka. Posiada ekstrakty z soi, gwarantuj\u0105ce jednolito\u015b\u0107 koloru oraz wiele innych sk\u0142adnik\u00f3w od\u017cywczych jak Poliquaterinium 22, kt\u00f3re sprawiaj\u0105, \u017ce UTOPIK to jeden z najlepszych produkt\u00f3w do koloryzacji na \u015bwiecie.\" \/>\n<meta property=\"og:url\" content=\"https:\/\/hipertin.pl\/index.php\/product\/farba-utopik-hipertin-60ml\/\" \/>\n<meta property=\"og:site_name\" content=\"HIPERTIN - Profesjonalne produkty Fryzjerskie\" \/>\n<meta property=\"article:modified_time\" content=\"2026-04-27T07:37:54+00:00\" \/>\n<meta property=\"og:image\" content=\"http:\/\/hipertin.pl\/wp-content\/uploads\/2021\/07\/farba-utopik-hipertin-60-ml-e1636534331743.png\" \/>\n\t<meta property=\"og:image:width\" content=\"600\" \/>\n\t<meta property=\"og:image:height\" content=\"600\" \/>\n\t<meta property=\"og:image:type\" content=\"image\/png\" \/>\n<meta name=\"twitter:card\" content=\"summary_large_image\" \/>\n<meta name=\"twitter:label1\" content=\"Szacowany czas czytania\" \/>\n\t<meta name=\"twitter:data1\" content=\"1 minuta\" \/>\n<script type=\"application\/ld+json\" class=\"yoast-schema-graph\">{\"@context\":\"https:\\\/\\\/schema.org\",\"@graph\":[{\"@type\":\"WebPage\",\"@id\":\"https:\\\/\\\/hipertin.pl\\\/index.php\\\/product\\\/farba-utopik-hipertin-60ml\\\/\",\"url\":\"https:\\\/\\\/hipertin.pl\\\/index.php\\\/product\\\/farba-utopik-hipertin-60ml\\\/\",\"name\":\"Farba Utopik Hipertin 60ml - HIPERTIN - Profesjonalne produkty Fryzjerskie\",\"isPartOf\":{\"@id\":\"https:\\\/\\\/hipertin.pl\\\/#website\"},\"primaryImageOfPage\":{\"@id\":\"https:\\\/\\\/hipertin.pl\\\/index.php\\\/product\\\/farba-utopik-hipertin-60ml\\\/#primaryimage\"},\"image\":{\"@id\":\"https:\\\/\\\/hipertin.pl\\\/index.php\\\/product\\\/farba-utopik-hipertin-60ml\\\/#primaryimage\"},\"thumbnailUrl\":\"https:\\\/\\\/hipertin.pl\\\/wp-content\\\/uploads\\\/2021\\\/07\\\/farba-utopik-hipertin-60-ml-e1636534331743.png\",\"datePublished\":\"2021-07-22T15:05:03+00:00\",\"dateModified\":\"2026-04-27T07:37:54+00:00\",\"breadcrumb\":{\"@id\":\"https:\\\/\\\/hipertin.pl\\\/index.php\\\/product\\\/farba-utopik-hipertin-60ml\\\/#breadcrumb\"},\"inLanguage\":\"pl-PL\",\"potentialAction\":[{\"@type\":\"ReadAction\",\"target\":[\"https:\\\/\\\/hipertin.pl\\\/index.php\\\/product\\\/farba-utopik-hipertin-60ml\\\/\"]}]},{\"@type\":\"ImageObject\",\"inLanguage\":\"pl-PL\",\"@id\":\"https:\\\/\\\/hipertin.pl\\\/index.php\\\/product\\\/farba-utopik-hipertin-60ml\\\/#primaryimage\",\"url\":\"https:\\\/\\\/hipertin.pl\\\/wp-content\\\/uploads\\\/2021\\\/07\\\/farba-utopik-hipertin-60-ml-e1636534331743.png\",\"contentUrl\":\"https:\\\/\\\/hipertin.pl\\\/wp-content\\\/uploads\\\/2021\\\/07\\\/farba-utopik-hipertin-60-ml-e1636534331743.png\",\"width\":600,\"height\":600},{\"@type\":\"BreadcrumbList\",\"@id\":\"https:\\\/\\\/hipertin.pl\\\/index.php\\\/product\\\/farba-utopik-hipertin-60ml\\\/#breadcrumb\",\"itemListElement\":[{\"@type\":\"ListItem\",\"position\":1,\"name\":\"Strona g\u0142\u00f3wna\",\"item\":\"https:\\\/\\\/hipertin.pl\\\/\"},{\"@type\":\"ListItem\",\"position\":2,\"name\":\"Sklep\",\"item\":\"https:\\\/\\\/hipertin.pl\\\/index.php\\\/sklep\\\/\"},{\"@type\":\"ListItem\",\"position\":3,\"name\":\"Farba Utopik Hipertin 60ml\"}]},{\"@type\":\"WebSite\",\"@id\":\"https:\\\/\\\/hipertin.pl\\\/#website\",\"url\":\"https:\\\/\\\/hipertin.pl\\\/\",\"name\":\"HIPERTIN - Profesjonalne produkty Fryzjerskie\",\"description\":\"\",\"potentialAction\":[{\"@type\":\"SearchAction\",\"target\":{\"@type\":\"EntryPoint\",\"urlTemplate\":\"https:\\\/\\\/hipertin.pl\\\/?s={search_term_string}\"},\"query-input\":{\"@type\":\"PropertyValueSpecification\",\"valueRequired\":true,\"valueName\":\"search_term_string\"}}],\"inLanguage\":\"pl-PL\"}]}<\/script>\n<!-- \/ Yoast SEO plugin. -->","yoast_head_json":{"title":"Farba Utopik Hipertin 60ml - HIPERTIN - Profesjonalne produkty Fryzjerskie","robots":{"index":"index","follow":"follow","max-snippet":"max-snippet:-1","max-image-preview":"max-image-preview:large","max-video-preview":"max-video-preview:-1"},"canonical":"https:\/\/hipertin.pl\/index.php\/product\/farba-utopik-hipertin-60ml\/","og_locale":"pl_PL","og_type":"article","og_title":"Farba Utopik Hipertin 60ml - HIPERTIN - Profesjonalne produkty Fryzjerskie","og_description":"UTOPIK Koloryzacja trwa\u0142a, kt\u00f3ra spe\u0142ni twoje oczekiwania! \u015awietne krycie siwych w\u0142os\u00f3w, dba\u0142o\u015b\u0107 o zdrowie i kondycj\u0119 w\u0142osa, no i te kolory \u2013 b\u0119dziesz zachwycona!  Utopik to krem koloryzuj\u0105cy, kt\u00f3ry podczas procesu koloryzacji uwydatnia idealny balans \u2013 pomi\u0119dzy doskona\u0142o\u015bci\u0105 koloru a maksymalnym pokryciem siwych w\u0142os\u00f3w. Oczywi\u015bcie wszystko to dost\u0119pne jest w oparciu o niezwyk\u0142\u0105 trosk\u0119 i dba\u0142o\u015b\u0107 o stan w\u0142osa. Bo UTOPIK to przede wszystkim od\u017cywka. Posiada ekstrakty z soi, gwarantuj\u0105ce jednolito\u015b\u0107 koloru oraz wiele innych sk\u0142adnik\u00f3w od\u017cywczych jak Poliquaterinium 22, kt\u00f3re sprawiaj\u0105, \u017ce UTOPIK to jeden z najlepszych produkt\u00f3w do koloryzacji na \u015bwiecie.","og_url":"https:\/\/hipertin.pl\/index.php\/product\/farba-utopik-hipertin-60ml\/","og_site_name":"HIPERTIN - Profesjonalne produkty Fryzjerskie","article_modified_time":"2026-04-27T07:37:54+00:00","og_image":[{"width":600,"height":600,"url":"http:\/\/hipertin.pl\/wp-content\/uploads\/2021\/07\/farba-utopik-hipertin-60-ml-e1636534331743.png","type":"image\/png"}],"twitter_card":"summary_large_image","twitter_misc":{"Szacowany czas czytania":"1 minuta"},"schema":{"@context":"https:\/\/schema.org","@graph":[{"@type":"WebPage","@id":"https:\/\/hipertin.pl\/index.php\/product\/farba-utopik-hipertin-60ml\/","url":"https:\/\/hipertin.pl\/index.php\/product\/farba-utopik-hipertin-60ml\/","name":"Farba Utopik Hipertin 60ml - HIPERTIN - Profesjonalne produkty Fryzjerskie","isPartOf":{"@id":"https:\/\/hipertin.pl\/#website"},"primaryImageOfPage":{"@id":"https:\/\/hipertin.pl\/index.php\/product\/farba-utopik-hipertin-60ml\/#primaryimage"},"image":{"@id":"https:\/\/hipertin.pl\/index.php\/product\/farba-utopik-hipertin-60ml\/#primaryimage"},"thumbnailUrl":"https:\/\/hipertin.pl\/wp-content\/uploads\/2021\/07\/farba-utopik-hipertin-60-ml-e1636534331743.png","datePublished":"2021-07-22T15:05:03+00:00","dateModified":"2026-04-27T07:37:54+00:00","breadcrumb":{"@id":"https:\/\/hipertin.pl\/index.php\/product\/farba-utopik-hipertin-60ml\/#breadcrumb"},"inLanguage":"pl-PL","potentialAction":[{"@type":"ReadAction","target":["https:\/\/hipertin.pl\/index.php\/product\/farba-utopik-hipertin-60ml\/"]}]},{"@type":"ImageObject","inLanguage":"pl-PL","@id":"https:\/\/hipertin.pl\/index.php\/product\/farba-utopik-hipertin-60ml\/#primaryimage","url":"https:\/\/hipertin.pl\/wp-content\/uploads\/2021\/07\/farba-utopik-hipertin-60-ml-e1636534331743.png","contentUrl":"https:\/\/hipertin.pl\/wp-content\/uploads\/2021\/07\/farba-utopik-hipertin-60-ml-e1636534331743.png","width":600,"height":600},{"@type":"BreadcrumbList","@id":"https:\/\/hipertin.pl\/index.php\/product\/farba-utopik-hipertin-60ml\/#breadcrumb","itemListElement":[{"@type":"ListItem","position":1,"name":"Strona g\u0142\u00f3wna","item":"https:\/\/hipertin.pl\/"},{"@type":"ListItem","position":2,"name":"Sklep","item":"https:\/\/hipertin.pl\/index.php\/sklep\/"},{"@type":"ListItem","position":3,"name":"Farba Utopik Hipertin 60ml"}]},{"@type":"WebSite","@id":"https:\/\/hipertin.pl\/#website","url":"https:\/\/hipertin.pl\/","name":"HIPERTIN - Profesjonalne produkty Fryzjerskie","description":"","potentialAction":[{"@type":"SearchAction","target":{"@type":"EntryPoint","urlTemplate":"https:\/\/hipertin.pl\/?s={search_term_string}"},"query-input":{"@type":"PropertyValueSpecification","valueRequired":true,"valueName":"search_term_string"}}],"inLanguage":"pl-PL"}]}},"brands":[],"_links":{"self":[{"href":"https:\/\/hipertin.pl\/index.php\/wp-json\/wp\/v2\/product\/2911","targetHints":{"allow":["GET"]}}],"collection":[{"href":"https:\/\/hipertin.pl\/index.php\/wp-json\/wp\/v2\/product"}],"about":[{"href":"https:\/\/hipertin.pl\/index.php\/wp-json\/wp\/v2\/types\/product"}],"replies":[{"embeddable":true,"href":"https:\/\/hipertin.pl\/index.php\/wp-json\/wp\/v2\/comments?post=2911"}],"wp:featuredmedia":[{"embeddable":true,"href":"https:\/\/hipertin.pl\/index.php\/wp-json\/wp\/v2\/media\/2915"}],"wp:attachment":[{"href":"https:\/\/hipertin.pl\/index.php\/wp-json\/wp\/v2\/media?parent=2911"}],"wp:term":[{"taxonomy":"pwb-brand","embeddable":true,"href":"https:\/\/hipertin.pl\/index.php\/wp-json\/wp\/v2\/pwb-brand?post=2911"},{"taxonomy":"product_brand","embeddable":true,"href":"https:\/\/hipertin.pl\/index.php\/wp-json\/wp\/v2\/product_brand?post=2911"},{"taxonomy":"product_cat","embeddable":true,"href":"https:\/\/hipertin.pl\/index.php\/wp-json\/wp\/v2\/product_cat?post=2911"},{"taxonomy":"product_tag","embeddable":true,"href":"https:\/\/hipertin.pl\/index.php\/wp-json\/wp\/v2\/product_tag?post=2911"}],"curies":[{"name":"wp","href":"https:\/\/api.w.org\/{rel}","templated":true}]}}