{"id":2815,"date":"2021-07-08T10:11:02","date_gmt":"2021-07-08T10:11:02","guid":{"rendered":"https:\/\/server656728.nazwa.pl\/hipertin\/?post_type=product&#038;p=2815"},"modified":"2023-10-11T21:52:47","modified_gmt":"2023-10-11T21:52:47","slug":"utrwalacz-neutralizer-fixty-do-trwalej-hipertin-900ml","status":"publish","type":"product","link":"https:\/\/hipertin.pl\/index.php\/product\/utrwalacz-neutralizer-fixty-do-trwalej-hipertin-900ml\/","title":{"rendered":"Utrwalacz Neutralizer Fixty do trwa\u0142ej Hipertin 900ml"},"content":{"rendered":"<p>Utrwalacz Neutralizuj\u0105cy \u2013 Neutralizer Fixty marki Hipertin 900ml \u2013 stosowany do trwa\u0142ej ondulacji.<\/p>\n<p>Stworzony specjalnie dla serii Indywidual TOP (p\u0142yn do trwa\u0142ej ondulacji marki Hipertin do w\u0142os\u00f3w opornych, normalnych i farbowanych).<\/p>\n<p>Utrwala i przywraca w\u0142osom naturaln\u0105 r\u00f3wnowag\u0119 po procesie trwa\u0142ej ondulacji. W\u0142osy s\u0105 elastyczne, l\u015bni\u0105ce, a \u0142uski idealnie zamkni\u0119te!<\/p>\n<p>Spos\u00f3b u\u017cycia: Sp\u0142ukuj w\u0142osy bez \u015bci\u0105gania wa\u0142k\u00f3w. Przygotuj 50 ml utrwalacza w miseczce. Ka\u017cdy z wa\u0142k\u00f3w namaczaj utrwalaczem przy pomocy g\u0105beczki. Delikatnie \u015bci\u0105gnij wa\u0142ki i wylej na w\u0142osy pozosta\u0142\u0105 cz\u0119\u015b\u0107 utrwalacza wycieraj\u0105c p\u0142yn delikatnie. Pozostaw na kilka minut. Nast\u0119pnie dok\u0142adnie sp\u0142ukaj w\u0142osy.<\/p>\n","protected":false},"excerpt":{"rendered":"<p>Utrwalacz Neutralizuj\u0105cy \u2013 Neutralizer Fixty marki Hipertin 900ml \u2013 stosowany do trwa\u0142ej ondulacji.<\/p>\n<p>Utrwala i przywraca naturaln\u0105 r\u00f3wnowag\u0119 w\u0142os\u00f3w.<\/p>\n","protected":false},"featured_media":4333,"comment_status":"open","ping_status":"closed","template":"","meta":[],"pwb-brand":[133],"product_brand":[],"product_cat":[140],"product_tag":[],"class_list":{"0":"post-2815","1":"product","2":"type-product","3":"status-publish","4":"has-post-thumbnail","6":"pwb-brand-hipertin","7":"product_cat-prostowanie-i-trwala","8":"product_shipping_class-darmowa-wysylka","10":"first","11":"instock","12":"shipping-taxable","13":"purchasable","14":"product-type-simple"},"yoast_head":"<!-- This site is optimized with the Yoast SEO plugin v27.3 - https:\/\/yoast.com\/product\/yoast-seo-wordpress\/ -->\n<title>Utrwalacz Neutralizer Fixty do trwa\u0142ej Hipertin 900ml - HIPERTIN - Profesjonalne produkty Fryzjerskie<\/title>\n<meta name=\"robots\" content=\"index, follow, max-snippet:-1, max-image-preview:large, max-video-preview:-1\" \/>\n<link rel=\"canonical\" href=\"https:\/\/hipertin.pl\/index.php\/product\/utrwalacz-neutralizer-fixty-do-trwalej-hipertin-900ml\/\" \/>\n<meta property=\"og:locale\" content=\"pl_PL\" \/>\n<meta property=\"og:type\" content=\"article\" \/>\n<meta property=\"og:title\" content=\"Utrwalacz Neutralizer Fixty do trwa\u0142ej Hipertin 900ml - HIPERTIN - Profesjonalne produkty Fryzjerskie\" \/>\n<meta property=\"og:description\" content=\"Utrwalacz Neutralizuj\u0105cy \u2013 Neutralizer Fixty marki Hipertin 900ml \u2013 stosowany do trwa\u0142ej ondulacji.  Utrwala i przywraca naturaln\u0105 r\u00f3wnowag\u0119 w\u0142os\u00f3w.\" \/>\n<meta property=\"og:url\" content=\"https:\/\/hipertin.pl\/index.php\/product\/utrwalacz-neutralizer-fixty-do-trwalej-hipertin-900ml\/\" \/>\n<meta property=\"og:site_name\" content=\"HIPERTIN - Profesjonalne produkty Fryzjerskie\" \/>\n<meta property=\"article:modified_time\" content=\"2023-10-11T21:52:47+00:00\" \/>\n<meta property=\"og:image\" content=\"http:\/\/hipertin.pl\/wp-content\/uploads\/2021\/07\/Utrwalacz-Neutralizer-Fixty-do-trwalej-Hipertin-900ml-1.png\" \/>\n\t<meta property=\"og:image:width\" content=\"500\" \/>\n\t<meta property=\"og:image:height\" content=\"500\" \/>\n\t<meta property=\"og:image:type\" content=\"image\/png\" \/>\n<meta name=\"twitter:card\" content=\"summary_large_image\" \/>\n<meta name=\"twitter:label1\" content=\"Szacowany czas czytania\" \/>\n\t<meta name=\"twitter:data1\" content=\"1 minuta\" \/>\n<script type=\"application\/ld+json\" class=\"yoast-schema-graph\">{\"@context\":\"https:\\\/\\\/schema.org\",\"@graph\":[{\"@type\":\"WebPage\",\"@id\":\"https:\\\/\\\/hipertin.pl\\\/index.php\\\/product\\\/utrwalacz-neutralizer-fixty-do-trwalej-hipertin-900ml\\\/\",\"url\":\"https:\\\/\\\/hipertin.pl\\\/index.php\\\/product\\\/utrwalacz-neutralizer-fixty-do-trwalej-hipertin-900ml\\\/\",\"name\":\"Utrwalacz Neutralizer Fixty do trwa\u0142ej Hipertin 900ml - HIPERTIN - Profesjonalne produkty Fryzjerskie\",\"isPartOf\":{\"@id\":\"https:\\\/\\\/hipertin.pl\\\/#website\"},\"primaryImageOfPage\":{\"@id\":\"https:\\\/\\\/hipertin.pl\\\/index.php\\\/product\\\/utrwalacz-neutralizer-fixty-do-trwalej-hipertin-900ml\\\/#primaryimage\"},\"image\":{\"@id\":\"https:\\\/\\\/hipertin.pl\\\/index.php\\\/product\\\/utrwalacz-neutralizer-fixty-do-trwalej-hipertin-900ml\\\/#primaryimage\"},\"thumbnailUrl\":\"https:\\\/\\\/hipertin.pl\\\/wp-content\\\/uploads\\\/2021\\\/07\\\/Utrwalacz-Neutralizer-Fixty-do-trwalej-Hipertin-900ml-1.png\",\"datePublished\":\"2021-07-08T10:11:02+00:00\",\"dateModified\":\"2023-10-11T21:52:47+00:00\",\"breadcrumb\":{\"@id\":\"https:\\\/\\\/hipertin.pl\\\/index.php\\\/product\\\/utrwalacz-neutralizer-fixty-do-trwalej-hipertin-900ml\\\/#breadcrumb\"},\"inLanguage\":\"pl-PL\",\"potentialAction\":[{\"@type\":\"ReadAction\",\"target\":[\"https:\\\/\\\/hipertin.pl\\\/index.php\\\/product\\\/utrwalacz-neutralizer-fixty-do-trwalej-hipertin-900ml\\\/\"]}]},{\"@type\":\"ImageObject\",\"inLanguage\":\"pl-PL\",\"@id\":\"https:\\\/\\\/hipertin.pl\\\/index.php\\\/product\\\/utrwalacz-neutralizer-fixty-do-trwalej-hipertin-900ml\\\/#primaryimage\",\"url\":\"https:\\\/\\\/hipertin.pl\\\/wp-content\\\/uploads\\\/2021\\\/07\\\/Utrwalacz-Neutralizer-Fixty-do-trwalej-Hipertin-900ml-1.png\",\"contentUrl\":\"https:\\\/\\\/hipertin.pl\\\/wp-content\\\/uploads\\\/2021\\\/07\\\/Utrwalacz-Neutralizer-Fixty-do-trwalej-Hipertin-900ml-1.png\",\"width\":500,\"height\":500},{\"@type\":\"BreadcrumbList\",\"@id\":\"https:\\\/\\\/hipertin.pl\\\/index.php\\\/product\\\/utrwalacz-neutralizer-fixty-do-trwalej-hipertin-900ml\\\/#breadcrumb\",\"itemListElement\":[{\"@type\":\"ListItem\",\"position\":1,\"name\":\"Strona g\u0142\u00f3wna\",\"item\":\"https:\\\/\\\/hipertin.pl\\\/\"},{\"@type\":\"ListItem\",\"position\":2,\"name\":\"Sklep\",\"item\":\"https:\\\/\\\/hipertin.pl\\\/index.php\\\/sklep\\\/\"},{\"@type\":\"ListItem\",\"position\":3,\"name\":\"Utrwalacz Neutralizer Fixty do trwa\u0142ej Hipertin 900ml\"}]},{\"@type\":\"WebSite\",\"@id\":\"https:\\\/\\\/hipertin.pl\\\/#website\",\"url\":\"https:\\\/\\\/hipertin.pl\\\/\",\"name\":\"HIPERTIN - Profesjonalne produkty Fryzjerskie\",\"description\":\"\",\"potentialAction\":[{\"@type\":\"SearchAction\",\"target\":{\"@type\":\"EntryPoint\",\"urlTemplate\":\"https:\\\/\\\/hipertin.pl\\\/?s={search_term_string}\"},\"query-input\":{\"@type\":\"PropertyValueSpecification\",\"valueRequired\":true,\"valueName\":\"search_term_string\"}}],\"inLanguage\":\"pl-PL\"}]}<\/script>\n<!-- \/ Yoast SEO plugin. -->","yoast_head_json":{"title":"Utrwalacz Neutralizer Fixty do trwa\u0142ej Hipertin 900ml - HIPERTIN - Profesjonalne produkty Fryzjerskie","robots":{"index":"index","follow":"follow","max-snippet":"max-snippet:-1","max-image-preview":"max-image-preview:large","max-video-preview":"max-video-preview:-1"},"canonical":"https:\/\/hipertin.pl\/index.php\/product\/utrwalacz-neutralizer-fixty-do-trwalej-hipertin-900ml\/","og_locale":"pl_PL","og_type":"article","og_title":"Utrwalacz Neutralizer Fixty do trwa\u0142ej Hipertin 900ml - HIPERTIN - Profesjonalne produkty Fryzjerskie","og_description":"Utrwalacz Neutralizuj\u0105cy \u2013 Neutralizer Fixty marki Hipertin 900ml \u2013 stosowany do trwa\u0142ej ondulacji.  Utrwala i przywraca naturaln\u0105 r\u00f3wnowag\u0119 w\u0142os\u00f3w.","og_url":"https:\/\/hipertin.pl\/index.php\/product\/utrwalacz-neutralizer-fixty-do-trwalej-hipertin-900ml\/","og_site_name":"HIPERTIN - Profesjonalne produkty Fryzjerskie","article_modified_time":"2023-10-11T21:52:47+00:00","og_image":[{"width":500,"height":500,"url":"http:\/\/hipertin.pl\/wp-content\/uploads\/2021\/07\/Utrwalacz-Neutralizer-Fixty-do-trwalej-Hipertin-900ml-1.png","type":"image\/png"}],"twitter_card":"summary_large_image","twitter_misc":{"Szacowany czas czytania":"1 minuta"},"schema":{"@context":"https:\/\/schema.org","@graph":[{"@type":"WebPage","@id":"https:\/\/hipertin.pl\/index.php\/product\/utrwalacz-neutralizer-fixty-do-trwalej-hipertin-900ml\/","url":"https:\/\/hipertin.pl\/index.php\/product\/utrwalacz-neutralizer-fixty-do-trwalej-hipertin-900ml\/","name":"Utrwalacz Neutralizer Fixty do trwa\u0142ej Hipertin 900ml - HIPERTIN - Profesjonalne produkty Fryzjerskie","isPartOf":{"@id":"https:\/\/hipertin.pl\/#website"},"primaryImageOfPage":{"@id":"https:\/\/hipertin.pl\/index.php\/product\/utrwalacz-neutralizer-fixty-do-trwalej-hipertin-900ml\/#primaryimage"},"image":{"@id":"https:\/\/hipertin.pl\/index.php\/product\/utrwalacz-neutralizer-fixty-do-trwalej-hipertin-900ml\/#primaryimage"},"thumbnailUrl":"https:\/\/hipertin.pl\/wp-content\/uploads\/2021\/07\/Utrwalacz-Neutralizer-Fixty-do-trwalej-Hipertin-900ml-1.png","datePublished":"2021-07-08T10:11:02+00:00","dateModified":"2023-10-11T21:52:47+00:00","breadcrumb":{"@id":"https:\/\/hipertin.pl\/index.php\/product\/utrwalacz-neutralizer-fixty-do-trwalej-hipertin-900ml\/#breadcrumb"},"inLanguage":"pl-PL","potentialAction":[{"@type":"ReadAction","target":["https:\/\/hipertin.pl\/index.php\/product\/utrwalacz-neutralizer-fixty-do-trwalej-hipertin-900ml\/"]}]},{"@type":"ImageObject","inLanguage":"pl-PL","@id":"https:\/\/hipertin.pl\/index.php\/product\/utrwalacz-neutralizer-fixty-do-trwalej-hipertin-900ml\/#primaryimage","url":"https:\/\/hipertin.pl\/wp-content\/uploads\/2021\/07\/Utrwalacz-Neutralizer-Fixty-do-trwalej-Hipertin-900ml-1.png","contentUrl":"https:\/\/hipertin.pl\/wp-content\/uploads\/2021\/07\/Utrwalacz-Neutralizer-Fixty-do-trwalej-Hipertin-900ml-1.png","width":500,"height":500},{"@type":"BreadcrumbList","@id":"https:\/\/hipertin.pl\/index.php\/product\/utrwalacz-neutralizer-fixty-do-trwalej-hipertin-900ml\/#breadcrumb","itemListElement":[{"@type":"ListItem","position":1,"name":"Strona g\u0142\u00f3wna","item":"https:\/\/hipertin.pl\/"},{"@type":"ListItem","position":2,"name":"Sklep","item":"https:\/\/hipertin.pl\/index.php\/sklep\/"},{"@type":"ListItem","position":3,"name":"Utrwalacz Neutralizer Fixty do trwa\u0142ej Hipertin 900ml"}]},{"@type":"WebSite","@id":"https:\/\/hipertin.pl\/#website","url":"https:\/\/hipertin.pl\/","name":"HIPERTIN - Profesjonalne produkty Fryzjerskie","description":"","potentialAction":[{"@type":"SearchAction","target":{"@type":"EntryPoint","urlTemplate":"https:\/\/hipertin.pl\/?s={search_term_string}"},"query-input":{"@type":"PropertyValueSpecification","valueRequired":true,"valueName":"search_term_string"}}],"inLanguage":"pl-PL"}]}},"brands":[{"id":133,"name":"Hipertin","slug":"hipertin"}],"_links":{"self":[{"href":"https:\/\/hipertin.pl\/index.php\/wp-json\/wp\/v2\/product\/2815","targetHints":{"allow":["GET"]}}],"collection":[{"href":"https:\/\/hipertin.pl\/index.php\/wp-json\/wp\/v2\/product"}],"about":[{"href":"https:\/\/hipertin.pl\/index.php\/wp-json\/wp\/v2\/types\/product"}],"replies":[{"embeddable":true,"href":"https:\/\/hipertin.pl\/index.php\/wp-json\/wp\/v2\/comments?post=2815"}],"wp:featuredmedia":[{"embeddable":true,"href":"https:\/\/hipertin.pl\/index.php\/wp-json\/wp\/v2\/media\/4333"}],"wp:attachment":[{"href":"https:\/\/hipertin.pl\/index.php\/wp-json\/wp\/v2\/media?parent=2815"}],"wp:term":[{"taxonomy":"pwb-brand","embeddable":true,"href":"https:\/\/hipertin.pl\/index.php\/wp-json\/wp\/v2\/pwb-brand?post=2815"},{"taxonomy":"product_brand","embeddable":true,"href":"https:\/\/hipertin.pl\/index.php\/wp-json\/wp\/v2\/product_brand?post=2815"},{"taxonomy":"product_cat","embeddable":true,"href":"https:\/\/hipertin.pl\/index.php\/wp-json\/wp\/v2\/product_cat?post=2815"},{"taxonomy":"product_tag","embeddable":true,"href":"https:\/\/hipertin.pl\/index.php\/wp-json\/wp\/v2\/product_tag?post=2815"}],"curies":[{"name":"wp","href":"https:\/\/api.w.org\/{rel}","templated":true}]}}