{"id":2805,"date":"2021-07-08T10:05:17","date_gmt":"2021-07-08T10:05:17","guid":{"rendered":"https:\/\/server656728.nazwa.pl\/hipertin\/?post_type=product&#038;p=2805"},"modified":"2026-04-13T12:27:56","modified_gmt":"2026-04-13T12:27:56","slug":"kuracja-prostujaca-only-one-by-nanoliss-hipertin-500ml","status":"publish","type":"product","link":"https:\/\/hipertin.pl\/index.php\/product\/kuracja-prostujaca-only-one-by-nanoliss-hipertin-500ml\/","title":{"rendered":"Kuracja Prostuj\u0105ca Only ONE by Nanoliss Hipertin 500ml"},"content":{"rendered":"<p><strong>UWAGA! Wraz z produktem Only One by Nanoliss otrzymujesz gratis: Szampon musuj\u0105cy Bubbly 1L i Od\u017cywk\u0119 Hydro Sense 1L.<\/strong><\/p>\n<p><strong>ONLY ONE<\/strong> \u2013 JEDEN PRODUKT PROSTUJ\u0104CY. Kuracja prostuj\u0105ca zawiera kwas hialuronowy, proteiny Hiplex, aminokwasy, kwas hialuronowy, ekstrakt z bambusa, siemienia lnianego, aloesu i olejku arganowego, w celu osi\u0105gn\u0119cia ultraefektywnego i szybkodzia\u0142aj\u0105cego systemu prostowania w\u0142os\u00f3w.<\/p>\n<p><strong>NIE ZAWIERA FORMALDEHYD\u00d3W ORAZ JEGO POCHODNYCH!<\/strong><\/p>\n<p>ONLY ONE, to innowacyjna kuracja prostuj\u0105ca z zaawansowanym systemem Hyalurox + proteinami Hiplex + Kompleksem Aminokwas\u00f3w. Dzi\u0119ki takiemu po\u0142\u0105czeniu, produkt prostuje i rekonstruuje w\u0142\u00f3kno w\u0142osa, g\u0142\u0119boko nawil\u017ca, eliminuje puszenie si\u0119 przy jednoczesnej gwarancji uzyskania zdrowych w\u0142os\u00f3w.<\/p>\n<p><strong>PLUSY I WIDOCZNE REZULTATY:<\/strong><\/p>\n<p>&#8211; 70 % zawarto\u015bci to naturalne, organiczne sk\u0142adniki<br \/>\n&#8211; formu\u0142a wega\u0144ska<br \/>\n&#8211; efekt naturalnie prostych w\u0142os\u00f3w<br \/>\n&#8211; perfekcyjnie proste w\u0142osy do 5 miesi\u0119cy<\/p>\n<p>&#8211; maksymalne od\u017cywienie w\u0142os\u00f3w<br \/>\n&#8211; efekt jedwabistych i b\u0142yszcz\u0105cych w\u0142os\u00f3w<br \/>\n&#8211; poprawa nawil\u017cenia w\u0142os\u00f3w<\/p>\n<p><a href=\"http:\/\/hipertin.pl\/wp-content\/uploads\/2022\/03\/Instrukcja-Only.pdf\"><strong>-&gt;ULOTKA PRODUKTU&lt;-<\/strong><\/a><\/p>\n","protected":false},"excerpt":{"rendered":"<p><strong>ONLY ONE<\/strong> \u2013 JEDEN PRODUKT PROSTUJ\u0104CY. Kuracja prostuj\u0105ca zawiera kwas hialuronowy, proteiny Hiplex, aminokwasy, kwas hialuronowy, ekstrakt z bambusa, siemienia lnianego, aloesu i olejku arganowego, w celu osi\u0105gn\u0119cia ultraefektywnego i szybkodzia\u0142aj\u0105cego systemu prostowania w\u0142os\u00f3w.<\/p>\n<p><strong>NIE ZAWIERA FORMALDEHYD\u00d3W ORAZ JEGO POCHODNYCH!<\/strong><\/p>\n<p>ONLY ONE, to innowacyjna kuracja prostuj\u0105ca z zaawansowanym systemem Hyalurox + proteinami Hiplex + Kompleksem Aminokwas\u00f3w. Dzi\u0119ki takiemu po\u0142\u0105czeniu, produkt prostuje i rekonstruuje w\u0142\u00f3kno w\u0142osa, g\u0142\u0119boko nawil\u017ca, eliminuje puszenie si\u0119 przy jednoczesnej gwarancji uzyskania zdrowych w\u0142os\u00f3w.<\/p>\n<p><strong>UWAGA!<\/strong> Wraz z produktem Only One by Nanoliss otrzymujesz gratis: Szampon musuj\u0105cy Bubbly 1L i Od\u017cywk\u0119 Hydro Sense 1L.<\/p>\n","protected":false},"featured_media":4115,"comment_status":"open","ping_status":"closed","template":"","meta":[],"pwb-brand":[133],"product_brand":[],"product_cat":[140],"product_tag":[],"class_list":{"0":"post-2805","1":"product","2":"type-product","3":"status-publish","4":"has-post-thumbnail","6":"pwb-brand-hipertin","7":"product_cat-prostowanie-i-trwala","8":"product_shipping_class-darmowa-wysylka","10":"first","11":"instock","12":"shipping-taxable","13":"purchasable","14":"product-type-simple"},"yoast_head":"<!-- This site is optimized with the Yoast SEO plugin v27.4 - https:\/\/yoast.com\/product\/yoast-seo-wordpress\/ -->\n<title>Kuracja Prostuj\u0105ca Only ONE by Nanoliss Hipertin 500ml - HIPERTIN - Profesjonalne produkty Fryzjerskie<\/title>\n<meta name=\"robots\" content=\"index, follow, max-snippet:-1, max-image-preview:large, max-video-preview:-1\" \/>\n<link rel=\"canonical\" href=\"https:\/\/hipertin.pl\/index.php\/product\/kuracja-prostujaca-only-one-by-nanoliss-hipertin-500ml\/\" \/>\n<meta property=\"og:locale\" content=\"pl_PL\" \/>\n<meta property=\"og:type\" content=\"article\" \/>\n<meta property=\"og:title\" content=\"Kuracja Prostuj\u0105ca Only ONE by Nanoliss Hipertin 500ml - HIPERTIN - Profesjonalne produkty Fryzjerskie\" \/>\n<meta property=\"og:description\" content=\"ONLY ONE \u2013 JEDEN PRODUKT PROSTUJ\u0104CY. Kuracja prostuj\u0105ca zawiera kwas hialuronowy, proteiny Hiplex, aminokwasy, kwas hialuronowy, ekstrakt z bambusa, siemienia lnianego, aloesu i olejku arganowego, w celu osi\u0105gn\u0119cia ultraefektywnego i szybkodzia\u0142aj\u0105cego systemu prostowania w\u0142os\u00f3w.  NIE ZAWIERA FORMALDEHYD\u00d3W ORAZ JEGO POCHODNYCH!  ONLY ONE, to innowacyjna kuracja prostuj\u0105ca z zaawansowanym systemem Hyalurox + proteinami Hiplex + Kompleksem Aminokwas\u00f3w. Dzi\u0119ki takiemu po\u0142\u0105czeniu, produkt prostuje i rekonstruuje w\u0142\u00f3kno w\u0142osa, g\u0142\u0119boko nawil\u017ca, eliminuje puszenie si\u0119 przy jednoczesnej gwarancji uzyskania zdrowych w\u0142os\u00f3w.  UWAGA! Wraz z produktem Only One by Nanoliss otrzymujesz gratis: Szampon musuj\u0105cy Bubbly 1L i Od\u017cywk\u0119 Hydro Sense 1L.\" \/>\n<meta property=\"og:url\" content=\"https:\/\/hipertin.pl\/index.php\/product\/kuracja-prostujaca-only-one-by-nanoliss-hipertin-500ml\/\" \/>\n<meta property=\"og:site_name\" content=\"HIPERTIN - Profesjonalne produkty Fryzjerskie\" \/>\n<meta property=\"article:modified_time\" content=\"2026-04-13T12:27:56+00:00\" \/>\n<meta property=\"og:image\" content=\"http:\/\/hipertin.pl\/wp-content\/uploads\/2021\/07\/Kuracja-Prostujaca-Only-ONE-by-Nanoliss-Hipertin-500ml.png\" \/>\n\t<meta property=\"og:image:width\" content=\"500\" \/>\n\t<meta property=\"og:image:height\" content=\"500\" \/>\n\t<meta property=\"og:image:type\" content=\"image\/png\" \/>\n<meta name=\"twitter:card\" content=\"summary_large_image\" \/>\n<meta name=\"twitter:label1\" content=\"Szacowany czas czytania\" \/>\n\t<meta name=\"twitter:data1\" content=\"1 minuta\" \/>\n<script type=\"application\/ld+json\" class=\"yoast-schema-graph\">{\"@context\":\"https:\\\/\\\/schema.org\",\"@graph\":[{\"@type\":\"WebPage\",\"@id\":\"https:\\\/\\\/hipertin.pl\\\/index.php\\\/product\\\/kuracja-prostujaca-only-one-by-nanoliss-hipertin-500ml\\\/\",\"url\":\"https:\\\/\\\/hipertin.pl\\\/index.php\\\/product\\\/kuracja-prostujaca-only-one-by-nanoliss-hipertin-500ml\\\/\",\"name\":\"Kuracja Prostuj\u0105ca Only ONE by Nanoliss Hipertin 500ml - HIPERTIN - Profesjonalne produkty Fryzjerskie\",\"isPartOf\":{\"@id\":\"https:\\\/\\\/hipertin.pl\\\/#website\"},\"primaryImageOfPage\":{\"@id\":\"https:\\\/\\\/hipertin.pl\\\/index.php\\\/product\\\/kuracja-prostujaca-only-one-by-nanoliss-hipertin-500ml\\\/#primaryimage\"},\"image\":{\"@id\":\"https:\\\/\\\/hipertin.pl\\\/index.php\\\/product\\\/kuracja-prostujaca-only-one-by-nanoliss-hipertin-500ml\\\/#primaryimage\"},\"thumbnailUrl\":\"https:\\\/\\\/hipertin.pl\\\/wp-content\\\/uploads\\\/2021\\\/07\\\/Kuracja-Prostujaca-Only-ONE-by-Nanoliss-Hipertin-500ml.png\",\"datePublished\":\"2021-07-08T10:05:17+00:00\",\"dateModified\":\"2026-04-13T12:27:56+00:00\",\"breadcrumb\":{\"@id\":\"https:\\\/\\\/hipertin.pl\\\/index.php\\\/product\\\/kuracja-prostujaca-only-one-by-nanoliss-hipertin-500ml\\\/#breadcrumb\"},\"inLanguage\":\"pl-PL\",\"potentialAction\":[{\"@type\":\"ReadAction\",\"target\":[\"https:\\\/\\\/hipertin.pl\\\/index.php\\\/product\\\/kuracja-prostujaca-only-one-by-nanoliss-hipertin-500ml\\\/\"]}]},{\"@type\":\"ImageObject\",\"inLanguage\":\"pl-PL\",\"@id\":\"https:\\\/\\\/hipertin.pl\\\/index.php\\\/product\\\/kuracja-prostujaca-only-one-by-nanoliss-hipertin-500ml\\\/#primaryimage\",\"url\":\"https:\\\/\\\/hipertin.pl\\\/wp-content\\\/uploads\\\/2021\\\/07\\\/Kuracja-Prostujaca-Only-ONE-by-Nanoliss-Hipertin-500ml.png\",\"contentUrl\":\"https:\\\/\\\/hipertin.pl\\\/wp-content\\\/uploads\\\/2021\\\/07\\\/Kuracja-Prostujaca-Only-ONE-by-Nanoliss-Hipertin-500ml.png\",\"width\":500,\"height\":500},{\"@type\":\"BreadcrumbList\",\"@id\":\"https:\\\/\\\/hipertin.pl\\\/index.php\\\/product\\\/kuracja-prostujaca-only-one-by-nanoliss-hipertin-500ml\\\/#breadcrumb\",\"itemListElement\":[{\"@type\":\"ListItem\",\"position\":1,\"name\":\"Strona g\u0142\u00f3wna\",\"item\":\"https:\\\/\\\/hipertin.pl\\\/\"},{\"@type\":\"ListItem\",\"position\":2,\"name\":\"Sklep\",\"item\":\"https:\\\/\\\/hipertin.pl\\\/index.php\\\/sklep\\\/\"},{\"@type\":\"ListItem\",\"position\":3,\"name\":\"Kuracja Prostuj\u0105ca Only ONE by Nanoliss Hipertin 500ml\"}]},{\"@type\":\"WebSite\",\"@id\":\"https:\\\/\\\/hipertin.pl\\\/#website\",\"url\":\"https:\\\/\\\/hipertin.pl\\\/\",\"name\":\"HIPERTIN - Profesjonalne produkty Fryzjerskie\",\"description\":\"\",\"potentialAction\":[{\"@type\":\"SearchAction\",\"target\":{\"@type\":\"EntryPoint\",\"urlTemplate\":\"https:\\\/\\\/hipertin.pl\\\/?s={search_term_string}\"},\"query-input\":{\"@type\":\"PropertyValueSpecification\",\"valueRequired\":true,\"valueName\":\"search_term_string\"}}],\"inLanguage\":\"pl-PL\"}]}<\/script>\n<!-- \/ Yoast SEO plugin. -->","yoast_head_json":{"title":"Kuracja Prostuj\u0105ca Only ONE by Nanoliss Hipertin 500ml - HIPERTIN - Profesjonalne produkty Fryzjerskie","robots":{"index":"index","follow":"follow","max-snippet":"max-snippet:-1","max-image-preview":"max-image-preview:large","max-video-preview":"max-video-preview:-1"},"canonical":"https:\/\/hipertin.pl\/index.php\/product\/kuracja-prostujaca-only-one-by-nanoliss-hipertin-500ml\/","og_locale":"pl_PL","og_type":"article","og_title":"Kuracja Prostuj\u0105ca Only ONE by Nanoliss Hipertin 500ml - HIPERTIN - Profesjonalne produkty Fryzjerskie","og_description":"ONLY ONE \u2013 JEDEN PRODUKT PROSTUJ\u0104CY. Kuracja prostuj\u0105ca zawiera kwas hialuronowy, proteiny Hiplex, aminokwasy, kwas hialuronowy, ekstrakt z bambusa, siemienia lnianego, aloesu i olejku arganowego, w celu osi\u0105gn\u0119cia ultraefektywnego i szybkodzia\u0142aj\u0105cego systemu prostowania w\u0142os\u00f3w.  NIE ZAWIERA FORMALDEHYD\u00d3W ORAZ JEGO POCHODNYCH!  ONLY ONE, to innowacyjna kuracja prostuj\u0105ca z zaawansowanym systemem Hyalurox + proteinami Hiplex + Kompleksem Aminokwas\u00f3w. Dzi\u0119ki takiemu po\u0142\u0105czeniu, produkt prostuje i rekonstruuje w\u0142\u00f3kno w\u0142osa, g\u0142\u0119boko nawil\u017ca, eliminuje puszenie si\u0119 przy jednoczesnej gwarancji uzyskania zdrowych w\u0142os\u00f3w.  UWAGA! Wraz z produktem Only One by Nanoliss otrzymujesz gratis: Szampon musuj\u0105cy Bubbly 1L i Od\u017cywk\u0119 Hydro Sense 1L.","og_url":"https:\/\/hipertin.pl\/index.php\/product\/kuracja-prostujaca-only-one-by-nanoliss-hipertin-500ml\/","og_site_name":"HIPERTIN - Profesjonalne produkty Fryzjerskie","article_modified_time":"2026-04-13T12:27:56+00:00","og_image":[{"width":500,"height":500,"url":"http:\/\/hipertin.pl\/wp-content\/uploads\/2021\/07\/Kuracja-Prostujaca-Only-ONE-by-Nanoliss-Hipertin-500ml.png","type":"image\/png"}],"twitter_card":"summary_large_image","twitter_misc":{"Szacowany czas czytania":"1 minuta"},"schema":{"@context":"https:\/\/schema.org","@graph":[{"@type":"WebPage","@id":"https:\/\/hipertin.pl\/index.php\/product\/kuracja-prostujaca-only-one-by-nanoliss-hipertin-500ml\/","url":"https:\/\/hipertin.pl\/index.php\/product\/kuracja-prostujaca-only-one-by-nanoliss-hipertin-500ml\/","name":"Kuracja Prostuj\u0105ca Only ONE by Nanoliss Hipertin 500ml - HIPERTIN - Profesjonalne produkty Fryzjerskie","isPartOf":{"@id":"https:\/\/hipertin.pl\/#website"},"primaryImageOfPage":{"@id":"https:\/\/hipertin.pl\/index.php\/product\/kuracja-prostujaca-only-one-by-nanoliss-hipertin-500ml\/#primaryimage"},"image":{"@id":"https:\/\/hipertin.pl\/index.php\/product\/kuracja-prostujaca-only-one-by-nanoliss-hipertin-500ml\/#primaryimage"},"thumbnailUrl":"https:\/\/hipertin.pl\/wp-content\/uploads\/2021\/07\/Kuracja-Prostujaca-Only-ONE-by-Nanoliss-Hipertin-500ml.png","datePublished":"2021-07-08T10:05:17+00:00","dateModified":"2026-04-13T12:27:56+00:00","breadcrumb":{"@id":"https:\/\/hipertin.pl\/index.php\/product\/kuracja-prostujaca-only-one-by-nanoliss-hipertin-500ml\/#breadcrumb"},"inLanguage":"pl-PL","potentialAction":[{"@type":"ReadAction","target":["https:\/\/hipertin.pl\/index.php\/product\/kuracja-prostujaca-only-one-by-nanoliss-hipertin-500ml\/"]}]},{"@type":"ImageObject","inLanguage":"pl-PL","@id":"https:\/\/hipertin.pl\/index.php\/product\/kuracja-prostujaca-only-one-by-nanoliss-hipertin-500ml\/#primaryimage","url":"https:\/\/hipertin.pl\/wp-content\/uploads\/2021\/07\/Kuracja-Prostujaca-Only-ONE-by-Nanoliss-Hipertin-500ml.png","contentUrl":"https:\/\/hipertin.pl\/wp-content\/uploads\/2021\/07\/Kuracja-Prostujaca-Only-ONE-by-Nanoliss-Hipertin-500ml.png","width":500,"height":500},{"@type":"BreadcrumbList","@id":"https:\/\/hipertin.pl\/index.php\/product\/kuracja-prostujaca-only-one-by-nanoliss-hipertin-500ml\/#breadcrumb","itemListElement":[{"@type":"ListItem","position":1,"name":"Strona g\u0142\u00f3wna","item":"https:\/\/hipertin.pl\/"},{"@type":"ListItem","position":2,"name":"Sklep","item":"https:\/\/hipertin.pl\/index.php\/sklep\/"},{"@type":"ListItem","position":3,"name":"Kuracja Prostuj\u0105ca Only ONE by Nanoliss Hipertin 500ml"}]},{"@type":"WebSite","@id":"https:\/\/hipertin.pl\/#website","url":"https:\/\/hipertin.pl\/","name":"HIPERTIN - Profesjonalne produkty Fryzjerskie","description":"","potentialAction":[{"@type":"SearchAction","target":{"@type":"EntryPoint","urlTemplate":"https:\/\/hipertin.pl\/?s={search_term_string}"},"query-input":{"@type":"PropertyValueSpecification","valueRequired":true,"valueName":"search_term_string"}}],"inLanguage":"pl-PL"}]}},"brands":[{"id":133,"name":"Hipertin","slug":"hipertin"}],"_links":{"self":[{"href":"https:\/\/hipertin.pl\/index.php\/wp-json\/wp\/v2\/product\/2805","targetHints":{"allow":["GET"]}}],"collection":[{"href":"https:\/\/hipertin.pl\/index.php\/wp-json\/wp\/v2\/product"}],"about":[{"href":"https:\/\/hipertin.pl\/index.php\/wp-json\/wp\/v2\/types\/product"}],"replies":[{"embeddable":true,"href":"https:\/\/hipertin.pl\/index.php\/wp-json\/wp\/v2\/comments?post=2805"}],"wp:featuredmedia":[{"embeddable":true,"href":"https:\/\/hipertin.pl\/index.php\/wp-json\/wp\/v2\/media\/4115"}],"wp:attachment":[{"href":"https:\/\/hipertin.pl\/index.php\/wp-json\/wp\/v2\/media?parent=2805"}],"wp:term":[{"taxonomy":"pwb-brand","embeddable":true,"href":"https:\/\/hipertin.pl\/index.php\/wp-json\/wp\/v2\/pwb-brand?post=2805"},{"taxonomy":"product_brand","embeddable":true,"href":"https:\/\/hipertin.pl\/index.php\/wp-json\/wp\/v2\/product_brand?post=2805"},{"taxonomy":"product_cat","embeddable":true,"href":"https:\/\/hipertin.pl\/index.php\/wp-json\/wp\/v2\/product_cat?post=2805"},{"taxonomy":"product_tag","embeddable":true,"href":"https:\/\/hipertin.pl\/index.php\/wp-json\/wp\/v2\/product_tag?post=2805"}],"curies":[{"name":"wp","href":"https:\/\/api.w.org\/{rel}","templated":true}]}}