{"id":2786,"date":"2021-07-08T09:49:20","date_gmt":"2021-07-08T09:49:20","guid":{"rendered":"https:\/\/server656728.nazwa.pl\/hipertin\/?post_type=product&#038;p=2786"},"modified":"2024-01-17T08:54:16","modified_gmt":"2024-01-17T08:54:16","slug":"lakier-hipertin-hi-style-hairspray-strong-2-500ml","status":"publish","type":"product","link":"https:\/\/hipertin.pl\/index.php\/product\/lakier-hipertin-hi-style-hairspray-strong-2-500ml\/","title":{"rendered":"Lakier Hipertin \u2013 Hi-Style Hairspray Strong 2, 500ml"},"content":{"rendered":"<p>Hipertin Hi-Style Hairspray Strong 2 lakier mocny do w\u0142os\u00f3w, kt\u00f3ry bez problemu utrwali ka\u017cd\u0105, nawet najbardziej wymy\u015bln\u0105 fryzur\u0119.<\/p>\n<p>Lakier zapewnia d\u0142ugotrwa\u0142e utrwalenie, wi\u0119c Twoja fryzura ma szans\u0119 przetrwa\u0107 ca\u0142y dzie\u0144, nawet podczas niekorzystnych warunk\u00f3w atmosferycznych. W\u0142osy b\u0119d\u0105 mocno utrwalone a przy tym zachowaj\u0105 swoj\u0105 lekko\u015b\u0107 i elastyczno\u015b\u0107. Nie zbraknie im tak\u017ce cudownego po\u0142ysku, bowiem lakier posiada nie tylko w\u0142a\u015bciwo\u015bci utrwalaj\u0105ce, ale tak\u017ce nab\u0142yszczaj\u0105ce w\u0142osy. Co wa\u017cne, ochrania tak\u017ce w\u0142osy przed szkodliwym dzia\u0142aniem wilgoci, kt\u00f3ra mog\u0142aby powa\u017cnie zaszkodzi\u0107 Twojej fryzurze i na przyk\u0142ad doprowadzi\u0107 do puszenia si\u0119 w\u0142os\u00f3w. Na koniec dnia, \u0142atwo usuniesz go ze swoich w\u0142os\u00f3w podczas normalnego szczotkowania.<\/p>\n<p>Spos\u00f3b u\u017cycia: u\u0142\u00f3\u017c i spryskaj w\u0142osy z odpowiedniej odleg\u0142o\u015bci. Teraz mo\u017cesz by\u0107 pewna, \u017ce Twoja fryzura jest doskonale utrwalona.<\/p>\n","protected":false},"excerpt":{"rendered":"<p>Lakier zapewnia d\u0142ugotrwa\u0142e utrwalenie, wi\u0119c Twoja fryzura ma szans\u0119 przetrwa\u0107 ca\u0142y dzie\u0144, nawet podczas niekorzystnych warunk\u00f3w atmosferycznych. W\u0142osy b\u0119d\u0105 mocno utrwalone a przy tym zachowaj\u0105 swoj\u0105 lekko\u015b\u0107 i elastyczno\u015b\u0107. Nie zbraknie im tak\u017ce cudownego po\u0142ysku, bowiem lakier posiada nie tylko w\u0142a\u015bciwo\u015bci utrwalaj\u0105ce, ale tak\u017ce nab\u0142yszczaj\u0105ce w\u0142osy. Co wa\u017cne, ochrania tak\u017ce w\u0142osy przed szkodliwym dzia\u0142aniem wilgoci, kt\u00f3ra mog\u0142aby powa\u017cnie zaszkodzi\u0107 Twojej fryzurze i na przyk\u0142ad doprowadzi\u0107 do puszenia si\u0119 w\u0142os\u00f3w. Na koniec dnia, \u0142atwo usuniesz go ze swoich w\u0142os\u00f3w podczas normalnego szczotkowania.<\/p>\n","protected":false},"featured_media":2787,"comment_status":"open","ping_status":"closed","template":"","meta":[],"pwb-brand":[133],"product_brand":[],"product_cat":[139],"product_tag":[],"class_list":{"0":"post-2786","1":"product","2":"type-product","3":"status-publish","4":"has-post-thumbnail","6":"pwb-brand-hipertin","7":"product_cat-stylizacja","9":"first","10":"outofstock","11":"shipping-taxable","12":"purchasable","13":"product-type-simple"},"yoast_head":"<!-- This site is optimized with the Yoast SEO plugin v27.3 - https:\/\/yoast.com\/product\/yoast-seo-wordpress\/ -->\n<title>Lakier Hipertin \u2013 Hi-Style Hairspray Strong 2, 500ml - HIPERTIN - Profesjonalne produkty Fryzjerskie<\/title>\n<meta name=\"robots\" content=\"index, follow, max-snippet:-1, max-image-preview:large, max-video-preview:-1\" \/>\n<link rel=\"canonical\" href=\"https:\/\/hipertin.pl\/index.php\/product\/lakier-hipertin-hi-style-hairspray-strong-2-500ml\/\" \/>\n<meta property=\"og:locale\" content=\"pl_PL\" \/>\n<meta property=\"og:type\" content=\"article\" \/>\n<meta property=\"og:title\" content=\"Lakier Hipertin \u2013 Hi-Style Hairspray Strong 2, 500ml - HIPERTIN - Profesjonalne produkty Fryzjerskie\" \/>\n<meta property=\"og:description\" content=\"Lakier zapewnia d\u0142ugotrwa\u0142e utrwalenie, wi\u0119c Twoja fryzura ma szans\u0119 przetrwa\u0107 ca\u0142y dzie\u0144, nawet podczas niekorzystnych warunk\u00f3w atmosferycznych. W\u0142osy b\u0119d\u0105 mocno utrwalone a przy tym zachowaj\u0105 swoj\u0105 lekko\u015b\u0107 i elastyczno\u015b\u0107. Nie zbraknie im tak\u017ce cudownego po\u0142ysku, bowiem lakier posiada nie tylko w\u0142a\u015bciwo\u015bci utrwalaj\u0105ce, ale tak\u017ce nab\u0142yszczaj\u0105ce w\u0142osy. Co wa\u017cne, ochrania tak\u017ce w\u0142osy przed szkodliwym dzia\u0142aniem wilgoci, kt\u00f3ra mog\u0142aby powa\u017cnie zaszkodzi\u0107 Twojej fryzurze i na przyk\u0142ad doprowadzi\u0107 do puszenia si\u0119 w\u0142os\u00f3w. Na koniec dnia, \u0142atwo usuniesz go ze swoich w\u0142os\u00f3w podczas normalnego szczotkowania.\" \/>\n<meta property=\"og:url\" content=\"https:\/\/hipertin.pl\/index.php\/product\/lakier-hipertin-hi-style-hairspray-strong-2-500ml\/\" \/>\n<meta property=\"og:site_name\" content=\"HIPERTIN - Profesjonalne produkty Fryzjerskie\" \/>\n<meta property=\"article:modified_time\" content=\"2024-01-17T08:54:16+00:00\" \/>\n<meta property=\"og:image\" content=\"http:\/\/hipertin.pl\/wp-content\/uploads\/2021\/07\/lakier-hipertin-hi-style-hairspray-strong-2-500ml-1-e1636534237183.png\" \/>\n\t<meta property=\"og:image:width\" content=\"600\" \/>\n\t<meta property=\"og:image:height\" content=\"600\" \/>\n\t<meta property=\"og:image:type\" content=\"image\/png\" \/>\n<meta name=\"twitter:card\" content=\"summary_large_image\" \/>\n<meta name=\"twitter:label1\" content=\"Szacowany czas czytania\" \/>\n\t<meta name=\"twitter:data1\" content=\"1 minuta\" \/>\n<script type=\"application\/ld+json\" class=\"yoast-schema-graph\">{\"@context\":\"https:\\\/\\\/schema.org\",\"@graph\":[{\"@type\":\"WebPage\",\"@id\":\"https:\\\/\\\/hipertin.pl\\\/index.php\\\/product\\\/lakier-hipertin-hi-style-hairspray-strong-2-500ml\\\/\",\"url\":\"https:\\\/\\\/hipertin.pl\\\/index.php\\\/product\\\/lakier-hipertin-hi-style-hairspray-strong-2-500ml\\\/\",\"name\":\"Lakier Hipertin \u2013 Hi-Style Hairspray Strong 2, 500ml - HIPERTIN - Profesjonalne produkty Fryzjerskie\",\"isPartOf\":{\"@id\":\"https:\\\/\\\/hipertin.pl\\\/#website\"},\"primaryImageOfPage\":{\"@id\":\"https:\\\/\\\/hipertin.pl\\\/index.php\\\/product\\\/lakier-hipertin-hi-style-hairspray-strong-2-500ml\\\/#primaryimage\"},\"image\":{\"@id\":\"https:\\\/\\\/hipertin.pl\\\/index.php\\\/product\\\/lakier-hipertin-hi-style-hairspray-strong-2-500ml\\\/#primaryimage\"},\"thumbnailUrl\":\"https:\\\/\\\/hipertin.pl\\\/wp-content\\\/uploads\\\/2021\\\/07\\\/lakier-hipertin-hi-style-hairspray-strong-2-500ml-1-e1636534237183.png\",\"datePublished\":\"2021-07-08T09:49:20+00:00\",\"dateModified\":\"2024-01-17T08:54:16+00:00\",\"breadcrumb\":{\"@id\":\"https:\\\/\\\/hipertin.pl\\\/index.php\\\/product\\\/lakier-hipertin-hi-style-hairspray-strong-2-500ml\\\/#breadcrumb\"},\"inLanguage\":\"pl-PL\",\"potentialAction\":[{\"@type\":\"ReadAction\",\"target\":[\"https:\\\/\\\/hipertin.pl\\\/index.php\\\/product\\\/lakier-hipertin-hi-style-hairspray-strong-2-500ml\\\/\"]}]},{\"@type\":\"ImageObject\",\"inLanguage\":\"pl-PL\",\"@id\":\"https:\\\/\\\/hipertin.pl\\\/index.php\\\/product\\\/lakier-hipertin-hi-style-hairspray-strong-2-500ml\\\/#primaryimage\",\"url\":\"https:\\\/\\\/hipertin.pl\\\/wp-content\\\/uploads\\\/2021\\\/07\\\/lakier-hipertin-hi-style-hairspray-strong-2-500ml-1-e1636534237183.png\",\"contentUrl\":\"https:\\\/\\\/hipertin.pl\\\/wp-content\\\/uploads\\\/2021\\\/07\\\/lakier-hipertin-hi-style-hairspray-strong-2-500ml-1-e1636534237183.png\",\"width\":600,\"height\":600},{\"@type\":\"BreadcrumbList\",\"@id\":\"https:\\\/\\\/hipertin.pl\\\/index.php\\\/product\\\/lakier-hipertin-hi-style-hairspray-strong-2-500ml\\\/#breadcrumb\",\"itemListElement\":[{\"@type\":\"ListItem\",\"position\":1,\"name\":\"Strona g\u0142\u00f3wna\",\"item\":\"https:\\\/\\\/hipertin.pl\\\/\"},{\"@type\":\"ListItem\",\"position\":2,\"name\":\"Sklep\",\"item\":\"https:\\\/\\\/hipertin.pl\\\/index.php\\\/sklep\\\/\"},{\"@type\":\"ListItem\",\"position\":3,\"name\":\"Lakier Hipertin \u2013 Hi-Style Hairspray Strong 2, 500ml\"}]},{\"@type\":\"WebSite\",\"@id\":\"https:\\\/\\\/hipertin.pl\\\/#website\",\"url\":\"https:\\\/\\\/hipertin.pl\\\/\",\"name\":\"HIPERTIN - Profesjonalne produkty Fryzjerskie\",\"description\":\"\",\"potentialAction\":[{\"@type\":\"SearchAction\",\"target\":{\"@type\":\"EntryPoint\",\"urlTemplate\":\"https:\\\/\\\/hipertin.pl\\\/?s={search_term_string}\"},\"query-input\":{\"@type\":\"PropertyValueSpecification\",\"valueRequired\":true,\"valueName\":\"search_term_string\"}}],\"inLanguage\":\"pl-PL\"}]}<\/script>\n<!-- \/ Yoast SEO plugin. -->","yoast_head_json":{"title":"Lakier Hipertin \u2013 Hi-Style Hairspray Strong 2, 500ml - HIPERTIN - Profesjonalne produkty Fryzjerskie","robots":{"index":"index","follow":"follow","max-snippet":"max-snippet:-1","max-image-preview":"max-image-preview:large","max-video-preview":"max-video-preview:-1"},"canonical":"https:\/\/hipertin.pl\/index.php\/product\/lakier-hipertin-hi-style-hairspray-strong-2-500ml\/","og_locale":"pl_PL","og_type":"article","og_title":"Lakier Hipertin \u2013 Hi-Style Hairspray Strong 2, 500ml - HIPERTIN - Profesjonalne produkty Fryzjerskie","og_description":"Lakier zapewnia d\u0142ugotrwa\u0142e utrwalenie, wi\u0119c Twoja fryzura ma szans\u0119 przetrwa\u0107 ca\u0142y dzie\u0144, nawet podczas niekorzystnych warunk\u00f3w atmosferycznych. W\u0142osy b\u0119d\u0105 mocno utrwalone a przy tym zachowaj\u0105 swoj\u0105 lekko\u015b\u0107 i elastyczno\u015b\u0107. Nie zbraknie im tak\u017ce cudownego po\u0142ysku, bowiem lakier posiada nie tylko w\u0142a\u015bciwo\u015bci utrwalaj\u0105ce, ale tak\u017ce nab\u0142yszczaj\u0105ce w\u0142osy. Co wa\u017cne, ochrania tak\u017ce w\u0142osy przed szkodliwym dzia\u0142aniem wilgoci, kt\u00f3ra mog\u0142aby powa\u017cnie zaszkodzi\u0107 Twojej fryzurze i na przyk\u0142ad doprowadzi\u0107 do puszenia si\u0119 w\u0142os\u00f3w. Na koniec dnia, \u0142atwo usuniesz go ze swoich w\u0142os\u00f3w podczas normalnego szczotkowania.","og_url":"https:\/\/hipertin.pl\/index.php\/product\/lakier-hipertin-hi-style-hairspray-strong-2-500ml\/","og_site_name":"HIPERTIN - Profesjonalne produkty Fryzjerskie","article_modified_time":"2024-01-17T08:54:16+00:00","og_image":[{"width":600,"height":600,"url":"http:\/\/hipertin.pl\/wp-content\/uploads\/2021\/07\/lakier-hipertin-hi-style-hairspray-strong-2-500ml-1-e1636534237183.png","type":"image\/png"}],"twitter_card":"summary_large_image","twitter_misc":{"Szacowany czas czytania":"1 minuta"},"schema":{"@context":"https:\/\/schema.org","@graph":[{"@type":"WebPage","@id":"https:\/\/hipertin.pl\/index.php\/product\/lakier-hipertin-hi-style-hairspray-strong-2-500ml\/","url":"https:\/\/hipertin.pl\/index.php\/product\/lakier-hipertin-hi-style-hairspray-strong-2-500ml\/","name":"Lakier Hipertin \u2013 Hi-Style Hairspray Strong 2, 500ml - HIPERTIN - Profesjonalne produkty Fryzjerskie","isPartOf":{"@id":"https:\/\/hipertin.pl\/#website"},"primaryImageOfPage":{"@id":"https:\/\/hipertin.pl\/index.php\/product\/lakier-hipertin-hi-style-hairspray-strong-2-500ml\/#primaryimage"},"image":{"@id":"https:\/\/hipertin.pl\/index.php\/product\/lakier-hipertin-hi-style-hairspray-strong-2-500ml\/#primaryimage"},"thumbnailUrl":"https:\/\/hipertin.pl\/wp-content\/uploads\/2021\/07\/lakier-hipertin-hi-style-hairspray-strong-2-500ml-1-e1636534237183.png","datePublished":"2021-07-08T09:49:20+00:00","dateModified":"2024-01-17T08:54:16+00:00","breadcrumb":{"@id":"https:\/\/hipertin.pl\/index.php\/product\/lakier-hipertin-hi-style-hairspray-strong-2-500ml\/#breadcrumb"},"inLanguage":"pl-PL","potentialAction":[{"@type":"ReadAction","target":["https:\/\/hipertin.pl\/index.php\/product\/lakier-hipertin-hi-style-hairspray-strong-2-500ml\/"]}]},{"@type":"ImageObject","inLanguage":"pl-PL","@id":"https:\/\/hipertin.pl\/index.php\/product\/lakier-hipertin-hi-style-hairspray-strong-2-500ml\/#primaryimage","url":"https:\/\/hipertin.pl\/wp-content\/uploads\/2021\/07\/lakier-hipertin-hi-style-hairspray-strong-2-500ml-1-e1636534237183.png","contentUrl":"https:\/\/hipertin.pl\/wp-content\/uploads\/2021\/07\/lakier-hipertin-hi-style-hairspray-strong-2-500ml-1-e1636534237183.png","width":600,"height":600},{"@type":"BreadcrumbList","@id":"https:\/\/hipertin.pl\/index.php\/product\/lakier-hipertin-hi-style-hairspray-strong-2-500ml\/#breadcrumb","itemListElement":[{"@type":"ListItem","position":1,"name":"Strona g\u0142\u00f3wna","item":"https:\/\/hipertin.pl\/"},{"@type":"ListItem","position":2,"name":"Sklep","item":"https:\/\/hipertin.pl\/index.php\/sklep\/"},{"@type":"ListItem","position":3,"name":"Lakier Hipertin \u2013 Hi-Style Hairspray Strong 2, 500ml"}]},{"@type":"WebSite","@id":"https:\/\/hipertin.pl\/#website","url":"https:\/\/hipertin.pl\/","name":"HIPERTIN - Profesjonalne produkty Fryzjerskie","description":"","potentialAction":[{"@type":"SearchAction","target":{"@type":"EntryPoint","urlTemplate":"https:\/\/hipertin.pl\/?s={search_term_string}"},"query-input":{"@type":"PropertyValueSpecification","valueRequired":true,"valueName":"search_term_string"}}],"inLanguage":"pl-PL"}]}},"brands":[{"id":133,"name":"Hipertin","slug":"hipertin"}],"_links":{"self":[{"href":"https:\/\/hipertin.pl\/index.php\/wp-json\/wp\/v2\/product\/2786","targetHints":{"allow":["GET"]}}],"collection":[{"href":"https:\/\/hipertin.pl\/index.php\/wp-json\/wp\/v2\/product"}],"about":[{"href":"https:\/\/hipertin.pl\/index.php\/wp-json\/wp\/v2\/types\/product"}],"replies":[{"embeddable":true,"href":"https:\/\/hipertin.pl\/index.php\/wp-json\/wp\/v2\/comments?post=2786"}],"wp:featuredmedia":[{"embeddable":true,"href":"https:\/\/hipertin.pl\/index.php\/wp-json\/wp\/v2\/media\/2787"}],"wp:attachment":[{"href":"https:\/\/hipertin.pl\/index.php\/wp-json\/wp\/v2\/media?parent=2786"}],"wp:term":[{"taxonomy":"pwb-brand","embeddable":true,"href":"https:\/\/hipertin.pl\/index.php\/wp-json\/wp\/v2\/pwb-brand?post=2786"},{"taxonomy":"product_brand","embeddable":true,"href":"https:\/\/hipertin.pl\/index.php\/wp-json\/wp\/v2\/product_brand?post=2786"},{"taxonomy":"product_cat","embeddable":true,"href":"https:\/\/hipertin.pl\/index.php\/wp-json\/wp\/v2\/product_cat?post=2786"},{"taxonomy":"product_tag","embeddable":true,"href":"https:\/\/hipertin.pl\/index.php\/wp-json\/wp\/v2\/product_tag?post=2786"}],"curies":[{"name":"wp","href":"https:\/\/api.w.org\/{rel}","templated":true}]}}