{"id":2767,"date":"2021-07-08T07:03:09","date_gmt":"2021-07-08T07:03:09","guid":{"rendered":"https:\/\/server656728.nazwa.pl\/hipertin\/?post_type=product&#038;p=2767"},"modified":"2026-04-13T13:26:26","modified_gmt":"2026-04-13T13:26:26","slug":"krem-regenerujacy-wlosy-hipertin-linecure-hydro-sense-1000ml-2","status":"publish","type":"product","link":"https:\/\/hipertin.pl\/index.php\/product\/krem-regenerujacy-wlosy-hipertin-linecure-hydro-sense-1000ml-2\/","title":{"rendered":"Krem regeneruj\u0105cy w\u0142osy Hipertin Linecure Hydro Sense 1000ml"},"content":{"rendered":"<div id=\"st_application-st_product-product_description\" class=\"content_tinymce\">Twoje w\u0142osy s\u0105 bardzo zniszczone i dlatego szukasz kremu, kt\u00f3ry zregeneruje i odbuduje Twoje w\u0142osy? Wybierz wi\u0119c\u00a0<strong>Hipertin Linecure Hydro Sense krem regeneruj\u0105cy w\u0142osy<\/strong>, kt\u00f3ry mocno od\u017cywi Twoje w\u0142osy.<\/div>\n<div><\/div>\n<div>\n<div id=\"product-tab-0\" class=\"tab-pane active\">\n<div id=\"st_application-st_product-product_description\" class=\"content_tinymce\">\n<h2>Uzdrawia, leczy i odbudowuje w\u0142osy<\/h2>\n<p>Hipertin Linecure Hydro Sense krem regeneruj\u0105cy w\u0142osy to wyj\u0105tkowy krem, kt\u00f3ry swoje bardzo skuteczne dzia\u0142anie zawdzi\u0119cza specjalnej formule zawieraj\u0105cej ekstrakt z li\u015bcia lotosu. To w\u0142a\u015bnie ten ekstrakt sprawi, \u017ce Twoje w\u0142osy zostan\u0119 idealnie nawil\u017cone oraz g\u0142\u0119boko zregenerowane. Ponadto,\u00a0<strong>od\u017cywka skutecznie zapobiega rozdwajaniu si\u0119 ko\u0144c\u00f3wek<\/strong>. A dzi\u0119ki zawarto\u015bci Phantenlou sprawia, \u017ce nawet najbardziej spl\u0105tane i trudne do rozczesania w\u0142osy rozczesz bez najmniejszego problemu. Sprawd\u017a i przekonaj si\u0119 sama o niesamowitym dzia\u0142aniu\u00a0<strong>Hipertin Linecure Hydro Sense kremu regeneruj\u0105cego w\u0142osy, kt\u00f3ry odmieni wygl\u0105d Twoich w\u0142os\u00f3w.\u00a0<\/strong><\/p>\n<p><strong>Spos\u00f3b u\u017cycia:\u00a0<\/strong>nanie\u015b na wilgotne w\u0142osy. Pozostaw na kilka minut i dok\u0142adnie sp\u0142ucz. Stosuj \u0142\u0105cznie z innymi kosmetykami z serii.<\/p>\n<p><strong>Pojemno\u015b\u0107:<\/strong>\u00a01000ml<\/p>\n<\/div>\n<\/div>\n<\/div>\n","protected":false},"excerpt":{"rendered":"<div class=\"woocommerce-product-details__short-description\">\n<div id=\"st_application-st_product-product_description\" class=\"content_tinymce\">Twoje w\u0142osy s\u0105 bardzo zniszczone i dlatego szukasz kremu, kt\u00f3ry zregeneruje i odbuduje Twoje w\u0142osy? Wybierz wi\u0119c\u00a0<strong>Hipertin Linecure Hydro Sense krem regeneruj\u0105cy w\u0142osy<\/strong>, kt\u00f3ry mocno od\u017cywi Twoje w\u0142osy.<\/div>\n<div><\/div>\n<div>\n<div id=\"product-tab-0\" class=\"tab-pane active\">\n<div id=\"st_application-st_product-product_description\" class=\"content_tinymce\">\n<h2>Uzdrawia, leczy i odbudowuje w\u0142osy<\/h2>\n<p>Hipertin Linecure Hydro Sense krem regeneruj\u0105cy w\u0142osy to wyj\u0105tkowy krem, kt\u00f3ry swoje bardzo skuteczne dzia\u0142anie zawdzi\u0119cza specjalnej formule zawieraj\u0105cej ekstrakt z li\u015bcia lotosu. To w\u0142a\u015bnie ten ekstrakt sprawi, \u017ce Twoje w\u0142osy zostan\u0119 idealnie nawil\u017cone oraz g\u0142\u0119boko zregenerowane. Ponadto,\u00a0<strong>od\u017cywka skutecznie zapobiega rozdwajaniu si\u0119 ko\u0144c\u00f3wek<\/strong>. A dzi\u0119ki zawarto\u015bci Phantenlou sprawia, \u017ce nawet najbardziej spl\u0105tane i trudne do rozczesania w\u0142osy rozczesz bez najmniejszego problemu. Sprawd\u017a i przekonaj si\u0119 sama o niesamowitym dzia\u0142aniu\u00a0<strong>Hipertin Linecure Hydro Sense kremu regeneruj\u0105cego w\u0142osy, kt\u00f3ry odmieni wygl\u0105d Twoich w\u0142os\u00f3w.\u00a0<\/strong><\/p>\n<p><strong>Spos\u00f3b u\u017cycia:\u00a0<\/strong>nanie\u015b na wilgotne w\u0142osy. Pozostaw na kilka minut i dok\u0142adnie sp\u0142ucz. Stosuj \u0142\u0105cznie z innymi kosmetykami z serii.<\/p>\n<p><strong>Pojemno\u015b\u0107:<\/strong>\u00a01000ml<\/p>\n<\/div>\n<\/div>\n<\/div>\n<\/div>\n<form class=\"cart\" action=\"https:\/\/cosmoproject.pl\/produkt\/maska-silver-hipertin\/\" enctype=\"multipart\/form-data\" method=\"post\">\n<div class=\"quantity\"><\/div>\n<\/form>\n","protected":false},"featured_media":2729,"comment_status":"open","ping_status":"closed","template":"","meta":[],"pwb-brand":[133],"product_brand":[],"product_cat":[143],"product_tag":[],"class_list":{"0":"post-2767","1":"product","2":"type-product","3":"status-publish","4":"has-post-thumbnail","6":"pwb-brand-hipertin","7":"product_cat-odzywki-i-maski","9":"first","10":"instock","11":"shipping-taxable","12":"purchasable","13":"product-type-simple"},"yoast_head":"<!-- This site is optimized with the Yoast SEO plugin v27.4 - https:\/\/yoast.com\/product\/yoast-seo-wordpress\/ -->\n<title>Krem regeneruj\u0105cy w\u0142osy Hipertin Linecure Hydro Sense 1000ml - HIPERTIN - Profesjonalne produkty Fryzjerskie<\/title>\n<meta name=\"robots\" content=\"index, follow, max-snippet:-1, max-image-preview:large, max-video-preview:-1\" \/>\n<link rel=\"canonical\" href=\"https:\/\/hipertin.pl\/index.php\/product\/krem-regenerujacy-wlosy-hipertin-linecure-hydro-sense-1000ml-2\/\" \/>\n<meta property=\"og:locale\" content=\"pl_PL\" \/>\n<meta property=\"og:type\" content=\"article\" \/>\n<meta property=\"og:title\" content=\"Krem regeneruj\u0105cy w\u0142osy Hipertin Linecure Hydro Sense 1000ml - HIPERTIN - Profesjonalne produkty Fryzjerskie\" \/>\n<meta property=\"og:description\" content=\"Twoje w\u0142osy s\u0105 bardzo zniszczone i dlatego szukasz kremu, kt\u00f3ry zregeneruje i odbuduje Twoje w\u0142osy? Wybierz wi\u0119c\u00a0Hipertin Linecure Hydro Sense krem regeneruj\u0105cy w\u0142osy, kt\u00f3ry mocno od\u017cywi Twoje w\u0142osy.     Uzdrawia, leczy i odbudowuje w\u0142osy Hipertin Linecure Hydro Sense krem regeneruj\u0105cy w\u0142osy to wyj\u0105tkowy krem, kt\u00f3ry swoje bardzo skuteczne dzia\u0142anie zawdzi\u0119cza specjalnej formule zawieraj\u0105cej ekstrakt z li\u015bcia lotosu. To w\u0142a\u015bnie ten ekstrakt sprawi, \u017ce Twoje w\u0142osy zostan\u0119 idealnie nawil\u017cone oraz g\u0142\u0119boko zregenerowane. Ponadto,\u00a0od\u017cywka skutecznie zapobiega rozdwajaniu si\u0119 ko\u0144c\u00f3wek. A dzi\u0119ki zawarto\u015bci Phantenlou sprawia, \u017ce nawet najbardziej spl\u0105tane i trudne do rozczesania w\u0142osy rozczesz bez najmniejszego problemu. Sprawd\u017a i przekonaj si\u0119 sama o niesamowitym dzia\u0142aniu\u00a0Hipertin Linecure Hydro Sense kremu regeneruj\u0105cego w\u0142osy, kt\u00f3ry odmieni wygl\u0105d Twoich w\u0142os\u00f3w.\u00a0  Spos\u00f3b u\u017cycia:\u00a0nanie\u015b na wilgotne w\u0142osy. Pozostaw na kilka minut i dok\u0142adnie sp\u0142ucz. Stosuj \u0142\u0105cznie z innymi kosmetykami z serii.  Pojemno\u015b\u0107:\u00a01000ml\" \/>\n<meta property=\"og:url\" content=\"https:\/\/hipertin.pl\/index.php\/product\/krem-regenerujacy-wlosy-hipertin-linecure-hydro-sense-1000ml-2\/\" \/>\n<meta property=\"og:site_name\" content=\"HIPERTIN - Profesjonalne produkty Fryzjerskie\" \/>\n<meta property=\"article:modified_time\" content=\"2026-04-13T13:26:26+00:00\" \/>\n<meta property=\"og:image\" content=\"http:\/\/hipertin.pl\/wp-content\/uploads\/2021\/07\/krem-regenerujacy-wlosy-hipertin-linecure-hydro-sense-1000ml-e1636533827531.png\" \/>\n\t<meta property=\"og:image:width\" content=\"600\" \/>\n\t<meta property=\"og:image:height\" content=\"600\" \/>\n\t<meta property=\"og:image:type\" content=\"image\/png\" \/>\n<meta name=\"twitter:card\" content=\"summary_large_image\" \/>\n<meta name=\"twitter:label1\" content=\"Szacowany czas czytania\" \/>\n\t<meta name=\"twitter:data1\" content=\"1 minuta\" \/>\n<script type=\"application\/ld+json\" class=\"yoast-schema-graph\">{\"@context\":\"https:\\\/\\\/schema.org\",\"@graph\":[{\"@type\":\"WebPage\",\"@id\":\"https:\\\/\\\/hipertin.pl\\\/index.php\\\/product\\\/krem-regenerujacy-wlosy-hipertin-linecure-hydro-sense-1000ml-2\\\/\",\"url\":\"https:\\\/\\\/hipertin.pl\\\/index.php\\\/product\\\/krem-regenerujacy-wlosy-hipertin-linecure-hydro-sense-1000ml-2\\\/\",\"name\":\"Krem regeneruj\u0105cy w\u0142osy Hipertin Linecure Hydro Sense 1000ml - HIPERTIN - Profesjonalne produkty Fryzjerskie\",\"isPartOf\":{\"@id\":\"https:\\\/\\\/hipertin.pl\\\/#website\"},\"primaryImageOfPage\":{\"@id\":\"https:\\\/\\\/hipertin.pl\\\/index.php\\\/product\\\/krem-regenerujacy-wlosy-hipertin-linecure-hydro-sense-1000ml-2\\\/#primaryimage\"},\"image\":{\"@id\":\"https:\\\/\\\/hipertin.pl\\\/index.php\\\/product\\\/krem-regenerujacy-wlosy-hipertin-linecure-hydro-sense-1000ml-2\\\/#primaryimage\"},\"thumbnailUrl\":\"https:\\\/\\\/hipertin.pl\\\/wp-content\\\/uploads\\\/2021\\\/07\\\/krem-regenerujacy-wlosy-hipertin-linecure-hydro-sense-1000ml-e1636533827531.png\",\"datePublished\":\"2021-07-08T07:03:09+00:00\",\"dateModified\":\"2026-04-13T13:26:26+00:00\",\"breadcrumb\":{\"@id\":\"https:\\\/\\\/hipertin.pl\\\/index.php\\\/product\\\/krem-regenerujacy-wlosy-hipertin-linecure-hydro-sense-1000ml-2\\\/#breadcrumb\"},\"inLanguage\":\"pl-PL\",\"potentialAction\":[{\"@type\":\"ReadAction\",\"target\":[\"https:\\\/\\\/hipertin.pl\\\/index.php\\\/product\\\/krem-regenerujacy-wlosy-hipertin-linecure-hydro-sense-1000ml-2\\\/\"]}]},{\"@type\":\"ImageObject\",\"inLanguage\":\"pl-PL\",\"@id\":\"https:\\\/\\\/hipertin.pl\\\/index.php\\\/product\\\/krem-regenerujacy-wlosy-hipertin-linecure-hydro-sense-1000ml-2\\\/#primaryimage\",\"url\":\"https:\\\/\\\/hipertin.pl\\\/wp-content\\\/uploads\\\/2021\\\/07\\\/krem-regenerujacy-wlosy-hipertin-linecure-hydro-sense-1000ml-e1636533827531.png\",\"contentUrl\":\"https:\\\/\\\/hipertin.pl\\\/wp-content\\\/uploads\\\/2021\\\/07\\\/krem-regenerujacy-wlosy-hipertin-linecure-hydro-sense-1000ml-e1636533827531.png\",\"width\":600,\"height\":600},{\"@type\":\"BreadcrumbList\",\"@id\":\"https:\\\/\\\/hipertin.pl\\\/index.php\\\/product\\\/krem-regenerujacy-wlosy-hipertin-linecure-hydro-sense-1000ml-2\\\/#breadcrumb\",\"itemListElement\":[{\"@type\":\"ListItem\",\"position\":1,\"name\":\"Strona g\u0142\u00f3wna\",\"item\":\"https:\\\/\\\/hipertin.pl\\\/\"},{\"@type\":\"ListItem\",\"position\":2,\"name\":\"Sklep\",\"item\":\"https:\\\/\\\/hipertin.pl\\\/index.php\\\/sklep\\\/\"},{\"@type\":\"ListItem\",\"position\":3,\"name\":\"Krem regeneruj\u0105cy w\u0142osy Hipertin Linecure Hydro Sense 1000ml\"}]},{\"@type\":\"WebSite\",\"@id\":\"https:\\\/\\\/hipertin.pl\\\/#website\",\"url\":\"https:\\\/\\\/hipertin.pl\\\/\",\"name\":\"HIPERTIN - Profesjonalne produkty Fryzjerskie\",\"description\":\"\",\"potentialAction\":[{\"@type\":\"SearchAction\",\"target\":{\"@type\":\"EntryPoint\",\"urlTemplate\":\"https:\\\/\\\/hipertin.pl\\\/?s={search_term_string}\"},\"query-input\":{\"@type\":\"PropertyValueSpecification\",\"valueRequired\":true,\"valueName\":\"search_term_string\"}}],\"inLanguage\":\"pl-PL\"}]}<\/script>\n<!-- \/ Yoast SEO plugin. -->","yoast_head_json":{"title":"Krem regeneruj\u0105cy w\u0142osy Hipertin Linecure Hydro Sense 1000ml - HIPERTIN - Profesjonalne produkty Fryzjerskie","robots":{"index":"index","follow":"follow","max-snippet":"max-snippet:-1","max-image-preview":"max-image-preview:large","max-video-preview":"max-video-preview:-1"},"canonical":"https:\/\/hipertin.pl\/index.php\/product\/krem-regenerujacy-wlosy-hipertin-linecure-hydro-sense-1000ml-2\/","og_locale":"pl_PL","og_type":"article","og_title":"Krem regeneruj\u0105cy w\u0142osy Hipertin Linecure Hydro Sense 1000ml - HIPERTIN - Profesjonalne produkty Fryzjerskie","og_description":"Twoje w\u0142osy s\u0105 bardzo zniszczone i dlatego szukasz kremu, kt\u00f3ry zregeneruje i odbuduje Twoje w\u0142osy? Wybierz wi\u0119c\u00a0Hipertin Linecure Hydro Sense krem regeneruj\u0105cy w\u0142osy, kt\u00f3ry mocno od\u017cywi Twoje w\u0142osy.     Uzdrawia, leczy i odbudowuje w\u0142osy Hipertin Linecure Hydro Sense krem regeneruj\u0105cy w\u0142osy to wyj\u0105tkowy krem, kt\u00f3ry swoje bardzo skuteczne dzia\u0142anie zawdzi\u0119cza specjalnej formule zawieraj\u0105cej ekstrakt z li\u015bcia lotosu. To w\u0142a\u015bnie ten ekstrakt sprawi, \u017ce Twoje w\u0142osy zostan\u0119 idealnie nawil\u017cone oraz g\u0142\u0119boko zregenerowane. Ponadto,\u00a0od\u017cywka skutecznie zapobiega rozdwajaniu si\u0119 ko\u0144c\u00f3wek. A dzi\u0119ki zawarto\u015bci Phantenlou sprawia, \u017ce nawet najbardziej spl\u0105tane i trudne do rozczesania w\u0142osy rozczesz bez najmniejszego problemu. Sprawd\u017a i przekonaj si\u0119 sama o niesamowitym dzia\u0142aniu\u00a0Hipertin Linecure Hydro Sense kremu regeneruj\u0105cego w\u0142osy, kt\u00f3ry odmieni wygl\u0105d Twoich w\u0142os\u00f3w.\u00a0  Spos\u00f3b u\u017cycia:\u00a0nanie\u015b na wilgotne w\u0142osy. Pozostaw na kilka minut i dok\u0142adnie sp\u0142ucz. Stosuj \u0142\u0105cznie z innymi kosmetykami z serii.  Pojemno\u015b\u0107:\u00a01000ml","og_url":"https:\/\/hipertin.pl\/index.php\/product\/krem-regenerujacy-wlosy-hipertin-linecure-hydro-sense-1000ml-2\/","og_site_name":"HIPERTIN - Profesjonalne produkty Fryzjerskie","article_modified_time":"2026-04-13T13:26:26+00:00","og_image":[{"width":600,"height":600,"url":"http:\/\/hipertin.pl\/wp-content\/uploads\/2021\/07\/krem-regenerujacy-wlosy-hipertin-linecure-hydro-sense-1000ml-e1636533827531.png","type":"image\/png"}],"twitter_card":"summary_large_image","twitter_misc":{"Szacowany czas czytania":"1 minuta"},"schema":{"@context":"https:\/\/schema.org","@graph":[{"@type":"WebPage","@id":"https:\/\/hipertin.pl\/index.php\/product\/krem-regenerujacy-wlosy-hipertin-linecure-hydro-sense-1000ml-2\/","url":"https:\/\/hipertin.pl\/index.php\/product\/krem-regenerujacy-wlosy-hipertin-linecure-hydro-sense-1000ml-2\/","name":"Krem regeneruj\u0105cy w\u0142osy Hipertin Linecure Hydro Sense 1000ml - HIPERTIN - Profesjonalne produkty Fryzjerskie","isPartOf":{"@id":"https:\/\/hipertin.pl\/#website"},"primaryImageOfPage":{"@id":"https:\/\/hipertin.pl\/index.php\/product\/krem-regenerujacy-wlosy-hipertin-linecure-hydro-sense-1000ml-2\/#primaryimage"},"image":{"@id":"https:\/\/hipertin.pl\/index.php\/product\/krem-regenerujacy-wlosy-hipertin-linecure-hydro-sense-1000ml-2\/#primaryimage"},"thumbnailUrl":"https:\/\/hipertin.pl\/wp-content\/uploads\/2021\/07\/krem-regenerujacy-wlosy-hipertin-linecure-hydro-sense-1000ml-e1636533827531.png","datePublished":"2021-07-08T07:03:09+00:00","dateModified":"2026-04-13T13:26:26+00:00","breadcrumb":{"@id":"https:\/\/hipertin.pl\/index.php\/product\/krem-regenerujacy-wlosy-hipertin-linecure-hydro-sense-1000ml-2\/#breadcrumb"},"inLanguage":"pl-PL","potentialAction":[{"@type":"ReadAction","target":["https:\/\/hipertin.pl\/index.php\/product\/krem-regenerujacy-wlosy-hipertin-linecure-hydro-sense-1000ml-2\/"]}]},{"@type":"ImageObject","inLanguage":"pl-PL","@id":"https:\/\/hipertin.pl\/index.php\/product\/krem-regenerujacy-wlosy-hipertin-linecure-hydro-sense-1000ml-2\/#primaryimage","url":"https:\/\/hipertin.pl\/wp-content\/uploads\/2021\/07\/krem-regenerujacy-wlosy-hipertin-linecure-hydro-sense-1000ml-e1636533827531.png","contentUrl":"https:\/\/hipertin.pl\/wp-content\/uploads\/2021\/07\/krem-regenerujacy-wlosy-hipertin-linecure-hydro-sense-1000ml-e1636533827531.png","width":600,"height":600},{"@type":"BreadcrumbList","@id":"https:\/\/hipertin.pl\/index.php\/product\/krem-regenerujacy-wlosy-hipertin-linecure-hydro-sense-1000ml-2\/#breadcrumb","itemListElement":[{"@type":"ListItem","position":1,"name":"Strona g\u0142\u00f3wna","item":"https:\/\/hipertin.pl\/"},{"@type":"ListItem","position":2,"name":"Sklep","item":"https:\/\/hipertin.pl\/index.php\/sklep\/"},{"@type":"ListItem","position":3,"name":"Krem regeneruj\u0105cy w\u0142osy Hipertin Linecure Hydro Sense 1000ml"}]},{"@type":"WebSite","@id":"https:\/\/hipertin.pl\/#website","url":"https:\/\/hipertin.pl\/","name":"HIPERTIN - Profesjonalne produkty Fryzjerskie","description":"","potentialAction":[{"@type":"SearchAction","target":{"@type":"EntryPoint","urlTemplate":"https:\/\/hipertin.pl\/?s={search_term_string}"},"query-input":{"@type":"PropertyValueSpecification","valueRequired":true,"valueName":"search_term_string"}}],"inLanguage":"pl-PL"}]}},"brands":[{"id":133,"name":"Hipertin","slug":"hipertin"}],"_links":{"self":[{"href":"https:\/\/hipertin.pl\/index.php\/wp-json\/wp\/v2\/product\/2767","targetHints":{"allow":["GET"]}}],"collection":[{"href":"https:\/\/hipertin.pl\/index.php\/wp-json\/wp\/v2\/product"}],"about":[{"href":"https:\/\/hipertin.pl\/index.php\/wp-json\/wp\/v2\/types\/product"}],"replies":[{"embeddable":true,"href":"https:\/\/hipertin.pl\/index.php\/wp-json\/wp\/v2\/comments?post=2767"}],"wp:featuredmedia":[{"embeddable":true,"href":"https:\/\/hipertin.pl\/index.php\/wp-json\/wp\/v2\/media\/2729"}],"wp:attachment":[{"href":"https:\/\/hipertin.pl\/index.php\/wp-json\/wp\/v2\/media?parent=2767"}],"wp:term":[{"taxonomy":"pwb-brand","embeddable":true,"href":"https:\/\/hipertin.pl\/index.php\/wp-json\/wp\/v2\/pwb-brand?post=2767"},{"taxonomy":"product_brand","embeddable":true,"href":"https:\/\/hipertin.pl\/index.php\/wp-json\/wp\/v2\/product_brand?post=2767"},{"taxonomy":"product_cat","embeddable":true,"href":"https:\/\/hipertin.pl\/index.php\/wp-json\/wp\/v2\/product_cat?post=2767"},{"taxonomy":"product_tag","embeddable":true,"href":"https:\/\/hipertin.pl\/index.php\/wp-json\/wp\/v2\/product_tag?post=2767"}],"curies":[{"name":"wp","href":"https:\/\/api.w.org\/{rel}","templated":true}]}}