{"id":2760,"date":"2021-07-07T14:41:53","date_gmt":"2021-07-07T14:41:53","guid":{"rendered":"https:\/\/server656728.nazwa.pl\/hipertin\/?post_type=product&#038;p=2760"},"modified":"2024-07-02T22:34:25","modified_gmt":"2024-07-02T22:34:25","slug":"lotion-przywracajacy-rownowage-hipertin-linecure-re-balancing-lotion-200ml","status":"publish","type":"product","link":"https:\/\/hipertin.pl\/index.php\/product\/lotion-przywracajacy-rownowage-hipertin-linecure-re-balancing-lotion-200ml\/","title":{"rendered":"Plastry przeciw wypadaniu w\u0142os\u00f3w Hipertin Hair Loss Prevention 28 szt."},"content":{"rendered":"<p>Twoim problemem s\u0105 wypadaj\u0105ce w\u0142osy? Wybierz wi\u0119c<strong>\u00a0Plastry przeciw wypadaniu w\u0142os\u00f3w Hipertin Hair Loss Prevention<\/strong>, a szybko i sprawnie pokonasz ten problem. Jeden plaster na ka\u017cdy dzie\u0144 \u2013 najwygodniejsza kuracja na rynku!<\/p>\n<p><strong>Zdrowe, mocne i pi\u0119kne w\u0142osy od zaraz!<\/strong><\/p>\n<p>Rewolucyjna formu\u0142a, stworzona z naturalnych sk\u0142adnik\u00f3w, zawieraj\u0105ca du\u017c\u0105 ilo\u015b\u0107 keratyny, guarany i aminokwas\u00f3w, stymuluje cyrkulacj\u0119 krwi w sk\u00f3rze g\u0142owy i zapobiega wypadaniu w\u0142os\u00f3w. Sk\u0142adniki od\u017cywcze zapewniaj\u0105 nawil\u017cenie i blask.<\/p>\n<p><strong>Opakowanie:<\/strong>\u00a028 sztuk<\/p>\n","protected":false},"excerpt":{"rendered":"<p>Twoim problemem s\u0105 wypadaj\u0105ce w\u0142osy? Wybierz wi\u0119c<strong>\u00a0Plastry przeciw wypadaniu w\u0142os\u00f3w Hipertin Hair Loss Prevention<\/strong>, a szybko i sprawnie pokonasz ten problem. Jeden plaster na ka\u017cdy dzie\u0144 \u2013 najwygodniejsza kuracja na rynku!<\/p>\n<p><strong>Zdrowe, mocne i pi\u0119kne w\u0142osy od zaraz!<\/strong><\/p>\n<p>Rewolucyjna formu\u0142a, stworzona z naturalnych sk\u0142adnik\u00f3w, zawieraj\u0105ca du\u017c\u0105 ilo\u015b\u0107 keratyny, guarany i aminokwas\u00f3w, stymuluje cyrkulacj\u0119 krwi w sk\u00f3rze g\u0142owy i zapobiega wypadaniu w\u0142os\u00f3w. Sk\u0142adniki od\u017cywcze zapewniaj\u0105 nawil\u017cenie i blask.<\/p>\n<p><strong>Opakowanie:<\/strong>\u00a028 sztuk<\/p>\n","protected":false},"featured_media":2763,"comment_status":"open","ping_status":"closed","template":"","meta":[],"pwb-brand":[133],"product_brand":[],"product_cat":[137],"product_tag":[],"class_list":{"0":"post-2760","1":"product","2":"type-product","3":"status-publish","4":"has-post-thumbnail","6":"pwb-brand-hipertin","7":"product_cat-problemy-skory-glowy","9":"first","10":"instock","11":"shipping-taxable","12":"purchasable","13":"product-type-simple"},"yoast_head":"<!-- This site is optimized with the Yoast SEO plugin v27.4 - https:\/\/yoast.com\/product\/yoast-seo-wordpress\/ -->\n<title>Plastry przeciw wypadaniu w\u0142os\u00f3w Hipertin Hair Loss Prevention 28 szt. - HIPERTIN - Profesjonalne produkty Fryzjerskie<\/title>\n<meta name=\"robots\" content=\"index, follow, max-snippet:-1, max-image-preview:large, max-video-preview:-1\" \/>\n<link rel=\"canonical\" href=\"https:\/\/hipertin.pl\/index.php\/product\/lotion-przywracajacy-rownowage-hipertin-linecure-re-balancing-lotion-200ml\/\" \/>\n<meta property=\"og:locale\" content=\"pl_PL\" \/>\n<meta property=\"og:type\" content=\"article\" \/>\n<meta property=\"og:title\" content=\"Plastry przeciw wypadaniu w\u0142os\u00f3w Hipertin Hair Loss Prevention 28 szt. - HIPERTIN - Profesjonalne produkty Fryzjerskie\" \/>\n<meta property=\"og:description\" content=\"Twoim problemem s\u0105 wypadaj\u0105ce w\u0142osy? Wybierz wi\u0119c\u00a0Plastry przeciw wypadaniu w\u0142os\u00f3w Hipertin Hair Loss Prevention, a szybko i sprawnie pokonasz ten problem. Jeden plaster na ka\u017cdy dzie\u0144 \u2013 najwygodniejsza kuracja na rynku!  Zdrowe, mocne i pi\u0119kne w\u0142osy od zaraz!  Rewolucyjna formu\u0142a, stworzona z naturalnych sk\u0142adnik\u00f3w, zawieraj\u0105ca du\u017c\u0105 ilo\u015b\u0107 keratyny, guarany i aminokwas\u00f3w, stymuluje cyrkulacj\u0119 krwi w sk\u00f3rze g\u0142owy i zapobiega wypadaniu w\u0142os\u00f3w. Sk\u0142adniki od\u017cywcze zapewniaj\u0105 nawil\u017cenie i blask.  Opakowanie:\u00a028 sztuk\" \/>\n<meta property=\"og:url\" content=\"https:\/\/hipertin.pl\/index.php\/product\/lotion-przywracajacy-rownowage-hipertin-linecure-re-balancing-lotion-200ml\/\" \/>\n<meta property=\"og:site_name\" content=\"HIPERTIN - Profesjonalne produkty Fryzjerskie\" \/>\n<meta property=\"article:modified_time\" content=\"2024-07-02T22:34:25+00:00\" \/>\n<meta property=\"og:image\" content=\"http:\/\/hipertin.pl\/wp-content\/uploads\/2021\/07\/plastry-przeciw-wypadaniu-wlosow-hipertin-hair-loss-prevention-28-szt-e1636534016754.png\" \/>\n\t<meta property=\"og:image:width\" content=\"600\" \/>\n\t<meta property=\"og:image:height\" content=\"600\" \/>\n\t<meta property=\"og:image:type\" content=\"image\/png\" \/>\n<meta name=\"twitter:card\" content=\"summary_large_image\" \/>\n<script type=\"application\/ld+json\" class=\"yoast-schema-graph\">{\"@context\":\"https:\\\/\\\/schema.org\",\"@graph\":[{\"@type\":\"WebPage\",\"@id\":\"https:\\\/\\\/hipertin.pl\\\/index.php\\\/product\\\/lotion-przywracajacy-rownowage-hipertin-linecure-re-balancing-lotion-200ml\\\/\",\"url\":\"https:\\\/\\\/hipertin.pl\\\/index.php\\\/product\\\/lotion-przywracajacy-rownowage-hipertin-linecure-re-balancing-lotion-200ml\\\/\",\"name\":\"Plastry przeciw wypadaniu w\u0142os\u00f3w Hipertin Hair Loss Prevention 28 szt. - HIPERTIN - Profesjonalne produkty Fryzjerskie\",\"isPartOf\":{\"@id\":\"https:\\\/\\\/hipertin.pl\\\/#website\"},\"primaryImageOfPage\":{\"@id\":\"https:\\\/\\\/hipertin.pl\\\/index.php\\\/product\\\/lotion-przywracajacy-rownowage-hipertin-linecure-re-balancing-lotion-200ml\\\/#primaryimage\"},\"image\":{\"@id\":\"https:\\\/\\\/hipertin.pl\\\/index.php\\\/product\\\/lotion-przywracajacy-rownowage-hipertin-linecure-re-balancing-lotion-200ml\\\/#primaryimage\"},\"thumbnailUrl\":\"https:\\\/\\\/hipertin.pl\\\/wp-content\\\/uploads\\\/2021\\\/07\\\/plastry-przeciw-wypadaniu-wlosow-hipertin-hair-loss-prevention-28-szt-e1636534016754.png\",\"datePublished\":\"2021-07-07T14:41:53+00:00\",\"dateModified\":\"2024-07-02T22:34:25+00:00\",\"breadcrumb\":{\"@id\":\"https:\\\/\\\/hipertin.pl\\\/index.php\\\/product\\\/lotion-przywracajacy-rownowage-hipertin-linecure-re-balancing-lotion-200ml\\\/#breadcrumb\"},\"inLanguage\":\"pl-PL\",\"potentialAction\":[{\"@type\":\"ReadAction\",\"target\":[\"https:\\\/\\\/hipertin.pl\\\/index.php\\\/product\\\/lotion-przywracajacy-rownowage-hipertin-linecure-re-balancing-lotion-200ml\\\/\"]}]},{\"@type\":\"ImageObject\",\"inLanguage\":\"pl-PL\",\"@id\":\"https:\\\/\\\/hipertin.pl\\\/index.php\\\/product\\\/lotion-przywracajacy-rownowage-hipertin-linecure-re-balancing-lotion-200ml\\\/#primaryimage\",\"url\":\"https:\\\/\\\/hipertin.pl\\\/wp-content\\\/uploads\\\/2021\\\/07\\\/plastry-przeciw-wypadaniu-wlosow-hipertin-hair-loss-prevention-28-szt-e1636534016754.png\",\"contentUrl\":\"https:\\\/\\\/hipertin.pl\\\/wp-content\\\/uploads\\\/2021\\\/07\\\/plastry-przeciw-wypadaniu-wlosow-hipertin-hair-loss-prevention-28-szt-e1636534016754.png\",\"width\":600,\"height\":600},{\"@type\":\"BreadcrumbList\",\"@id\":\"https:\\\/\\\/hipertin.pl\\\/index.php\\\/product\\\/lotion-przywracajacy-rownowage-hipertin-linecure-re-balancing-lotion-200ml\\\/#breadcrumb\",\"itemListElement\":[{\"@type\":\"ListItem\",\"position\":1,\"name\":\"Strona g\u0142\u00f3wna\",\"item\":\"https:\\\/\\\/hipertin.pl\\\/\"},{\"@type\":\"ListItem\",\"position\":2,\"name\":\"Sklep\",\"item\":\"https:\\\/\\\/hipertin.pl\\\/index.php\\\/sklep\\\/\"},{\"@type\":\"ListItem\",\"position\":3,\"name\":\"Plastry przeciw wypadaniu w\u0142os\u00f3w Hipertin Hair Loss Prevention 28 szt.\"}]},{\"@type\":\"WebSite\",\"@id\":\"https:\\\/\\\/hipertin.pl\\\/#website\",\"url\":\"https:\\\/\\\/hipertin.pl\\\/\",\"name\":\"HIPERTIN - Profesjonalne produkty Fryzjerskie\",\"description\":\"\",\"potentialAction\":[{\"@type\":\"SearchAction\",\"target\":{\"@type\":\"EntryPoint\",\"urlTemplate\":\"https:\\\/\\\/hipertin.pl\\\/?s={search_term_string}\"},\"query-input\":{\"@type\":\"PropertyValueSpecification\",\"valueRequired\":true,\"valueName\":\"search_term_string\"}}],\"inLanguage\":\"pl-PL\"}]}<\/script>\n<!-- \/ Yoast SEO plugin. -->","yoast_head_json":{"title":"Plastry przeciw wypadaniu w\u0142os\u00f3w Hipertin Hair Loss Prevention 28 szt. - HIPERTIN - Profesjonalne produkty Fryzjerskie","robots":{"index":"index","follow":"follow","max-snippet":"max-snippet:-1","max-image-preview":"max-image-preview:large","max-video-preview":"max-video-preview:-1"},"canonical":"https:\/\/hipertin.pl\/index.php\/product\/lotion-przywracajacy-rownowage-hipertin-linecure-re-balancing-lotion-200ml\/","og_locale":"pl_PL","og_type":"article","og_title":"Plastry przeciw wypadaniu w\u0142os\u00f3w Hipertin Hair Loss Prevention 28 szt. - HIPERTIN - Profesjonalne produkty Fryzjerskie","og_description":"Twoim problemem s\u0105 wypadaj\u0105ce w\u0142osy? Wybierz wi\u0119c\u00a0Plastry przeciw wypadaniu w\u0142os\u00f3w Hipertin Hair Loss Prevention, a szybko i sprawnie pokonasz ten problem. Jeden plaster na ka\u017cdy dzie\u0144 \u2013 najwygodniejsza kuracja na rynku!  Zdrowe, mocne i pi\u0119kne w\u0142osy od zaraz!  Rewolucyjna formu\u0142a, stworzona z naturalnych sk\u0142adnik\u00f3w, zawieraj\u0105ca du\u017c\u0105 ilo\u015b\u0107 keratyny, guarany i aminokwas\u00f3w, stymuluje cyrkulacj\u0119 krwi w sk\u00f3rze g\u0142owy i zapobiega wypadaniu w\u0142os\u00f3w. Sk\u0142adniki od\u017cywcze zapewniaj\u0105 nawil\u017cenie i blask.  Opakowanie:\u00a028 sztuk","og_url":"https:\/\/hipertin.pl\/index.php\/product\/lotion-przywracajacy-rownowage-hipertin-linecure-re-balancing-lotion-200ml\/","og_site_name":"HIPERTIN - Profesjonalne produkty Fryzjerskie","article_modified_time":"2024-07-02T22:34:25+00:00","og_image":[{"width":600,"height":600,"url":"http:\/\/hipertin.pl\/wp-content\/uploads\/2021\/07\/plastry-przeciw-wypadaniu-wlosow-hipertin-hair-loss-prevention-28-szt-e1636534016754.png","type":"image\/png"}],"twitter_card":"summary_large_image","schema":{"@context":"https:\/\/schema.org","@graph":[{"@type":"WebPage","@id":"https:\/\/hipertin.pl\/index.php\/product\/lotion-przywracajacy-rownowage-hipertin-linecure-re-balancing-lotion-200ml\/","url":"https:\/\/hipertin.pl\/index.php\/product\/lotion-przywracajacy-rownowage-hipertin-linecure-re-balancing-lotion-200ml\/","name":"Plastry przeciw wypadaniu w\u0142os\u00f3w Hipertin Hair Loss Prevention 28 szt. - HIPERTIN - Profesjonalne produkty Fryzjerskie","isPartOf":{"@id":"https:\/\/hipertin.pl\/#website"},"primaryImageOfPage":{"@id":"https:\/\/hipertin.pl\/index.php\/product\/lotion-przywracajacy-rownowage-hipertin-linecure-re-balancing-lotion-200ml\/#primaryimage"},"image":{"@id":"https:\/\/hipertin.pl\/index.php\/product\/lotion-przywracajacy-rownowage-hipertin-linecure-re-balancing-lotion-200ml\/#primaryimage"},"thumbnailUrl":"https:\/\/hipertin.pl\/wp-content\/uploads\/2021\/07\/plastry-przeciw-wypadaniu-wlosow-hipertin-hair-loss-prevention-28-szt-e1636534016754.png","datePublished":"2021-07-07T14:41:53+00:00","dateModified":"2024-07-02T22:34:25+00:00","breadcrumb":{"@id":"https:\/\/hipertin.pl\/index.php\/product\/lotion-przywracajacy-rownowage-hipertin-linecure-re-balancing-lotion-200ml\/#breadcrumb"},"inLanguage":"pl-PL","potentialAction":[{"@type":"ReadAction","target":["https:\/\/hipertin.pl\/index.php\/product\/lotion-przywracajacy-rownowage-hipertin-linecure-re-balancing-lotion-200ml\/"]}]},{"@type":"ImageObject","inLanguage":"pl-PL","@id":"https:\/\/hipertin.pl\/index.php\/product\/lotion-przywracajacy-rownowage-hipertin-linecure-re-balancing-lotion-200ml\/#primaryimage","url":"https:\/\/hipertin.pl\/wp-content\/uploads\/2021\/07\/plastry-przeciw-wypadaniu-wlosow-hipertin-hair-loss-prevention-28-szt-e1636534016754.png","contentUrl":"https:\/\/hipertin.pl\/wp-content\/uploads\/2021\/07\/plastry-przeciw-wypadaniu-wlosow-hipertin-hair-loss-prevention-28-szt-e1636534016754.png","width":600,"height":600},{"@type":"BreadcrumbList","@id":"https:\/\/hipertin.pl\/index.php\/product\/lotion-przywracajacy-rownowage-hipertin-linecure-re-balancing-lotion-200ml\/#breadcrumb","itemListElement":[{"@type":"ListItem","position":1,"name":"Strona g\u0142\u00f3wna","item":"https:\/\/hipertin.pl\/"},{"@type":"ListItem","position":2,"name":"Sklep","item":"https:\/\/hipertin.pl\/index.php\/sklep\/"},{"@type":"ListItem","position":3,"name":"Plastry przeciw wypadaniu w\u0142os\u00f3w Hipertin Hair Loss Prevention 28 szt."}]},{"@type":"WebSite","@id":"https:\/\/hipertin.pl\/#website","url":"https:\/\/hipertin.pl\/","name":"HIPERTIN - Profesjonalne produkty Fryzjerskie","description":"","potentialAction":[{"@type":"SearchAction","target":{"@type":"EntryPoint","urlTemplate":"https:\/\/hipertin.pl\/?s={search_term_string}"},"query-input":{"@type":"PropertyValueSpecification","valueRequired":true,"valueName":"search_term_string"}}],"inLanguage":"pl-PL"}]}},"brands":[{"id":133,"name":"Hipertin","slug":"hipertin"}],"_links":{"self":[{"href":"https:\/\/hipertin.pl\/index.php\/wp-json\/wp\/v2\/product\/2760","targetHints":{"allow":["GET"]}}],"collection":[{"href":"https:\/\/hipertin.pl\/index.php\/wp-json\/wp\/v2\/product"}],"about":[{"href":"https:\/\/hipertin.pl\/index.php\/wp-json\/wp\/v2\/types\/product"}],"replies":[{"embeddable":true,"href":"https:\/\/hipertin.pl\/index.php\/wp-json\/wp\/v2\/comments?post=2760"}],"wp:featuredmedia":[{"embeddable":true,"href":"https:\/\/hipertin.pl\/index.php\/wp-json\/wp\/v2\/media\/2763"}],"wp:attachment":[{"href":"https:\/\/hipertin.pl\/index.php\/wp-json\/wp\/v2\/media?parent=2760"}],"wp:term":[{"taxonomy":"pwb-brand","embeddable":true,"href":"https:\/\/hipertin.pl\/index.php\/wp-json\/wp\/v2\/pwb-brand?post=2760"},{"taxonomy":"product_brand","embeddable":true,"href":"https:\/\/hipertin.pl\/index.php\/wp-json\/wp\/v2\/product_brand?post=2760"},{"taxonomy":"product_cat","embeddable":true,"href":"https:\/\/hipertin.pl\/index.php\/wp-json\/wp\/v2\/product_cat?post=2760"},{"taxonomy":"product_tag","embeddable":true,"href":"https:\/\/hipertin.pl\/index.php\/wp-json\/wp\/v2\/product_tag?post=2760"}],"curies":[{"name":"wp","href":"https:\/\/api.w.org\/{rel}","templated":true}]}}