{"id":2732,"date":"2021-07-07T14:19:00","date_gmt":"2021-07-07T14:19:00","guid":{"rendered":"https:\/\/server656728.nazwa.pl\/hipertin\/?post_type=product&#038;p=2732"},"modified":"2026-04-14T07:42:48","modified_gmt":"2026-04-14T07:42:48","slug":"maska-gleboko-regenerujaca-hipertin-linecure-repairing-mask","status":"publish","type":"product","link":"https:\/\/hipertin.pl\/index.php\/product\/maska-gleboko-regenerujaca-hipertin-linecure-repairing-mask\/","title":{"rendered":"Maska g\u0142\u0119boko regeneruj\u0105ca Hipertin Linecure Repairing Mask"},"content":{"rendered":"<p>Twoje w\u0142osy s\u0105 zniszczone i potrzebuj\u0105 g\u0142\u0119bokiej regeneracji? Dlatego te\u017c szukasz wyj\u0105tkowej maski do w\u0142os\u00f3w, kt\u00f3ra ma silne w\u0142a\u015bciwo\u015bci regeneruj\u0105ce? Wybierz wi\u0119c\u00a0<strong>Hipertin Linecure Hair Mask Deep Repair \u2013 mask\u0119 do w\u0142os\u00f3w g\u0142\u0119boko regeneruj\u0105c\u0105.<\/strong><\/p>\n<p>Hipertin Linecure Hair Mask Deep Repair (maska do w\u0142os\u00f3w g\u0142\u0119boko regeneruj\u0105ca) to szczeg\u00f3lna maska, kt\u00f3ra zosta\u0142a opracowana specjalnie z my\u015bl\u0105 o regeneracji w\u0142os\u00f3w zniszczonych i przesuszonych. W jej sk\u0142adzie odnajdziesz mi\u0119dzy innymi keratyn\u0119 oraz liczne ekstrakty pochodzenia morskiego. To w\u0142a\u015bnie dzi\u0119ki tym sk\u0142adnikom, Twoje w\u0142osy stan\u0105 si\u0119 bardziej odporne na dzia\u0142anie czynnik\u00f3w zewn\u0119trznych. Ponadto, w efekcie stosowania<strong>\u00a0Hipertin Linecure Hair Mask Deep Repair (maski do w\u0142os\u00f3w g\u0142\u0119boko regeneruj\u0105cej)<\/strong>, w\u0142osy odzyskaj\u0105 swoj\u0105 utracon\u0105 mi\u0119kko\u015b\u0107 i blask. B\u0119d\u0105 \u0142atwiejsze do rozczesania. B\u0119d\u0105 tak\u017ce pod pe\u0142nowarto\u015bciow\u0105 ochron\u0105 przed niekorzystnym dzia\u0142aniem promieni s\u0142onecznych i innych czynnik\u00f3w zewn\u0119trznych. Efekty jej dzia\u0142anie b\u0119d\u0105 zauwa\u017calne ju\u017c po pierwszej aplikacji.<\/p>\n<p><strong>Spos\u00f3b u\u017cycia:\u00a0<\/strong>nanie\u015b na wcze\u015bniej umyte, wilgotne w\u0142osy. Pozostaw na w\u0142osach kilka minut i dok\u0142adnie sp\u0142ucz. Stosuj \u0142\u0105cznie z pozosta\u0142ymi kosmetykami z serii.<\/p>\n","protected":false},"excerpt":{"rendered":"<p>Twoje w\u0142osy s\u0105 zniszczone i potrzebuj\u0105 g\u0142\u0119bokiej regeneracji? Dlatego te\u017c szukasz wyj\u0105tkowej maski do w\u0142os\u00f3w, kt\u00f3ra ma silne w\u0142a\u015bciwo\u015bci regeneruj\u0105ce? Wybierz wi\u0119c\u00a0<strong>Hipertin Linecure Hair Mask Deep Repair \u2013 mask\u0119 do w\u0142os\u00f3w g\u0142\u0119boko regeneruj\u0105c\u0105.<\/strong><\/p>\n<p>Hipertin Linecure Hair Mask Deep Repair (maska do w\u0142os\u00f3w g\u0142\u0119boko regeneruj\u0105ca) to szczeg\u00f3lna maska, kt\u00f3ra zosta\u0142a opracowana specjalnie z my\u015bl\u0105 o regeneracji w\u0142os\u00f3w zniszczonych i przesuszonych. W jej sk\u0142adzie odnajdziesz mi\u0119dzy innymi keratyn\u0119 oraz liczne ekstrakty pochodzenia morskiego. To w\u0142a\u015bnie dzi\u0119ki tym sk\u0142adnikom, Twoje w\u0142osy stan\u0105 si\u0119 bardziej odporne na dzia\u0142anie czynnik\u00f3w zewn\u0119trznych. Ponadto, w efekcie stosowania<strong>\u00a0Hipertin Linecure Hair Mask Deep Repair (maski do w\u0142os\u00f3w g\u0142\u0119boko regeneruj\u0105cej)<\/strong>, w\u0142osy odzyskaj\u0105 swoj\u0105 utracon\u0105 mi\u0119kko\u015b\u0107 i blask. B\u0119d\u0105 \u0142atwiejsze do rozczesania. B\u0119d\u0105 tak\u017ce pod pe\u0142nowarto\u015bciow\u0105 ochron\u0105 przed niekorzystnym dzia\u0142aniem promieni s\u0142onecznych i innych czynnik\u00f3w zewn\u0119trznych. Efekty jej dzia\u0142anie b\u0119d\u0105 zauwa\u017calne ju\u017c po pierwszej aplikacji.<\/p>\n<p><strong>Spos\u00f3b u\u017cycia:\u00a0<\/strong>nanie\u015b na wcze\u015bniej umyte, wilgotne w\u0142osy. Pozostaw na w\u0142osach kilka minut i dok\u0142adnie sp\u0142ucz. Stosuj \u0142\u0105cznie z pozosta\u0142ymi kosmetykami z serii.<\/p>\n<p><strong>Pojemno\u015b\u0107:<\/strong> 250ml lub 500ml<\/p>\n","protected":false},"featured_media":5491,"comment_status":"open","ping_status":"closed","template":"","meta":[],"pwb-brand":[133],"product_brand":[],"product_cat":[143],"product_tag":[],"class_list":{"0":"post-2732","1":"product","2":"type-product","3":"status-publish","4":"has-post-thumbnail","6":"pwb-brand-hipertin","7":"product_cat-odzywki-i-maski","9":"first","10":"instock","11":"shipping-taxable","12":"purchasable","13":"product-type-variable"},"yoast_head":"<!-- This site is optimized with the Yoast SEO plugin v27.3 - https:\/\/yoast.com\/product\/yoast-seo-wordpress\/ -->\n<title>Maska g\u0142\u0119boko regeneruj\u0105ca Hipertin Linecure Repairing Mask - HIPERTIN - Profesjonalne produkty Fryzjerskie<\/title>\n<meta name=\"robots\" content=\"index, follow, max-snippet:-1, max-image-preview:large, max-video-preview:-1\" \/>\n<link rel=\"canonical\" href=\"https:\/\/hipertin.pl\/index.php\/product\/maska-gleboko-regenerujaca-hipertin-linecure-repairing-mask\/\" \/>\n<meta property=\"og:locale\" content=\"pl_PL\" \/>\n<meta property=\"og:type\" content=\"article\" \/>\n<meta property=\"og:title\" content=\"Maska g\u0142\u0119boko regeneruj\u0105ca Hipertin Linecure Repairing Mask - HIPERTIN - Profesjonalne produkty Fryzjerskie\" \/>\n<meta property=\"og:description\" content=\"Twoje w\u0142osy s\u0105 zniszczone i potrzebuj\u0105 g\u0142\u0119bokiej regeneracji? Dlatego te\u017c szukasz wyj\u0105tkowej maski do w\u0142os\u00f3w, kt\u00f3ra ma silne w\u0142a\u015bciwo\u015bci regeneruj\u0105ce? Wybierz wi\u0119c\u00a0Hipertin Linecure Hair Mask Deep Repair \u2013 mask\u0119 do w\u0142os\u00f3w g\u0142\u0119boko regeneruj\u0105c\u0105.  Hipertin Linecure Hair Mask Deep Repair (maska do w\u0142os\u00f3w g\u0142\u0119boko regeneruj\u0105ca) to szczeg\u00f3lna maska, kt\u00f3ra zosta\u0142a opracowana specjalnie z my\u015bl\u0105 o regeneracji w\u0142os\u00f3w zniszczonych i przesuszonych. W jej sk\u0142adzie odnajdziesz mi\u0119dzy innymi keratyn\u0119 oraz liczne ekstrakty pochodzenia morskiego. To w\u0142a\u015bnie dzi\u0119ki tym sk\u0142adnikom, Twoje w\u0142osy stan\u0105 si\u0119 bardziej odporne na dzia\u0142anie czynnik\u00f3w zewn\u0119trznych. Ponadto, w efekcie stosowania\u00a0Hipertin Linecure Hair Mask Deep Repair (maski do w\u0142os\u00f3w g\u0142\u0119boko regeneruj\u0105cej), w\u0142osy odzyskaj\u0105 swoj\u0105 utracon\u0105 mi\u0119kko\u015b\u0107 i blask. B\u0119d\u0105 \u0142atwiejsze do rozczesania. B\u0119d\u0105 tak\u017ce pod pe\u0142nowarto\u015bciow\u0105 ochron\u0105 przed niekorzystnym dzia\u0142aniem promieni s\u0142onecznych i innych czynnik\u00f3w zewn\u0119trznych. Efekty jej dzia\u0142anie b\u0119d\u0105 zauwa\u017calne ju\u017c po pierwszej aplikacji.  Spos\u00f3b u\u017cycia:\u00a0nanie\u015b na wcze\u015bniej umyte, wilgotne w\u0142osy. Pozostaw na w\u0142osach kilka minut i dok\u0142adnie sp\u0142ucz. Stosuj \u0142\u0105cznie z pozosta\u0142ymi kosmetykami z serii.  Pojemno\u015b\u0107: 250ml lub 500ml\" \/>\n<meta property=\"og:url\" content=\"https:\/\/hipertin.pl\/index.php\/product\/maska-gleboko-regenerujaca-hipertin-linecure-repairing-mask\/\" \/>\n<meta property=\"og:site_name\" content=\"HIPERTIN - Profesjonalne produkty Fryzjerskie\" \/>\n<meta property=\"article:modified_time\" content=\"2026-04-14T07:42:48+00:00\" \/>\n<meta property=\"og:image\" content=\"http:\/\/hipertin.pl\/wp-content\/uploads\/2021\/07\/Maska-gleboko-regenerujaca-Hipertin-Linecure-Repairing-Mask.png\" \/>\n\t<meta property=\"og:image:width\" content=\"500\" \/>\n\t<meta property=\"og:image:height\" content=\"500\" \/>\n\t<meta property=\"og:image:type\" content=\"image\/png\" \/>\n<meta name=\"twitter:card\" content=\"summary_large_image\" \/>\n<meta name=\"twitter:label1\" content=\"Szacowany czas czytania\" \/>\n\t<meta name=\"twitter:data1\" content=\"1 minuta\" \/>\n<script type=\"application\/ld+json\" class=\"yoast-schema-graph\">{\"@context\":\"https:\\\/\\\/schema.org\",\"@graph\":[{\"@type\":\"WebPage\",\"@id\":\"https:\\\/\\\/hipertin.pl\\\/index.php\\\/product\\\/maska-gleboko-regenerujaca-hipertin-linecure-repairing-mask\\\/\",\"url\":\"https:\\\/\\\/hipertin.pl\\\/index.php\\\/product\\\/maska-gleboko-regenerujaca-hipertin-linecure-repairing-mask\\\/\",\"name\":\"Maska g\u0142\u0119boko regeneruj\u0105ca Hipertin Linecure Repairing Mask - HIPERTIN - Profesjonalne produkty Fryzjerskie\",\"isPartOf\":{\"@id\":\"https:\\\/\\\/hipertin.pl\\\/#website\"},\"primaryImageOfPage\":{\"@id\":\"https:\\\/\\\/hipertin.pl\\\/index.php\\\/product\\\/maska-gleboko-regenerujaca-hipertin-linecure-repairing-mask\\\/#primaryimage\"},\"image\":{\"@id\":\"https:\\\/\\\/hipertin.pl\\\/index.php\\\/product\\\/maska-gleboko-regenerujaca-hipertin-linecure-repairing-mask\\\/#primaryimage\"},\"thumbnailUrl\":\"https:\\\/\\\/hipertin.pl\\\/wp-content\\\/uploads\\\/2021\\\/07\\\/Maska-gleboko-regenerujaca-Hipertin-Linecure-Repairing-Mask.png\",\"datePublished\":\"2021-07-07T14:19:00+00:00\",\"dateModified\":\"2026-04-14T07:42:48+00:00\",\"breadcrumb\":{\"@id\":\"https:\\\/\\\/hipertin.pl\\\/index.php\\\/product\\\/maska-gleboko-regenerujaca-hipertin-linecure-repairing-mask\\\/#breadcrumb\"},\"inLanguage\":\"pl-PL\",\"potentialAction\":[{\"@type\":\"ReadAction\",\"target\":[\"https:\\\/\\\/hipertin.pl\\\/index.php\\\/product\\\/maska-gleboko-regenerujaca-hipertin-linecure-repairing-mask\\\/\"]}]},{\"@type\":\"ImageObject\",\"inLanguage\":\"pl-PL\",\"@id\":\"https:\\\/\\\/hipertin.pl\\\/index.php\\\/product\\\/maska-gleboko-regenerujaca-hipertin-linecure-repairing-mask\\\/#primaryimage\",\"url\":\"https:\\\/\\\/hipertin.pl\\\/wp-content\\\/uploads\\\/2021\\\/07\\\/Maska-gleboko-regenerujaca-Hipertin-Linecure-Repairing-Mask.png\",\"contentUrl\":\"https:\\\/\\\/hipertin.pl\\\/wp-content\\\/uploads\\\/2021\\\/07\\\/Maska-gleboko-regenerujaca-Hipertin-Linecure-Repairing-Mask.png\",\"width\":500,\"height\":500},{\"@type\":\"BreadcrumbList\",\"@id\":\"https:\\\/\\\/hipertin.pl\\\/index.php\\\/product\\\/maska-gleboko-regenerujaca-hipertin-linecure-repairing-mask\\\/#breadcrumb\",\"itemListElement\":[{\"@type\":\"ListItem\",\"position\":1,\"name\":\"Strona g\u0142\u00f3wna\",\"item\":\"https:\\\/\\\/hipertin.pl\\\/\"},{\"@type\":\"ListItem\",\"position\":2,\"name\":\"Sklep\",\"item\":\"https:\\\/\\\/hipertin.pl\\\/index.php\\\/sklep\\\/\"},{\"@type\":\"ListItem\",\"position\":3,\"name\":\"Maska g\u0142\u0119boko regeneruj\u0105ca Hipertin Linecure Repairing Mask\"}]},{\"@type\":\"WebSite\",\"@id\":\"https:\\\/\\\/hipertin.pl\\\/#website\",\"url\":\"https:\\\/\\\/hipertin.pl\\\/\",\"name\":\"HIPERTIN - Profesjonalne produkty Fryzjerskie\",\"description\":\"\",\"potentialAction\":[{\"@type\":\"SearchAction\",\"target\":{\"@type\":\"EntryPoint\",\"urlTemplate\":\"https:\\\/\\\/hipertin.pl\\\/?s={search_term_string}\"},\"query-input\":{\"@type\":\"PropertyValueSpecification\",\"valueRequired\":true,\"valueName\":\"search_term_string\"}}],\"inLanguage\":\"pl-PL\"}]}<\/script>\n<!-- \/ Yoast SEO plugin. -->","yoast_head_json":{"title":"Maska g\u0142\u0119boko regeneruj\u0105ca Hipertin Linecure Repairing Mask - HIPERTIN - Profesjonalne produkty Fryzjerskie","robots":{"index":"index","follow":"follow","max-snippet":"max-snippet:-1","max-image-preview":"max-image-preview:large","max-video-preview":"max-video-preview:-1"},"canonical":"https:\/\/hipertin.pl\/index.php\/product\/maska-gleboko-regenerujaca-hipertin-linecure-repairing-mask\/","og_locale":"pl_PL","og_type":"article","og_title":"Maska g\u0142\u0119boko regeneruj\u0105ca Hipertin Linecure Repairing Mask - HIPERTIN - Profesjonalne produkty Fryzjerskie","og_description":"Twoje w\u0142osy s\u0105 zniszczone i potrzebuj\u0105 g\u0142\u0119bokiej regeneracji? Dlatego te\u017c szukasz wyj\u0105tkowej maski do w\u0142os\u00f3w, kt\u00f3ra ma silne w\u0142a\u015bciwo\u015bci regeneruj\u0105ce? Wybierz wi\u0119c\u00a0Hipertin Linecure Hair Mask Deep Repair \u2013 mask\u0119 do w\u0142os\u00f3w g\u0142\u0119boko regeneruj\u0105c\u0105.  Hipertin Linecure Hair Mask Deep Repair (maska do w\u0142os\u00f3w g\u0142\u0119boko regeneruj\u0105ca) to szczeg\u00f3lna maska, kt\u00f3ra zosta\u0142a opracowana specjalnie z my\u015bl\u0105 o regeneracji w\u0142os\u00f3w zniszczonych i przesuszonych. W jej sk\u0142adzie odnajdziesz mi\u0119dzy innymi keratyn\u0119 oraz liczne ekstrakty pochodzenia morskiego. To w\u0142a\u015bnie dzi\u0119ki tym sk\u0142adnikom, Twoje w\u0142osy stan\u0105 si\u0119 bardziej odporne na dzia\u0142anie czynnik\u00f3w zewn\u0119trznych. Ponadto, w efekcie stosowania\u00a0Hipertin Linecure Hair Mask Deep Repair (maski do w\u0142os\u00f3w g\u0142\u0119boko regeneruj\u0105cej), w\u0142osy odzyskaj\u0105 swoj\u0105 utracon\u0105 mi\u0119kko\u015b\u0107 i blask. B\u0119d\u0105 \u0142atwiejsze do rozczesania. B\u0119d\u0105 tak\u017ce pod pe\u0142nowarto\u015bciow\u0105 ochron\u0105 przed niekorzystnym dzia\u0142aniem promieni s\u0142onecznych i innych czynnik\u00f3w zewn\u0119trznych. Efekty jej dzia\u0142anie b\u0119d\u0105 zauwa\u017calne ju\u017c po pierwszej aplikacji.  Spos\u00f3b u\u017cycia:\u00a0nanie\u015b na wcze\u015bniej umyte, wilgotne w\u0142osy. Pozostaw na w\u0142osach kilka minut i dok\u0142adnie sp\u0142ucz. Stosuj \u0142\u0105cznie z pozosta\u0142ymi kosmetykami z serii.  Pojemno\u015b\u0107: 250ml lub 500ml","og_url":"https:\/\/hipertin.pl\/index.php\/product\/maska-gleboko-regenerujaca-hipertin-linecure-repairing-mask\/","og_site_name":"HIPERTIN - Profesjonalne produkty Fryzjerskie","article_modified_time":"2026-04-14T07:42:48+00:00","og_image":[{"width":500,"height":500,"url":"http:\/\/hipertin.pl\/wp-content\/uploads\/2021\/07\/Maska-gleboko-regenerujaca-Hipertin-Linecure-Repairing-Mask.png","type":"image\/png"}],"twitter_card":"summary_large_image","twitter_misc":{"Szacowany czas czytania":"1 minuta"},"schema":{"@context":"https:\/\/schema.org","@graph":[{"@type":"WebPage","@id":"https:\/\/hipertin.pl\/index.php\/product\/maska-gleboko-regenerujaca-hipertin-linecure-repairing-mask\/","url":"https:\/\/hipertin.pl\/index.php\/product\/maska-gleboko-regenerujaca-hipertin-linecure-repairing-mask\/","name":"Maska g\u0142\u0119boko regeneruj\u0105ca Hipertin Linecure Repairing Mask - HIPERTIN - Profesjonalne produkty Fryzjerskie","isPartOf":{"@id":"https:\/\/hipertin.pl\/#website"},"primaryImageOfPage":{"@id":"https:\/\/hipertin.pl\/index.php\/product\/maska-gleboko-regenerujaca-hipertin-linecure-repairing-mask\/#primaryimage"},"image":{"@id":"https:\/\/hipertin.pl\/index.php\/product\/maska-gleboko-regenerujaca-hipertin-linecure-repairing-mask\/#primaryimage"},"thumbnailUrl":"https:\/\/hipertin.pl\/wp-content\/uploads\/2021\/07\/Maska-gleboko-regenerujaca-Hipertin-Linecure-Repairing-Mask.png","datePublished":"2021-07-07T14:19:00+00:00","dateModified":"2026-04-14T07:42:48+00:00","breadcrumb":{"@id":"https:\/\/hipertin.pl\/index.php\/product\/maska-gleboko-regenerujaca-hipertin-linecure-repairing-mask\/#breadcrumb"},"inLanguage":"pl-PL","potentialAction":[{"@type":"ReadAction","target":["https:\/\/hipertin.pl\/index.php\/product\/maska-gleboko-regenerujaca-hipertin-linecure-repairing-mask\/"]}]},{"@type":"ImageObject","inLanguage":"pl-PL","@id":"https:\/\/hipertin.pl\/index.php\/product\/maska-gleboko-regenerujaca-hipertin-linecure-repairing-mask\/#primaryimage","url":"https:\/\/hipertin.pl\/wp-content\/uploads\/2021\/07\/Maska-gleboko-regenerujaca-Hipertin-Linecure-Repairing-Mask.png","contentUrl":"https:\/\/hipertin.pl\/wp-content\/uploads\/2021\/07\/Maska-gleboko-regenerujaca-Hipertin-Linecure-Repairing-Mask.png","width":500,"height":500},{"@type":"BreadcrumbList","@id":"https:\/\/hipertin.pl\/index.php\/product\/maska-gleboko-regenerujaca-hipertin-linecure-repairing-mask\/#breadcrumb","itemListElement":[{"@type":"ListItem","position":1,"name":"Strona g\u0142\u00f3wna","item":"https:\/\/hipertin.pl\/"},{"@type":"ListItem","position":2,"name":"Sklep","item":"https:\/\/hipertin.pl\/index.php\/sklep\/"},{"@type":"ListItem","position":3,"name":"Maska g\u0142\u0119boko regeneruj\u0105ca Hipertin Linecure Repairing Mask"}]},{"@type":"WebSite","@id":"https:\/\/hipertin.pl\/#website","url":"https:\/\/hipertin.pl\/","name":"HIPERTIN - Profesjonalne produkty Fryzjerskie","description":"","potentialAction":[{"@type":"SearchAction","target":{"@type":"EntryPoint","urlTemplate":"https:\/\/hipertin.pl\/?s={search_term_string}"},"query-input":{"@type":"PropertyValueSpecification","valueRequired":true,"valueName":"search_term_string"}}],"inLanguage":"pl-PL"}]}},"brands":[{"id":133,"name":"Hipertin","slug":"hipertin"}],"_links":{"self":[{"href":"https:\/\/hipertin.pl\/index.php\/wp-json\/wp\/v2\/product\/2732","targetHints":{"allow":["GET"]}}],"collection":[{"href":"https:\/\/hipertin.pl\/index.php\/wp-json\/wp\/v2\/product"}],"about":[{"href":"https:\/\/hipertin.pl\/index.php\/wp-json\/wp\/v2\/types\/product"}],"replies":[{"embeddable":true,"href":"https:\/\/hipertin.pl\/index.php\/wp-json\/wp\/v2\/comments?post=2732"}],"wp:featuredmedia":[{"embeddable":true,"href":"https:\/\/hipertin.pl\/index.php\/wp-json\/wp\/v2\/media\/5491"}],"wp:attachment":[{"href":"https:\/\/hipertin.pl\/index.php\/wp-json\/wp\/v2\/media?parent=2732"}],"wp:term":[{"taxonomy":"pwb-brand","embeddable":true,"href":"https:\/\/hipertin.pl\/index.php\/wp-json\/wp\/v2\/pwb-brand?post=2732"},{"taxonomy":"product_brand","embeddable":true,"href":"https:\/\/hipertin.pl\/index.php\/wp-json\/wp\/v2\/product_brand?post=2732"},{"taxonomy":"product_cat","embeddable":true,"href":"https:\/\/hipertin.pl\/index.php\/wp-json\/wp\/v2\/product_cat?post=2732"},{"taxonomy":"product_tag","embeddable":true,"href":"https:\/\/hipertin.pl\/index.php\/wp-json\/wp\/v2\/product_tag?post=2732"}],"curies":[{"name":"wp","href":"https:\/\/api.w.org\/{rel}","templated":true}]}}