{"id":2730,"date":"2021-07-07T14:15:40","date_gmt":"2021-07-07T14:15:40","guid":{"rendered":"https:\/\/server656728.nazwa.pl\/hipertin\/?post_type=product&#038;p=2730"},"modified":"2026-04-14T07:36:01","modified_gmt":"2026-04-14T07:36:01","slug":"maska-silver-hipertin-500ml","status":"publish","type":"product","link":"https:\/\/hipertin.pl\/index.php\/product\/maska-silver-hipertin-500ml\/","title":{"rendered":"Maska Silver Hipertin"},"content":{"rendered":"<p>Odpowiednia dla w\u0142os\u00f3w blond, siwych i rozja\u015bnianych. Formu\u0142a bogata w aktywne sk\u0142adniki, nawil\u017ca w\u0142osy, regeneruje od\u017cywia i nadaje im jedwabisto\u015bci. Vega\u0144ska receptura maski, zawiera fioletowe pigmenty, kt\u00f3re skutecznie neutralizuj\u0105 \u017c\u00f3\u0142te, niechciane odcienie w\u0142os\u00f3w.<\/p>\n<p>Aktywne sk\u0142adniki:<\/p>\n<p>BETAINA: znacznie poprawia nawil\u017cenie w\u0142os\u00f3w, pomaga chroni\u0107 ich kom\u00f3rki przed negatywnym wp\u0142ywem \u015brodowiska.<\/p>\n<p>OLEJ Z KIE\u0141K\u00d3W PSZENICY: pomaga przywr\u00f3ci\u0107 naturalne od\u017cywienie w\u0142os\u00f3w, zapobiega puszeniu si\u0119 w\u0142os\u00f3w i rozdwajaniu ko\u0144c\u00f3wek.<\/p>\n<p>Jak u\u017cywa\u0107:<\/p>\n<p>Po umyciu w\u0142os\u00f3w szamponem Silver Linecure, na\u0142o\u017cy\u0107 odpowiedni\u0105 ilo\u015b\u0107 maski na wilgotne w\u0142osy. Pozostawi\u0107 na 5-10 min, i sp\u0142uka\u0107 dok\u0142adnie wod\u0105.<\/p>\n<p>Korzy\u015bci i widoczne rezultaty:<\/p>\n<p>\u2013 nawil\u017ca, od\u017cywia i regeneruje w\u0142osy,<\/p>\n<p>\u2013 fioletowe pigmenty, neutralizuj\u0105 \u017c\u00f3\u0142te odcienie,<\/p>\n<p>\u2013 pobiela efekt bia\u0142ych w\u0142os\u00f3w,<\/p>\n<p>\u2013 u\u0142atwia stylizacj\u0119,<\/p>\n<p>\u2013 zwi\u0119ksza jedwabisto\u015b\u0107 i blask w\u0142os\u00f3w,<\/p>\n<p>\u2013 w\u0142osy wygl\u0105daj\u0105 na zdrowsze i ja\u015bniejsze!<\/p>\n","protected":false},"excerpt":{"rendered":"<div class=\"woocommerce-product-details__short-description\">\n<p>Odpowiednia dla w\u0142os\u00f3w blond, siwych i rozja\u015bnianych. Formu\u0142a bogata w aktywne sk\u0142adniki, nawil\u017ca w\u0142osy, regeneruje od\u017cywia i nadaje im jedwabisto\u015bci. Vega\u0144ska receptura maski, zawiera fioletowe pigmenty, kt\u00f3re skutecznie neutralizuj\u0105 \u017c\u00f3\u0142te, niechciane odcienie w\u0142os\u00f3w.<\/p>\n<\/div>\n<form class=\"cart\" action=\"https:\/\/cosmoproject.pl\/produkt\/maska-silver-hipertin\/\" enctype=\"multipart\/form-data\" method=\"post\">\n<div class=\"quantity\"><\/div>\n<\/form>\n","protected":false},"featured_media":5490,"comment_status":"open","ping_status":"closed","template":"","meta":[],"pwb-brand":[133],"product_brand":[],"product_cat":[143],"product_tag":[],"class_list":{"0":"post-2730","1":"product","2":"type-product","3":"status-publish","4":"has-post-thumbnail","6":"pwb-brand-hipertin","7":"product_cat-odzywki-i-maski","9":"first","10":"instock","11":"shipping-taxable","12":"purchasable","13":"product-type-variable"},"yoast_head":"<!-- This site is optimized with the Yoast SEO plugin v27.3 - https:\/\/yoast.com\/product\/yoast-seo-wordpress\/ -->\n<title>Maska Silver Hipertin - HIPERTIN - Profesjonalne produkty Fryzjerskie<\/title>\n<meta name=\"robots\" content=\"index, follow, max-snippet:-1, max-image-preview:large, max-video-preview:-1\" \/>\n<link rel=\"canonical\" href=\"https:\/\/hipertin.pl\/index.php\/product\/maska-silver-hipertin-500ml\/\" \/>\n<meta property=\"og:locale\" content=\"pl_PL\" \/>\n<meta property=\"og:type\" content=\"article\" \/>\n<meta property=\"og:title\" content=\"Maska Silver Hipertin - HIPERTIN - Profesjonalne produkty Fryzjerskie\" \/>\n<meta property=\"og:description\" content=\"Odpowiednia dla w\u0142os\u00f3w blond, siwych i rozja\u015bnianych. Formu\u0142a bogata w aktywne sk\u0142adniki, nawil\u017ca w\u0142osy, regeneruje od\u017cywia i nadaje im jedwabisto\u015bci. Vega\u0144ska receptura maski, zawiera fioletowe pigmenty, kt\u00f3re skutecznie neutralizuj\u0105 \u017c\u00f3\u0142te, niechciane odcienie w\u0142os\u00f3w.\" \/>\n<meta property=\"og:url\" content=\"https:\/\/hipertin.pl\/index.php\/product\/maska-silver-hipertin-500ml\/\" \/>\n<meta property=\"og:site_name\" content=\"HIPERTIN - Profesjonalne produkty Fryzjerskie\" \/>\n<meta property=\"article:modified_time\" content=\"2026-04-14T07:36:01+00:00\" \/>\n<meta property=\"og:image\" content=\"http:\/\/hipertin.pl\/wp-content\/uploads\/2021\/07\/Maska-Silver-Hipertin.png\" \/>\n\t<meta property=\"og:image:width\" content=\"500\" \/>\n\t<meta property=\"og:image:height\" content=\"500\" \/>\n\t<meta property=\"og:image:type\" content=\"image\/png\" \/>\n<meta name=\"twitter:card\" content=\"summary_large_image\" \/>\n<meta name=\"twitter:label1\" content=\"Szacowany czas czytania\" \/>\n\t<meta name=\"twitter:data1\" content=\"1 minuta\" \/>\n<script type=\"application\/ld+json\" class=\"yoast-schema-graph\">{\"@context\":\"https:\\\/\\\/schema.org\",\"@graph\":[{\"@type\":\"WebPage\",\"@id\":\"https:\\\/\\\/hipertin.pl\\\/index.php\\\/product\\\/maska-silver-hipertin-500ml\\\/\",\"url\":\"https:\\\/\\\/hipertin.pl\\\/index.php\\\/product\\\/maska-silver-hipertin-500ml\\\/\",\"name\":\"Maska Silver Hipertin - HIPERTIN - Profesjonalne produkty Fryzjerskie\",\"isPartOf\":{\"@id\":\"https:\\\/\\\/hipertin.pl\\\/#website\"},\"primaryImageOfPage\":{\"@id\":\"https:\\\/\\\/hipertin.pl\\\/index.php\\\/product\\\/maska-silver-hipertin-500ml\\\/#primaryimage\"},\"image\":{\"@id\":\"https:\\\/\\\/hipertin.pl\\\/index.php\\\/product\\\/maska-silver-hipertin-500ml\\\/#primaryimage\"},\"thumbnailUrl\":\"https:\\\/\\\/hipertin.pl\\\/wp-content\\\/uploads\\\/2021\\\/07\\\/Maska-Silver-Hipertin.png\",\"datePublished\":\"2021-07-07T14:15:40+00:00\",\"dateModified\":\"2026-04-14T07:36:01+00:00\",\"breadcrumb\":{\"@id\":\"https:\\\/\\\/hipertin.pl\\\/index.php\\\/product\\\/maska-silver-hipertin-500ml\\\/#breadcrumb\"},\"inLanguage\":\"pl-PL\",\"potentialAction\":[{\"@type\":\"ReadAction\",\"target\":[\"https:\\\/\\\/hipertin.pl\\\/index.php\\\/product\\\/maska-silver-hipertin-500ml\\\/\"]}]},{\"@type\":\"ImageObject\",\"inLanguage\":\"pl-PL\",\"@id\":\"https:\\\/\\\/hipertin.pl\\\/index.php\\\/product\\\/maska-silver-hipertin-500ml\\\/#primaryimage\",\"url\":\"https:\\\/\\\/hipertin.pl\\\/wp-content\\\/uploads\\\/2021\\\/07\\\/Maska-Silver-Hipertin.png\",\"contentUrl\":\"https:\\\/\\\/hipertin.pl\\\/wp-content\\\/uploads\\\/2021\\\/07\\\/Maska-Silver-Hipertin.png\",\"width\":500,\"height\":500},{\"@type\":\"BreadcrumbList\",\"@id\":\"https:\\\/\\\/hipertin.pl\\\/index.php\\\/product\\\/maska-silver-hipertin-500ml\\\/#breadcrumb\",\"itemListElement\":[{\"@type\":\"ListItem\",\"position\":1,\"name\":\"Strona g\u0142\u00f3wna\",\"item\":\"https:\\\/\\\/hipertin.pl\\\/\"},{\"@type\":\"ListItem\",\"position\":2,\"name\":\"Sklep\",\"item\":\"https:\\\/\\\/hipertin.pl\\\/index.php\\\/sklep\\\/\"},{\"@type\":\"ListItem\",\"position\":3,\"name\":\"Maska Silver Hipertin\"}]},{\"@type\":\"WebSite\",\"@id\":\"https:\\\/\\\/hipertin.pl\\\/#website\",\"url\":\"https:\\\/\\\/hipertin.pl\\\/\",\"name\":\"HIPERTIN - Profesjonalne produkty Fryzjerskie\",\"description\":\"\",\"potentialAction\":[{\"@type\":\"SearchAction\",\"target\":{\"@type\":\"EntryPoint\",\"urlTemplate\":\"https:\\\/\\\/hipertin.pl\\\/?s={search_term_string}\"},\"query-input\":{\"@type\":\"PropertyValueSpecification\",\"valueRequired\":true,\"valueName\":\"search_term_string\"}}],\"inLanguage\":\"pl-PL\"}]}<\/script>\n<!-- \/ Yoast SEO plugin. -->","yoast_head_json":{"title":"Maska Silver Hipertin - HIPERTIN - Profesjonalne produkty Fryzjerskie","robots":{"index":"index","follow":"follow","max-snippet":"max-snippet:-1","max-image-preview":"max-image-preview:large","max-video-preview":"max-video-preview:-1"},"canonical":"https:\/\/hipertin.pl\/index.php\/product\/maska-silver-hipertin-500ml\/","og_locale":"pl_PL","og_type":"article","og_title":"Maska Silver Hipertin - HIPERTIN - Profesjonalne produkty Fryzjerskie","og_description":"Odpowiednia dla w\u0142os\u00f3w blond, siwych i rozja\u015bnianych. Formu\u0142a bogata w aktywne sk\u0142adniki, nawil\u017ca w\u0142osy, regeneruje od\u017cywia i nadaje im jedwabisto\u015bci. Vega\u0144ska receptura maski, zawiera fioletowe pigmenty, kt\u00f3re skutecznie neutralizuj\u0105 \u017c\u00f3\u0142te, niechciane odcienie w\u0142os\u00f3w.","og_url":"https:\/\/hipertin.pl\/index.php\/product\/maska-silver-hipertin-500ml\/","og_site_name":"HIPERTIN - Profesjonalne produkty Fryzjerskie","article_modified_time":"2026-04-14T07:36:01+00:00","og_image":[{"width":500,"height":500,"url":"http:\/\/hipertin.pl\/wp-content\/uploads\/2021\/07\/Maska-Silver-Hipertin.png","type":"image\/png"}],"twitter_card":"summary_large_image","twitter_misc":{"Szacowany czas czytania":"1 minuta"},"schema":{"@context":"https:\/\/schema.org","@graph":[{"@type":"WebPage","@id":"https:\/\/hipertin.pl\/index.php\/product\/maska-silver-hipertin-500ml\/","url":"https:\/\/hipertin.pl\/index.php\/product\/maska-silver-hipertin-500ml\/","name":"Maska Silver Hipertin - HIPERTIN - Profesjonalne produkty Fryzjerskie","isPartOf":{"@id":"https:\/\/hipertin.pl\/#website"},"primaryImageOfPage":{"@id":"https:\/\/hipertin.pl\/index.php\/product\/maska-silver-hipertin-500ml\/#primaryimage"},"image":{"@id":"https:\/\/hipertin.pl\/index.php\/product\/maska-silver-hipertin-500ml\/#primaryimage"},"thumbnailUrl":"https:\/\/hipertin.pl\/wp-content\/uploads\/2021\/07\/Maska-Silver-Hipertin.png","datePublished":"2021-07-07T14:15:40+00:00","dateModified":"2026-04-14T07:36:01+00:00","breadcrumb":{"@id":"https:\/\/hipertin.pl\/index.php\/product\/maska-silver-hipertin-500ml\/#breadcrumb"},"inLanguage":"pl-PL","potentialAction":[{"@type":"ReadAction","target":["https:\/\/hipertin.pl\/index.php\/product\/maska-silver-hipertin-500ml\/"]}]},{"@type":"ImageObject","inLanguage":"pl-PL","@id":"https:\/\/hipertin.pl\/index.php\/product\/maska-silver-hipertin-500ml\/#primaryimage","url":"https:\/\/hipertin.pl\/wp-content\/uploads\/2021\/07\/Maska-Silver-Hipertin.png","contentUrl":"https:\/\/hipertin.pl\/wp-content\/uploads\/2021\/07\/Maska-Silver-Hipertin.png","width":500,"height":500},{"@type":"BreadcrumbList","@id":"https:\/\/hipertin.pl\/index.php\/product\/maska-silver-hipertin-500ml\/#breadcrumb","itemListElement":[{"@type":"ListItem","position":1,"name":"Strona g\u0142\u00f3wna","item":"https:\/\/hipertin.pl\/"},{"@type":"ListItem","position":2,"name":"Sklep","item":"https:\/\/hipertin.pl\/index.php\/sklep\/"},{"@type":"ListItem","position":3,"name":"Maska Silver Hipertin"}]},{"@type":"WebSite","@id":"https:\/\/hipertin.pl\/#website","url":"https:\/\/hipertin.pl\/","name":"HIPERTIN - Profesjonalne produkty Fryzjerskie","description":"","potentialAction":[{"@type":"SearchAction","target":{"@type":"EntryPoint","urlTemplate":"https:\/\/hipertin.pl\/?s={search_term_string}"},"query-input":{"@type":"PropertyValueSpecification","valueRequired":true,"valueName":"search_term_string"}}],"inLanguage":"pl-PL"}]}},"brands":[{"id":133,"name":"Hipertin","slug":"hipertin"}],"_links":{"self":[{"href":"https:\/\/hipertin.pl\/index.php\/wp-json\/wp\/v2\/product\/2730","targetHints":{"allow":["GET"]}}],"collection":[{"href":"https:\/\/hipertin.pl\/index.php\/wp-json\/wp\/v2\/product"}],"about":[{"href":"https:\/\/hipertin.pl\/index.php\/wp-json\/wp\/v2\/types\/product"}],"replies":[{"embeddable":true,"href":"https:\/\/hipertin.pl\/index.php\/wp-json\/wp\/v2\/comments?post=2730"}],"wp:featuredmedia":[{"embeddable":true,"href":"https:\/\/hipertin.pl\/index.php\/wp-json\/wp\/v2\/media\/5490"}],"wp:attachment":[{"href":"https:\/\/hipertin.pl\/index.php\/wp-json\/wp\/v2\/media?parent=2730"}],"wp:term":[{"taxonomy":"pwb-brand","embeddable":true,"href":"https:\/\/hipertin.pl\/index.php\/wp-json\/wp\/v2\/pwb-brand?post=2730"},{"taxonomy":"product_brand","embeddable":true,"href":"https:\/\/hipertin.pl\/index.php\/wp-json\/wp\/v2\/product_brand?post=2730"},{"taxonomy":"product_cat","embeddable":true,"href":"https:\/\/hipertin.pl\/index.php\/wp-json\/wp\/v2\/product_cat?post=2730"},{"taxonomy":"product_tag","embeddable":true,"href":"https:\/\/hipertin.pl\/index.php\/wp-json\/wp\/v2\/product_tag?post=2730"}],"curies":[{"name":"wp","href":"https:\/\/api.w.org\/{rel}","templated":true}]}}