{"id":2718,"date":"2021-07-07T13:43:27","date_gmt":"2021-07-07T13:43:27","guid":{"rendered":"https:\/\/server656728.nazwa.pl\/hipertin\/?post_type=product&#038;p=2718"},"modified":"2026-04-13T12:07:53","modified_gmt":"2026-04-13T12:07:53","slug":"olejek-z-mineralami-ekstrakt-z-diamentow-mineral-oil-hipertin-100ml","status":"publish","type":"product","link":"https:\/\/hipertin.pl\/index.php\/product\/olejek-z-mineralami-ekstrakt-z-diamentow-mineral-oil-hipertin-100ml\/","title":{"rendered":"Olejek z minera\u0142ami (Ekstrakt z diament\u00f3w) \u2013 Mineral Oil Hipertin 100ml"},"content":{"rendered":"<p>MINERAL OIL \u2013 OLEJEK Z DIAMENTAMI<\/p>\n<p>Olejek do w\u0142os\u00f3w: Poprawa jako\u015bci w\u0142os\u00f3w z perfekcyjn\u0105 mieszank\u0105 wyci\u0105gu z kamieni szlachetnych, olejk\u00f3w z drzewa arganowego i z kamelii. Przez lata bada\u0144 stworzono prawdopodobnie najlepszy olejek do w\u0142os\u00f3w, \u0142\u0105cz\u0105cy bogactwo olejk\u00f3w: arganowych i z camelii, z bogatymi w proteiny, kamieniami szlachetnymi, takimi jak: DIAMENT, TURKUS, PER\u0141A, OPAL. Formu\u0142a ma w\u0142a\u015bciwo\u015bci ochronne, regeneruje w\u0142os, dostarcza witamin i pozostawia je elastyczne i b\u0142yszcz\u0105ce. Olejki zawarte w produkcie, nawil\u017caj\u0105 i i intensywnie nab\u0142yszczaj\u0105, wszystkie rodzaje w\u0142os\u00f3w. W\u0142osy s\u0105 wi\u0119c doskonale nawodnione, bogate w proteiny, kwasy t\u0142uszczowe i witaminy. Ekstrakty z kamieni szlachetnych, uzupe\u0142niaj\u0105 ubytki we w\u0142osie, wzmacniaj\u0105c j\u0105 i regeneruj\u0105c dok\u0142adnie. Perfekcyjna kombinacja kamieni szlachetnych i olejk\u00f3w, tworzy i pozostawia delikatny film na \u0142usce w\u0142osa, daj\u0105c niewiarygodny efekt b\u0142yszcz\u0105cych w\u0142os\u00f3w.<\/p>\n<p>Spos\u00f3b u\u017cycia: Na wilgotne w\u0142osy: Odmierz 5ml (trzy wci\u015bni\u0119cia pompki butelki) na ko\u0144ce d\u0142oni a nast\u0119pnie wmasuj we w\u0142osy, na ca\u0142ej d\u0142ugo\u015bci. Nie sp\u0142ukuj. Na suche w\u0142osy: Odmierz 2 ml ( jedno wci\u015bni\u0119cie pompki) na ko\u0144ce d\u0142oni, a nast\u0119pnie wmasuj we w\u0142osy, na ca\u0142ej d\u0142ugo\u015bci.<\/p>\n<p>Opakowanie: 100ml<\/p>\n","protected":false},"excerpt":{"rendered":"<p>MINERAL OIL \u2013 OLEJEK Z DIAMENTAMI<\/p>\n<p>Olejek do w\u0142os\u00f3w: Poprawa jako\u015bci w\u0142os\u00f3w z perfekcyjn\u0105 mieszank\u0105 wyci\u0105gu z kamieni szlachetnych, olejk\u00f3w z drzewa arganowego i z kamelii. Przez lata bada\u0144 stworzono prawdopodobnie najlepszy olejek do w\u0142os\u00f3w, \u0142\u0105cz\u0105cy bogactwo olejk\u00f3w: arganowych i z camelii, z bogatymi w proteiny, kamieniami szlachetnymi, takimi jak: DIAMENT, TURKUS, PER\u0141A, OPAL. Formu\u0142a ma w\u0142a\u015bciwo\u015bci ochronne, regeneruje w\u0142os, dostarcza witamin i pozostawia je elastyczne i b\u0142yszcz\u0105ce. Olejki zawarte w produkcie, nawil\u017caj\u0105 i i intensywnie nab\u0142yszczaj\u0105, wszystkie rodzaje w\u0142os\u00f3w. W\u0142osy s\u0105 wi\u0119c doskonale nawodnione, bogate w proteiny, kwasy t\u0142uszczowe i witaminy. Ekstrakty z kamieni szlachetnych, uzupe\u0142niaj\u0105 ubytki we w\u0142osie, wzmacniaj\u0105c j\u0105 i regeneruj\u0105c dok\u0142adnie. Perfekcyjna kombinacja kamieni szlachetnych i olejk\u00f3w, tworzy i pozostawia delikatny film na \u0142usce w\u0142osa, daj\u0105c niewiarygodny efekt b\u0142yszcz\u0105cych w\u0142os\u00f3w.<\/p>\n<p>Spos\u00f3b u\u017cycia: Na wilgotne w\u0142osy: Odmierz 5ml (trzy wci\u015bni\u0119cia pompki butelki) na ko\u0144ce d\u0142oni a nast\u0119pnie wmasuj we w\u0142osy, na ca\u0142ej d\u0142ugo\u015bci. Nie sp\u0142ukuj. Na suche w\u0142osy: Odmierz 2 ml ( jedno wci\u015bni\u0119cie pompki) na ko\u0144ce d\u0142oni, a nast\u0119pnie wmasuj we w\u0142osy, na ca\u0142ej d\u0142ugo\u015bci.<\/p>\n<p>Opakowanie: 100ml<\/p>\n","protected":false},"featured_media":4315,"comment_status":"open","ping_status":"closed","template":"","meta":[],"pwb-brand":[133],"product_brand":[],"product_cat":[136],"product_tag":[],"class_list":{"0":"post-2718","1":"product","2":"type-product","3":"status-publish","4":"has-post-thumbnail","6":"pwb-brand-hipertin","7":"product_cat-pielegnacja-zaawansowana","9":"first","10":"instock","11":"shipping-taxable","12":"purchasable","13":"product-type-simple"},"yoast_head":"<!-- This site is optimized with the Yoast SEO plugin v27.4 - https:\/\/yoast.com\/product\/yoast-seo-wordpress\/ -->\n<title>Olejek z minera\u0142ami (Ekstrakt z diament\u00f3w) \u2013 Mineral Oil Hipertin 100ml - HIPERTIN - Profesjonalne produkty Fryzjerskie<\/title>\n<meta name=\"robots\" content=\"index, follow, max-snippet:-1, max-image-preview:large, max-video-preview:-1\" \/>\n<link rel=\"canonical\" href=\"https:\/\/hipertin.pl\/index.php\/product\/olejek-z-mineralami-ekstrakt-z-diamentow-mineral-oil-hipertin-100ml\/\" \/>\n<meta property=\"og:locale\" content=\"pl_PL\" \/>\n<meta property=\"og:type\" content=\"article\" \/>\n<meta property=\"og:title\" content=\"Olejek z minera\u0142ami (Ekstrakt z diament\u00f3w) \u2013 Mineral Oil Hipertin 100ml - HIPERTIN - Profesjonalne produkty Fryzjerskie\" \/>\n<meta property=\"og:description\" content=\"MINERAL OIL \u2013 OLEJEK Z DIAMENTAMI  Olejek do w\u0142os\u00f3w: Poprawa jako\u015bci w\u0142os\u00f3w z perfekcyjn\u0105 mieszank\u0105 wyci\u0105gu z kamieni szlachetnych, olejk\u00f3w z drzewa arganowego i z kamelii. Przez lata bada\u0144 stworzono prawdopodobnie najlepszy olejek do w\u0142os\u00f3w, \u0142\u0105cz\u0105cy bogactwo olejk\u00f3w: arganowych i z camelii, z bogatymi w proteiny, kamieniami szlachetnymi, takimi jak: DIAMENT, TURKUS, PER\u0141A, OPAL. Formu\u0142a ma w\u0142a\u015bciwo\u015bci ochronne, regeneruje w\u0142os, dostarcza witamin i pozostawia je elastyczne i b\u0142yszcz\u0105ce. Olejki zawarte w produkcie, nawil\u017caj\u0105 i i intensywnie nab\u0142yszczaj\u0105, wszystkie rodzaje w\u0142os\u00f3w. W\u0142osy s\u0105 wi\u0119c doskonale nawodnione, bogate w proteiny, kwasy t\u0142uszczowe i witaminy. Ekstrakty z kamieni szlachetnych, uzupe\u0142niaj\u0105 ubytki we w\u0142osie, wzmacniaj\u0105c j\u0105 i regeneruj\u0105c dok\u0142adnie. Perfekcyjna kombinacja kamieni szlachetnych i olejk\u00f3w, tworzy i pozostawia delikatny film na \u0142usce w\u0142osa, daj\u0105c niewiarygodny efekt b\u0142yszcz\u0105cych w\u0142os\u00f3w.  Spos\u00f3b u\u017cycia: Na wilgotne w\u0142osy: Odmierz 5ml (trzy wci\u015bni\u0119cia pompki butelki) na ko\u0144ce d\u0142oni a nast\u0119pnie wmasuj we w\u0142osy, na ca\u0142ej d\u0142ugo\u015bci. Nie sp\u0142ukuj. Na suche w\u0142osy: Odmierz 2 ml ( jedno wci\u015bni\u0119cie pompki) na ko\u0144ce d\u0142oni, a nast\u0119pnie wmasuj we w\u0142osy, na ca\u0142ej d\u0142ugo\u015bci.  Opakowanie: 100ml\" \/>\n<meta property=\"og:url\" content=\"https:\/\/hipertin.pl\/index.php\/product\/olejek-z-mineralami-ekstrakt-z-diamentow-mineral-oil-hipertin-100ml\/\" \/>\n<meta property=\"og:site_name\" content=\"HIPERTIN - Profesjonalne produkty Fryzjerskie\" \/>\n<meta property=\"article:modified_time\" content=\"2026-04-13T12:07:53+00:00\" \/>\n<meta property=\"og:image\" content=\"http:\/\/hipertin.pl\/wp-content\/uploads\/2021\/07\/Olejek-z-mineralami-Ekstrakt-z-diamentow-Mineral-Oil-Hipertin-100ml-3.png\" \/>\n\t<meta property=\"og:image:width\" content=\"500\" \/>\n\t<meta property=\"og:image:height\" content=\"500\" \/>\n\t<meta property=\"og:image:type\" content=\"image\/png\" \/>\n<meta name=\"twitter:card\" content=\"summary_large_image\" \/>\n<meta name=\"twitter:label1\" content=\"Szacowany czas czytania\" \/>\n\t<meta name=\"twitter:data1\" content=\"1 minuta\" \/>\n<script type=\"application\/ld+json\" class=\"yoast-schema-graph\">{\"@context\":\"https:\\\/\\\/schema.org\",\"@graph\":[{\"@type\":\"WebPage\",\"@id\":\"https:\\\/\\\/hipertin.pl\\\/index.php\\\/product\\\/olejek-z-mineralami-ekstrakt-z-diamentow-mineral-oil-hipertin-100ml\\\/\",\"url\":\"https:\\\/\\\/hipertin.pl\\\/index.php\\\/product\\\/olejek-z-mineralami-ekstrakt-z-diamentow-mineral-oil-hipertin-100ml\\\/\",\"name\":\"Olejek z minera\u0142ami (Ekstrakt z diament\u00f3w) \u2013 Mineral Oil Hipertin 100ml - HIPERTIN - Profesjonalne produkty Fryzjerskie\",\"isPartOf\":{\"@id\":\"https:\\\/\\\/hipertin.pl\\\/#website\"},\"primaryImageOfPage\":{\"@id\":\"https:\\\/\\\/hipertin.pl\\\/index.php\\\/product\\\/olejek-z-mineralami-ekstrakt-z-diamentow-mineral-oil-hipertin-100ml\\\/#primaryimage\"},\"image\":{\"@id\":\"https:\\\/\\\/hipertin.pl\\\/index.php\\\/product\\\/olejek-z-mineralami-ekstrakt-z-diamentow-mineral-oil-hipertin-100ml\\\/#primaryimage\"},\"thumbnailUrl\":\"https:\\\/\\\/hipertin.pl\\\/wp-content\\\/uploads\\\/2021\\\/07\\\/Olejek-z-mineralami-Ekstrakt-z-diamentow-Mineral-Oil-Hipertin-100ml-3.png\",\"datePublished\":\"2021-07-07T13:43:27+00:00\",\"dateModified\":\"2026-04-13T12:07:53+00:00\",\"breadcrumb\":{\"@id\":\"https:\\\/\\\/hipertin.pl\\\/index.php\\\/product\\\/olejek-z-mineralami-ekstrakt-z-diamentow-mineral-oil-hipertin-100ml\\\/#breadcrumb\"},\"inLanguage\":\"pl-PL\",\"potentialAction\":[{\"@type\":\"ReadAction\",\"target\":[\"https:\\\/\\\/hipertin.pl\\\/index.php\\\/product\\\/olejek-z-mineralami-ekstrakt-z-diamentow-mineral-oil-hipertin-100ml\\\/\"]}]},{\"@type\":\"ImageObject\",\"inLanguage\":\"pl-PL\",\"@id\":\"https:\\\/\\\/hipertin.pl\\\/index.php\\\/product\\\/olejek-z-mineralami-ekstrakt-z-diamentow-mineral-oil-hipertin-100ml\\\/#primaryimage\",\"url\":\"https:\\\/\\\/hipertin.pl\\\/wp-content\\\/uploads\\\/2021\\\/07\\\/Olejek-z-mineralami-Ekstrakt-z-diamentow-Mineral-Oil-Hipertin-100ml-3.png\",\"contentUrl\":\"https:\\\/\\\/hipertin.pl\\\/wp-content\\\/uploads\\\/2021\\\/07\\\/Olejek-z-mineralami-Ekstrakt-z-diamentow-Mineral-Oil-Hipertin-100ml-3.png\",\"width\":500,\"height\":500},{\"@type\":\"BreadcrumbList\",\"@id\":\"https:\\\/\\\/hipertin.pl\\\/index.php\\\/product\\\/olejek-z-mineralami-ekstrakt-z-diamentow-mineral-oil-hipertin-100ml\\\/#breadcrumb\",\"itemListElement\":[{\"@type\":\"ListItem\",\"position\":1,\"name\":\"Strona g\u0142\u00f3wna\",\"item\":\"https:\\\/\\\/hipertin.pl\\\/\"},{\"@type\":\"ListItem\",\"position\":2,\"name\":\"Sklep\",\"item\":\"https:\\\/\\\/hipertin.pl\\\/index.php\\\/sklep\\\/\"},{\"@type\":\"ListItem\",\"position\":3,\"name\":\"Olejek z minera\u0142ami (Ekstrakt z diament\u00f3w) \u2013 Mineral Oil Hipertin 100ml\"}]},{\"@type\":\"WebSite\",\"@id\":\"https:\\\/\\\/hipertin.pl\\\/#website\",\"url\":\"https:\\\/\\\/hipertin.pl\\\/\",\"name\":\"HIPERTIN - Profesjonalne produkty Fryzjerskie\",\"description\":\"\",\"potentialAction\":[{\"@type\":\"SearchAction\",\"target\":{\"@type\":\"EntryPoint\",\"urlTemplate\":\"https:\\\/\\\/hipertin.pl\\\/?s={search_term_string}\"},\"query-input\":{\"@type\":\"PropertyValueSpecification\",\"valueRequired\":true,\"valueName\":\"search_term_string\"}}],\"inLanguage\":\"pl-PL\"}]}<\/script>\n<!-- \/ Yoast SEO plugin. -->","yoast_head_json":{"title":"Olejek z minera\u0142ami (Ekstrakt z diament\u00f3w) \u2013 Mineral Oil Hipertin 100ml - HIPERTIN - Profesjonalne produkty Fryzjerskie","robots":{"index":"index","follow":"follow","max-snippet":"max-snippet:-1","max-image-preview":"max-image-preview:large","max-video-preview":"max-video-preview:-1"},"canonical":"https:\/\/hipertin.pl\/index.php\/product\/olejek-z-mineralami-ekstrakt-z-diamentow-mineral-oil-hipertin-100ml\/","og_locale":"pl_PL","og_type":"article","og_title":"Olejek z minera\u0142ami (Ekstrakt z diament\u00f3w) \u2013 Mineral Oil Hipertin 100ml - HIPERTIN - Profesjonalne produkty Fryzjerskie","og_description":"MINERAL OIL \u2013 OLEJEK Z DIAMENTAMI  Olejek do w\u0142os\u00f3w: Poprawa jako\u015bci w\u0142os\u00f3w z perfekcyjn\u0105 mieszank\u0105 wyci\u0105gu z kamieni szlachetnych, olejk\u00f3w z drzewa arganowego i z kamelii. Przez lata bada\u0144 stworzono prawdopodobnie najlepszy olejek do w\u0142os\u00f3w, \u0142\u0105cz\u0105cy bogactwo olejk\u00f3w: arganowych i z camelii, z bogatymi w proteiny, kamieniami szlachetnymi, takimi jak: DIAMENT, TURKUS, PER\u0141A, OPAL. Formu\u0142a ma w\u0142a\u015bciwo\u015bci ochronne, regeneruje w\u0142os, dostarcza witamin i pozostawia je elastyczne i b\u0142yszcz\u0105ce. Olejki zawarte w produkcie, nawil\u017caj\u0105 i i intensywnie nab\u0142yszczaj\u0105, wszystkie rodzaje w\u0142os\u00f3w. W\u0142osy s\u0105 wi\u0119c doskonale nawodnione, bogate w proteiny, kwasy t\u0142uszczowe i witaminy. Ekstrakty z kamieni szlachetnych, uzupe\u0142niaj\u0105 ubytki we w\u0142osie, wzmacniaj\u0105c j\u0105 i regeneruj\u0105c dok\u0142adnie. Perfekcyjna kombinacja kamieni szlachetnych i olejk\u00f3w, tworzy i pozostawia delikatny film na \u0142usce w\u0142osa, daj\u0105c niewiarygodny efekt b\u0142yszcz\u0105cych w\u0142os\u00f3w.  Spos\u00f3b u\u017cycia: Na wilgotne w\u0142osy: Odmierz 5ml (trzy wci\u015bni\u0119cia pompki butelki) na ko\u0144ce d\u0142oni a nast\u0119pnie wmasuj we w\u0142osy, na ca\u0142ej d\u0142ugo\u015bci. Nie sp\u0142ukuj. Na suche w\u0142osy: Odmierz 2 ml ( jedno wci\u015bni\u0119cie pompki) na ko\u0144ce d\u0142oni, a nast\u0119pnie wmasuj we w\u0142osy, na ca\u0142ej d\u0142ugo\u015bci.  Opakowanie: 100ml","og_url":"https:\/\/hipertin.pl\/index.php\/product\/olejek-z-mineralami-ekstrakt-z-diamentow-mineral-oil-hipertin-100ml\/","og_site_name":"HIPERTIN - Profesjonalne produkty Fryzjerskie","article_modified_time":"2026-04-13T12:07:53+00:00","og_image":[{"width":500,"height":500,"url":"http:\/\/hipertin.pl\/wp-content\/uploads\/2021\/07\/Olejek-z-mineralami-Ekstrakt-z-diamentow-Mineral-Oil-Hipertin-100ml-3.png","type":"image\/png"}],"twitter_card":"summary_large_image","twitter_misc":{"Szacowany czas czytania":"1 minuta"},"schema":{"@context":"https:\/\/schema.org","@graph":[{"@type":"WebPage","@id":"https:\/\/hipertin.pl\/index.php\/product\/olejek-z-mineralami-ekstrakt-z-diamentow-mineral-oil-hipertin-100ml\/","url":"https:\/\/hipertin.pl\/index.php\/product\/olejek-z-mineralami-ekstrakt-z-diamentow-mineral-oil-hipertin-100ml\/","name":"Olejek z minera\u0142ami (Ekstrakt z diament\u00f3w) \u2013 Mineral Oil Hipertin 100ml - HIPERTIN - Profesjonalne produkty Fryzjerskie","isPartOf":{"@id":"https:\/\/hipertin.pl\/#website"},"primaryImageOfPage":{"@id":"https:\/\/hipertin.pl\/index.php\/product\/olejek-z-mineralami-ekstrakt-z-diamentow-mineral-oil-hipertin-100ml\/#primaryimage"},"image":{"@id":"https:\/\/hipertin.pl\/index.php\/product\/olejek-z-mineralami-ekstrakt-z-diamentow-mineral-oil-hipertin-100ml\/#primaryimage"},"thumbnailUrl":"https:\/\/hipertin.pl\/wp-content\/uploads\/2021\/07\/Olejek-z-mineralami-Ekstrakt-z-diamentow-Mineral-Oil-Hipertin-100ml-3.png","datePublished":"2021-07-07T13:43:27+00:00","dateModified":"2026-04-13T12:07:53+00:00","breadcrumb":{"@id":"https:\/\/hipertin.pl\/index.php\/product\/olejek-z-mineralami-ekstrakt-z-diamentow-mineral-oil-hipertin-100ml\/#breadcrumb"},"inLanguage":"pl-PL","potentialAction":[{"@type":"ReadAction","target":["https:\/\/hipertin.pl\/index.php\/product\/olejek-z-mineralami-ekstrakt-z-diamentow-mineral-oil-hipertin-100ml\/"]}]},{"@type":"ImageObject","inLanguage":"pl-PL","@id":"https:\/\/hipertin.pl\/index.php\/product\/olejek-z-mineralami-ekstrakt-z-diamentow-mineral-oil-hipertin-100ml\/#primaryimage","url":"https:\/\/hipertin.pl\/wp-content\/uploads\/2021\/07\/Olejek-z-mineralami-Ekstrakt-z-diamentow-Mineral-Oil-Hipertin-100ml-3.png","contentUrl":"https:\/\/hipertin.pl\/wp-content\/uploads\/2021\/07\/Olejek-z-mineralami-Ekstrakt-z-diamentow-Mineral-Oil-Hipertin-100ml-3.png","width":500,"height":500},{"@type":"BreadcrumbList","@id":"https:\/\/hipertin.pl\/index.php\/product\/olejek-z-mineralami-ekstrakt-z-diamentow-mineral-oil-hipertin-100ml\/#breadcrumb","itemListElement":[{"@type":"ListItem","position":1,"name":"Strona g\u0142\u00f3wna","item":"https:\/\/hipertin.pl\/"},{"@type":"ListItem","position":2,"name":"Sklep","item":"https:\/\/hipertin.pl\/index.php\/sklep\/"},{"@type":"ListItem","position":3,"name":"Olejek z minera\u0142ami (Ekstrakt z diament\u00f3w) \u2013 Mineral Oil Hipertin 100ml"}]},{"@type":"WebSite","@id":"https:\/\/hipertin.pl\/#website","url":"https:\/\/hipertin.pl\/","name":"HIPERTIN - Profesjonalne produkty Fryzjerskie","description":"","potentialAction":[{"@type":"SearchAction","target":{"@type":"EntryPoint","urlTemplate":"https:\/\/hipertin.pl\/?s={search_term_string}"},"query-input":{"@type":"PropertyValueSpecification","valueRequired":true,"valueName":"search_term_string"}}],"inLanguage":"pl-PL"}]}},"brands":[{"id":133,"name":"Hipertin","slug":"hipertin"}],"_links":{"self":[{"href":"https:\/\/hipertin.pl\/index.php\/wp-json\/wp\/v2\/product\/2718","targetHints":{"allow":["GET"]}}],"collection":[{"href":"https:\/\/hipertin.pl\/index.php\/wp-json\/wp\/v2\/product"}],"about":[{"href":"https:\/\/hipertin.pl\/index.php\/wp-json\/wp\/v2\/types\/product"}],"replies":[{"embeddable":true,"href":"https:\/\/hipertin.pl\/index.php\/wp-json\/wp\/v2\/comments?post=2718"}],"wp:featuredmedia":[{"embeddable":true,"href":"https:\/\/hipertin.pl\/index.php\/wp-json\/wp\/v2\/media\/4315"}],"wp:attachment":[{"href":"https:\/\/hipertin.pl\/index.php\/wp-json\/wp\/v2\/media?parent=2718"}],"wp:term":[{"taxonomy":"pwb-brand","embeddable":true,"href":"https:\/\/hipertin.pl\/index.php\/wp-json\/wp\/v2\/pwb-brand?post=2718"},{"taxonomy":"product_brand","embeddable":true,"href":"https:\/\/hipertin.pl\/index.php\/wp-json\/wp\/v2\/product_brand?post=2718"},{"taxonomy":"product_cat","embeddable":true,"href":"https:\/\/hipertin.pl\/index.php\/wp-json\/wp\/v2\/product_cat?post=2718"},{"taxonomy":"product_tag","embeddable":true,"href":"https:\/\/hipertin.pl\/index.php\/wp-json\/wp\/v2\/product_tag?post=2718"}],"curies":[{"name":"wp","href":"https:\/\/api.w.org\/{rel}","templated":true}]}}