{"id":2688,"date":"2021-07-07T12:13:12","date_gmt":"2021-07-07T12:13:12","guid":{"rendered":"https:\/\/server656728.nazwa.pl\/hipertin\/?post_type=product&#038;p=2688"},"modified":"2026-04-14T07:17:00","modified_gmt":"2026-04-14T07:17:00","slug":"szampon-nutri-repair-hipertin-300ml-1000ml","status":"publish","type":"product","link":"https:\/\/hipertin.pl\/index.php\/product\/szampon-nutri-repair-hipertin-300ml-1000ml\/","title":{"rendered":"Szampon Nutri Repair Hipertin"},"content":{"rendered":"<p>Do suchych i zniszczonych w\u0142os\u00f3w z omanem \u015br\u00f3dziemnomorskim. Od\u017cywia i regeneruje w\u0142osy. Wzmacnia, chroni je oraz dodaje blasku. G\u0142\u0119boko od\u017cywia pozbawione \u017cycia, zniszczone w\u0142osy. Wysokie st\u0119\u017cenie minera\u0142\u00f3w morskich, rekonstruuje i regeneruje w\u0142osy, pozostawiaj\u0105c je l\u015bni\u0105ce i elastyczne. Szampon nie obci\u0105\u017ca w\u0142os\u00f3w.<\/p>\n<p>Szampon z najnowszej linii Linecure, kt\u00f3ra zosta\u0142a opracowana z uwzgl\u0119dnieniem wega\u0144skich receptur i naturalnych sk\u0142adnik\u00f3w, kt\u00f3re zapewniaj\u0105 skuteczne i sprawdzone rozwi\u0105zania dla w\u0142os\u00f3w i potrzeb sk\u00f3ry g\u0142owy.<\/p>\n","protected":false},"excerpt":{"rendered":"<p>Do suchych i zniszczonych w\u0142os\u00f3w z omanem \u015br\u00f3dziemnomorskim. Od\u017cywia i regeneruje w\u0142osy. Wzmacnia, chroni je oraz dodaje blasku. G\u0142\u0119boko od\u017cywia pozbawione \u017cycia, zniszczone w\u0142osy. Wysokie st\u0119\u017cenie minera\u0142\u00f3w morskich, rekonstruuje i regeneruje w\u0142osy, pozostawiaj\u0105c je l\u015bni\u0105ce i elastyczne. Szampon nie obci\u0105\u017ca w\u0142os\u00f3w.<\/p>\n","protected":false},"featured_media":2691,"comment_status":"open","ping_status":"closed","template":"","meta":[],"pwb-brand":[133],"product_brand":[],"product_cat":[15],"product_tag":[],"class_list":{"0":"post-2688","1":"product","2":"type-product","3":"status-publish","4":"has-post-thumbnail","6":"pwb-brand-hipertin","7":"product_cat-szampony-do-wlosow","9":"first","10":"instock","11":"shipping-taxable","12":"purchasable","13":"product-type-variable"},"yoast_head":"<!-- This site is optimized with the Yoast SEO plugin v27.3 - https:\/\/yoast.com\/product\/yoast-seo-wordpress\/ -->\n<title>Szampon Nutri Repair Hipertin - HIPERTIN - Profesjonalne produkty Fryzjerskie<\/title>\n<meta name=\"robots\" content=\"index, follow, max-snippet:-1, max-image-preview:large, max-video-preview:-1\" \/>\n<link rel=\"canonical\" href=\"https:\/\/hipertin.pl\/index.php\/product\/szampon-nutri-repair-hipertin-300ml-1000ml\/\" \/>\n<meta property=\"og:locale\" content=\"pl_PL\" \/>\n<meta property=\"og:type\" content=\"article\" \/>\n<meta property=\"og:title\" content=\"Szampon Nutri Repair Hipertin - HIPERTIN - Profesjonalne produkty Fryzjerskie\" \/>\n<meta property=\"og:description\" content=\"Do suchych i zniszczonych w\u0142os\u00f3w z omanem \u015br\u00f3dziemnomorskim. Od\u017cywia i regeneruje w\u0142osy. Wzmacnia, chroni je oraz dodaje blasku. G\u0142\u0119boko od\u017cywia pozbawione \u017cycia, zniszczone w\u0142osy. Wysokie st\u0119\u017cenie minera\u0142\u00f3w morskich, rekonstruuje i regeneruje w\u0142osy, pozostawiaj\u0105c je l\u015bni\u0105ce i elastyczne. Szampon nie obci\u0105\u017ca w\u0142os\u00f3w.\" \/>\n<meta property=\"og:url\" content=\"https:\/\/hipertin.pl\/index.php\/product\/szampon-nutri-repair-hipertin-300ml-1000ml\/\" \/>\n<meta property=\"og:site_name\" content=\"HIPERTIN - Profesjonalne produkty Fryzjerskie\" \/>\n<meta property=\"article:modified_time\" content=\"2026-04-14T07:17:00+00:00\" \/>\n<meta property=\"og:image\" content=\"http:\/\/hipertin.pl\/wp-content\/uploads\/2021\/07\/szampon-nutri-repair-hipertin.png\" \/>\n\t<meta property=\"og:image:width\" content=\"1101\" \/>\n\t<meta property=\"og:image:height\" content=\"1200\" \/>\n\t<meta property=\"og:image:type\" content=\"image\/png\" \/>\n<meta name=\"twitter:card\" content=\"summary_large_image\" \/>\n<script type=\"application\/ld+json\" class=\"yoast-schema-graph\">{\"@context\":\"https:\\\/\\\/schema.org\",\"@graph\":[{\"@type\":\"WebPage\",\"@id\":\"https:\\\/\\\/hipertin.pl\\\/index.php\\\/product\\\/szampon-nutri-repair-hipertin-300ml-1000ml\\\/\",\"url\":\"https:\\\/\\\/hipertin.pl\\\/index.php\\\/product\\\/szampon-nutri-repair-hipertin-300ml-1000ml\\\/\",\"name\":\"Szampon Nutri Repair Hipertin - HIPERTIN - Profesjonalne produkty Fryzjerskie\",\"isPartOf\":{\"@id\":\"https:\\\/\\\/hipertin.pl\\\/#website\"},\"primaryImageOfPage\":{\"@id\":\"https:\\\/\\\/hipertin.pl\\\/index.php\\\/product\\\/szampon-nutri-repair-hipertin-300ml-1000ml\\\/#primaryimage\"},\"image\":{\"@id\":\"https:\\\/\\\/hipertin.pl\\\/index.php\\\/product\\\/szampon-nutri-repair-hipertin-300ml-1000ml\\\/#primaryimage\"},\"thumbnailUrl\":\"https:\\\/\\\/hipertin.pl\\\/wp-content\\\/uploads\\\/2021\\\/07\\\/szampon-nutri-repair-hipertin.png\",\"datePublished\":\"2021-07-07T12:13:12+00:00\",\"dateModified\":\"2026-04-14T07:17:00+00:00\",\"breadcrumb\":{\"@id\":\"https:\\\/\\\/hipertin.pl\\\/index.php\\\/product\\\/szampon-nutri-repair-hipertin-300ml-1000ml\\\/#breadcrumb\"},\"inLanguage\":\"pl-PL\",\"potentialAction\":[{\"@type\":\"ReadAction\",\"target\":[\"https:\\\/\\\/hipertin.pl\\\/index.php\\\/product\\\/szampon-nutri-repair-hipertin-300ml-1000ml\\\/\"]}]},{\"@type\":\"ImageObject\",\"inLanguage\":\"pl-PL\",\"@id\":\"https:\\\/\\\/hipertin.pl\\\/index.php\\\/product\\\/szampon-nutri-repair-hipertin-300ml-1000ml\\\/#primaryimage\",\"url\":\"https:\\\/\\\/hipertin.pl\\\/wp-content\\\/uploads\\\/2021\\\/07\\\/szampon-nutri-repair-hipertin.png\",\"contentUrl\":\"https:\\\/\\\/hipertin.pl\\\/wp-content\\\/uploads\\\/2021\\\/07\\\/szampon-nutri-repair-hipertin.png\",\"width\":1101,\"height\":1200},{\"@type\":\"BreadcrumbList\",\"@id\":\"https:\\\/\\\/hipertin.pl\\\/index.php\\\/product\\\/szampon-nutri-repair-hipertin-300ml-1000ml\\\/#breadcrumb\",\"itemListElement\":[{\"@type\":\"ListItem\",\"position\":1,\"name\":\"Strona g\u0142\u00f3wna\",\"item\":\"https:\\\/\\\/hipertin.pl\\\/\"},{\"@type\":\"ListItem\",\"position\":2,\"name\":\"Sklep\",\"item\":\"https:\\\/\\\/hipertin.pl\\\/index.php\\\/sklep\\\/\"},{\"@type\":\"ListItem\",\"position\":3,\"name\":\"Szampon Nutri Repair Hipertin\"}]},{\"@type\":\"WebSite\",\"@id\":\"https:\\\/\\\/hipertin.pl\\\/#website\",\"url\":\"https:\\\/\\\/hipertin.pl\\\/\",\"name\":\"HIPERTIN - Profesjonalne produkty Fryzjerskie\",\"description\":\"\",\"potentialAction\":[{\"@type\":\"SearchAction\",\"target\":{\"@type\":\"EntryPoint\",\"urlTemplate\":\"https:\\\/\\\/hipertin.pl\\\/?s={search_term_string}\"},\"query-input\":{\"@type\":\"PropertyValueSpecification\",\"valueRequired\":true,\"valueName\":\"search_term_string\"}}],\"inLanguage\":\"pl-PL\"}]}<\/script>\n<!-- \/ Yoast SEO plugin. -->","yoast_head_json":{"title":"Szampon Nutri Repair Hipertin - HIPERTIN - Profesjonalne produkty Fryzjerskie","robots":{"index":"index","follow":"follow","max-snippet":"max-snippet:-1","max-image-preview":"max-image-preview:large","max-video-preview":"max-video-preview:-1"},"canonical":"https:\/\/hipertin.pl\/index.php\/product\/szampon-nutri-repair-hipertin-300ml-1000ml\/","og_locale":"pl_PL","og_type":"article","og_title":"Szampon Nutri Repair Hipertin - HIPERTIN - Profesjonalne produkty Fryzjerskie","og_description":"Do suchych i zniszczonych w\u0142os\u00f3w z omanem \u015br\u00f3dziemnomorskim. Od\u017cywia i regeneruje w\u0142osy. Wzmacnia, chroni je oraz dodaje blasku. G\u0142\u0119boko od\u017cywia pozbawione \u017cycia, zniszczone w\u0142osy. Wysokie st\u0119\u017cenie minera\u0142\u00f3w morskich, rekonstruuje i regeneruje w\u0142osy, pozostawiaj\u0105c je l\u015bni\u0105ce i elastyczne. Szampon nie obci\u0105\u017ca w\u0142os\u00f3w.","og_url":"https:\/\/hipertin.pl\/index.php\/product\/szampon-nutri-repair-hipertin-300ml-1000ml\/","og_site_name":"HIPERTIN - Profesjonalne produkty Fryzjerskie","article_modified_time":"2026-04-14T07:17:00+00:00","og_image":[{"width":1101,"height":1200,"url":"http:\/\/hipertin.pl\/wp-content\/uploads\/2021\/07\/szampon-nutri-repair-hipertin.png","type":"image\/png"}],"twitter_card":"summary_large_image","schema":{"@context":"https:\/\/schema.org","@graph":[{"@type":"WebPage","@id":"https:\/\/hipertin.pl\/index.php\/product\/szampon-nutri-repair-hipertin-300ml-1000ml\/","url":"https:\/\/hipertin.pl\/index.php\/product\/szampon-nutri-repair-hipertin-300ml-1000ml\/","name":"Szampon Nutri Repair Hipertin - HIPERTIN - Profesjonalne produkty Fryzjerskie","isPartOf":{"@id":"https:\/\/hipertin.pl\/#website"},"primaryImageOfPage":{"@id":"https:\/\/hipertin.pl\/index.php\/product\/szampon-nutri-repair-hipertin-300ml-1000ml\/#primaryimage"},"image":{"@id":"https:\/\/hipertin.pl\/index.php\/product\/szampon-nutri-repair-hipertin-300ml-1000ml\/#primaryimage"},"thumbnailUrl":"https:\/\/hipertin.pl\/wp-content\/uploads\/2021\/07\/szampon-nutri-repair-hipertin.png","datePublished":"2021-07-07T12:13:12+00:00","dateModified":"2026-04-14T07:17:00+00:00","breadcrumb":{"@id":"https:\/\/hipertin.pl\/index.php\/product\/szampon-nutri-repair-hipertin-300ml-1000ml\/#breadcrumb"},"inLanguage":"pl-PL","potentialAction":[{"@type":"ReadAction","target":["https:\/\/hipertin.pl\/index.php\/product\/szampon-nutri-repair-hipertin-300ml-1000ml\/"]}]},{"@type":"ImageObject","inLanguage":"pl-PL","@id":"https:\/\/hipertin.pl\/index.php\/product\/szampon-nutri-repair-hipertin-300ml-1000ml\/#primaryimage","url":"https:\/\/hipertin.pl\/wp-content\/uploads\/2021\/07\/szampon-nutri-repair-hipertin.png","contentUrl":"https:\/\/hipertin.pl\/wp-content\/uploads\/2021\/07\/szampon-nutri-repair-hipertin.png","width":1101,"height":1200},{"@type":"BreadcrumbList","@id":"https:\/\/hipertin.pl\/index.php\/product\/szampon-nutri-repair-hipertin-300ml-1000ml\/#breadcrumb","itemListElement":[{"@type":"ListItem","position":1,"name":"Strona g\u0142\u00f3wna","item":"https:\/\/hipertin.pl\/"},{"@type":"ListItem","position":2,"name":"Sklep","item":"https:\/\/hipertin.pl\/index.php\/sklep\/"},{"@type":"ListItem","position":3,"name":"Szampon Nutri Repair Hipertin"}]},{"@type":"WebSite","@id":"https:\/\/hipertin.pl\/#website","url":"https:\/\/hipertin.pl\/","name":"HIPERTIN - Profesjonalne produkty Fryzjerskie","description":"","potentialAction":[{"@type":"SearchAction","target":{"@type":"EntryPoint","urlTemplate":"https:\/\/hipertin.pl\/?s={search_term_string}"},"query-input":{"@type":"PropertyValueSpecification","valueRequired":true,"valueName":"search_term_string"}}],"inLanguage":"pl-PL"}]}},"brands":[{"id":133,"name":"Hipertin","slug":"hipertin"}],"_links":{"self":[{"href":"https:\/\/hipertin.pl\/index.php\/wp-json\/wp\/v2\/product\/2688","targetHints":{"allow":["GET"]}}],"collection":[{"href":"https:\/\/hipertin.pl\/index.php\/wp-json\/wp\/v2\/product"}],"about":[{"href":"https:\/\/hipertin.pl\/index.php\/wp-json\/wp\/v2\/types\/product"}],"replies":[{"embeddable":true,"href":"https:\/\/hipertin.pl\/index.php\/wp-json\/wp\/v2\/comments?post=2688"}],"wp:featuredmedia":[{"embeddable":true,"href":"https:\/\/hipertin.pl\/index.php\/wp-json\/wp\/v2\/media\/2691"}],"wp:attachment":[{"href":"https:\/\/hipertin.pl\/index.php\/wp-json\/wp\/v2\/media?parent=2688"}],"wp:term":[{"taxonomy":"pwb-brand","embeddable":true,"href":"https:\/\/hipertin.pl\/index.php\/wp-json\/wp\/v2\/pwb-brand?post=2688"},{"taxonomy":"product_brand","embeddable":true,"href":"https:\/\/hipertin.pl\/index.php\/wp-json\/wp\/v2\/product_brand?post=2688"},{"taxonomy":"product_cat","embeddable":true,"href":"https:\/\/hipertin.pl\/index.php\/wp-json\/wp\/v2\/product_cat?post=2688"},{"taxonomy":"product_tag","embeddable":true,"href":"https:\/\/hipertin.pl\/index.php\/wp-json\/wp\/v2\/product_tag?post=2688"}],"curies":[{"name":"wp","href":"https:\/\/api.w.org\/{rel}","templated":true}]}}