{"id":2685,"date":"2021-07-07T12:07:09","date_gmt":"2021-07-07T12:07:09","guid":{"rendered":"https:\/\/server656728.nazwa.pl\/hipertin\/?post_type=product&#038;p=2685"},"modified":"2024-07-02T07:58:04","modified_gmt":"2024-07-02T07:58:04","slug":"szampon-musujacy-bubbly-hipertin-1000ml-lub-5000ml","status":"publish","type":"product","link":"https:\/\/hipertin.pl\/index.php\/product\/szampon-musujacy-bubbly-hipertin-1000ml-lub-5000ml\/","title":{"rendered":"Szampon musuj\u0105cy Bubbly Hipertin"},"content":{"rendered":"<div class=\"_1xwp\">\n<p>Szampon mocno pieni\u0105cy. Czy\u015bci wszelkie zabrudzenia na w\u0142osach, przywracaj\u0105c sk\u00f3rze g\u0142owy naturalne PH. Neutralizuje wyst\u0119puj\u0105ce podra\u017cnienia. Nadaje w\u0142osom jedwabisto\u015bci. Posiada przyjemny kokosowy zapach.<\/p>\n<p>Pojemno\u015b\u0107 \u2013 1L lub 5L.<\/p>\n<\/div>\n","protected":false},"excerpt":{"rendered":"<div class=\"woocommerce-product-details__short-description\">\n<p>Szampon mocno pieni\u0105cy. Czy\u015bci wszelkie zabrudzenia na w\u0142osach, przywracaj\u0105c sk\u00f3rze g\u0142owy naturalne PH. Neutralizuje wyst\u0119puj\u0105ce podra\u017cnienia. Nadaje w\u0142osom jedwabisto\u015bci. Posiada przyjemny kokosowy zapach.<\/p>\n<p>Pojemno\u015b\u0107 \u2013 1L lub 5L.<\/p>\n<\/div>\n<form class=\"cart\" action=\"https:\/\/cosmoproject.pl\/produkt\/szampon-musujacy-bubbly-hipertin-1000ml\/\" enctype=\"multipart\/form-data\" method=\"post\">\n<div class=\"quantity\"><\/div>\n<\/form>\n","protected":false},"featured_media":2706,"comment_status":"open","ping_status":"closed","template":"","meta":[],"pwb-brand":[133],"product_brand":[],"product_cat":[15],"product_tag":[],"class_list":{"0":"post-2685","1":"product","2":"type-product","3":"status-publish","4":"has-post-thumbnail","6":"pwb-brand-hipertin","7":"product_cat-szampony-do-wlosow","9":"first","10":"instock","11":"shipping-taxable","12":"purchasable","13":"product-type-variable"},"yoast_head":"<!-- This site is optimized with the Yoast SEO plugin v26.1.1 - https:\/\/yoast.com\/wordpress\/plugins\/seo\/ -->\n<title>Szampon musuj\u0105cy Bubbly Hipertin - HIPERTIN - Profesjonalne produkty Fryzjerskie<\/title>\n<meta name=\"robots\" content=\"index, follow, max-snippet:-1, max-image-preview:large, max-video-preview:-1\" \/>\n<link rel=\"canonical\" href=\"https:\/\/hipertin.pl\/index.php\/product\/szampon-musujacy-bubbly-hipertin-1000ml-lub-5000ml\/\" \/>\n<meta property=\"og:locale\" content=\"pl_PL\" \/>\n<meta property=\"og:type\" content=\"article\" \/>\n<meta property=\"og:title\" content=\"Szampon musuj\u0105cy Bubbly Hipertin - HIPERTIN - Profesjonalne produkty Fryzjerskie\" \/>\n<meta property=\"og:description\" content=\"Szampon mocno pieni\u0105cy. Czy\u015bci wszelkie zabrudzenia na w\u0142osach, przywracaj\u0105c sk\u00f3rze g\u0142owy naturalne PH. Neutralizuje wyst\u0119puj\u0105ce podra\u017cnienia. Nadaje w\u0142osom jedwabisto\u015bci. Posiada przyjemny kokosowy zapach.  Pojemno\u015b\u0107 \u2013 1L lub 5L.\" \/>\n<meta property=\"og:url\" content=\"https:\/\/hipertin.pl\/index.php\/product\/szampon-musujacy-bubbly-hipertin-1000ml-lub-5000ml\/\" \/>\n<meta property=\"og:site_name\" content=\"HIPERTIN - Profesjonalne produkty Fryzjerskie\" \/>\n<meta property=\"article:modified_time\" content=\"2024-07-02T07:58:04+00:00\" \/>\n<meta property=\"og:image\" content=\"http:\/\/hipertin.pl\/wp-content\/uploads\/2021\/07\/szampon-musujacy-bubbly-hipertin-e1636533734149.png\" \/>\n\t<meta property=\"og:image:width\" content=\"600\" \/>\n\t<meta property=\"og:image:height\" content=\"600\" \/>\n\t<meta property=\"og:image:type\" content=\"image\/png\" \/>\n<meta name=\"twitter:card\" content=\"summary_large_image\" \/>\n<script type=\"application\/ld+json\" class=\"yoast-schema-graph\">{\"@context\":\"https:\/\/schema.org\",\"@graph\":[{\"@type\":\"WebPage\",\"@id\":\"https:\/\/hipertin.pl\/index.php\/product\/szampon-musujacy-bubbly-hipertin-1000ml-lub-5000ml\/\",\"url\":\"https:\/\/hipertin.pl\/index.php\/product\/szampon-musujacy-bubbly-hipertin-1000ml-lub-5000ml\/\",\"name\":\"Szampon musuj\u0105cy Bubbly Hipertin - HIPERTIN - Profesjonalne produkty Fryzjerskie\",\"isPartOf\":{\"@id\":\"https:\/\/hipertin.pl\/#website\"},\"primaryImageOfPage\":{\"@id\":\"https:\/\/hipertin.pl\/index.php\/product\/szampon-musujacy-bubbly-hipertin-1000ml-lub-5000ml\/#primaryimage\"},\"image\":{\"@id\":\"https:\/\/hipertin.pl\/index.php\/product\/szampon-musujacy-bubbly-hipertin-1000ml-lub-5000ml\/#primaryimage\"},\"thumbnailUrl\":\"https:\/\/hipertin.pl\/wp-content\/uploads\/2021\/07\/szampon-musujacy-bubbly-hipertin-e1636533734149.png\",\"datePublished\":\"2021-07-07T12:07:09+00:00\",\"dateModified\":\"2024-07-02T07:58:04+00:00\",\"breadcrumb\":{\"@id\":\"https:\/\/hipertin.pl\/index.php\/product\/szampon-musujacy-bubbly-hipertin-1000ml-lub-5000ml\/#breadcrumb\"},\"inLanguage\":\"pl-PL\",\"potentialAction\":[{\"@type\":\"ReadAction\",\"target\":[\"https:\/\/hipertin.pl\/index.php\/product\/szampon-musujacy-bubbly-hipertin-1000ml-lub-5000ml\/\"]}]},{\"@type\":\"ImageObject\",\"inLanguage\":\"pl-PL\",\"@id\":\"https:\/\/hipertin.pl\/index.php\/product\/szampon-musujacy-bubbly-hipertin-1000ml-lub-5000ml\/#primaryimage\",\"url\":\"https:\/\/hipertin.pl\/wp-content\/uploads\/2021\/07\/szampon-musujacy-bubbly-hipertin-e1636533734149.png\",\"contentUrl\":\"https:\/\/hipertin.pl\/wp-content\/uploads\/2021\/07\/szampon-musujacy-bubbly-hipertin-e1636533734149.png\",\"width\":600,\"height\":600},{\"@type\":\"BreadcrumbList\",\"@id\":\"https:\/\/hipertin.pl\/index.php\/product\/szampon-musujacy-bubbly-hipertin-1000ml-lub-5000ml\/#breadcrumb\",\"itemListElement\":[{\"@type\":\"ListItem\",\"position\":1,\"name\":\"Strona g\u0142\u00f3wna\",\"item\":\"https:\/\/hipertin.pl\/\"},{\"@type\":\"ListItem\",\"position\":2,\"name\":\"Sklep\",\"item\":\"https:\/\/hipertin.pl\/index.php\/sklep\/\"},{\"@type\":\"ListItem\",\"position\":3,\"name\":\"Szampon musuj\u0105cy Bubbly Hipertin\"}]},{\"@type\":\"WebSite\",\"@id\":\"https:\/\/hipertin.pl\/#website\",\"url\":\"https:\/\/hipertin.pl\/\",\"name\":\"HIPERTIN - Profesjonalne produkty Fryzjerskie\",\"description\":\"\",\"potentialAction\":[{\"@type\":\"SearchAction\",\"target\":{\"@type\":\"EntryPoint\",\"urlTemplate\":\"https:\/\/hipertin.pl\/?s={search_term_string}\"},\"query-input\":{\"@type\":\"PropertyValueSpecification\",\"valueRequired\":true,\"valueName\":\"search_term_string\"}}],\"inLanguage\":\"pl-PL\"}]}<\/script>\n<!-- \/ Yoast SEO plugin. -->","yoast_head_json":{"title":"Szampon musuj\u0105cy Bubbly Hipertin - HIPERTIN - Profesjonalne produkty Fryzjerskie","robots":{"index":"index","follow":"follow","max-snippet":"max-snippet:-1","max-image-preview":"max-image-preview:large","max-video-preview":"max-video-preview:-1"},"canonical":"https:\/\/hipertin.pl\/index.php\/product\/szampon-musujacy-bubbly-hipertin-1000ml-lub-5000ml\/","og_locale":"pl_PL","og_type":"article","og_title":"Szampon musuj\u0105cy Bubbly Hipertin - HIPERTIN - Profesjonalne produkty Fryzjerskie","og_description":"Szampon mocno pieni\u0105cy. Czy\u015bci wszelkie zabrudzenia na w\u0142osach, przywracaj\u0105c sk\u00f3rze g\u0142owy naturalne PH. Neutralizuje wyst\u0119puj\u0105ce podra\u017cnienia. Nadaje w\u0142osom jedwabisto\u015bci. Posiada przyjemny kokosowy zapach.  Pojemno\u015b\u0107 \u2013 1L lub 5L.","og_url":"https:\/\/hipertin.pl\/index.php\/product\/szampon-musujacy-bubbly-hipertin-1000ml-lub-5000ml\/","og_site_name":"HIPERTIN - Profesjonalne produkty Fryzjerskie","article_modified_time":"2024-07-02T07:58:04+00:00","og_image":[{"width":600,"height":600,"url":"http:\/\/hipertin.pl\/wp-content\/uploads\/2021\/07\/szampon-musujacy-bubbly-hipertin-e1636533734149.png","type":"image\/png"}],"twitter_card":"summary_large_image","schema":{"@context":"https:\/\/schema.org","@graph":[{"@type":"WebPage","@id":"https:\/\/hipertin.pl\/index.php\/product\/szampon-musujacy-bubbly-hipertin-1000ml-lub-5000ml\/","url":"https:\/\/hipertin.pl\/index.php\/product\/szampon-musujacy-bubbly-hipertin-1000ml-lub-5000ml\/","name":"Szampon musuj\u0105cy Bubbly Hipertin - HIPERTIN - Profesjonalne produkty Fryzjerskie","isPartOf":{"@id":"https:\/\/hipertin.pl\/#website"},"primaryImageOfPage":{"@id":"https:\/\/hipertin.pl\/index.php\/product\/szampon-musujacy-bubbly-hipertin-1000ml-lub-5000ml\/#primaryimage"},"image":{"@id":"https:\/\/hipertin.pl\/index.php\/product\/szampon-musujacy-bubbly-hipertin-1000ml-lub-5000ml\/#primaryimage"},"thumbnailUrl":"https:\/\/hipertin.pl\/wp-content\/uploads\/2021\/07\/szampon-musujacy-bubbly-hipertin-e1636533734149.png","datePublished":"2021-07-07T12:07:09+00:00","dateModified":"2024-07-02T07:58:04+00:00","breadcrumb":{"@id":"https:\/\/hipertin.pl\/index.php\/product\/szampon-musujacy-bubbly-hipertin-1000ml-lub-5000ml\/#breadcrumb"},"inLanguage":"pl-PL","potentialAction":[{"@type":"ReadAction","target":["https:\/\/hipertin.pl\/index.php\/product\/szampon-musujacy-bubbly-hipertin-1000ml-lub-5000ml\/"]}]},{"@type":"ImageObject","inLanguage":"pl-PL","@id":"https:\/\/hipertin.pl\/index.php\/product\/szampon-musujacy-bubbly-hipertin-1000ml-lub-5000ml\/#primaryimage","url":"https:\/\/hipertin.pl\/wp-content\/uploads\/2021\/07\/szampon-musujacy-bubbly-hipertin-e1636533734149.png","contentUrl":"https:\/\/hipertin.pl\/wp-content\/uploads\/2021\/07\/szampon-musujacy-bubbly-hipertin-e1636533734149.png","width":600,"height":600},{"@type":"BreadcrumbList","@id":"https:\/\/hipertin.pl\/index.php\/product\/szampon-musujacy-bubbly-hipertin-1000ml-lub-5000ml\/#breadcrumb","itemListElement":[{"@type":"ListItem","position":1,"name":"Strona g\u0142\u00f3wna","item":"https:\/\/hipertin.pl\/"},{"@type":"ListItem","position":2,"name":"Sklep","item":"https:\/\/hipertin.pl\/index.php\/sklep\/"},{"@type":"ListItem","position":3,"name":"Szampon musuj\u0105cy Bubbly Hipertin"}]},{"@type":"WebSite","@id":"https:\/\/hipertin.pl\/#website","url":"https:\/\/hipertin.pl\/","name":"HIPERTIN - Profesjonalne produkty Fryzjerskie","description":"","potentialAction":[{"@type":"SearchAction","target":{"@type":"EntryPoint","urlTemplate":"https:\/\/hipertin.pl\/?s={search_term_string}"},"query-input":{"@type":"PropertyValueSpecification","valueRequired":true,"valueName":"search_term_string"}}],"inLanguage":"pl-PL"}]}},"brands":[{"id":133,"name":"Hipertin","slug":"hipertin"}],"_links":{"self":[{"href":"https:\/\/hipertin.pl\/index.php\/wp-json\/wp\/v2\/product\/2685","targetHints":{"allow":["GET"]}}],"collection":[{"href":"https:\/\/hipertin.pl\/index.php\/wp-json\/wp\/v2\/product"}],"about":[{"href":"https:\/\/hipertin.pl\/index.php\/wp-json\/wp\/v2\/types\/product"}],"replies":[{"embeddable":true,"href":"https:\/\/hipertin.pl\/index.php\/wp-json\/wp\/v2\/comments?post=2685"}],"wp:featuredmedia":[{"embeddable":true,"href":"https:\/\/hipertin.pl\/index.php\/wp-json\/wp\/v2\/media\/2706"}],"wp:attachment":[{"href":"https:\/\/hipertin.pl\/index.php\/wp-json\/wp\/v2\/media?parent=2685"}],"wp:term":[{"taxonomy":"pwb-brand","embeddable":true,"href":"https:\/\/hipertin.pl\/index.php\/wp-json\/wp\/v2\/pwb-brand?post=2685"},{"taxonomy":"product_brand","embeddable":true,"href":"https:\/\/hipertin.pl\/index.php\/wp-json\/wp\/v2\/product_brand?post=2685"},{"taxonomy":"product_cat","embeddable":true,"href":"https:\/\/hipertin.pl\/index.php\/wp-json\/wp\/v2\/product_cat?post=2685"},{"taxonomy":"product_tag","embeddable":true,"href":"https:\/\/hipertin.pl\/index.php\/wp-json\/wp\/v2\/product_tag?post=2685"}],"curies":[{"name":"wp","href":"https:\/\/api.w.org\/{rel}","templated":true}]}}