{"id":2951,"date":"2021-07-23T07:42:22","date_gmt":"2021-07-23T07:42:22","guid":{"rendered":"https:\/\/server656728.nazwa.pl\/hipertin\/?page_id=2951"},"modified":"2021-07-23T08:05:54","modified_gmt":"2021-07-23T08:05:54","slug":"marka-keyra","status":"publish","type":"page","link":"https:\/\/hipertin.pl\/index.php\/marka-keyra\/","title":{"rendered":"Marka Keyra"},"content":{"rendered":"<p>[vc_row][vc_column][vc_text_separator title=&#8221;Marka Keyra&#8221; subtitle=&#8221;Poznaj mark\u0119 Keyra&#8230;&#8221; css=&#8221;.vc_custom_1627026811035{margin-top: 20px !important;}&#8221;][\/vc_column][\/vc_row][vc_row][vc_column][vc_single_image image=&#8221;2953&#8243; img_size=&#8221;full&#8221; alignment=&#8221;center&#8221;][\/vc_column][\/vc_row][vc_row][vc_column][vc_column_text]<span style=\"font-weight: 400;\">Fabryka Hipertin to r\u00f3wnie\u017c w\u0142a\u015bciciel linii profesjonalnych kosmetyk\u00f3w dla fryzjer\u00f3w pod nazw\u0105 KEYRA.<br \/>\n<\/span><span style=\"font-weight: 400;\">Produkty te oferowane s\u0105 przez nas w pe\u0142nym asortymencie, ale niedost\u0119pne s\u0105 w sprzeda\u017cy internetowej.<br \/>\n<\/span><span style=\"font-weight: 400;\">Przyst\u0119pna cenowo linia wysokiej jako\u015bci produkt\u00f3w charakteryzuj\u0119 si\u0119 przede wszystkim bogactwem keratyny! Koloryzacja, stylizacja, a tak\u017ce piel\u0119gnacja i regeneracja \u2013 a wi\u0119c pe\u0142nia mo\u017cliwo\u015bci i gwarancja jako\u015bci. <\/span>[\/vc_column_text][\/vc_column][\/vc_row][vc_row][vc_column][vc_single_image image=&#8221;2955&#8243; img_size=&#8221;full&#8221; alignment=&#8221;center&#8221; css=&#8221;.vc_custom_1627027247133{margin-top: -140px !important;}&#8221;][\/vc_column][\/vc_row][vc_row][vc_column][vc_column_text css=&#8221;.vc_custom_1627027255556{margin-top: -100px !important;}&#8221;]<span style=\"font-weight: 400;\">W przypadku zainteresowania t\u0105 lini\u0105, zapraszamy do kontaktu. Produkty te dost\u0119pne s\u0105 wysy\u0142kowo, u naszych przedstawicieli handlowych, a tak\u017ce znajduj\u0105 si\u0119 w ofercie wybranych hurtowni na terenie ca\u0142ego kraju. Zach\u0119camy r\u00f3wnie\u017c do odwiedzenia naszego FB <\/span><a href=\"https:\/\/www.facebook.com\/KeyraPolska\/\"><span style=\"font-weight: 400;\">@KeyraPolska<\/span><\/a>[\/vc_column_text][\/vc_column][\/vc_row][vc_row][vc_column width=&#8221;1\/3&#8243;][vc_single_image image=&#8221;2959&#8243; img_size=&#8221;full&#8221; alignment=&#8221;center&#8221;][\/vc_column][vc_column width=&#8221;1\/3&#8243;][vc_single_image image=&#8221;2960&#8243; img_size=&#8221;full&#8221;][\/vc_column][vc_column width=&#8221;1\/3&#8243;][vc_single_image image=&#8221;2961&#8243; img_size=&#8221;full&#8221;][\/vc_column][\/vc_row][vc_row][vc_column][vc_column_text]<\/p>\n<h3 style=\"text-align: center;\"><a href=\"https:\/\/server656728.nazwa.pl\/hipertin\/index.php\/download\/katalog-keyra\/?wpdmdl=2891&amp;masterkey=60f959f47f351\">POBIERZ KATALOG<\/a> | <a href=\"https:\/\/server656728.nazwa.pl\/hipertin\/wp-content\/uploads\/2021\/07\/Katalog-Keyra-2021.pdf\">ZOBACZ KATALOG<\/a><\/h3>\n<p>[\/vc_column_text][\/vc_column][\/vc_row]<\/p>\n","protected":false},"excerpt":{"rendered":"<p>[vc_row][vc_column][vc_text_separator title=&#8221;Marka Keyra&#8221; subtitle=&#8221;Poznaj mark\u0119 Keyra&#8230;&#8221; css=&#8221;.vc_custom_1627026811035{margin-top: 20px !important;}&#8221;][\/vc_column][\/vc_row][vc_row][vc_column][vc_single_image image=&#8221;2953&#8243; img_size=&#8221;full&#8221; alignment=&#8221;center&#8221;][\/vc_column][\/vc_row][vc_row][vc_column][vc_column_text]Fabryka Hipertin to r\u00f3wnie\u017c w\u0142a\u015bciciel linii profesjonalnych kosmetyk\u00f3w dla fryzjer\u00f3w pod nazw\u0105 KEYRA. Produkty te oferowane s\u0105 przez nas w pe\u0142nym asortymencie, ale niedost\u0119pne s\u0105 w sprzeda\u017cy&hellip;<\/p>\n","protected":false},"author":2,"featured_media":0,"parent":0,"menu_order":0,"comment_status":"closed","ping_status":"closed","template":"","meta":{"footnotes":""},"class_list":["post-2951","page","type-page","status-publish","hentry"],"yoast_head":"<!-- This site is optimized with the Yoast SEO plugin v27.4 - https:\/\/yoast.com\/product\/yoast-seo-wordpress\/ -->\n<title>Marka Keyra - HIPERTIN - Profesjonalne produkty Fryzjerskie<\/title>\n<meta name=\"robots\" content=\"index, follow, max-snippet:-1, max-image-preview:large, max-video-preview:-1\" \/>\n<link rel=\"canonical\" href=\"https:\/\/hipertin.pl\/index.php\/marka-keyra\/\" \/>\n<meta property=\"og:locale\" content=\"pl_PL\" \/>\n<meta property=\"og:type\" content=\"article\" \/>\n<meta property=\"og:title\" content=\"Marka Keyra - HIPERTIN - Profesjonalne produkty Fryzjerskie\" \/>\n<meta property=\"og:description\" content=\"[vc_row][vc_column][vc_text_separator title=&#8221;Marka Keyra&#8221; subtitle=&#8221;Poznaj mark\u0119 Keyra&#8230;&#8221; css=&#8221;.vc_custom_1627026811035{margin-top: 20px !important;}&#8221;][\/vc_column][\/vc_row][vc_row][vc_column][vc_single_image image=&#8221;2953&#8243; img_size=&#8221;full&#8221; alignment=&#8221;center&#8221;][\/vc_column][\/vc_row][vc_row][vc_column][vc_column_text]Fabryka Hipertin to r\u00f3wnie\u017c w\u0142a\u015bciciel linii profesjonalnych kosmetyk\u00f3w dla fryzjer\u00f3w pod nazw\u0105 KEYRA. Produkty te oferowane s\u0105 przez nas w pe\u0142nym asortymencie, ale niedost\u0119pne s\u0105 w sprzeda\u017cy&hellip;\" \/>\n<meta property=\"og:url\" content=\"https:\/\/hipertin.pl\/index.php\/marka-keyra\/\" \/>\n<meta property=\"og:site_name\" content=\"HIPERTIN - Profesjonalne produkty Fryzjerskie\" \/>\n<meta property=\"article:modified_time\" content=\"2021-07-23T08:05:54+00:00\" \/>\n<meta name=\"twitter:card\" content=\"summary_large_image\" \/>\n<meta name=\"twitter:label1\" content=\"Szacowany czas czytania\" \/>\n\t<meta name=\"twitter:data1\" content=\"1 minuta\" \/>\n<script type=\"application\/ld+json\" class=\"yoast-schema-graph\">{\"@context\":\"https:\\\/\\\/schema.org\",\"@graph\":[{\"@type\":\"WebPage\",\"@id\":\"https:\\\/\\\/hipertin.pl\\\/index.php\\\/marka-keyra\\\/\",\"url\":\"https:\\\/\\\/hipertin.pl\\\/index.php\\\/marka-keyra\\\/\",\"name\":\"Marka Keyra - HIPERTIN - Profesjonalne produkty Fryzjerskie\",\"isPartOf\":{\"@id\":\"https:\\\/\\\/hipertin.pl\\\/#website\"},\"datePublished\":\"2021-07-23T07:42:22+00:00\",\"dateModified\":\"2021-07-23T08:05:54+00:00\",\"breadcrumb\":{\"@id\":\"https:\\\/\\\/hipertin.pl\\\/index.php\\\/marka-keyra\\\/#breadcrumb\"},\"inLanguage\":\"pl-PL\",\"potentialAction\":[{\"@type\":\"ReadAction\",\"target\":[\"https:\\\/\\\/hipertin.pl\\\/index.php\\\/marka-keyra\\\/\"]}]},{\"@type\":\"BreadcrumbList\",\"@id\":\"https:\\\/\\\/hipertin.pl\\\/index.php\\\/marka-keyra\\\/#breadcrumb\",\"itemListElement\":[{\"@type\":\"ListItem\",\"position\":1,\"name\":\"Strona g\u0142\u00f3wna\",\"item\":\"https:\\\/\\\/hipertin.pl\\\/\"},{\"@type\":\"ListItem\",\"position\":2,\"name\":\"Marka Keyra\"}]},{\"@type\":\"WebSite\",\"@id\":\"https:\\\/\\\/hipertin.pl\\\/#website\",\"url\":\"https:\\\/\\\/hipertin.pl\\\/\",\"name\":\"HIPERTIN - Profesjonalne produkty Fryzjerskie\",\"description\":\"\",\"potentialAction\":[{\"@type\":\"SearchAction\",\"target\":{\"@type\":\"EntryPoint\",\"urlTemplate\":\"https:\\\/\\\/hipertin.pl\\\/?s={search_term_string}\"},\"query-input\":{\"@type\":\"PropertyValueSpecification\",\"valueRequired\":true,\"valueName\":\"search_term_string\"}}],\"inLanguage\":\"pl-PL\"}]}<\/script>\n<!-- \/ Yoast SEO plugin. -->","yoast_head_json":{"title":"Marka Keyra - HIPERTIN - Profesjonalne produkty Fryzjerskie","robots":{"index":"index","follow":"follow","max-snippet":"max-snippet:-1","max-image-preview":"max-image-preview:large","max-video-preview":"max-video-preview:-1"},"canonical":"https:\/\/hipertin.pl\/index.php\/marka-keyra\/","og_locale":"pl_PL","og_type":"article","og_title":"Marka Keyra - HIPERTIN - Profesjonalne produkty Fryzjerskie","og_description":"[vc_row][vc_column][vc_text_separator title=&#8221;Marka Keyra&#8221; subtitle=&#8221;Poznaj mark\u0119 Keyra&#8230;&#8221; css=&#8221;.vc_custom_1627026811035{margin-top: 20px !important;}&#8221;][\/vc_column][\/vc_row][vc_row][vc_column][vc_single_image image=&#8221;2953&#8243; img_size=&#8221;full&#8221; alignment=&#8221;center&#8221;][\/vc_column][\/vc_row][vc_row][vc_column][vc_column_text]Fabryka Hipertin to r\u00f3wnie\u017c w\u0142a\u015bciciel linii profesjonalnych kosmetyk\u00f3w dla fryzjer\u00f3w pod nazw\u0105 KEYRA. Produkty te oferowane s\u0105 przez nas w pe\u0142nym asortymencie, ale niedost\u0119pne s\u0105 w sprzeda\u017cy&hellip;","og_url":"https:\/\/hipertin.pl\/index.php\/marka-keyra\/","og_site_name":"HIPERTIN - Profesjonalne produkty Fryzjerskie","article_modified_time":"2021-07-23T08:05:54+00:00","twitter_card":"summary_large_image","twitter_misc":{"Szacowany czas czytania":"1 minuta"},"schema":{"@context":"https:\/\/schema.org","@graph":[{"@type":"WebPage","@id":"https:\/\/hipertin.pl\/index.php\/marka-keyra\/","url":"https:\/\/hipertin.pl\/index.php\/marka-keyra\/","name":"Marka Keyra - HIPERTIN - Profesjonalne produkty Fryzjerskie","isPartOf":{"@id":"https:\/\/hipertin.pl\/#website"},"datePublished":"2021-07-23T07:42:22+00:00","dateModified":"2021-07-23T08:05:54+00:00","breadcrumb":{"@id":"https:\/\/hipertin.pl\/index.php\/marka-keyra\/#breadcrumb"},"inLanguage":"pl-PL","potentialAction":[{"@type":"ReadAction","target":["https:\/\/hipertin.pl\/index.php\/marka-keyra\/"]}]},{"@type":"BreadcrumbList","@id":"https:\/\/hipertin.pl\/index.php\/marka-keyra\/#breadcrumb","itemListElement":[{"@type":"ListItem","position":1,"name":"Strona g\u0142\u00f3wna","item":"https:\/\/hipertin.pl\/"},{"@type":"ListItem","position":2,"name":"Marka Keyra"}]},{"@type":"WebSite","@id":"https:\/\/hipertin.pl\/#website","url":"https:\/\/hipertin.pl\/","name":"HIPERTIN - Profesjonalne produkty Fryzjerskie","description":"","potentialAction":[{"@type":"SearchAction","target":{"@type":"EntryPoint","urlTemplate":"https:\/\/hipertin.pl\/?s={search_term_string}"},"query-input":{"@type":"PropertyValueSpecification","valueRequired":true,"valueName":"search_term_string"}}],"inLanguage":"pl-PL"}]}},"_links":{"self":[{"href":"https:\/\/hipertin.pl\/index.php\/wp-json\/wp\/v2\/pages\/2951","targetHints":{"allow":["GET"]}}],"collection":[{"href":"https:\/\/hipertin.pl\/index.php\/wp-json\/wp\/v2\/pages"}],"about":[{"href":"https:\/\/hipertin.pl\/index.php\/wp-json\/wp\/v2\/types\/page"}],"author":[{"embeddable":true,"href":"https:\/\/hipertin.pl\/index.php\/wp-json\/wp\/v2\/users\/2"}],"replies":[{"embeddable":true,"href":"https:\/\/hipertin.pl\/index.php\/wp-json\/wp\/v2\/comments?post=2951"}],"version-history":[{"count":4,"href":"https:\/\/hipertin.pl\/index.php\/wp-json\/wp\/v2\/pages\/2951\/revisions"}],"predecessor-version":[{"id":2966,"href":"https:\/\/hipertin.pl\/index.php\/wp-json\/wp\/v2\/pages\/2951\/revisions\/2966"}],"wp:attachment":[{"href":"https:\/\/hipertin.pl\/index.php\/wp-json\/wp\/v2\/media?parent=2951"}],"curies":[{"name":"wp","href":"https:\/\/api.w.org\/{rel}","templated":true}]}}