{"id":2921,"date":"2021-07-23T07:18:59","date_gmt":"2021-07-23T07:18:59","guid":{"rendered":"https:\/\/server656728.nazwa.pl\/hipertin\/?page_id=2921"},"modified":"2021-07-23T07:39:59","modified_gmt":"2021-07-23T07:39:59","slug":"marka-hipertin","status":"publish","type":"page","link":"https:\/\/hipertin.pl\/index.php\/marka-hipertin\/","title":{"rendered":"Marka Hipertin"},"content":{"rendered":"<p>[vc_row][vc_column][vc_text_separator title=&#8221;Marka Hipertin&#8221; subtitle=&#8221;Poznaj mark\u0119 Hipertin&#8230;&#8221; css=&#8221;.vc_custom_1627025358970{margin-top: 20px !important;}&#8221;][\/vc_column][\/vc_row][vc_row][vc_column][vc_single_image image=&#8221;2862&#8243; img_size=&#8221;full&#8221; alignment=&#8221;center&#8221;][\/vc_column][\/vc_row][vc_row][vc_column][vc_column_text]<span style=\"font-weight: 400;\">Kilkadziesi\u0105t lat do\u015bwiadczenia marki Hipertin to pow\u00f3d do dumy, ale r\u00f3wnie\u017c gwarancja jako\u015bci wytwarzanych produkt\u00f3w. Fabryka w Barcelonie, a przede wszystkim nowoczesne biuro badawcze zapewnia pe\u0142n\u0105 gam\u0119 produkt\u00f3w do koloryzacji, stylizacji, piel\u0119gnacji czy te\u017c dezynfekcji.<\/span><\/p>\n<p><span style=\"font-weight: 400;\">Kupuj\u0105c produkty Hipertin mo\u017cesz by\u0107 r\u00f3wnie\u017c pewny, \u017ce wspierasz organizacj\u0119 dla kt\u00f3rej niebywale istotne s\u0105 kwesti\u0119 zwi\u0105zane z poszanowaniem \u015brodowiska naturalnego. Specjalne linie produkt\u00f3w vega\u0144skich, ca\u0142kowity zakaz stosowania sk\u0142adnik\u00f3w, kt\u00f3re powstaj\u0105 z wykorzystaniem test\u00f3w na zwierz\u0119tach, wykorzystanie opakowa\u0144 w pe\u0142ni wykorzystywanych do recyklingu to tylko cz\u0119\u015b\u0107 niezwykle wa\u017cnych aspekt\u00f3w, kt\u00f3re du\u017co m\u00f3wi\u0105 o pro-\u015brodowiskowej polityce firmy. Potwierdzaj\u0105 to z reszt\u0105 liczne certyfikaty i odznaczenia.<\/span>[\/vc_column_text][vc_single_image image=&#8221;2947&#8243; img_size=&#8221;full&#8221; alignment=&#8221;center&#8221;][vc_column_text]<span style=\"font-weight: 400;\">Pe\u0142n\u0105 gam\u0119 produkt\u00f3w Hipertin znajdziesz w naszym sklepie, \u0142\u0105cznie z pe\u0142nymi ich opisami.<\/span>[\/vc_column_text][\/vc_column][\/vc_row][vc_row][vc_column width=&#8221;1\/2&#8243;][vc_single_image image=&#8221;2940&#8243; img_size=&#8221;full&#8221; alignment=&#8221;center&#8221; style=&#8221;vc_box_shadow_border&#8221;][\/vc_column][vc_column width=&#8221;1\/2&#8243;][vc_single_image image=&#8221;2942&#8243; img_size=&#8221;full&#8221; alignment=&#8221;center&#8221; style=&#8221;vc_box_shadow_border&#8221;][\/vc_column][\/vc_row][vc_row][vc_column][vc_column_text]<\/p>\n<h3 style=\"text-align: center;\"><a href=\"https:\/\/server656728.nazwa.pl\/hipertin\/index.php\/download\/katalog-hipertin\/?wpdmdl=2888&amp;masterkey=60f95917e6b11\">POBIERZ KATALOG<\/a> | <a href=\"https:\/\/server656728.nazwa.pl\/hipertin\/wp-content\/uploads\/2021\/07\/Katalog-Hipertin-2021.pdf\">ZOBACZ KATALOG<\/a><\/h3>\n<p>[\/vc_column_text][\/vc_column][\/vc_row]<\/p>\n","protected":false},"excerpt":{"rendered":"<p>[vc_row][vc_column][vc_text_separator title=&#8221;Marka Hipertin&#8221; subtitle=&#8221;Poznaj mark\u0119 Hipertin&#8230;&#8221; css=&#8221;.vc_custom_1627025358970{margin-top: 20px !important;}&#8221;][\/vc_column][\/vc_row][vc_row][vc_column][vc_single_image image=&#8221;2862&#8243; img_size=&#8221;full&#8221; alignment=&#8221;center&#8221;][\/vc_column][\/vc_row][vc_row][vc_column][vc_column_text]Kilkadziesi\u0105t lat do\u015bwiadczenia marki Hipertin to pow\u00f3d do dumy, ale r\u00f3wnie\u017c gwarancja jako\u015bci wytwarzanych produkt\u00f3w. Fabryka w Barcelonie, a przede wszystkim nowoczesne biuro badawcze zapewnia pe\u0142n\u0105 gam\u0119&hellip;<\/p>\n","protected":false},"author":2,"featured_media":0,"parent":0,"menu_order":0,"comment_status":"closed","ping_status":"closed","template":"","meta":{"footnotes":""},"class_list":["post-2921","page","type-page","status-publish","hentry"],"yoast_head":"<!-- This site is optimized with the Yoast SEO plugin v27.4 - https:\/\/yoast.com\/product\/yoast-seo-wordpress\/ -->\n<title>Marka Hipertin - HIPERTIN - Profesjonalne produkty Fryzjerskie<\/title>\n<meta name=\"robots\" content=\"index, follow, max-snippet:-1, max-image-preview:large, max-video-preview:-1\" \/>\n<link rel=\"canonical\" href=\"https:\/\/hipertin.pl\/index.php\/marka-hipertin\/\" \/>\n<meta property=\"og:locale\" content=\"pl_PL\" \/>\n<meta property=\"og:type\" content=\"article\" \/>\n<meta property=\"og:title\" content=\"Marka Hipertin - HIPERTIN - Profesjonalne produkty Fryzjerskie\" \/>\n<meta property=\"og:description\" content=\"[vc_row][vc_column][vc_text_separator title=&#8221;Marka Hipertin&#8221; subtitle=&#8221;Poznaj mark\u0119 Hipertin&#8230;&#8221; css=&#8221;.vc_custom_1627025358970{margin-top: 20px !important;}&#8221;][\/vc_column][\/vc_row][vc_row][vc_column][vc_single_image image=&#8221;2862&#8243; img_size=&#8221;full&#8221; alignment=&#8221;center&#8221;][\/vc_column][\/vc_row][vc_row][vc_column][vc_column_text]Kilkadziesi\u0105t lat do\u015bwiadczenia marki Hipertin to pow\u00f3d do dumy, ale r\u00f3wnie\u017c gwarancja jako\u015bci wytwarzanych produkt\u00f3w. Fabryka w Barcelonie, a przede wszystkim nowoczesne biuro badawcze zapewnia pe\u0142n\u0105 gam\u0119&hellip;\" \/>\n<meta property=\"og:url\" content=\"https:\/\/hipertin.pl\/index.php\/marka-hipertin\/\" \/>\n<meta property=\"og:site_name\" content=\"HIPERTIN - Profesjonalne produkty Fryzjerskie\" \/>\n<meta property=\"article:modified_time\" content=\"2021-07-23T07:39:59+00:00\" \/>\n<meta name=\"twitter:card\" content=\"summary_large_image\" \/>\n<meta name=\"twitter:label1\" content=\"Szacowany czas czytania\" \/>\n\t<meta name=\"twitter:data1\" content=\"1 minuta\" \/>\n<script type=\"application\/ld+json\" class=\"yoast-schema-graph\">{\"@context\":\"https:\\\/\\\/schema.org\",\"@graph\":[{\"@type\":\"WebPage\",\"@id\":\"https:\\\/\\\/hipertin.pl\\\/index.php\\\/marka-hipertin\\\/\",\"url\":\"https:\\\/\\\/hipertin.pl\\\/index.php\\\/marka-hipertin\\\/\",\"name\":\"Marka Hipertin - HIPERTIN - Profesjonalne produkty Fryzjerskie\",\"isPartOf\":{\"@id\":\"https:\\\/\\\/hipertin.pl\\\/#website\"},\"datePublished\":\"2021-07-23T07:18:59+00:00\",\"dateModified\":\"2021-07-23T07:39:59+00:00\",\"breadcrumb\":{\"@id\":\"https:\\\/\\\/hipertin.pl\\\/index.php\\\/marka-hipertin\\\/#breadcrumb\"},\"inLanguage\":\"pl-PL\",\"potentialAction\":[{\"@type\":\"ReadAction\",\"target\":[\"https:\\\/\\\/hipertin.pl\\\/index.php\\\/marka-hipertin\\\/\"]}]},{\"@type\":\"BreadcrumbList\",\"@id\":\"https:\\\/\\\/hipertin.pl\\\/index.php\\\/marka-hipertin\\\/#breadcrumb\",\"itemListElement\":[{\"@type\":\"ListItem\",\"position\":1,\"name\":\"Strona g\u0142\u00f3wna\",\"item\":\"https:\\\/\\\/hipertin.pl\\\/\"},{\"@type\":\"ListItem\",\"position\":2,\"name\":\"Marka Hipertin\"}]},{\"@type\":\"WebSite\",\"@id\":\"https:\\\/\\\/hipertin.pl\\\/#website\",\"url\":\"https:\\\/\\\/hipertin.pl\\\/\",\"name\":\"HIPERTIN - Profesjonalne produkty Fryzjerskie\",\"description\":\"\",\"potentialAction\":[{\"@type\":\"SearchAction\",\"target\":{\"@type\":\"EntryPoint\",\"urlTemplate\":\"https:\\\/\\\/hipertin.pl\\\/?s={search_term_string}\"},\"query-input\":{\"@type\":\"PropertyValueSpecification\",\"valueRequired\":true,\"valueName\":\"search_term_string\"}}],\"inLanguage\":\"pl-PL\"}]}<\/script>\n<!-- \/ Yoast SEO plugin. -->","yoast_head_json":{"title":"Marka Hipertin - HIPERTIN - Profesjonalne produkty Fryzjerskie","robots":{"index":"index","follow":"follow","max-snippet":"max-snippet:-1","max-image-preview":"max-image-preview:large","max-video-preview":"max-video-preview:-1"},"canonical":"https:\/\/hipertin.pl\/index.php\/marka-hipertin\/","og_locale":"pl_PL","og_type":"article","og_title":"Marka Hipertin - HIPERTIN - Profesjonalne produkty Fryzjerskie","og_description":"[vc_row][vc_column][vc_text_separator title=&#8221;Marka Hipertin&#8221; subtitle=&#8221;Poznaj mark\u0119 Hipertin&#8230;&#8221; css=&#8221;.vc_custom_1627025358970{margin-top: 20px !important;}&#8221;][\/vc_column][\/vc_row][vc_row][vc_column][vc_single_image image=&#8221;2862&#8243; img_size=&#8221;full&#8221; alignment=&#8221;center&#8221;][\/vc_column][\/vc_row][vc_row][vc_column][vc_column_text]Kilkadziesi\u0105t lat do\u015bwiadczenia marki Hipertin to pow\u00f3d do dumy, ale r\u00f3wnie\u017c gwarancja jako\u015bci wytwarzanych produkt\u00f3w. Fabryka w Barcelonie, a przede wszystkim nowoczesne biuro badawcze zapewnia pe\u0142n\u0105 gam\u0119&hellip;","og_url":"https:\/\/hipertin.pl\/index.php\/marka-hipertin\/","og_site_name":"HIPERTIN - Profesjonalne produkty Fryzjerskie","article_modified_time":"2021-07-23T07:39:59+00:00","twitter_card":"summary_large_image","twitter_misc":{"Szacowany czas czytania":"1 minuta"},"schema":{"@context":"https:\/\/schema.org","@graph":[{"@type":"WebPage","@id":"https:\/\/hipertin.pl\/index.php\/marka-hipertin\/","url":"https:\/\/hipertin.pl\/index.php\/marka-hipertin\/","name":"Marka Hipertin - HIPERTIN - Profesjonalne produkty Fryzjerskie","isPartOf":{"@id":"https:\/\/hipertin.pl\/#website"},"datePublished":"2021-07-23T07:18:59+00:00","dateModified":"2021-07-23T07:39:59+00:00","breadcrumb":{"@id":"https:\/\/hipertin.pl\/index.php\/marka-hipertin\/#breadcrumb"},"inLanguage":"pl-PL","potentialAction":[{"@type":"ReadAction","target":["https:\/\/hipertin.pl\/index.php\/marka-hipertin\/"]}]},{"@type":"BreadcrumbList","@id":"https:\/\/hipertin.pl\/index.php\/marka-hipertin\/#breadcrumb","itemListElement":[{"@type":"ListItem","position":1,"name":"Strona g\u0142\u00f3wna","item":"https:\/\/hipertin.pl\/"},{"@type":"ListItem","position":2,"name":"Marka Hipertin"}]},{"@type":"WebSite","@id":"https:\/\/hipertin.pl\/#website","url":"https:\/\/hipertin.pl\/","name":"HIPERTIN - Profesjonalne produkty Fryzjerskie","description":"","potentialAction":[{"@type":"SearchAction","target":{"@type":"EntryPoint","urlTemplate":"https:\/\/hipertin.pl\/?s={search_term_string}"},"query-input":{"@type":"PropertyValueSpecification","valueRequired":true,"valueName":"search_term_string"}}],"inLanguage":"pl-PL"}]}},"_links":{"self":[{"href":"https:\/\/hipertin.pl\/index.php\/wp-json\/wp\/v2\/pages\/2921","targetHints":{"allow":["GET"]}}],"collection":[{"href":"https:\/\/hipertin.pl\/index.php\/wp-json\/wp\/v2\/pages"}],"about":[{"href":"https:\/\/hipertin.pl\/index.php\/wp-json\/wp\/v2\/types\/page"}],"author":[{"embeddable":true,"href":"https:\/\/hipertin.pl\/index.php\/wp-json\/wp\/v2\/users\/2"}],"replies":[{"embeddable":true,"href":"https:\/\/hipertin.pl\/index.php\/wp-json\/wp\/v2\/comments?post=2921"}],"version-history":[{"count":4,"href":"https:\/\/hipertin.pl\/index.php\/wp-json\/wp\/v2\/pages\/2921\/revisions"}],"predecessor-version":[{"id":2950,"href":"https:\/\/hipertin.pl\/index.php\/wp-json\/wp\/v2\/pages\/2921\/revisions\/2950"}],"wp:attachment":[{"href":"https:\/\/hipertin.pl\/index.php\/wp-json\/wp\/v2\/media?parent=2921"}],"curies":[{"name":"wp","href":"https:\/\/api.w.org\/{rel}","templated":true}]}}